{"id":28284,"date":"2022-12-08T13:50:34","date_gmt":"2022-12-08T11:50:34","guid":{"rendered":"https:\/\/www.nsa.smsm.lt\/old\/?page_id=28284"},"modified":"2023-01-11T20:05:20","modified_gmt":"2023-01-11T18:05:20","slug":"dokumentai","status":"publish","type":"page","link":"https:\/\/www.nsa.smsm.lt\/old\/istaigu-vertinimas\/profesinio-mokymo-istaigu-ir-kitu-profesinio-mokymo-teikeju-isorinis-vertinimas\/dokumentai\/","title":{"rendered":"Dokumentai"},"content":{"rendered":"<p><b>2022-02-25 \u012esakymas Nr. V-316<\/b><\/p>\n<p><a href=\"https:\/\/www.e-tar.lt\/portal\/lt\/legalAct\/bce55c20962f11ecaf3aba0cb308998c\">D\u0117l \u0161vietimo, mokslo ir sporto ministro 2020 m. kovo 25 d. \u012fsakymo Nr. V-442 \u201eD\u0117l Profesinio mokymo \u012fstaig\u0173 ir kit\u0173 profesinio mokymo teik\u0117j\u0173, vykdan\u010di\u0173 formal\u0173j\u012f profesin\u012f mokym\u0105, veiklos i\u0161orinio vertinimo tvarkos apra\u0161o patvirtinimo\u201c pakeitimo<\/a><\/p>\n<p><a href=\"https:\/\/www.e-tar.lt\/portal\/lt\/legalAct\/7f6484806ea311eabee4a336e7e6fdab\/asr\">Profesinio mokymo \u012fstaig\u0173 ir kit\u0173 profesinio mokymo teik\u0117j\u0173, vykdan\u010di\u0173 formal\u0173j\u012f profesin\u012f mokym\u0105, veiklos i\u0161orinio vertinimo tvarkos apra\u0161as (Suvestin\u0117 redakcija nuo 2022-02-26)<\/a><\/p>\n<p><b>2020-03-25 \u012esakymas Nr. V-442<\/b><\/p>\n<p><a href=\"https:\/\/www.e-tar.lt\/portal\/lt\/legalAct\/7f6484806ea311eabee4a336e7e6fdab\/asr\">D\u0117l Profesinio mokymo \u012fstaig\u0173 ir kit\u0173 profesinio mokymo teik\u0117j\u0173, vykdan\u010di\u0173 formal\u0173j\u012f profesin\u012f mokym\u0105, veiklos i\u0161orinio vertinimo tvarkos apra\u0161o patvirtinimo<\/a><\/p>\n","protected":false},"excerpt":{"rendered":"<p>2022-02-25 \u012esakymas Nr. V-316 D\u0117l \u0161vietimo, mokslo ir sporto ministro 2020 m. kovo 25 d. \u012fsakymo Nr. V-442 \u201eD\u0117l Profesinio mokymo \u012fstaig\u0173 ir kit\u0173 profesinio mokymo teik\u0117j\u0173, vykdan\u010di\u0173 formal\u0173j\u012f profesin\u012f mokym\u0105, veiklos i\u0161orinio vertinimo tvarkos apra\u0161o patvirtinimo\u201c pakeitimo Profesinio mokymo&nbsp;<a href=\"https:\/\/www.nsa.smsm.lt\/old\/istaigu-vertinimas\/profesinio-mokymo-istaigu-ir-kitu-profesinio-mokymo-teikeju-isorinis-vertinimas\/dokumentai\/\" class=\"placiau\">Pla\u010diau <i class=\"fa fa-caret-right\"><\/i><\/a><\/p>\n","protected":false},"author":1,"featured_media":0,"parent":28276,"menu_order":0,"comment_status":"closed","ping_status":"closed","template":"page-profesinisvertinimas.php","meta":{"_acf_changed":false,"footnotes":""},"class_list":["post-28284","page","type-page","status-publish","hentry"],"acf":[],"_links":{"self":[{"href":"https:\/\/www.nsa.smsm.lt\/old\/wp-json\/wp\/v2\/pages\/28284","targetHints":{"allow":["GET"]}}],"collection":[{"href":"https:\/\/www.nsa.smsm.lt\/old\/wp-json\/wp\/v2\/pages"}],"about":[{"href":"https:\/\/www.nsa.smsm.lt\/old\/wp-json\/wp\/v2\/types\/page"}],"author":[{"embeddable":true,"href":"https:\/\/www.nsa.smsm.lt\/old\/wp-json\/wp\/v2\/users\/1"}],"replies":[{"embeddable":true,"href":"https:\/\/www.nsa.smsm.lt\/old\/wp-json\/wp\/v2\/comments?post=28284"}],"version-history":[{"count":0,"href":"https:\/\/www.nsa.smsm.lt\/old\/wp-json\/wp\/v2\/pages\/28284\/revisions"}],"up":[{"embeddable":true,"href":"https:\/\/www.nsa.smsm.lt\/old\/wp-json\/wp\/v2\/pages\/28276"}],"wp:attachment":[{"href":"https:\/\/www.nsa.smsm.lt\/old\/wp-json\/wp\/v2\/media?parent=28284"}],"curies":[{"name":"wp","href":"https:\/\/api.w.org\/{rel}","templated":true}]}}