{"id":28276,"date":"2022-10-08T12:09:07","date_gmt":"2022-10-08T10:09:07","guid":{"rendered":"https:\/\/www.nsa.smsm.lt\/old\/?page_id=28276"},"modified":"2023-01-11T20:05:28","modified_gmt":"2023-01-11T18:05:28","slug":"profesinio-mokymo-istaigu-ir-kitu-profesinio-mokymo-teikeju-isorinis-vertinimas","status":"publish","type":"page","link":"https:\/\/www.nsa.smsm.lt\/old\/istaigu-vertinimas\/profesinio-mokymo-istaigu-ir-kitu-profesinio-mokymo-teikeju-isorinis-vertinimas\/","title":{"rendered":"Profesinio mokymo \u012fstaig\u0173 ir kit\u0173 profesinio mokymo teik\u0117j\u0173 i\u0161orinis vertinimas"},"content":{"rendered":"<p>Informacija ruo\u0161iama.<\/p>\n","protected":false},"excerpt":{"rendered":"<p>Informacija ruo\u0161iama.<\/p>\n","protected":false},"author":1,"featured_media":0,"parent":10099,"menu_order":0,"comment_status":"closed","ping_status":"closed","template":"page-profesinisvertinimas.php","meta":{"_acf_changed":false,"footnotes":""},"class_list":["post-28276","page","type-page","status-publish","hentry"],"acf":[],"_links":{"self":[{"href":"https:\/\/www.nsa.smsm.lt\/old\/wp-json\/wp\/v2\/pages\/28276","targetHints":{"allow":["GET"]}}],"collection":[{"href":"https:\/\/www.nsa.smsm.lt\/old\/wp-json\/wp\/v2\/pages"}],"about":[{"href":"https:\/\/www.nsa.smsm.lt\/old\/wp-json\/wp\/v2\/types\/page"}],"author":[{"embeddable":true,"href":"https:\/\/www.nsa.smsm.lt\/old\/wp-json\/wp\/v2\/users\/1"}],"replies":[{"embeddable":true,"href":"https:\/\/www.nsa.smsm.lt\/old\/wp-json\/wp\/v2\/comments?post=28276"}],"version-history":[{"count":0,"href":"https:\/\/www.nsa.smsm.lt\/old\/wp-json\/wp\/v2\/pages\/28276\/revisions"}],"up":[{"embeddable":true,"href":"https:\/\/www.nsa.smsm.lt\/old\/wp-json\/wp\/v2\/pages\/10099"}],"wp:attachment":[{"href":"https:\/\/www.nsa.smsm.lt\/old\/wp-json\/wp\/v2\/media?parent=28276"}],"curies":[{"name":"wp","href":"https:\/\/api.w.org\/{rel}","templated":true}]}}