{"id":28,"date":"2025-06-04T06:30:58","date_gmt":"2025-06-04T04:30:58","guid":{"rendered":"https:\/\/www.itc.smm.lt\/?page_id=28"},"modified":"2025-07-23T14:32:25","modified_gmt":"2025-07-23T12:32:25","slug":"konkursai","status":"publish","type":"page","link":"https:\/\/www.nsa.smsm.lt\/old\/administracine-informacija\/konkursai\/","title":{"rendered":"Vie\u0161ieji pirkimai"},"content":{"rendered":"<p><strong>Dokumentai<\/strong><\/p>\n<hr \/>\n<ul>\n<li><span data-olk-copy-source=\"MessageBody\">Nacionalin\u0117s \u0161vietimo agent\u016bros vie\u0161\u0173j\u0173 pirkim\u0173 organizavimo ir vidaus kontrol\u0117s taisykl\u0117s<\/span>\u00a0<a href=\"https:\/\/www.nsa.smsm.lt\/old\/old\/wp-content\/uploads\/2024\/03\/NSA-viesuju-pirkimu-taisykles.pdf\" target=\"_blank\" rel=\"noopener\"><i class=\"fa fa-chevron-circle-right \" ><\/i><\/a><\/li>\n<li><span data-olk-copy-source=\"MessageBody\">Nacionalin\u0117s \u0161vietimo agent\u016bros vie\u0161\u0173j\u0173 pirkim\u0173 komisijos darbo reglamentas\u00a0<\/span><a href=\"https:\/\/www.nsa.smsm.lt\/old\/old\/wp-content\/uploads\/2025\/07\/VPK-reglamentas.pdf\" target=\"_blank\" rel=\"noopener\"><i class=\"fa fa-chevron-circle-right \" ><\/i><\/a><\/li>\n<\/ul>\n<div class=\"\">\n<div class=\"x_x_elementToProof\">\n<div class=\"\">\n<div class=\"x_x_elementToProof\"><b class=\"\">Sutarties s\u0105lygos<\/b><\/div>\n<\/div>\n<hr \/>\n<ul>\n<li><a href=\"https:\/\/www.nsa.smsm.lt\/old\/old\/wp-content\/uploads\/2025\/07\/Bendrosios-Prekiu-viesojo-pirkimo-pardavimo-sutarties-salygos.zip\" target=\"_blank\" rel=\"noopener\">Paslaug\u0173 vie\u0161ojo pirkimo\u2013pardavimo sutarties tipin\u0117s s\u0105lygos<\/a> privalomai taikomos nuo 2025-05-01<\/li>\n<li><a href=\"https:\/\/www.nsa.smsm.lt\/old\/old\/wp-content\/uploads\/2025\/06\/Specialiosios-Prekiu-viesojo-pirkimo-pardavimo-sutarties-salygos.zip\" target=\"_blank\" rel=\"noopener\">Preki\u0173 vie\u0161ojo pirkimo\u2013pardavimo sutarties tipin\u0117s s\u0105lygos privalomai taikomos nuo 2025-05-01 (kurias sudaro bendrosios sutarties s\u0105lygos + Specialiosios sutarties s\u0105lygos)<\/a><\/li>\n<li>Vie\u0161ojo pirkimo ekspert\u0173 paslaug\u0173 sutarties bendr\u0173j\u0173 s\u0105lyg\u0173 \u0161ablonas, patvirtintas Nacionalin\u0117s \u0161vietimo agent\u016bros direktoriaus 2024 m. rugs\u0117jo 9 d. \u012fsakymu Nr. VK-807 (2024 m. lapkri\u010dio 13 d. \u012fsakymo Nr. VK-956 redakcija) <a href=\"https:\/\/www.nsa.smsm.lt\/old\/old\/wp-content\/uploads\/2024\/11\/11-22_Bendrosios-salygos_ekspertu-sutartis_red.docx.pdf\" target=\"_blank\" rel=\"noopener\"><i class=\"fa fa-chevron-circle-right \" ><\/i><\/a><\/li>\n<\/ul>\n<\/div>\n<div class=\"x_x_elementToProof\"><strong>Vie\u0161\u0173j\u0173 pirkim\u0173 planas<\/strong><\/div>\n<\/div>\n<hr \/>\n<ul>\n<li><a href=\"https:\/\/www.nsa.smsm.lt\/old\/old\/wp-content\/uploads\/2025\/07\/2025_07_NSA_VPP-_7-1.pdf\" target=\"_blank\" rel=\"noopener\">N\u0160A 2025 m. vie\u0161\u0173j\u0173 pirkim\u0173 planas<\/a><\/li>\n<li><a href=\"https:\/\/www.nsa.smsm.lt\/old\/old\/wp-content\/uploads\/2025\/07\/2025-NSA-VPP_NE_CPO.pdf\" target=\"_blank\" rel=\"noopener\">N\u0160A 2025 m. negalimi atlikti vie\u0161ieji pirkimai per CPO LT\u00a0<\/a><\/li>\n<\/ul>\n","protected":false},"excerpt":{"rendered":"<p>Dokumentai Nacionalin\u0117s \u0161vietimo agent\u016bros vie\u0161\u0173j\u0173 pirkim\u0173 organizavimo ir vidaus kontrol\u0117s taisykl\u0117s\u00a0 Nacionalin\u0117s \u0161vietimo agent\u016bros vie\u0161\u0173j\u0173 pirkim\u0173 komisijos darbo reglamentas\u00a0 Sutarties s\u0105lygos Paslaug\u0173 vie\u0161ojo pirkimo\u2013pardavimo sutarties tipin\u0117s s\u0105lygos privalomai taikomos nuo 2025-05-01 Preki\u0173 vie\u0161ojo pirkimo\u2013pardavimo sutarties tipin\u0117s s\u0105lygos privalomai taikomos nuo&nbsp;<a href=\"https:\/\/www.nsa.smsm.lt\/old\/administracine-informacija\/konkursai\/\" class=\"placiau\">Pla\u010diau <i class=\"fa fa-caret-right\"><\/i><\/a><\/p>\n","protected":false},"author":1,"featured_media":0,"parent":8756,"menu_order":4,"comment_status":"closed","ping_status":"closed","template":"","meta":{"_acf_changed":false,"footnotes":""},"class_list":["post-28","page","type-page","status-publish","hentry"],"acf":[],"_links":{"self":[{"href":"https:\/\/www.nsa.smsm.lt\/old\/wp-json\/wp\/v2\/pages\/28","targetHints":{"allow":["GET"]}}],"collection":[{"href":"https:\/\/www.nsa.smsm.lt\/old\/wp-json\/wp\/v2\/pages"}],"about":[{"href":"https:\/\/www.nsa.smsm.lt\/old\/wp-json\/wp\/v2\/types\/page"}],"author":[{"embeddable":true,"href":"https:\/\/www.nsa.smsm.lt\/old\/wp-json\/wp\/v2\/users\/1"}],"replies":[{"embeddable":true,"href":"https:\/\/www.nsa.smsm.lt\/old\/wp-json\/wp\/v2\/comments?post=28"}],"version-history":[{"count":42,"href":"https:\/\/www.nsa.smsm.lt\/old\/wp-json\/wp\/v2\/pages\/28\/revisions"}],"predecessor-version":[{"id":43944,"href":"https:\/\/www.nsa.smsm.lt\/old\/wp-json\/wp\/v2\/pages\/28\/revisions\/43944"}],"up":[{"embeddable":true,"href":"https:\/\/www.nsa.smsm.lt\/old\/wp-json\/wp\/v2\/pages\/8756"}],"wp:attachment":[{"href":"https:\/\/www.nsa.smsm.lt\/old\/wp-json\/wp\/v2\/media?parent=28"}],"curies":[{"name":"wp","href":"https:\/\/api.w.org\/{rel}","templated":true}]}}