{"id":27825,"date":"2024-10-11T06:48:00","date_gmt":"2024-10-11T04:48:00","guid":{"rendered":"https:\/\/www.nsa.smsm.lt\/old\/?page_id=27825"},"modified":"2025-01-30T16:33:32","modified_gmt":"2025-01-30T14:33:32","slug":"pedagogu-kvalifikacijos-tobulinimo-stebesenos-rezultatai","status":"publish","type":"page","link":"https:\/\/www.nsa.smsm.lt\/old\/mokyklu-veiklos-pletra-ir-pedagogu-kvalifikacija\/pedagogu-kvalifikacijos-tobulinimo-istaigu-isivertinimas-ir-stebesena\/pedagogu-kvalifikacijos-tobulinimo-stebesenos-rezultatai\/","title":{"rendered":"Pedagogini\u0173 darbuotoj\u0173 kvalifikacijos tobulinimo steb\u0117senos rezultatai"},"content":{"rendered":"<p><strong>2023\u00a0m. pedagogini\u0173 darbuotoj\u0173 kvalifikacijos tobulinimo steb\u0117senos ataskaita<\/strong><\/p>\n<p>2024 m. Nacionalin\u0117 \u0161vietimo agent\u016bra, vadovaudamasi Lietuvos Respublikos \u0161vietimo, mokslo ir sporto ministro 2020\u00a0m. sausio 2\u00a0d. \u012fsakymu <a href=\"https:\/\/e-seimas.lrs.lt\/portal\/legalAct\/lt\/TAD\/d7b4395030c311ea8f0dfdc2b5879561?jfwid=5w7avu7x7\">Nr.\u00a0V-2<\/a> \u201eD\u0117l \u012fgaliojim\u0173 Nacionalinei \u0161vietimo agent\u016brai suteikimo\u201c ir Nacionalin\u0117s \u0161vietimo agent\u016bros direktoriaus 2021\u00a0m. kovo 19\u00a0d. \u012fsakymu Nr.\u00a0<a href=\"https:\/\/www.nsa.smsm.lt\/old\/old\/wp-content\/uploads\/2021\/03\/Elektroniniodokumentonuorasas-stebesena.pdf\">VK-159<\/a>\u00a0\u201eD\u0117l valstybini\u0173 ir savivaldybi\u0173 \u0161vietimo \u012fstaig\u0173 (i\u0161skyrus auk\u0161t\u0105sias mokyklas) vadov\u0173, j\u0173 pavaduotoj\u0173 ugdymui, ugdym\u0105 organizuojan\u010di\u0173 skyri\u0173 ved\u0117j\u0173, mokytoj\u0173, pagalbos mokiniui specialist\u0173 kvalifikacijos tobulinimo steb\u0117senos vykdymo apra\u0161o patvirtinimo\u201c bei Nacionalin\u0117s \u0161vietimo agent\u016bros direktoriaus 2022 m. gruod\u017eio 27 d. \u012fsakymu Nr.\u00a0<a href=\"https:\/\/www.nsa.smsm.lt\/old\/old\/wp-content\/uploads\/2023\/05\/PKT-stebesenos-apraso-pakeitimas.pdf\">VK-846<\/a>\u00a0\u201eD\u0117l valstybini\u0173 ir savivaldybi\u0173 \u0161vietimo \u012fstaig\u0173 (i\u0161skyrus auk\u0161t\u0105sias mokyklas) vadov\u0173, j\u0173 pavaduotoj\u0173 ugdymui, ugdym\u0105 organizuojan\u010di\u0173 skyri\u0173 ved\u0117j\u0173, mokytoj\u0173, pagalbos mokiniui specialist\u0173 kvalifikacijos tobulinimo steb\u0117senos vykdymo apra\u0161o pakeitimo\u201c, teikia 2023\u00a0m. pedagogini\u0173 darbuotoj\u0173 kvalifikacijos tobulinimo (toliau\u00a0\u2013\u00a0PKT) steb\u0117senos ataskait\u0105.<\/p>\n<p>Duomenys 2023\u00a0m. PKT steb\u0117senos ataskaitai buvo renkami, pra\u0161ant u\u017epildyti <em>Microsoft Forms<\/em> platformoje pateikt\u0105 anket\u0105. Duomenys buvo renkami apie programas, vykdytas pagal Pedagogini\u0173 darbuotoj\u0173 (i\u0161skyrus auk\u0161t\u0173j\u0173 mokykl\u0173 darbuotojus) 2023\u20132025\u00a0met\u0173 prioritetines kvalifikacijos tobulinimo sritis, patvirtintas Lietuvos Respublikos \u0161vietimo, mokslo ir sporto ministro 2022\u00a0m. gruod\u017eio 13\u00a0d. \u012fsakymu Nr.\u00a0<a href=\"https:\/\/e-seimas.lrs.lt\/portal\/legalAct\/lt\/TAD\/7f71bc407b2511edbdcebd68a7a0df7e?positionInSearchResults=1&amp;searchModelUUID=57273876-614b-4f3a-a48c-bb599618132f\">V-1942<\/a> \u201eD\u0117l pedagogini\u0173 darbuotoj\u0173 (i\u0161skyrus auk\u0161t\u0173j\u0173 mokykl\u0173 darbuotojus) 2023\u20132025\u00a0met\u0173 prioritetini\u0173 kvalifikacijos tobulinimo sri\u010di\u0173 patvirtinimo\u201c, \u012ftraukiant tik ilgalaikes programas, kurios truko ne ma\u017eiau kaip 40\u00a0akad.\u00a0val., \u012fgyvendintas 2023\u00a0kalendoriniais metais. Duomenis PKT steb\u0117senos ataskaitai pateik\u0117 savivaldybi\u0173 administracijos, savivaldybi\u0173 akredituotos pedagog\u0173 kvalifikacijos tobulinim\u0105 vykdan\u010dios institucijos ir 19\u00a0akredituot\u0173 ne savivaldybi\u0173 institucij\u0173, galin\u010di\u0173 vykdyti PKT (V\u0161\u012e\u00a0\u201e\u0160vietimo tinklo\u201c, kuri yra akredituota institucija, galinti vykdyti PKT, duomenys ne\u012ftraukti, nes institucija duomen\u0173 nepatikslino).<\/p>\n<p><i class=\"fa fa-file-pdf \" ><\/i> <a href=\"https:\/\/www.nsa.smsm.lt\/old\/old\/wp-content\/uploads\/2025\/01\/Pedagogu-kvalifikacijos-tobulinimo-programu-igyvendinimo-kokybes-uztikrinimo-aspektai.pdf\">Pedagog\u0173 kvalifikacijos tobulinimo program\u0173 \u012fgyvendinimo kokyb\u0117s u\u017etikrinimo aspektai<\/a><\/p>\n<p><i class=\"fa fa-file-pdf \" ><\/i> <a href=\"https:\/\/www.nsa.smsm.lt\/old\/old\/wp-content\/uploads\/2024\/10\/2023_m_PKT_konteksto_apzvalga.pdf\">2023\u00a0m. pedagogini\u0173 darbuotoj\u0173 kvalifikacijos tobulinimo konteksto ap\u017evalga<\/a><\/p>\n<p><i class=\"fa fa-file-pdf \" ><\/i>\u00a0<a href=\"https:\/\/www.nsa.smsm.lt\/old\/old\/wp-content\/uploads\/2024\/10\/2023_m_PKT_programu_stebesenos_ataskaita.pdf\">2023 m. pedagogini\u0173 darbuotoj\u0173 kvalifikacijos tobulinimo steb\u0117senos ataskaita<\/a><\/p>\n<p>&nbsp;<\/p>\n<hr \/>\n<p><strong>2022\u00a0met\u0173 pedagog\u0173 kvalifikacijos tobulinimo duomen\u0173 analiz\u0117<\/strong><\/p>\n<p>2023 m. Nacionalin\u0117 \u0161vietimo agent\u016bra, vadovaudamasi Lietuvos Respublikos \u0161vietimo, mokslo ir sporto ministro 2020\u00a0m. sausio 2\u00a0d. \u012fsakymu Nr.\u00a0V-2 \u201eD\u0117l \u012fgaliojim\u0173 Nacionalinei \u0161vietimo agent\u016brai suteikimo\u201c ir Nacionalin\u0117s \u0161vietimo agent\u016bros direktoriaus 2021\u00a0m. kovo 19\u00a0d. \u012fsakymu Nr.\u00a0<a href=\"https:\/\/www.nsa.smsm.lt\/old\/old\/wp-content\/uploads\/2021\/03\/Elektroniniodokumentonuorasas-stebesena.pdf\">VK-159<\/a> \u201eD\u0117l valstybini\u0173 ir savivaldybi\u0173 \u0161vietimo \u012fstaig\u0173 (i\u0161skyrus auk\u0161t\u0105sias mokyklas) vadov\u0173, j\u0173 pavaduotoj\u0173 ugdymui, ugdym\u0105 organizuojan\u010di\u0173 skyri\u0173 ved\u0117j\u0173, mokytoj\u0173, pagalbos mokiniui specialist\u0173 kvalifikacijos tobulinimo (toliau\u00a0\u2013\u00a0PKT) steb\u0117senos vykdymo apra\u0161o patvirtinimo\u201c bei Nacionalin\u0117s \u0161vietimo agent\u016bros direktoriaus 2022 m. gruod\u017eio 27 d. \u012fsakymu Nr.\u00a0<a href=\"https:\/\/www.nsa.smsm.lt\/old\/old\/wp-content\/uploads\/2023\/05\/PKT-stebesenos-apraso-pakeitimas.pdf\">VK-846<\/a> \u201eD\u0117l valstybini\u0173 ir savivaldybi\u0173 \u0161vietimo \u012fstaig\u0173 (i\u0161skyrus auk\u0161t\u0105sias mokyklas) vadov\u0173, j\u0173 pavaduotoj\u0173 ugdymui, ugdym\u0105 organizuojan\u010di\u0173 skyri\u0173 ved\u0117j\u0173, mokytoj\u0173, pagalbos mokiniui specialist\u0173 kvalifikacijos tobulinimo steb\u0117senos vykdymo apra\u0161o pakeitimo\u201c, atliko 2022\u00a0m. pedagog\u0173 kvalifikacijos tobulinimo (toliau \u2013 PKT) steb\u0117senos analiz\u0119.<\/p>\n<p>Duomenis pedagog\u0173 kvalifikacijos tobulinimo (toliau \u2013 PKT) steb\u0117senos analizei pateik\u0117 60 savivaldybi\u0173, i\u0161 kuri\u0173 49 \u2013 kartu su savo \u012fsteigtomis akredituotomis \u012fstaigomis, 3 \u2013 su dar neakredituotomis \u012fstaigomis, vykdan\u010diomis pedagog\u0173 kvalifikacijos tobulinim\u0105. Kitos 8 savivaldyb\u0117s, neturin\u010dios \u0161vietimo pagalbos institucij\u0173, pateik\u0117 tam tikr\u0105 dal\u012f duomen\u0173. Duomenis taip pat pateik\u0117 21 kita institucija (nepriklausanti savivaldyb\u0117ms), vykdanti PKT, tarp j\u0173 3 \u0160vietimo, mokslo ir sporto ministerijai pavald\u017eios \u012fstaigos, 1 pedagog\u0173 rengimo centras, 8 auk\u0161t\u0173j\u0173 mokykl\u0173, vykdan\u010di\u0173 PKT, strukt\u016briniai padaliniai, 1 biud\u017eetin\u0117 organizacija ir 8 vie\u0161osios \u012fstaigos.<\/p>\n<p>Surinkti duomenys analizuoti, pasitelkiant \u0160vietimo valdymo informacin\u0117s sistemos (\u0160VIS) duomenis, PKT institucij\u0173 veiklos i\u0161orinio vertinimo i\u0161vadas ir j\u0173 interneto svetaini\u0173 puslapi\u0173 ap\u017evalgas, atliktas 2023 m. vasario\u2013gegu\u017e\u0117s m\u0117n.<\/p>\n<p><i class=\"fa fa-file-pdf \" ><\/i>\u00a0<a href=\"https:\/\/www.nsa.smsm.lt\/old\/old\/wp-content\/uploads\/2023\/12\/PKT-kontekstas_-apzvalga_2023.pdf\">Pedagog\u0173 kvalifikacijos tobulinimo konteksto ap\u017evalga<\/a><\/p>\n<p><i class=\"fa fa-file-pdf \" ><\/i>\u00a0<a href=\"https:\/\/www.nsa.smsm.lt\/old\/old\/wp-content\/uploads\/2024\/05\/2022_metu_Bendra_PKT_duomenu_analize.pdf\">Bendra 2022\u00a0met\u0173 pedagog\u0173 kvalifikacijos tobulinimo duomen\u0173 analiz\u0117<\/a><\/p>\n<p><i class=\"fa fa-desktop \" ><\/i> <a href=\"https:\/\/www.nsa.smsm.lt\/old\/old\/mokyklu-veiklos-pletra-ir-pedagogu-kvalifikacija\/savivaldybiu-pedagogu-kvalifikacijos-tobulinimo-stebesenos-apzvalgos-2022\/\">Savivaldybi\u0173 pedagog\u0173 kvalifikacijos tobulinimo steb\u0117senos ap\u017evalgos<\/a><\/p>\n<p>&nbsp;<\/p>\n<hr \/>\n<p><strong>2021 m. pedagog\u0173 kvalifikacijos tobulinimo steb\u0117senos tyrimo ataskaita\u00a0<\/strong><\/p>\n<p>2022 m. Nacionalin\u0117 \u0161vietimo agent\u016bra, vadovaudamasi Lietuvos Respublikos \u0161vietimo, mokslo ir sporto ministro 2020 m. sausio 2 d. \u012fsakymu Nr. V-2 \u201eD\u0117l \u012fgaliojim\u0173 Nacionalinei \u0161vietimo agent\u016brai suteikimo\u201c ir Nacionalin\u0117s \u0161vietimo agent\u016bros direktoriaus 2021 m. kovo 19 d. \u012fsakymu Nr. VK-159 \u201eD\u0117l valstybini\u0173 ir savivaldybi\u0173 \u0161vietimo \u012fstaig\u0173 (i\u0161skyrus auk\u0161t\u0105sias mokyklas) vadov\u0173, j\u0173 pavaduotoj\u0173 ugdymui, ugdym\u0105 organizuojan\u010di\u0173 skyri\u0173 ved\u0117j\u0173, mokytoj\u0173, pagalbos mokiniui specialist\u0173 kvalifikacijos tobulinimo steb\u0117senos vykdymo apra\u0161o patvirtinimo\u201c, atliko 2021 m. pedagog\u0173 kvalifikacijos tobulinimo (toliau \u2013 PKT) steb\u0117senos tyrim\u0105.<\/p>\n<p>Duomenis PKT steb\u0117senos tyrimui pateik\u0117 59 savivaldyb\u0117s (i\u0161 kuri\u0173 48 kartu su savo \u012fsteigtomis akredituotomis \u012fstaigomis, vykdan\u010diomis pedagog\u0173 kvalifikacijos tobulinim\u0105, 5 savivaldyb\u0117s, neturin\u010dios \u0161vietimo pagalbos institucij\u0173, likusios 6 savivaldyb\u0117s pateik\u0117 tam tikr\u0105 dal\u012f duomen\u0173) ir 11 kit\u0173 institucij\u0173 (nepriklausan\u010di\u0173 savivaldyb\u0117ms), vykdan\u010di\u0173 PKT, tarp j\u0173 2 \u0160vietimo, mokslo ir sporto ministerijai pavald\u017eios \u012fstaigos, 2 pedagog\u0173 rengimo centrai, 3 auk\u0161t\u0173j\u0173 mokykl\u0173, rengian\u010di\u0173 pedagogus, strukt\u016briniai padaliniai ir 4 vie\u0161osios \u012fstaigos.<\/p>\n<p><i class=\"fa fa-file-pdf \" ><\/i>\u00a0<a href=\"https:\/\/www.nsa.smsm.lt\/old\/old\/wp-content\/uploads\/2023\/01\/2021_metu_PKT_konteksto_apzvalga.pdf\">Pedagog\u0173 kvalifikacijos tobulinimo konteksto ap\u017evalga<\/a><\/p>\n<p><i class=\"fa fa-file-pdf \" ><\/i>\u00a0<a href=\"https:\/\/www.nsa.smsm.lt\/old\/old\/wp-content\/uploads\/2023\/01\/Bendra_2021_metu_PKT_duomenu_analize.pdf\">Bendra savivaldybi\u0173 pateikt\u0173 pedagog\u0173 kvalifikacijos tobulinimo duomen\u0173 analiz\u0117<\/a><\/p>\n<p><i class=\"fa fa-desktop \" ><\/i> <a href=\"https:\/\/www.nsa.smsm.lt\/old\/old\/mokyklu-veiklos-pletra-ir-pedagogu-kvalifikacija\/atskiru-savivaldybiu-pedagogu-kvalifikacijos-tobulinimo-stebesenos-apzvalgos\/\">Savivaldybi\u0173 pedagog\u0173 kvalifikacijos tobulinimo steb\u0117senos ap\u017evalgos<\/a><\/p>\n<hr \/>\n<p><strong>Bandomojo pedagog\u0173 kvalifikacijos tobulinimo steb\u0117senos tyrimo ap\u017evalga<\/strong><\/p>\n<p>2021 m. Nacionalin\u0117 \u0161vietimo agent\u016bra, vadovaudamasi Lietuvos Respublikos \u0161vietimo, mokslo ir sporto ministro 2020 m. sausio 2 d. \u012fsakymu Nr. V-2 \u201eD\u0117l \u012fgaliojim\u0173 Nacionalinei \u0161vietimo agent\u016brai suteikimo\u201c ir Nacionalin\u0117s \u0161vietimo agent\u016bros direktoriaus 2021 m. kovo 19 d. \u012fsakymu Nr. VK-159 \u201eD\u0117l valstybini\u0173 ir savivaldybi\u0173 \u0161vietimo \u012fstaig\u0173 (i\u0161skyrus auk\u0161t\u0105sias mokyklas) vadov\u0173, j\u0173 pavaduotoj\u0173 ugdymui, ugdym\u0105 organizuojan\u010di\u0173 skyri\u0173 ved\u0117j\u0173, mokytoj\u0173, pagalbos mokiniui specialist\u0173 kvalifikacijos tobulinimo steb\u0117senos vykdymo apra\u0161o patvirtinimo\u201c, atliko bandom\u0105j\u012f pedagog\u0173 kvalifikacijos tobulinimo steb\u0117senos tyrim\u0105.<\/p>\n<p>Tyrime dalyvavo 9 savivaldybi\u0173 (Jurbarko r., Kauno m., Klaip\u0117dos m., Kretingos r., Marijampol\u0117s, Radvili\u0161kio r., \u0160iauli\u0173 m., Var\u0117nos r., Vilkavi\u0161kio r.) administracij\u0173 \u0161vietimo padalini\u0173 ir akredituot\u0173 \u0161vietimo pagalbos institucij\u0173, vykdan\u010di\u0173 pedagog\u0173 kvalifikacijos tobulinim\u0105, atstovai.<\/p>\n<p>Pristatomos 2019\u20132020 m. m. surinkt\u0173 steb\u0117senos duomen\u0173 ap\u017evalgos: \u0161alies pedagog\u0173 kvalifikacijos tobulinimo kontekstas, mokytoj\u0173, pasinaudojusi\u0173 5 dienomis per metus kvalifikacijai tobulinti, situacija, nacionalini\u0173 kvalifikacijos tobulinimo prioritet\u0173 (kvalifikacijos tobulinimo program\u0173, kuri\u0173 trukm\u0117 ne ma\u017eiau nei 40 akad. val.) \u012fgyvendinimas bei skirt\u0173 l\u0117\u0161\u0173 panaudojimas, susisteminta med\u017eiaga, kokios \u012ftakos pedagogini\u0173 darbuotoj\u0173 profesinis tobul\u0117jimas turi mokini\u0173 pasiekimams ir pa\u017eangai.<\/p>\n<div class=\"mobile2\">\n<h2>\u012evadas<\/h2>\n<hr \/>\n<p><i class=\"fa fa-file-pdf-o\" aria-hidden=\"true\"><\/i> <a href=\"https:\/\/www.nsa.smsm.lt\/old\/old\/wp-content\/uploads\/2022\/01\/Ivadas.pdf\">\u012evadas <\/a><\/p>\n<h2>Kontekstas<\/h2>\n<hr \/>\n<p><i class=\"fa fa-file-pdf-o\" aria-hidden=\"true\"><\/i> <a href=\"https:\/\/www.nsa.smsm.lt\/old\/old\/wp-content\/uploads\/2022\/01\/Kontekstas.pdf\">Konteksto ap\u017evalga <\/a><\/p>\n<h2>Ind\u0117lis<\/h2>\n<hr \/>\n<p><i class=\"fa fa-file-pdf-o\" aria-hidden=\"true\"><\/i> <a href=\"https:\/\/www.nsa.smsm.lt\/old\/old\/wp-content\/uploads\/2022\/01\/Indelis-1.pdf\">Pedagoginiai darbuotojai,<br \/>\npasinaudoj\u0119 \u0160vietimo \u012fstatymo suteikta teise 5 dienas per metus kvalifikacijai tobulinti <\/a><br \/>\n<i class=\"fa fa-file-pdf-o\" aria-hidden=\"true\"><\/i> <a href=\"https:\/\/www.nsa.smsm.lt\/old\/old\/wp-content\/uploads\/2022\/01\/Indelis-2.pdf\">Finansiniai i\u0161tekliai <\/a><\/p>\n<h2>Procesai<\/h2>\n<hr \/>\n<p><i class=\"fa fa-file-pdf-o\" aria-hidden=\"true\"><\/i> <a href=\"https:\/\/www.nsa.smsm.lt\/old\/old\/wp-content\/uploads\/2022\/01\/Procesas-1.pdf\">Vykdytos programos pagal 1 prioritet\u0105 Kompetencij\u0173 tobulinimas \u012fgyvendinant \u0161iuolaikin\u012f ugdymo \/ mokymo turin\u012f <\/a><br \/>\n<i class=\"fa fa-file-pdf-o\" aria-hidden=\"true\"><\/i> <a href=\"https:\/\/www.nsa.smsm.lt\/old\/old\/wp-content\/uploads\/2022\/01\/Procesas-2.pdf\">Vykdytos programos pagal 2 prioritet\u0105 Kompetencij\u0173, reikaling\u0173 veiksmingai ugdyti skirting\u0173 ugdymosi poreiki\u0173 turin\u010dius mokinius, tobulinimas <\/a><br \/>\n<i class=\"fa fa-file-pdf-o\" aria-hidden=\"true\"><\/i> <a href=\"https:\/\/www.nsa.smsm.lt\/old\/old\/wp-content\/uploads\/2022\/01\/Procesas-3.pdf\">Vykdytos programos pagal 3 prioritet\u0105 Vadovavimo ir lyderyst\u0117s ugdymo \/ mokymo procesui ir \u0161vietimo \u012fstaigai kompetencij\u0173 tobulinimas <\/a><br \/>\n<i class=\"fa fa-file-pdf-o\" aria-hidden=\"true\"><\/i> <a href=\"https:\/\/www.nsa.smsm.lt\/old\/old\/wp-content\/uploads\/2022\/01\/Procesas-4.pdf\">Prioritetines kvalifikacijos tobulinimo programas \u012fgyvendin\u0119 lektoriai <\/a><br \/>\n<i class=\"fa fa-file-pdf-o\" aria-hidden=\"true\"><\/i> <a href=\"https:\/\/www.nsa.smsm.lt\/old\/old\/wp-content\/uploads\/2022\/01\/Procesas-5.pdf\">PKT program\u0173 prieinamumas pedagogui <\/a><br \/>\n<i class=\"fa fa-file-pdf-o\" aria-hidden=\"true\"><\/i> <a href=\"https:\/\/www.nsa.smsm.lt\/old\/old\/wp-content\/uploads\/2022\/01\/Procesas-6.pdf\">PKT rengini\u0173 pagal programas, kuri\u0173 trukm\u0117 ne ma\u017eesn\u0117 kaip 40 akademini\u0173 valand\u0173, vykdyt\u0173 nuotoliniu b\u016bdu, procentin\u0117 dalis <\/a><br \/>\n<i class=\"fa fa-file-pdf-o\" aria-hidden=\"true\"><\/i> <a href=\"https:\/\/www.nsa.smsm.lt\/old\/old\/wp-content\/uploads\/2022\/01\/Rezultatai.pdf\">PKT proceso poveikis ugdymo kokybei u\u017etikrinti ir mokini\u0173 pasiekimams gerinti <\/a><\/p>\n<h2>Rekomendacijos<\/h2>\n<hr \/>\n<p><i class=\"fa fa-file-pdf-o\" aria-hidden=\"true\"><\/i> <a href=\"https:\/\/www.nsa.smsm.lt\/old\/old\/wp-content\/uploads\/2022\/01\/Rekomendacijos.pdf\">Rekomendacijos<\/a><\/p>\n<\/div>\n","protected":false},"excerpt":{"rendered":"<p>2023\u00a0m. pedagogini\u0173 darbuotoj\u0173 kvalifikacijos tobulinimo steb\u0117senos ataskaita 2024 m. Nacionalin\u0117 \u0161vietimo agent\u016bra, vadovaudamasi Lietuvos Respublikos \u0161vietimo, mokslo ir sporto ministro 2020\u00a0m. sausio 2\u00a0d. \u012fsakymu Nr.\u00a0V-2 \u201eD\u0117l \u012fgaliojim\u0173 Nacionalinei \u0161vietimo agent\u016brai suteikimo\u201c ir Nacionalin\u0117s \u0161vietimo agent\u016bros direktoriaus 2021\u00a0m. kovo 19\u00a0d. \u012fsakymu&nbsp;<a href=\"https:\/\/www.nsa.smsm.lt\/old\/mokyklu-veiklos-pletra-ir-pedagogu-kvalifikacija\/pedagogu-kvalifikacijos-tobulinimo-istaigu-isivertinimas-ir-stebesena\/pedagogu-kvalifikacijos-tobulinimo-stebesenos-rezultatai\/\" class=\"placiau\">Pla\u010diau <i class=\"fa fa-caret-right\"><\/i><\/a><\/p>\n","protected":false},"author":1,"featured_media":0,"parent":15625,"menu_order":0,"comment_status":"closed","ping_status":"closed","template":"page-mokyklu-pletra.php","meta":{"_acf_changed":false,"footnotes":""},"class_list":["post-27825","page","type-page","status-publish","hentry"],"acf":[],"_links":{"self":[{"href":"https:\/\/www.nsa.smsm.lt\/old\/wp-json\/wp\/v2\/pages\/27825","targetHints":{"allow":["GET"]}}],"collection":[{"href":"https:\/\/www.nsa.smsm.lt\/old\/wp-json\/wp\/v2\/pages"}],"about":[{"href":"https:\/\/www.nsa.smsm.lt\/old\/wp-json\/wp\/v2\/types\/page"}],"author":[{"embeddable":true,"href":"https:\/\/www.nsa.smsm.lt\/old\/wp-json\/wp\/v2\/users\/1"}],"replies":[{"embeddable":true,"href":"https:\/\/www.nsa.smsm.lt\/old\/wp-json\/wp\/v2\/comments?post=27825"}],"version-history":[{"count":7,"href":"https:\/\/www.nsa.smsm.lt\/old\/wp-json\/wp\/v2\/pages\/27825\/revisions"}],"predecessor-version":[{"id":42273,"href":"https:\/\/www.nsa.smsm.lt\/old\/wp-json\/wp\/v2\/pages\/27825\/revisions\/42273"}],"up":[{"embeddable":true,"href":"https:\/\/www.nsa.smsm.lt\/old\/wp-json\/wp\/v2\/pages\/15625"}],"wp:attachment":[{"href":"https:\/\/www.nsa.smsm.lt\/old\/wp-json\/wp\/v2\/media?parent=27825"}],"curies":[{"name":"wp","href":"https:\/\/api.w.org\/{rel}","templated":true}]}}