{"id":27085,"date":"2023-08-23T08:42:38","date_gmt":"2023-08-23T06:42:38","guid":{"rendered":"https:\/\/www.nsa.smsm.lt\/old\/?page_id=27085"},"modified":"2023-08-23T16:00:09","modified_gmt":"2023-08-23T14:00:09","slug":"nacionaliniai-mokiniu-pasiekimu-tyrimai-nmpt","status":"publish","type":"page","link":"https:\/\/www.nsa.smsm.lt\/old\/svietimo-stebesena\/tyrimai\/nacionaliniai-tyrimai\/nacionaliniai-mokiniu-pasiekimu-tyrimai-nmpt\/","title":{"rendered":"Nacionaliniai mokini\u0173 pasiekim\u0173 tyrimai (NMPT)"},"content":{"rendered":"<div class=\"panel-group\" id=\"collapse_52ab-1cf2\"><div class=\"panel panel-default\">    <div class=\"panel-heading\" role=\"tab\" id=\"heading_citem_2330-cad4\">        <h4 class=\"panel-title\"><a class=\"accordion-toggle collapsed\" data-toggle=\"collapse\" aria-controls=\"heading_citem_2330-cad4\" data-parent=\"#collapse_52ab-1cf2\" href=\"#citem_2330-cad4\">Informacija apie tyrimus (NMPT)<\/a>        <\/h4>    <\/div>    <div id=\"citem_2330-cad4\" class=\"panel-collapse collapse \" role=\"tabpanel\" aria-labelledby=\"heading_citem_2330-cad4\">        <div class=\"panel-body\">\n<p>Nacionaliniai mokini\u0173 pasiekim\u0173 tyrimai Lietuvoje prad\u0117ti vykdyti nuo 2002 met\u0173. 2002\u20132005 metais tyrimai buvo vykdomi \u012fgyvendinant \u0160vietimo, mokslo ir sporto ministerijos Mokykl\u0173 tobulinimo program\u0105. Nuo 2006 met\u0173 tyrim\u0173 vykdymas buvo t\u0119siamas \u012fgyvendinant \u0160vietimo, mokslo ir sporto ministerijos Valstybin\u0117s \u0161vietimo strategijos \u012fgyvendinimo program\u0105. Nuo 2008 met\u0173 mokini\u0173 pasiekim\u0173 tyrim\u0173 vykdymas reglamentuotas \u201eMokini\u0173 pasiekim\u0173 tyrim\u0173 vykdymo tvarkos apra\u0161e\u201c, patvirtintame \u0160vietimo ir mokslo ministro 2008 m. gruod\u017eio 8 d. \u012fsakymu Nr. ISAK-3379 \u201eD\u0117l mokini\u0173 pasiekim\u0173 tyrim\u0173 vykdymo tvarkos apra\u0161o patvirtinimo\u201c. D\u0117l ekonomini\u0173 prie\u017eas\u010di\u0173, 2009\u20132011 met\u0173 laikotarpiu nacionaliniai mokini\u0173 pasiekim\u0173 tyrimai vykdomi nebuvo. 2012 m. nacionaliniai mokini\u0173 pasiekim\u0173 tyrimai atnaujinti ir vykdyti iki 2016 m.<\/p>\n<p><strong>Nacionaliniai tyrimai<\/strong> \u2013 \u0161alies mastu \u0160vietimo, mokslo ir sporto ministerijos \u012fgaliot\u0173 institucij\u0173 rengiami ir vykdomi bendrojo ugdymo programas vykdan\u010di\u0173 mokykl\u0173 mokini\u0173 mokymosi rezultat\u0173, pasekmi\u0173 ir (ar) konteksto tyrimai, kuri\u0173 rezultatai naudojami reguliariai \u0161vietimo b\u016bkl\u0117s steb\u0117senai ir ugdymo tobulinimui.<\/p>\n<p>\u201e<a href=\"https:\/\/www.nsa.smsm.lt\/old\/old\/wp-content\/uploads\/2021\/11\/6058_NMPT_aprasas.2008.doc\">Mokini\u0173 pasiekim\u0173 tyrim\u0173 vykdymo tvarkos apra\u0161as<\/a>\u201c, patvirtintame \u0160vietimo ir mokslo ministro 2008 m. gruod\u017eio 8 d. \u012fsakymu Nr. ISAK-3379 \u201eD\u0117l mokini\u0173 pasiekim\u0173 tyrim\u0173 vykdymo tvarkos apra\u0161o patvirtinimo\u201c.<\/p>\n<p>2012\u20132016 m. Nacionalini\u0173 mokini\u0173 pasiekim\u0173 tyrim\u0173 vykdymo programa<\/p>\n<p><a href=\"https:\/\/www.nsa.smsm.lt\/old\/old\/wp-content\/uploads\/2021\/11\/4400_2012_NMPT_programa_2012_redakcija.pdf\">2012 m nacionalini\u0173 mokini\u0173 pasiekim\u0173 tyrim\u0173 programa (projektas)<\/a>\u00a0(pdf)<\/p>\n<p><a href=\"https:\/\/www.nsa.smsm.lt\/old\/old\/wp-content\/uploads\/2021\/11\/4403_1_Priedas_NMPT_programa.2012.pdf\">1 priedas. Tyrimo instrumentai<\/a>\u00a0(pdf)<br \/>\n<a href=\"https:\/\/www.nsa.smsm.lt\/old\/old\/wp-content\/uploads\/2021\/11\/4402_2_Priedas_NMPT2012programa_4kl.pdf\">2 priedas. 4 klas\u0117s konstruktas<\/a>\u00a0(pdf)<br \/>\n<a href=\"https:\/\/www.nsa.smsm.lt\/old\/old\/wp-content\/uploads\/2021\/11\/4401_3_Priedas_NMPT2012programa_8kl.pdf\">3 priedas. 8 klas\u0117s konstruktas<\/a>\u00a0(pdf)<\/p>\n<p>        <\/p><\/div>    <\/div><\/div><div class=\"panel panel-default\">    <div class=\"panel-heading\" role=\"tab\" id=\"heading_citem_a0ec-afcf\">        <h4 class=\"panel-title\"><a class=\"accordion-toggle collapsed\" data-toggle=\"collapse\" aria-controls=\"heading_citem_a0ec-afcf\" data-parent=\"#collapse_52ab-1cf2\" href=\"#citem_a0ec-afcf\">Rezultat\u0173 pristatymai, ataskaitos ir vie\u0161inimo med\u017eiaga<\/a>        <\/h4>    <\/div>    <div id=\"citem_a0ec-afcf\" class=\"panel-collapse collapse \" role=\"tabpanel\" aria-labelledby=\"heading_citem_a0ec-afcf\">        <div class=\"panel-body\">\n<p><strong>Bendrosios Nacionalini\u0173 mokini\u0173 pasiekim\u0173 patikrinim\u0173 (NMPP) ataskaitos<\/strong><\/p>\n<ul>\n<li><a href=\"https:\/\/www.nsa.smsm.lt\/old\/old\/wp-content\/uploads\/2022\/01\/7877_NMPP_2018_ATASKAITA.pdf\">2018 m. nacionalinio mokini\u0173 pasiekim\u0173 patikrinimo ataskaita\u00a0<em>(pdf)<\/em><\/a><\/li>\n<li><a href=\"https:\/\/www.nsa.smsm.lt\/old\/old\/wp-content\/uploads\/2022\/01\/7878_NMPP_2018_m_rezultatu_pateiktis.pdf\">2018 m. nacionalinio mokini\u0173 pasiekim\u0173 patikrinimo bendr\u0173j\u0173 rezultat\u0173 pristatymas\u00a0<em>(pdf)<\/em><\/a><\/li>\n<li><a href=\"https:\/\/www.nsa.smsm.lt\/old\/old\/wp-content\/uploads\/2022\/01\/7303_NMPP-2017-ATASKAITA.pdf\">2017 m. nacionalinio mokini\u0173 pasiekim\u0173 patikrinimo ataskaita\u00a0<em>(pdf)<\/em><\/a><\/li>\n<\/ul>\n<p><strong>NMPT 2015: Nacionalinis 4 ir 8 klas\u0117s mokini\u0173 gamtamokslio ir socialinio ugdymo (4 klas\u0117je \u2013 pasaulio pa\u017einimo) pasiekim\u0173 tyrimas<\/strong><\/p>\n<ul>\n<li><a href=\"https:\/\/www.nsa.smsm.lt\/old\/old\/wp-content\/uploads\/2021\/11\/6728_2015_NMPT_ataskaita..pdf\">2015 m. nacionalinio mokini\u0173 pasiekim\u0173 tyrimo ataskaita<\/a><\/li>\n<\/ul>\n<p><strong>NMPT 2014: Nacionalinis 4 ir 8 klas\u0117s mokini\u0173 skaitymo, ra\u0161ymo ir matematikos pasiekim\u0173 tyrimas<\/strong><\/p>\n<ul>\n<li><a href=\"https:\/\/www.nsa.smsm.lt\/old\/old\/wp-content\/uploads\/2021\/11\/5564_NMPT_2014_pristatymas_SMM.pdf\">2014 m. nacionalinio mokini\u0173 pasiekim\u0173 tyrimo pirmini\u0173 rezultat\u0173 pristatymas<\/a> (pdf)<\/li>\n<li><a href=\"https:\/\/www.nsa.smsm.lt\/old\/old\/wp-content\/uploads\/2021\/11\/5565_Trumpos_2014_met_NMPT_isvados_SMM.pdf\">Trumpos 2014 m. Nacionalinio mokini\u0173 mokymosi pasiekim\u0173 tyrimo i\u0161vados<\/a> (pdf)<\/li>\n<li><a href=\"https:\/\/www.nsa.smsm.lt\/old\/old\/wp-content\/uploads\/2021\/11\/6057_2014_NMPT_ataskaita_galutine_RED.pdf\">2014 m. nacionalinio mokini\u0173 pasiekim\u0173 tyrimo ataskaita<\/a> (pdf)<\/li>\n<li><a href=\"https:\/\/www.nsa.smsm.lt\/old\/old\/wp-content\/uploads\/2021\/11\/5837_NT2014_Dalykine_ataskaita.pdf\">2014 m. Nacionalinio 4 ir 8 klasi\u0173 mokini\u0173 pasiekim\u0173 tyrimo dalykin\u0117 ataskaita. Matematika ir Lietuvi\u0173 kalba<\/a> (pdf)<\/li>\n<\/ul>\n<p><strong>NMPT 2012: Nacionalinis 4 ir 8 klas\u0117s mokini\u0173 skaitymo, ra\u0161ymo ir matematikos pasiekim\u0173 tyrimas<\/strong><\/p>\n<ul>\n<li><a href=\"https:\/\/www.nsa.smsm.lt\/old\/old\/wp-content\/uploads\/2021\/11\/4681_Apzvalga_NMPT2012.pdf\">2012 m. nacionalinio tyrimo rezultat\u0173 ap\u017evalga<\/a> (pdf)<\/li>\n<li><a href=\"https:\/\/www.nsa.smsm.lt\/old\/old\/wp-content\/uploads\/2021\/11\/5836_NT2012_Dalykine_ataskaita.pdf\">2012 m. Nacionalinio 4 ir 8 klasi\u0173 mokini\u0173 pasiekim\u0173 tyrimo dalykin\u0117 ataskaita. Matematika ir Lietuvi\u0173 kalba<\/a> (pdf)<\/li>\n<\/ul>\n<p>        <\/p><\/div>    <\/div><\/div><div class=\"panel panel-default\">    <div class=\"panel-heading\" role=\"tab\" id=\"heading_citem_4336-3980\">        <h4 class=\"panel-title\"><a class=\"accordion-toggle collapsed\" data-toggle=\"collapse\" aria-controls=\"heading_citem_4336-3980\" data-parent=\"#collapse_52ab-1cf2\" href=\"#citem_4336-3980\">Duomen\u0173 baz\u0117s<\/a>        <\/h4>    <\/div>    <div id=\"citem_4336-3980\" class=\"panel-collapse collapse \" role=\"tabpanel\" aria-labelledby=\"heading_citem_4336-3980\">        <div class=\"panel-body\">\n<p>Skelbiamos nacionalini\u0173 mokini\u0173 pasiekim\u0173 tyrim\u0173 atviros duomen\u0173 baz\u0117s. Jomis kvie\u010diami naudotis mokslininkai, studentai, tyr\u0117jai.<\/p>\n<p><strong>DUOMEN\u0172 BAZI\u0172 CITAVIMAS: cituojant, nurodant duomen\u0173 \u0161altin\u012f, b\u016btina nurodyti duomen\u0173 baz\u0117s pavadinim\u0105 ir duomen\u0173 \u0161altin\u012f \u2013 Nacionalin\u0117 \u0161vietimo agent\u016bra. <\/strong><em>Pvz.: NMPT2012 duomen\u0173 baz\u0117, duomen\u0173 \u0161altinis: Nacionalin\u0117 \u0161vietimo agent\u016bra<\/em><\/p>\n<p><a href=\"https:\/\/www.nsa.smsm.lt\/old\/old\/wp-content\/uploads\/2021\/11\/Duomen_bazes_aprasas.doc\"><strong>NMPT duomen\u0173 bazi\u0173 apra\u0161as<\/strong><\/a><\/p>\n<p><strong>NMPT 2016: Nacionalinis 6 klas\u0117s mokini\u0173 skaitymo, ra\u0161ymo ir matematikos pasiekim\u0173 tyrimas<\/strong><\/p>\n<p><a href=\"https:\/\/www.nsa.smsm.lt\/old\/old\/wp-content\/uploads\/2023\/08\/NT2016_6kl_mokiniai_PV.sav_.zip\">NMPT 2016, 6 klas\u0117s mokini\u0173 duomen\u0173 baz\u0117<\/a> (spss)<\/p>\n<p><strong>NMPT 2015: Nacionalinis 4 ir 8 klas\u0117s mokini\u0173 gamtamokslio ir socialinio ugdymo (4 klas\u0117je \u2013 pasaulio pa\u017einimo) pasiekim\u0173 tyrimas<\/strong><\/p>\n<p><a href=\"https:\/\/www.nsa.smsm.lt\/old\/old\/wp-content\/uploads\/2023\/08\/NT2015_8kl_mokiniai_1.sav_.zip\">NMPT 2015, 8 klas\u0117s mokini\u0173 duomen\u0173 baz\u0117<\/a> (spss)<\/p>\n<p><a href=\"https:\/\/www.nsa.smsm.lt\/old\/old\/wp-content\/uploads\/2022\/03\/NMPT2015_4kl_mokiniai.sav_.zip\">NMPT 2015, 4 klas\u0117s mokini\u0173 duomen\u0173 baz\u0117<\/a> (spss)<\/p>\n<p><a href=\"https:\/\/www.nsa.smsm.lt\/old\/old\/wp-content\/uploads\/2023\/05\/NT2015_4kl_Pradiniu_kl_mokytojo.sav\">NMPT 2015, Pradini\u0173 klasi\u0173 mokytoj\u0173 (4 klas\u0117) duomen\u0173 baz\u0117<\/a> (spss)<\/p>\n<p><a href=\"https:\/\/www.nsa.smsm.lt\/old\/old\/wp-content\/uploads\/2023\/05\/NT2015_8kl_Biologijos_Mokytojai.sav\">NMPT 2015, Biologijos mokytoj\u0173 (8 klas\u0117) duomen\u0173 baz\u0117<\/a> (spss)<\/p>\n<p><a href=\"https:\/\/www.nsa.smsm.lt\/old\/old\/wp-content\/uploads\/2023\/05\/NT2015_8kl_Chemijos_Mokytojai.sav\">NMPT 2015, Chemijos mokytoj\u0173 (8 klas\u0117) duomen\u0173 baz\u0117<\/a> (spss)<\/p>\n<p><a href=\"https:\/\/www.nsa.smsm.lt\/old\/old\/wp-content\/uploads\/2023\/05\/NT2015_8kl_Fizikos_Mokytojai.sav\">NMPT 2015, Fizikos mokytoj\u0173 (8 klas\u0117) duomen\u0173 baz\u0117<\/a> (spss)<\/p>\n<p><a href=\"https:\/\/www.nsa.smsm.lt\/old\/old\/wp-content\/uploads\/2023\/05\/NT2015_8kl_Geografijos_Mokytojai.sav\">NMPT 2015, Geografijos mokytoj\u0173 (8 klas\u0117) duomen\u0173 baz\u0117<\/a> (spss)<\/p>\n<p><a href=\"https:\/\/www.nsa.smsm.lt\/old\/old\/wp-content\/uploads\/2023\/05\/NT2015_8kl_Istorijos_Mokytojai.sav\">NMPT 2015, Istorijos mokytoj\u0173 (8 klas\u0117) duomen\u0173 baz\u0117<\/a> (spss)<\/p>\n<p><strong>NMPT 2014: Nacionalinis 4 ir 8 klas\u0117s mokini\u0173 skaitymo, ra\u0161ymo ir matematikos pasiekim\u0173 tyrimas<\/strong><\/p>\n<p><a href=\"https:\/\/www.nsa.smsm.lt\/old\/old\/wp-content\/uploads\/2021\/11\/NT2014_8kl_mokiniai_1.sav_.zip\">NMPT 2014, 8 klas\u0117s mokini\u0173 duomen\u0173 baz\u0117<\/a> (spss)<\/p>\n<p><a href=\"https:\/\/www.nsa.smsm.lt\/old\/old\/wp-content\/uploads\/2022\/03\/NMPT2014_4kl_mokiniai.sav_.zip\">NMPT 2014, 4 klas\u0117s mokini\u0173 duomen\u0173 baz\u0117<\/a> (spss)<\/p>\n<p><a href=\"https:\/\/www.nsa.smsm.lt\/old\/old\/wp-content\/uploads\/2023\/05\/NT2014_4kl_Pradiniu_kl_mokytojo.sav\">NMPT 2014, Pradini\u0173 klasi\u0173 mokytoj\u0173 (4 klas\u0117) duomen\u0173 baz\u0117<\/a> (spss)<\/p>\n<p><a href=\"https:\/\/www.nsa.smsm.lt\/old\/old\/wp-content\/uploads\/2023\/05\/NT2014_8kl_Lietuviu_k_Mokytojo.sav\">NMPT 2014, Lietuvi\u0173 kalbos mokytoj\u0173 (8 klas\u0117) duomen\u0173 baz\u0117<\/a> (spss)<\/p>\n<p><a href=\"https:\/\/www.nsa.smsm.lt\/old\/old\/wp-content\/uploads\/2023\/05\/NT2014_8kl_Matematikos_Mokytojo.sav\">NMPT 2014, Matematikos mokytoj\u0173 (8 klas\u0117) duomen\u0173 baz\u0117<\/a> (spss)<\/p>\n<p><strong>NMPT 2012: Nacionalinis 4 ir 8 klas\u0117s mokini\u0173 skaitymo, ra\u0161ymo ir matematikos pasiekim\u0173 tyrimas<\/strong><\/p>\n<p><a href=\"https:\/\/www.nsa.smsm.lt\/old\/old\/wp-content\/uploads\/2021\/11\/NT2012_8kl_mokiniai_1.sav_.zip\">NMPT 2012, 8 klas\u0117s mokini\u0173 duomen\u0173 baz\u0117<\/a> (spss)<\/p>\n<p><a href=\"https:\/\/www.nsa.smsm.lt\/old\/old\/wp-content\/uploads\/2022\/03\/NMPT2012_4kl_mokiniai.SAV_.zip\">NMPT 2012, 4 klas\u0117s mokini\u0173 duomen\u0173 baz\u0117<\/a> (spss)<\/p>\n<p><a href=\"https:\/\/www.nsa.smsm.lt\/old\/old\/wp-content\/uploads\/2023\/05\/NT2012_4kl_Pradiniu_kl_Mokytojas.sav\">NMPT 2012, Pradini\u0173 klasi\u0173 mokytoj\u0173 (4 klas\u0117) duomen\u0173 baz\u0117<\/a> (spss)<\/p>\n<p><a href=\"https:\/\/www.nsa.smsm.lt\/old\/old\/wp-content\/uploads\/2023\/05\/NT2012_8_kl_Lietuviu_k_Mokytojas.SAV\">NMPT 2012, Lietuvi\u0173 kalbos mokytoj\u0173 (8 klas\u0117) duomen\u0173 baz\u0117<\/a> (spss)<\/p>\n<p><a href=\"https:\/\/www.nsa.smsm.lt\/old\/old\/wp-content\/uploads\/2023\/05\/NT2012_8_kl_Matematikos_Mokytojas.SAV\">NMPT 2012, Matematikos mokytoj\u0173 (8 klas\u0117) duomen\u0173 baz\u0117<\/a> (spss)<\/p>\n<p>        <\/p><\/div>    <\/div><\/div><div class=\"panel panel-default\">    <div class=\"panel-heading\" role=\"tab\" id=\"heading_citem_1dc6-bc79\">        <h4 class=\"panel-title\"><a class=\"accordion-toggle collapsed\" data-toggle=\"collapse\" aria-controls=\"heading_citem_1dc6-bc79\" data-parent=\"#collapse_52ab-1cf2\" href=\"#citem_1dc6-bc79\">Tyrim\u0173 instrument\u0173 pavyzd\u017eiai<\/a>        <\/h4>    <\/div>    <div id=\"citem_1dc6-bc79\" class=\"panel-collapse collapse \" role=\"tabpanel\" aria-labelledby=\"heading_citem_1dc6-bc79\">        <div class=\"panel-body\">\n<p><strong>NMPT 2016: Nacionalinis 6 klas\u0117s mokini\u0173 skaitymo, ra\u0161ymo ir matematikos pasiekim\u0173 tyrimas<\/strong><\/p>\n<p><a href=\"https:\/\/www.nsa.smsm.lt\/old\/old\/wp-content\/uploads\/2023\/05\/NT2016_Mokinio-klausimynas_6kl.pdf\">NMPT 2016, 6 klas\u0117s mokinio klausimynas<\/a><\/p>\n<p>&nbsp;<\/p>\n<p><strong>NMPT 2015: Nacionalinis 4 ir 8 klas\u0117s mokini\u0173 gamtamokslio ir socialinio ugdymo pasiekim\u0173 tyrimas<\/strong><\/p>\n<p><a href=\"https:\/\/www.nsa.smsm.lt\/old\/old\/wp-content\/uploads\/2023\/05\/NT2015_Mokinio-klausimynas_4kl.pdf\">NMPT 2015, 4 klas\u0117s mokinio klausimynas<\/a><\/p>\n<p><a href=\"https:\/\/www.nsa.smsm.lt\/old\/old\/wp-content\/uploads\/2023\/05\/NT2015_Mokinio-klausimynas_8-kl.pdf\">NMPT 2015, 8 klas\u0117s mokinio klausimynas<\/a><\/p>\n<p><a href=\"https:\/\/www.nsa.smsm.lt\/old\/old\/wp-content\/uploads\/2023\/05\/NT2015_4kl_Pradiniu-kl.-Mokytojo-klausimynas.pdf\">NMPT 2015, Pradini\u0173 klasi\u0173 mokytoj\u0173 klausimynas (4 klas\u0117)<\/a><\/p>\n<p><a href=\"https:\/\/www.nsa.smsm.lt\/old\/old\/wp-content\/uploads\/2023\/05\/NT2015_8kl_Biologijos_Mokytojo-klausimynas.pdf\">NMPT 2015, Biologijos mokytoj\u0173 klausimynas (8 klas\u0117)<\/a><\/p>\n<p><a href=\"https:\/\/www.nsa.smsm.lt\/old\/old\/wp-content\/uploads\/2023\/05\/NT2015_8kl_Chemijos-Mokytojo-klausimynas.pdf\">NMPT 2015, Chemijos mokytoj\u0173 klausimynas (8 klas\u0117)<\/a><\/p>\n<p><a href=\"https:\/\/www.nsa.smsm.lt\/old\/old\/wp-content\/uploads\/2023\/05\/NT2015_8kl_Fizikos-Mokytojo-klausimynas.pdf\">NMPT 2015, Fizikos mokytoj\u0173 klausimynas (8 klas\u0117)<\/a><\/p>\n<p><a href=\"https:\/\/www.nsa.smsm.lt\/old\/old\/wp-content\/uploads\/2023\/05\/NT2015_8kl_Geografijos-Mokytojo-klausimynas.pdf\">NMPT 2015, Geografijos mokytoj\u0173 klausimynas (8 klas\u0117)<\/a><\/p>\n<p><a href=\"https:\/\/www.nsa.smsm.lt\/old\/old\/wp-content\/uploads\/2023\/05\/NT2015_8kl_Istorijos-Mokytojo-klausimynas.pdf\">NMPT 2015, Istorijos mokytoj\u0173 klausimynas (8 klas\u0117)<\/a><\/p>\n<p>&nbsp;<\/p>\n<p><strong>NMPT 2014: Nacionalinis 4 ir 8 klas\u0117s mokini\u0173 skaitymo, ra\u0161ymo ir matematikos pasiekim\u0173 tyrimas<\/strong><\/p>\n<p><a href=\"https:\/\/www.nsa.smsm.lt\/old\/old\/wp-content\/uploads\/2023\/05\/NT2014_Mokinio-klausimynas_4-kl.pdf\">NMPT 2014, 4 klas\u0117s mokinio klausimynas<\/a><\/p>\n<p><a href=\"https:\/\/www.nsa.smsm.lt\/old\/old\/wp-content\/uploads\/2023\/05\/NT2014_Mokinio-klausimynas_8kl.pdf\">NMPT 2014, 8 klas\u0117s mokinio klausimynas<\/a><\/p>\n<p><a href=\"https:\/\/www.nsa.smsm.lt\/old\/old\/wp-content\/uploads\/2023\/05\/NT2014_4-kl_Pradiniu-kl.-Mokytojo-klausimynas.pdf\">NMPT 2014, Pradini\u0173 klasi\u0173 mokytoj\u0173 klausimynas (4 klas\u0117)<\/a><\/p>\n<p><a href=\"https:\/\/www.nsa.smsm.lt\/old\/old\/wp-content\/uploads\/2023\/05\/NT2014_8-kl_Lietuviu-k.-Mokytojo-klausimynas.pdf\">NMPT 2014, Lietuvi\u0173 kalbos mokytoj\u0173 klausimynas (8 klas\u0117)<\/a><\/p>\n<p><a href=\"https:\/\/www.nsa.smsm.lt\/old\/old\/wp-content\/uploads\/2023\/05\/NT2014_8-kl_Matematikos-Mokytojo-klausimynas.pdf\">NMPT 2014, Matematikos mokytoj\u0173 klausimynas (8 klas\u0117)<\/a><\/p>\n<p>&nbsp;<\/p>\n<p><strong>NMPT 2012: Nacionalinis 4 ir 8 klas\u0117s mokini\u0173 skaitymo, ra\u0161ymo ir matematikos pasiekim\u0173 tyrimas<\/strong><\/p>\n<p><a href=\"https:\/\/www.nsa.smsm.lt\/old\/old\/wp-content\/uploads\/2023\/05\/NT2012_Mokinio-klausimynas_4kl.pdf\">NMPT 2012, 4 klas\u0117s mokinio klausimynas<\/a><\/p>\n<p><a href=\"https:\/\/www.nsa.smsm.lt\/old\/old\/wp-content\/uploads\/2023\/05\/NT2012_Mokinio-klausimynas_8-kl.pdf\">NMPT 2012, 8 klas\u0117s mokinio klausimynas<\/a><\/p>\n<p><a href=\"https:\/\/www.nsa.smsm.lt\/old\/old\/wp-content\/uploads\/2023\/05\/NT2012_4-kl_Pradiniu-klasiu-mokytojo-klausimynas.pdf\">NMPT 2012, Pradini\u0173 klasi\u0173 mokytoj\u0173 klausimynas (4 klas\u0117)<\/a><\/p>\n<p><a href=\"https:\/\/www.nsa.smsm.lt\/old\/old\/wp-content\/uploads\/2023\/05\/NT2012_8-kl_Lietuviu-kalbos-mokytojo-klausimynas.pdf\">NMPT 2012, Lietuvi\u0173 kalbos mokytoj\u0173 klausimynas (8 klas\u0117)<\/a><\/p>\n<p><a href=\"https:\/\/www.nsa.smsm.lt\/old\/old\/wp-content\/uploads\/2023\/05\/NT2012_8-kl_Matematikos-mokytojo-klausimynas.pdf\">NMPT 2012, Matematikos mokytoj\u0173 klausimynas (8 klas\u0117)<\/a><\/p>\n<p>        <\/p><\/div>    <\/div><\/div><\/div>\n","protected":false},"excerpt":{"rendered":"","protected":false},"author":1,"featured_media":0,"parent":24333,"menu_order":0,"comment_status":"closed","ping_status":"closed","template":"page-ntyrimai.php","meta":{"_acf_changed":false,"footnotes":""},"class_list":["post-27085","page","type-page","status-publish","hentry"],"acf":[],"_links":{"self":[{"href":"https:\/\/www.nsa.smsm.lt\/old\/wp-json\/wp\/v2\/pages\/27085","targetHints":{"allow":["GET"]}}],"collection":[{"href":"https:\/\/www.nsa.smsm.lt\/old\/wp-json\/wp\/v2\/pages"}],"about":[{"href":"https:\/\/www.nsa.smsm.lt\/old\/wp-json\/wp\/v2\/types\/page"}],"author":[{"embeddable":true,"href":"https:\/\/www.nsa.smsm.lt\/old\/wp-json\/wp\/v2\/users\/1"}],"replies":[{"embeddable":true,"href":"https:\/\/www.nsa.smsm.lt\/old\/wp-json\/wp\/v2\/comments?post=27085"}],"version-history":[{"count":0,"href":"https:\/\/www.nsa.smsm.lt\/old\/wp-json\/wp\/v2\/pages\/27085\/revisions"}],"up":[{"embeddable":true,"href":"https:\/\/www.nsa.smsm.lt\/old\/wp-json\/wp\/v2\/pages\/24333"}],"wp:attachment":[{"href":"https:\/\/www.nsa.smsm.lt\/old\/wp-json\/wp\/v2\/media?parent=27085"}],"curies":[{"name":"wp","href":"https:\/\/api.w.org\/{rel}","templated":true}]}}