{"id":25995,"date":"2022-10-14T15:42:36","date_gmt":"2022-10-14T13:42:36","guid":{"rendered":"https:\/\/www.nsa.smsm.lt\/old\/?page_id=25995"},"modified":"2023-01-11T23:38:45","modified_gmt":"2023-01-11T21:38:45","slug":"bendrojo-ugdymo-tyrimu-vertinimo-ir-stebesenos-sistemos-pletra-mokiniu-pasiekimu-vertinimas","status":"publish","type":"page","link":"https:\/\/www.nsa.smsm.lt\/old\/stebesenos-ir-vertinimo-departamentas\/projektai\/bendrojo-ugdymo-tyrimu-vertinimo-ir-stebesenos-sistemos-pletra-mokiniu-pasiekimu-vertinimas\/","title":{"rendered":"Bendrojo ugdymo tyrim\u0173, vertinimo ir steb\u0117senos sistemos pl\u0117tra: mokini\u0173 pasiekim\u0173 vertinimas"},"content":{"rendered":"<p><img decoding=\"async\" class=\"alignnone size-full wp-image-25269\" src=\"https:\/\/www.nsa.smsm.lt\/old\/old\/wp-content\/uploads\/2019\/11\/es.svg\" alt=\"\" \/><\/p>\n<p>Projektas \u201eBendrojo ugdymo tyrim\u0173, vertinimo ir steb\u0117senos sistemos pl\u0117tra: mokini\u0173 pasiekim\u0173 vertinimas\u201c\u00a0(projekto kodas Nr. 09.2.1-ESFA-V-706-02-0001) vykdomas pagal Europos S\u0105jungos fond\u0173 investicij\u0173 veiksm\u0173 programos 9 prioriteto \u201eVisuomen\u0117s \u0161vietimas ir \u017emogi\u0161k\u0173j\u0173 i\u0161tekli\u0173 potencialo didinimas\u201c \u012fgyvendinimo priemon\u0119 09.2.1-ESFA-V-706 \u201e\u0160vietimo vertinimo ir steb\u0117senos sistem\u0173 suk\u016brimas\u201c.<\/p>\n<p><strong>Projekto tikslas<\/strong>\u00a0\u2013 tobulinti mokini\u0173 pasiekim\u0173 vertinim\u0105, sudarant s\u0105lygas kaupiamojo vertinimo sistemos k\u016brimui ir individualios mokini\u0173 pasiekim\u0173 pa\u017eangos steb\u0117senos pl\u0117totei.<\/p>\n<p>Projektas, kaip ir visa priemon\u0117 \u201e\u0160vietimo vertinimo ir steb\u0117senos sistem\u0173 suk\u016brimas\u201c, yra nukreiptas \u012f mokini\u0173 ugdymo pasiekim\u0173 gerinim\u0105, diegiant inovacijas ir skatinant \u0161vietimo sistemos poky\u010dius. Projektu siekiama modernizuoti mokini\u0173 pasiekim\u0173 vertinim\u0105, tobulinant vertinimo kriterijus, diegiant \u0161iuolaikines technologijas, tobulinant pedagog\u0173 ir mokykl\u0173 vadov\u0173 kompetencijas. Taip b\u016bt\u0173 sudarytos s\u0105lygos kaupiamojo vertinimo sistemos k\u016brimui ir diegimui bei individualios mokini\u0173 pasiekim\u0173 pa\u017eangos steb\u0117senos pl\u0117totei.<\/p>\n<p>\u012egyvendinant projekt\u0105, siekiama \u012fvykdyti prover\u017e\u012f pereinant prie elektroninio vertinimo ir duomen\u0173 analiz\u0117s sistemos\u00a0<em>(e-assessment)<\/em>\u00a0ir \u0161alies mastu vertinam\u0173 mokini\u0173 pasiekim\u0173, apimant visas bendrojo ugdymo pakopas (pradin\u012f, pagrindin\u012f ir vidurin\u012f ugdym\u0105), vertinimo susitarim\u0173 ir kriterij\u0173 i\u0161pl\u0117tojimo. D\u0117mesys taip pat bus skiriamas formuojamojo ir sumuojamojo vertinimo derm\u0117s u\u017etikrinimui, sumuojamojo vertinimo panaudojimo formuojamojo vertinimo tikslais pl\u0117tojimui.<\/p>\n<p><strong>Projektas finansuojamas Europos socialinio fondo l\u0117\u0161omis.<\/strong><\/p>\n<p>Projekto prad\u017eia \u2013 2018 m. baland\u017eio 18 d.<\/p>\n<p>Projekto pabaiga \u2013 2022 m. liepos 18 d.<\/p>\n<p><strong>Projekto u\u017edaviniai ir veiklos:<\/strong><\/p>\n<p><strong>1 u\u017edavinys\u00a0<\/strong>\u2013 sudaryti s\u0105lygas kaupiamajam vertinimui ir individualios mokini\u0173 pasiekim\u0173 pa\u017eangos steb\u0117senos pl\u0117totei.<\/p>\n<p><strong>Veikla<\/strong>\u00a0\u2013 individualios mokini\u0173 pasiekim\u0173 steb\u0117senos sistemos pl\u0117tojimas ir instrument\u0173 kaupiamojo vertinimo diegimui k\u016brimas.<\/p>\n<p><strong>2 u\u017edavinys\u00a0<\/strong>\u2013 sukurti visas bendrojo ugdymo pakopas (pradin\u012f, pagrindin\u012f ir vidurin\u012f ugdym\u0105) apimant\u012f daugiafunkc\u012f u\u017eduo\u010di\u0173 bank\u0105.<\/p>\n<p><strong>Veikla<\/strong>\u00a0\u2013 u\u017eduo\u010di\u0173 banko suk\u016brimas.<\/p>\n<p><strong>3 u\u017edavinys\u00a0<\/strong>\u2013 pl\u0117sti mokini\u0173 pasiekim\u0173 vertinimo \u0161alies lygmeniu galimybes panaudojant IKT sprendimus.<\/p>\n<p><strong>Veikla\u00a0<\/strong>\u2013 elektroninio vertinimo sistemos (E-assessment) suk\u016brimas ir \u012fgyvendinimas.<\/p>\n<p>Informacin\u0117 testavimo sistema:<\/p>\n<p><a href=\"https:\/\/beta.etestavimas.lt\/news\">https:\/\/beta.etestavimas.lt\/news<\/a><\/p>\n","protected":false},"excerpt":{"rendered":"<p>Projektas \u201eBendrojo ugdymo tyrim\u0173, vertinimo ir steb\u0117senos sistemos pl\u0117tra: mokini\u0173 pasiekim\u0173 vertinimas\u201c\u00a0(projekto kodas Nr. 09.2.1-ESFA-V-706-02-0001) vykdomas pagal Europos S\u0105jungos fond\u0173 investicij\u0173 veiksm\u0173 programos 9 prioriteto \u201eVisuomen\u0117s \u0161vietimas ir \u017emogi\u0161k\u0173j\u0173 i\u0161tekli\u0173 potencialo didinimas\u201c \u012fgyvendinimo priemon\u0119 09.2.1-ESFA-V-706 \u201e\u0160vietimo vertinimo ir steb\u0117senos sistem\u0173&nbsp;<a href=\"https:\/\/www.nsa.smsm.lt\/old\/stebesenos-ir-vertinimo-departamentas\/projektai\/bendrojo-ugdymo-tyrimu-vertinimo-ir-stebesenos-sistemos-pletra-mokiniu-pasiekimu-vertinimas\/\" class=\"placiau\">Pla\u010diau <i class=\"fa fa-caret-right\"><\/i><\/a><\/p>\n","protected":false},"author":1,"featured_media":0,"parent":14781,"menu_order":0,"comment_status":"closed","ping_status":"closed","template":"","meta":{"_acf_changed":false,"footnotes":""},"class_list":["post-25995","page","type-page","status-publish","hentry"],"acf":[],"_links":{"self":[{"href":"https:\/\/www.nsa.smsm.lt\/old\/wp-json\/wp\/v2\/pages\/25995","targetHints":{"allow":["GET"]}}],"collection":[{"href":"https:\/\/www.nsa.smsm.lt\/old\/wp-json\/wp\/v2\/pages"}],"about":[{"href":"https:\/\/www.nsa.smsm.lt\/old\/wp-json\/wp\/v2\/types\/page"}],"author":[{"embeddable":true,"href":"https:\/\/www.nsa.smsm.lt\/old\/wp-json\/wp\/v2\/users\/1"}],"replies":[{"embeddable":true,"href":"https:\/\/www.nsa.smsm.lt\/old\/wp-json\/wp\/v2\/comments?post=25995"}],"version-history":[{"count":0,"href":"https:\/\/www.nsa.smsm.lt\/old\/wp-json\/wp\/v2\/pages\/25995\/revisions"}],"up":[{"embeddable":true,"href":"https:\/\/www.nsa.smsm.lt\/old\/wp-json\/wp\/v2\/pages\/14781"}],"wp:attachment":[{"href":"https:\/\/www.nsa.smsm.lt\/old\/wp-json\/wp\/v2\/media?parent=25995"}],"curies":[{"name":"wp","href":"https:\/\/api.w.org\/{rel}","templated":true}]}}