{"id":25603,"date":"2022-09-23T12:59:28","date_gmt":"2022-09-23T10:59:28","guid":{"rendered":"https:\/\/www.nsa.smsm.lt\/old\/?page_id=25603"},"modified":"2023-01-11T23:00:48","modified_gmt":"2023-01-11T21:00:48","slug":"projektas-saugios-elektronines-erdves-vaikams-kurimas","status":"publish","type":"page","link":"https:\/\/www.nsa.smsm.lt\/old\/ugdymo-turinio-departamentas\/projektai\/projektas-saugios-elektronines-erdves-vaikams-kurimas\/","title":{"rendered":"Projektas \u201eSaugios elektronin\u0117s erdv\u0117s vaikams k\u016brimas\u201c"},"content":{"rendered":"<p><strong><img decoding=\"async\" src=\"https:\/\/www.nsa.smsm.lt\/old\/old\/wp-content\/uploads\/2019\/11\/es.svg\" \/><br \/>\n<\/strong><\/p>\n<p><strong>Projekto trukm\u0117:<\/strong>\u00a02018 m. gegu\u017e\u0117s 21 d. \u2013 2022 m. lapkri\u010dio 30 d.<br \/>\n<b>Projekto vykdytojai: <\/b>Nacionalin\u0117 \u0161vietimo agent\u016bra kartu su Kauno technologijos universitetu.<br \/>\n<strong>Projekto vert\u0117: <\/strong>\u00a03.557.931,33 Eur.<\/p>\n<p><strong>Projekto internetin\u0117 svetain\u0117 <\/strong>\u2013 <a href=\"https:\/\/wifi.lm.lt\/\">https:\/\/wifi.lm.lt\/<\/a><\/p>\n<p><strong>Projekto tikslas\u00a0<\/strong>\u2013 sudaryti galimybes saugiai naudotis elektronin\u0117mis paslaugomis bei elektroniniu (skaitmeniniu) ugdymo turiniu \u0161vietimo institucijose.<\/p>\n<p><strong>Projekto tikslin\u0117 grup\u0117\u00a0<\/strong>\u2013 Lietuvos \u0161vietimo \u012fstaigos (mokyklos).<\/p>\n<p><strong>Projekto apra\u0161ymas ir poreikis<\/strong> <strong>\u00a0<\/strong>\u2013 mokini\u0173 pasiekimai \u0161iandien da\u017enai priklauso nuo naudojam\u0173 \u0161iuolaikini\u0173 mokymo priemoni\u0173, gr\u012fst\u0173 informacin\u0117mis ir komunikacin\u0117mis technologijomis (IKT). Pa\u017eangiam ugdymui organizuoti b\u016btina ne tik sukurti nauj\u0173 skaitmenini\u0173 priemoni\u0173, bet ir suteikti tinkam\u0105 prieig\u0105 jomis naudotis.<\/p>\n<p>\u0160iuo metu mokymas ir mokymasis vyksta naudojant i\u0161maniuosius \u012frenginius. Kiekviena mokykla turi sudaryti s\u0105lygas vaikams atsine\u0161ti ir savo \u012frenginius, tod\u0117l yra aktualu sukurti saugi\u0105 ir kontroliuojam\u0105 belaid\u0119 interneto prieig\u0105 mokyklose.<\/p>\n<p><strong>\u012egyvendinus projekt\u0105 numatoma, kad:<\/strong><\/p>\n<ul>\n<li>Lietuvos mokyklose, dalyvaujan\u010diose projekte, bus \u012frengtos 2000 belaid\u017eio interneto zon\u0173. Prie belaid\u017eio interneto gal\u0117s jungtis tik autorizuoti naudotojai ir bus vykdoma turinio prieigos kontrol\u0117.<\/li>\n<li>Bus parengti turinio filtrai ir prieigos prie interneto i\u0161tekli\u0173;<\/li>\n<li>Bus sukurta kvalifikacijos tobulinimo programa (40 ak. val.) ir j\u0105 lydinti metodin\u0117 med\u017eiaga;<\/li>\n<li>1350 pedagog\u0173 ir mokykl\u0173 vadov\u0173 bus apmokyti valdyti mokyklos tinklo parametrus, organizuoti belaid\u017eio tinklo pl\u0117tr\u0105, naudoti belaid\u012f tinkl\u0105 kasdien\u0117je veikloje.<strong>\u00a0<\/strong><\/li>\n<\/ul>\n<p><strong>Projekto vadov\u0117: <\/strong>Aurelija Dirvonskien\u0117, el. p. <a href=\"mailto:aurelija.dirvonskiene@nsa.smm.lt\">aurelija.dirvonskiene@nsa.smm.lt<\/a><\/p>\n<p><strong>Projekto finansinink\u0117:<\/strong> Ilona Pra\u0161munt\u0117, el. p. <a href=\"mailto:ilona.prasmunte@nsa.smm.lt\">ilona.prasmunte@nsa.smm.lt<\/a>.<\/p>\n","protected":false},"excerpt":{"rendered":"<p>Projekto trukm\u0117:\u00a02018 m. gegu\u017e\u0117s 21 d. \u2013 2022 m. lapkri\u010dio 30 d. Projekto vykdytojai: Nacionalin\u0117 \u0161vietimo agent\u016bra kartu su Kauno technologijos universitetu. Projekto vert\u0117: \u00a03.557.931,33 Eur. Projekto internetin\u0117 svetain\u0117 \u2013 https:\/\/wifi.lm.lt\/ Projekto tikslas\u00a0\u2013 sudaryti galimybes saugiai naudotis elektronin\u0117mis paslaugomis bei&nbsp;<a href=\"https:\/\/www.nsa.smsm.lt\/old\/ugdymo-turinio-departamentas\/projektai\/projektas-saugios-elektronines-erdves-vaikams-kurimas\/\" class=\"placiau\">Pla\u010diau <i class=\"fa fa-caret-right\"><\/i><\/a><\/p>\n","protected":false},"author":1,"featured_media":0,"parent":11253,"menu_order":0,"comment_status":"closed","ping_status":"closed","template":"","meta":{"_acf_changed":false,"footnotes":""},"class_list":["post-25603","page","type-page","status-publish","hentry"],"acf":[],"_links":{"self":[{"href":"https:\/\/www.nsa.smsm.lt\/old\/wp-json\/wp\/v2\/pages\/25603","targetHints":{"allow":["GET"]}}],"collection":[{"href":"https:\/\/www.nsa.smsm.lt\/old\/wp-json\/wp\/v2\/pages"}],"about":[{"href":"https:\/\/www.nsa.smsm.lt\/old\/wp-json\/wp\/v2\/types\/page"}],"author":[{"embeddable":true,"href":"https:\/\/www.nsa.smsm.lt\/old\/wp-json\/wp\/v2\/users\/1"}],"replies":[{"embeddable":true,"href":"https:\/\/www.nsa.smsm.lt\/old\/wp-json\/wp\/v2\/comments?post=25603"}],"version-history":[{"count":0,"href":"https:\/\/www.nsa.smsm.lt\/old\/wp-json\/wp\/v2\/pages\/25603\/revisions"}],"up":[{"embeddable":true,"href":"https:\/\/www.nsa.smsm.lt\/old\/wp-json\/wp\/v2\/pages\/11253"}],"wp:attachment":[{"href":"https:\/\/www.nsa.smsm.lt\/old\/wp-json\/wp\/v2\/media?parent=25603"}],"curies":[{"name":"wp","href":"https:\/\/api.w.org\/{rel}","templated":true}]}}