{"id":25484,"date":"2023-09-05T06:50:17","date_gmt":"2023-09-05T04:50:17","guid":{"rendered":"https:\/\/www.nsa.smsm.lt\/old\/?page_id=25484"},"modified":"2025-06-23T11:51:59","modified_gmt":"2025-06-23T09:51:59","slug":"nsa-pristatymas","status":"publish","type":"page","link":"https:\/\/www.nsa.smsm.lt\/old\/apie-nsa\/nsa-pristatymas\/","title":{"rendered":"N\u0160A pristatymas"},"content":{"rendered":"<p>Nacionalin\u0117 \u0161vietimo agent\u016bra, \u012fsteigta 2019 m., yra \u012fstaiga prie Lietuvos Respublikos \u0161vietimo, mokslo ir sporto ministerijos.<\/p>\n<p>Nuo 2023 m. liepos 1 d. pasikeit\u0117 Agent\u016bros juridinis statusas \u2013 i\u0161 \u0161vietimo pagalbos \u012fstaigos \u012f vie\u0161ojo administravimo \u012fstaig\u0105.<\/p>\n<p>Agent\u016bra veikia \u0161vietimo valdymo srityje, \u012fgyvendindama \u0161vietimo politik\u0105 pagal nustatytus veiklos tikslus.<\/p>\n<p>Agent\u016bros veiklos tikslai:<\/p>\n<ul>\n<li>\n<div class=\"elementToProof\" role=\"presentation\">sudaryti vienodas s\u0105lygas ikimokyklinio, prie\u0161mokyklinio ir bendrojo ugdymo prieinamumui ir geros kokyb\u0117s \u0161vietimui: ugdymo turiniui \u012fgyvendinti, \u012ftraukties principui laikytis; \u0161vietimo teik\u0117j\u0173 veiksmingam valdymui uz\u030ctikrinti;<\/div>\n<\/li>\n<li>\n<div class=\"elementToProof\" role=\"presentation\">vykdyti pedagogini\u0173 darbuotoj\u0173 (i\u0161skyrus auk\u0161t\u0173j\u0173 mokykl\u0173 darbuotojus) skai\u010diaus ir sud\u0117ties bei kvalifikacijos tobulinimo steb\u0117sen\u0105, skatinti \u0161vietimo \u012fstaig\u0173 (i\u0161skyrus auk\u0161t\u0105sias mokyklas) vadov\u0173 rezervo formavim\u0105 ir \u012fgyvendinti priemones laiku pedagogini\u0173 darbuotoj\u0173 (i\u0161skyrus auk\u0161t\u0173j\u0173 mokykl\u0173 darbuotojus) kaitai u\u017etikrinti;<\/div>\n<\/li>\n<li>\n<div class=\"elementToProof\" role=\"presentation\">vykdyti mokini\u0173 pasiekim\u0173 vertinim\u0105, analizuoti mokini\u0173 pasiekim\u0173 rezultatus, parinkti ir \u012fgyvendinti tinkamas priemones mokini\u0173 pasiekimams gerinti;<\/div>\n<\/li>\n<li>\n<div class=\"elementToProof\" role=\"presentation\">atlikti valstybine\u0328 \u0161vietimo teik\u0117j\u0173 (i\u0161skyrus auk\u0161t\u0105sias mokyklas) veiklos priez\u030ci\u016br\u0105, bendradarbiauti su savininko teises ir pareigas \u012fgyvendinanc\u030ciomis institucijomis (dalyvi\u0173 susirinkimais), teikiant pagalb\u0105 \u0161vietimo teik\u0117jams;<\/div>\n<\/li>\n<li>\n<div class=\"elementToProof\" role=\"presentation\">uz\u030ctikrinti valstybiniuose \u0161vietimo registruose ir informacin\u0117se sistemose tvarkom\u0173 duomen\u0173 teis\u0117tum\u0105, prieinamum\u0105 ir kokybe\u0328;<\/div>\n<\/li>\n<li>\n<div class=\"elementToProof\" role=\"presentation\">vykdyti valstyb\u0117s \u0161vietimo steb\u0117sen\u0105, teikti si\u016blymus pagal kompetencij\u0105 Ministerijai d\u0117l \u0161vietimo politikos formavimo.<\/div>\n<\/li>\n<\/ul>\n<p>Agent\u016bros strukt\u016bra: <a href=\"https:\/\/www.nsa.smsm.lt\/old\/old\/struktura-ir-kontaktine-informacija\/valdymo-schema\/\">https:\/\/www.nsa.smsm.lt\/old\/old\/struktura-ir-kontaktine-informacija\/valdymo-schema\/<\/a>.<\/p>\n<p>Agent\u016bros departament\u0173 veikla: <a href=\"https:\/\/www.nsa.smsm.lt\/old\/old\/veiklos-sritys\/\">https:\/\/www.nsa.smsm.lt\/old\/old\/veiklos-sritys\/<\/a>.<\/p>\n","protected":false},"excerpt":{"rendered":"<p>Nacionalin\u0117 \u0161vietimo agent\u016bra, \u012fsteigta 2019 m., yra \u012fstaiga prie Lietuvos Respublikos \u0161vietimo, mokslo ir sporto ministerijos. Nuo 2023 m. liepos 1 d. pasikeit\u0117 Agent\u016bros juridinis statusas \u2013 i\u0161 \u0161vietimo pagalbos \u012fstaigos \u012f vie\u0161ojo administravimo \u012fstaig\u0105. Agent\u016bra veikia \u0161vietimo valdymo srityje,&nbsp;<a href=\"https:\/\/www.nsa.smsm.lt\/old\/apie-nsa\/nsa-pristatymas\/\" class=\"placiau\">Pla\u010diau <i class=\"fa fa-caret-right\"><\/i><\/a><\/p>\n","protected":false},"author":1,"featured_media":0,"parent":25482,"menu_order":0,"comment_status":"closed","ping_status":"closed","template":"","meta":{"_acf_changed":false,"footnotes":""},"class_list":["post-25484","page","type-page","status-publish","hentry"],"acf":[],"_links":{"self":[{"href":"https:\/\/www.nsa.smsm.lt\/old\/wp-json\/wp\/v2\/pages\/25484","targetHints":{"allow":["GET"]}}],"collection":[{"href":"https:\/\/www.nsa.smsm.lt\/old\/wp-json\/wp\/v2\/pages"}],"about":[{"href":"https:\/\/www.nsa.smsm.lt\/old\/wp-json\/wp\/v2\/types\/page"}],"author":[{"embeddable":true,"href":"https:\/\/www.nsa.smsm.lt\/old\/wp-json\/wp\/v2\/users\/1"}],"replies":[{"embeddable":true,"href":"https:\/\/www.nsa.smsm.lt\/old\/wp-json\/wp\/v2\/comments?post=25484"}],"version-history":[{"count":5,"href":"https:\/\/www.nsa.smsm.lt\/old\/wp-json\/wp\/v2\/pages\/25484\/revisions"}],"predecessor-version":[{"id":43598,"href":"https:\/\/www.nsa.smsm.lt\/old\/wp-json\/wp\/v2\/pages\/25484\/revisions\/43598"}],"up":[{"embeddable":true,"href":"https:\/\/www.nsa.smsm.lt\/old\/wp-json\/wp\/v2\/pages\/25482"}],"wp:attachment":[{"href":"https:\/\/www.nsa.smsm.lt\/old\/wp-json\/wp\/v2\/media?parent=25484"}],"curies":[{"name":"wp","href":"https:\/\/api.w.org\/{rel}","templated":true}]}}