{"id":2528,"date":"2025-07-08T07:19:55","date_gmt":"2025-07-08T05:19:55","guid":{"rendered":"https:\/\/www.itc.smm.lt\/?page_id=2528"},"modified":"2025-07-08T17:16:56","modified_gmt":"2025-07-08T15:16:56","slug":"biudzeto-asignavimai","status":"publish","type":"page","link":"https:\/\/www.nsa.smsm.lt\/old\/administracine-informacija\/biudzeto-asignavimai\/","title":{"rendered":"Ataskait\u0173 rinkiniai"},"content":{"rendered":"<div class=\"panel-group\" id=\"collapse_1b65-5138\"><div class=\"panel panel-default\">    <div class=\"panel-heading\" role=\"tab\" id=\"heading_citem_a480-7f17\">        <h4 class=\"panel-title\"><a class=\"accordion-toggle collapsed\" data-toggle=\"collapse\" aria-controls=\"heading_citem_a480-7f17\" data-parent=\"#collapse_1b65-5138\" href=\"#citem_a480-7f17\">Biud\u017eeto vykdymo ataskait\u0173 rinkiniai<\/a>        <\/h4>    <\/div>    <div id=\"citem_a480-7f17\" class=\"panel-collapse collapse \" role=\"tabpanel\" aria-labelledby=\"heading_citem_a480-7f17\">        <div class=\"panel-body\">\n<p>Nacionalin\u0117s \u0161vietimo agent\u016bros tarpinis biud\u017eeto vykdymo ataskait\u0173 rinkinys 2025 m. bir\u017eelio 30 d. <a href=\"https:\/\/www.nsa.smsm.lt\/old\/old\/wp-content\/uploads\/2025\/07\/BVAR-2025-06-30.pdf\"><i class=\"fa fa-arrow-circle-right \"><\/i><\/a><\/p>\n<p>Nacionalin\u0117s \u0161vietimo agent\u016bros tarpinis biud\u017eeto vykdymo ataskait\u0173 rinkinys 2025 m. kovo 31 d. <a href=\"https:\/\/www.nsa.smsm.lt\/old\/old\/wp-content\/uploads\/2025\/04\/BVAR-2025-03-31.pdf\"><i class=\"fa fa-arrow-circle-right \"><\/i><\/a><\/p>\n<p>Nacionalin\u0117s \u0161vietimo agent\u016bros tarpinis biud\u017eeto vykdymo ataskait\u0173 rinkinys 2024 m. gruod\u017eio 31 d. <a href=\"https:\/\/www.nsa.smsm.lt\/old\/old\/wp-content\/uploads\/2025\/01\/biudzeto-ivykdymo-rinkiniai-1231.pdf\"><i class=\"fa fa-arrow-circle-right \"><\/i><\/a><\/p>\n<p>Nacionalin\u0117s \u0161vietimo agent\u016bros tarpinis biud\u017eeto vykdymo ataskait\u0173 rinkinys 2024 m. rugs\u0117jo 30 d. <a href=\"https:\/\/www.nsa.smsm.lt\/old\/old\/wp-content\/uploads\/2024\/10\/TBVAR_2024-09-30_NSA.pdf\"><i class=\"fa fa-arrow-circle-right \"><\/i><\/a><\/p>\n<p>Nacionalin\u0117s \u0161vietimo agent\u016bros tarpinis biud\u017eeto vykdymo ataskait\u0173 rinkinys 2024 m. bir\u017eelio 30 d. <a href=\"https:\/\/www.nsa.smsm.lt\/old\/old\/wp-content\/uploads\/2024\/07\/ataskaitos-2024-06-30.pdf\"><i class=\"fa fa-arrow-circle-right \"><\/i><\/a><\/p>\n<p>Nacionalin\u0117s \u0161vietimo agent\u016bros tarpinis biud\u017eeto vykdymo ataskait\u0173 rinkinys 2024 m. kovo 31 d. <a href=\"https:\/\/www.nsa.smsm.lt\/old\/old\/wp-content\/uploads\/2024\/04\/ataskaitu-rinkinys20240331.pdf\"><i class=\"fa fa-arrow-circle-right \"><\/i><\/a><\/p>\n<p>Nacionalin\u0117s \u0161vietimo agent\u016bros biud\u017eeto vykdymo ataskait\u0173 rinkinys 2023 m. gruod\u017eio 31 d. <a href=\"https:\/\/www.nsa.smsm.lt\/old\/old\/wp-content\/uploads\/2024\/01\/biudzeto-vykdymo-rinkiniai-2023-12-31.pdf\"><i class=\"fa fa-arrow-circle-right \"><\/i><\/a><\/p>\n<p>Nacionalin\u0117s \u0161vietimo agent\u016bros biud\u017eeto vykdymo ataskait\u0173 rinkinys 2023 m. rugs\u0117jo 30 d. <a href=\"https:\/\/www.nsa.smsm.lt\/old\/old\/wp-content\/uploads\/2023\/10\/biudzeto_0930.pdf\"><i class=\"fa fa-arrow-circle-right \"><\/i><\/a><\/p>\n<p>Nacionalin\u0117s \u0161vietimo agent\u016bros biud\u017eeto vykdymo ataskait\u0173 rinkinys 2023 m. bir\u017eelio 30 d. <a href=\"https:\/\/www.nsa.smsm.lt\/old\/old\/wp-content\/uploads\/2023\/07\/biudzeto_ataskaitu-rinkiniai-0630.pdf\"><i class=\"fa fa-arrow-circle-right \"><\/i><\/a><\/p>\n<p>Nacionalin\u0117s \u0161vietimo agent\u016bros biud\u017eeto vykdymo ataskait\u0173 rinkinys 2023 m. kovo 31 d. <a href=\"https:\/\/www.nsa.smsm.lt\/old\/old\/wp-content\/uploads\/2023\/04\/ataskaitu-rinkinys-2023-03-31.pdf\"><i class=\"fa fa-arrow-circle-right \"><\/i><\/a><\/p>\n<p>Nacionalin\u0117s \u0161vietimo agent\u016bros biud\u017eeto vykdymo ataskait\u0173 rinkinys 2022 m. gruod\u017eio 31 d. <a href=\"https:\/\/www.nsa.smsm.lt\/old\/old\/wp-content\/uploads\/2023\/02\/biudzeto_vykdymo_rinkinys_1231.pdf\"><i class=\"fa fa-arrow-circle-right \"><\/i><\/a><\/p>\n<p>Nacionalin\u0117s \u0161vietimo agent\u016bros biud\u017eeto vykdymo ataskait\u0173 rinkinys 2022 m. rugs\u0117jo 30 d. <a href=\"https:\/\/www.nsa.smsm.lt\/old\/old\/wp-content\/uploads\/2022\/10\/2022-09-30.pdf\"><i class=\"fa fa-arrow-circle-right \"><\/i><\/a><\/p>\n<p>Nacionalin\u0117s \u0161vietimo agent\u016bros biud\u017eeto vykdymo ataskait\u0173 rinkinys 2022 m. bir\u017eelio 30 d. <a href=\"https:\/\/www.nsa.smsm.lt\/old\/old\/wp-content\/uploads\/2022\/07\/ar_0630.pdf\"><i class=\"fa fa-arrow-circle-right \"><\/i><\/a><\/p>\n<p>Nacionalin\u0117s \u0161vietimo agent\u016bros biud\u017eeto vykdymo ataskait\u0173 rinkinys 2022 m. kovo 31 d. <a href=\"https:\/\/www.nsa.smsm.lt\/old\/old\/wp-content\/uploads\/2022\/05\/ataskaitu_rinkiniai.pdf\"><i class=\"fa fa-arrow-circle-right \"><\/i><\/a><\/p>\n<p>Nacionalin\u0117s \u0161vietimo agent\u016bros biud\u017eeto vykdymo ataskait\u0173 rinkinys 2021 m. gruod\u017eio 31 d. <a href=\"https:\/\/www.nsa.smsm.lt\/old\/old\/wp-content\/uploads\/2022\/02\/nsa-biudzeto-vykdymo-ataskaitu-rinkinys.pdf\"><i class=\"fa fa-arrow-circle-right \"><\/i><\/a><\/p>\n<p>Nacionalin\u0117s \u0161vietimo agent\u016bros biud\u017eeto vykdymo ataskait\u0173 rinkinys 2021 m. rugs\u0117jo 30 d. <a href=\"https:\/\/www.nsa.smsm.lt\/old\/old\/wp-content\/uploads\/2021\/10\/BAR-2021-09-30.pdf\"><i class=\"fa fa-arrow-circle-right \"><\/i><\/a><\/p>\n<p>Nacionalin\u0117s \u0161vietimo agent\u016bros biud\u017eeto vykdymo ataskait\u0173 rinkinys 2021 m. bir\u017eelio 30 d. <a href=\"https:\/\/www.nsa.smsm.lt\/old\/old\/wp-content\/uploads\/2021\/10\/BVAR-2021-06-30.pdf\"><i class=\"fa fa-arrow-circle-right \"><\/i><\/a><\/p>\n<p>Nacionalin\u0117s \u0161vietimo agent\u016bros biud\u017eeto ataskait\u0173 rinkinys\u00a02021 m.\u00a0 kovo 31 d. <a href=\"https:\/\/www.nsa.smsm.lt\/old\/old\/wp-content\/uploads\/2021\/04\/2021-03-31.pdf\"><i class=\"fa fa-arrow-circle-right \"><\/i><\/a><\/p>\n<p>        <\/p><\/div>    <\/div><\/div><div class=\"panel panel-default\">    <div class=\"panel-heading\" role=\"tab\" id=\"heading_citem_cb88-ef6f\">        <h4 class=\"panel-title\"><a class=\"accordion-toggle collapsed\" data-toggle=\"collapse\" aria-controls=\"heading_citem_cb88-ef6f\" data-parent=\"#collapse_1b65-5138\" href=\"#citem_cb88-ef6f\">Finansini\u0173 ataskait\u0173 rinkiniai<\/a>        <\/h4>    <\/div>    <div id=\"citem_cb88-ef6f\" class=\"panel-collapse collapse \" role=\"tabpanel\" aria-labelledby=\"heading_citem_cb88-ef6f\">        <div class=\"panel-body\">\n<p>Nacionalin\u0117s \u0161vietimo agent\u016bros tarpinis finansini\u0173 ataskait\u0173 rinkinys 2025 m. kovo 31 d. <a href=\"https:\/\/www.nsa.smsm.lt\/old\/old\/wp-content\/uploads\/2025\/05\/FAR2025-03-31_sv.pdf\"><i class=\"fa fa-arrow-circle-right \"><\/i><\/a><\/p>\n<p>Nacionalin\u0117s \u0161vietimo agent\u016bros \u00a0finansini\u0173 ataskait\u0173 rinkinys 2024 m. gruod\u017eio 31 d.\u00a0<a href=\"https:\/\/www.nsa.smsm.lt\/old\/old\/wp-content\/uploads\/2025\/03\/FAR_2024-12-31.pdf\"><i class=\"fa fa-arrow-circle-right \"><\/i><\/a><\/p>\n<p>Nacionalin\u0117s \u0161vietimo agent\u016bros tarpinis finansini\u0173 ataskait\u0173 rinkinys 2024 m. rugs\u0117jo 30 d. <a href=\"https:\/\/www.nsa.smsm.lt\/old\/old\/wp-content\/uploads\/2024\/11\/FAR_2024-09-30_galut.pdf\"><i class=\"fa fa-arrow-circle-right \"><\/i><\/a><\/p>\n<p>Nacionalin\u0117s \u0161vietimo agent\u016bros finansini\u0173 ataskait\u0173 rinkinys 2024 m. bir\u017eelio 31 d. <a href=\"https:\/\/www.nsa.smsm.lt\/old\/old\/wp-content\/uploads\/2024\/08\/FAR-2024-06-30.pdf\"><i class=\"fa fa-arrow-circle-right \"><\/i><\/a><\/p>\n<p>Nacionalin\u0117s \u0161vietimo agent\u016bros finansini\u0173 ataskait\u0173 rinkinys 2024 m. kovo 31 d. <a href=\"https:\/\/www.nsa.smsm.lt\/old\/old\/wp-content\/uploads\/2024\/05\/FAR_2024-03-31.pdf\"><i class=\"fa fa-arrow-circle-right \"><\/i><\/a><\/p>\n<p>Nacionalin\u0117s \u0161vietimo agent\u016bros finansini\u0173 ataskait\u0173 rinkinys 2023 m. gruod\u017eio 31 d. <a href=\"https:\/\/www.nsa.smsm.lt\/old\/old\/wp-content\/uploads\/2024\/03\/finansiniu_ataskaitu_rinkinys_2023.pdf\"><i class=\"fa fa-arrow-circle-right \"><\/i><\/a><\/p>\n<p>Nacionalin\u0117s \u0161vietimo agent\u016bros finansini\u0173 ataskait\u0173 rinkinys 2023 m. rugs\u0117jo 30 d. <a href=\"https:\/\/www.nsa.smsm.lt\/old\/old\/wp-content\/uploads\/2023\/11\/finansiniu-ataskaitu-rinkiniai.pdf\"><i class=\"fa fa-arrow-circle-right \"><\/i><\/a><\/p>\n<p>Nacionalin\u0117s \u0161vietimo agent\u016bros finansini\u0173 ataskait\u0173 rinkinys 2023 m. rugs\u0117jo 30 d. <a href=\"https:\/\/www.nsa.smsm.lt\/old\/old\/wp-content\/uploads\/2023\/11\/finansiniu-ataskaitu-rinkiniai.pdf\"><i class=\"fa fa-arrow-circle-right \"><\/i><\/a><\/p>\n<p>Nacionalin\u0117s \u0161vietimo agent\u016bros finansini\u0173 ataskait\u0173 rinkinys 2023 m. bir\u017eelio 30 d. <a href=\"https:\/\/www.nsa.smsm.lt\/old\/old\/wp-content\/uploads\/2023\/08\/FAR_2023-06-30.pdf\"><i class=\"fa fa-arrow-circle-right \"><\/i><\/a><\/p>\n<p>Nacionalin\u0117s \u0161vietimo agent\u016bros finansini\u0173 ataskait\u0173 rinkinys 2023 m. kovo 31 d. <a href=\"https:\/\/www.nsa.smsm.lt\/old\/old\/wp-content\/uploads\/2023\/05\/Nacionalines-svietimo-agenturos-finansiniu-ataskaitu-rinkinys-2023-03-31.pdf\"><i class=\"fa fa-arrow-circle-right \"><\/i><\/a><\/p>\n<p>Nacionalin\u0117s \u0161vietimo agent\u016bros finansini\u0173 ataskait\u0173 rinkinys 2022 m. gruod\u017eio 31 d. <a href=\"https:\/\/www.nsa.smsm.lt\/old\/old\/wp-content\/uploads\/2023\/03\/Metinis-finansiniu-ataskaitu-rinkinys-uz-2022-metus.pdf\"><i class=\"fa fa-arrow-circle-right \"><\/i><\/a><\/p>\n<p>Nacionalin\u0117s \u0161vietimo agent\u016bros finansini\u0173 ataskait\u0173 rinkinys 2022 m. rugs\u0117jo 30 d. <a href=\"https:\/\/www.nsa.smsm.lt\/old\/old\/wp-content\/uploads\/2022\/11\/finansiniu-ataskaitu-rinkinys-2022-09-30.pdf\"><i class=\"fa fa-arrow-circle-right \"><\/i><\/a><\/p>\n<p>Nacionalin\u0117s \u0161vietimo agent\u016bros finansini\u0173 ataskait\u0173 rinkinys 2022 m. bir\u017eelio 30 d. <a href=\"https:\/\/www.nsa.smsm.lt\/old\/old\/wp-content\/uploads\/2022\/08\/finansiniu-ataskaitu-rinkinys-0631.pdf\"><i class=\"fa fa-arrow-circle-right \"><\/i><\/a><\/p>\n<p>Nacionalin\u0117s \u0161vietimo agent\u016bros finansini\u0173 ataskait\u0173 rinkinys 2022 m. kovo 31 d. <a href=\"https:\/\/www.nsa.smsm.lt\/old\/old\/wp-content\/uploads\/2022\/06\/NSA-finansiniu-ataskaitu-rinkinys0331.pdf\"><i class=\"fa fa-arrow-circle-right \"><\/i><\/a><\/p>\n<p>Nacionalin\u0117s \u0161vietimo agent\u016bros\u00a0<span lang=\"EN-US\">2021 met<\/span>\u0173 finansini\u0173 ataskait\u0173 rinkinys <a href=\"https:\/\/www.nsa.smsm.lt\/old\/old\/wp-content\/uploads\/2022\/03\/fa_rinkinys_0323.pdf\"><i class=\"fa fa-arrow-circle-right \"><\/i><\/a><\/p>\n<p>Nacionalin\u0117s \u0161vietimo agent\u016bros finansini\u0173 ataskait\u0173 rinkinys 2021 m. rugs\u0117jo 30 d. <a href=\"https:\/\/www.nsa.smsm.lt\/old\/old\/wp-content\/uploads\/2021\/11\/FVAR_2021-09-30.pdf\"><i class=\"fa fa-arrow-circle-right \"><\/i><\/a><\/p>\n<p>Nacionalin\u0117s \u0161vietimo agent\u016bros finansini\u0173 ataskait\u0173 rinkinys 2021 m. bir\u017eelio 30 d. <a href=\"https:\/\/www.nsa.smsm.lt\/old\/old\/wp-content\/uploads\/2021\/08\/FAR-2021-06-30.pdf\"><i class=\"fa fa-arrow-circle-right \"><\/i><\/a><\/p>\n<p>Nacionalin\u0117s \u0161vietimo agent\u016bros finansini\u0173 ataskait\u0173 rinkinys 2021 m. kovo 31 d. <a href=\"https:\/\/www.nsa.smsm.lt\/old\/old\/wp-content\/uploads\/2021\/05\/Finansiniu-ataskaitu-rinkinys_2021-03-31.pdf\"><i class=\"fa fa-arrow-circle-right \"><\/i><\/a><\/p>\n<p>Nacionalin\u0117s \u0161vietimo agent\u016bros\u00a0<span lang=\"EN-US\">2020 met<\/span>\u0173 finansini\u0173 ataskait\u0173 rinkinys <a href=\"https:\/\/www.nsa.smsm.lt\/old\/old\/wp-content\/uploads\/2021\/06\/2020FAR.pdf\"><i class=\"fa fa-arrow-circle-right \"><\/i><\/a><\/p>\n<p>Nacionalin\u0117s \u0161vietimo agent\u016bros finansini\u0173 ataskait\u0173 rinkinys 2020 m. rugs\u0117jo 30 d. <a href=\"https:\/\/www.nsa.smsm.lt\/old\/old\/wp-content\/uploads\/2021\/03\/2020-09-30Nacionaline-svietimo-agentura.pdf\"><i class=\"fa fa-arrow-circle-right \"><\/i><\/a><\/p>\n<p>Nacionalin\u0117s \u0161vietimo agent\u016bros finansini\u0173 ataskait\u0173 rinkinys 2020 m. bir\u017eelio 30 d. <a href=\"https:\/\/www.nsa.smsm.lt\/old\/old\/wp-content\/uploads\/2020\/09\/202009171406.pdf\"><i class=\"fa fa-arrow-circle-right \"><\/i><\/a><\/p>\n<p>Nacionalin\u0117s \u0161vietimo agent\u016bros finansini\u0173 ataskait\u0173 rinkinys 2020 m. kovo 31 d. <a href=\"https:\/\/www.nsa.smsm.lt\/old\/old\/wp-content\/uploads\/2020\/06\/202006150920.pdf\"><i class=\"fa fa-arrow-circle-right \"><\/i><\/a><\/p>\n<p>Nacionalin\u0117s \u0161vietimo agent\u016bros finansini\u0173 ataskait\u0173 rinkinys 2019 m. rugs\u0117jo 30 d.\u00a0<a href=\"https:\/\/www.nsa.smsm.lt\/old\/old\/wp-content\/uploads\/2020\/06\/202006150906.pdf\"><i class=\"fa fa-arrow-circle-right \"><\/i><\/a><\/p>\n<p>Nacionalin\u0117s \u0161vietimo agent\u016bros <span lang=\"EN-US\">2019 met<\/span>\u0173 finansini\u0173 ataskait\u0173 rinkinys <a href=\"https:\/\/www.nsa.smsm.lt\/old\/old\/wp-content\/uploads\/2020\/04\/202003201026.pdf\"><i class=\"fa fa-arrow-circle-right \"><\/i><\/a><\/p>\n<p>        <\/p><\/div>    <\/div><\/div><\/div>\n<p>&nbsp;<\/p>\n","protected":false},"excerpt":{"rendered":"<p>&nbsp;<\/p>\n","protected":false},"author":1,"featured_media":0,"parent":8756,"menu_order":5,"comment_status":"closed","ping_status":"closed","template":"","meta":{"_acf_changed":false,"footnotes":""},"class_list":["post-2528","page","type-page","status-publish","hentry"],"acf":[],"_links":{"self":[{"href":"https:\/\/www.nsa.smsm.lt\/old\/wp-json\/wp\/v2\/pages\/2528","targetHints":{"allow":["GET"]}}],"collection":[{"href":"https:\/\/www.nsa.smsm.lt\/old\/wp-json\/wp\/v2\/pages"}],"about":[{"href":"https:\/\/www.nsa.smsm.lt\/old\/wp-json\/wp\/v2\/types\/page"}],"author":[{"embeddable":true,"href":"https:\/\/www.nsa.smsm.lt\/old\/wp-json\/wp\/v2\/users\/1"}],"replies":[{"embeddable":true,"href":"https:\/\/www.nsa.smsm.lt\/old\/wp-json\/wp\/v2\/comments?post=2528"}],"version-history":[{"count":16,"href":"https:\/\/www.nsa.smsm.lt\/old\/wp-json\/wp\/v2\/pages\/2528\/revisions"}],"predecessor-version":[{"id":43788,"href":"https:\/\/www.nsa.smsm.lt\/old\/wp-json\/wp\/v2\/pages\/2528\/revisions\/43788"}],"up":[{"embeddable":true,"href":"https:\/\/www.nsa.smsm.lt\/old\/wp-json\/wp\/v2\/pages\/8756"}],"wp:attachment":[{"href":"https:\/\/www.nsa.smsm.lt\/old\/wp-json\/wp\/v2\/media?parent=2528"}],"curies":[{"name":"wp","href":"https:\/\/api.w.org\/{rel}","templated":true}]}}