{"id":24408,"date":"2025-01-27T08:52:32","date_gmt":"2025-01-27T06:52:32","guid":{"rendered":"https:\/\/www.nsa.smsm.lt\/old\/?page_id=24408"},"modified":"2025-01-27T14:30:14","modified_gmt":"2025-01-27T12:30:14","slug":"pagalba-mokantis-lietuviu-kalbos","status":"publish","type":"page","link":"https:\/\/www.nsa.smsm.lt\/old\/egzaminai-ir-pasiekimu-patikrinimai\/valstybines-kalbos-egzaminas\/valstybines-kalbos-mokejimo-egzaminas\/pagalba-mokantis-lietuviu-kalbos\/","title":{"rendered":"Pagalba mokantis lietuvi\u0173 kalbos"},"content":{"rendered":"<p><strong>PAGALBIN\u0116 LITERAT\u016aRA<\/strong><\/p>\n<p><strong>A1, A2 lygis<\/strong><\/p>\n<hr \/>\n<p>Pagojien\u0117 D., A\u0161 kalbu lietuvi\u0161kai. A1 (1) lygis, 2017.<\/p>\n<p>Stumbrien\u0117 V., Ka\u0161kelevi\u010dien\u0117 A., N\u0117 dienos be lietuvi\u0173 kalbos. Vadov\u0117lis pradedantiesiems, 2018: <a href=\"https:\/\/www.vu.lt\/leidyba\/knygos\/vadovelis-ne-dienos-be-lietuviu-kalbos\">Vadov\u0117lis &#8222;N\u0117 dienos be lietuvi\u0173 kalbos&#8221; &#8211; VU<\/a><\/p>\n<p>Petra\u0161i\u016bnien\u0117 E., Valan\u010diauskien\u0117 A., Na\u0161l\u0117nait\u0117 Eberhardt V., Jakait\u0117-Bulbukien\u0117 K., Va\u0161kevi\u010dien\u0117 L.,\u00a0<strong>Langas \u012f lietuvi\u0173 kalb\u0105<\/strong>. Vadov\u0117lis pradedantiesiems, 2021: <a href=\"https:\/\/www.vu.lt\/leidyba\/knygos\/vadovelis-pradedantiesiems-langas-i-lietuviu-kalba\">Vadov\u0117lis pradedantiesiems &#8222;Langas \u012f lietuvi\u0173 kalb\u0105&#8221; &#8211; VU<\/a><\/p>\n<p>Stumbrien\u0117 V., Dara\u0161kien\u0117 I., Va\u0161kevi\u010dien\u0117 L., <strong>S\u0117km\u0117s!, <\/strong>Vadov\u0117lis lietuvi\u0173 kalbos A (L\u016b\u017eio) lygiui pasiekti. 1 ir 2 knygos, 2022: <a href=\"https:\/\/www.vu.lt\/leidyba\/knygos\/sekmes\">Vadov\u0117lis &#8222;S\u0117km\u0117s!&#8221; &#8211; VU<\/a><\/p>\n<p>D\u017ee\u017eulskien\u0117 J., Easy Lithuanian: <a href=\"https:\/\/www.easylithuanian.com\/\">Kalbu lietuvi\u0161kai &#8211; Learn Lithuanian with Dr Judita Dzezulskiene<\/a><\/p>\n<p>&nbsp;<\/p>\n<p><strong>B1, B2 lygis<\/strong><\/p>\n<hr \/>\n<p>Migauskien\u0117 R. \u017dingsnis, 2014 (2 dalys).<\/p>\n<p>Stumbrien\u0117, V., Ka\u0161kelevi\u010dien\u0117, A. <strong>N\u0117 dienos be lietuvi\u0173 kalbos. 2 knyga, <\/strong>2014<\/p>\n<p><strong>\u00a0<\/strong><\/p>\n<p><strong>C1 lygis<br \/>\n<\/strong><\/p>\n<hr \/>\n<p><strong>Stumbrien\u0117 V., Ka\u0161kelevi\u010dien\u0117, A. <\/strong><strong>N\u0117 dienos be lietuvi\u0173 kalbos. 3 knyga, <\/strong>Vilnius: Vilniaus universiteto leidykla, 2021 (<a href=\"http:\/\/www.nedienosbelietuviukalbos3.flf.vu.lt\/\">http:\/\/www.nedienosbelietuviukalbos3.flf.vu.lt\/<\/a>)<\/p>\n<p>&nbsp;<\/p>\n<p><strong>KITA NAUDINGA INFORMACIJA<\/strong><\/p>\n<hr \/>\n<p>KUR MOKYTIS LIETUVI\u0172 KALBOS? &#8211;\u00a0<a href=\"https:\/\/micenter.lt\/lt\/kur-mokytis-lietuviu-kalbos\">micenter.lt\/lt\/kur-mokytis-lietuviu-kalbos<\/a><\/p>\n","protected":false},"excerpt":{"rendered":"<p>PAGALBIN\u0116 LITERAT\u016aRA A1, A2 lygis Pagojien\u0117 D., A\u0161 kalbu lietuvi\u0161kai. A1 (1) lygis, 2017. Stumbrien\u0117 V., Ka\u0161kelevi\u010dien\u0117 A., N\u0117 dienos be lietuvi\u0173 kalbos. Vadov\u0117lis pradedantiesiems, 2018: Vadov\u0117lis &#8222;N\u0117 dienos be lietuvi\u0173 kalbos&#8221; &#8211; VU Petra\u0161i\u016bnien\u0117 E., Valan\u010diauskien\u0117 A., Na\u0161l\u0117nait\u0117 Eberhardt&nbsp;<a href=\"https:\/\/www.nsa.smsm.lt\/old\/egzaminai-ir-pasiekimu-patikrinimai\/valstybines-kalbos-egzaminas\/valstybines-kalbos-mokejimo-egzaminas\/pagalba-mokantis-lietuviu-kalbos\/\" class=\"placiau\">Pla\u010diau <i class=\"fa fa-caret-right\"><\/i><\/a><\/p>\n","protected":false},"author":1,"featured_media":0,"parent":24313,"menu_order":0,"comment_status":"closed","ping_status":"closed","template":"page-lkkegzaminai.php","meta":{"_acf_changed":false,"footnotes":""},"class_list":["post-24408","page","type-page","status-publish","hentry"],"acf":[],"_links":{"self":[{"href":"https:\/\/www.nsa.smsm.lt\/old\/wp-json\/wp\/v2\/pages\/24408","targetHints":{"allow":["GET"]}}],"collection":[{"href":"https:\/\/www.nsa.smsm.lt\/old\/wp-json\/wp\/v2\/pages"}],"about":[{"href":"https:\/\/www.nsa.smsm.lt\/old\/wp-json\/wp\/v2\/types\/page"}],"author":[{"embeddable":true,"href":"https:\/\/www.nsa.smsm.lt\/old\/wp-json\/wp\/v2\/users\/1"}],"replies":[{"embeddable":true,"href":"https:\/\/www.nsa.smsm.lt\/old\/wp-json\/wp\/v2\/comments?post=24408"}],"version-history":[{"count":3,"href":"https:\/\/www.nsa.smsm.lt\/old\/wp-json\/wp\/v2\/pages\/24408\/revisions"}],"predecessor-version":[{"id":42240,"href":"https:\/\/www.nsa.smsm.lt\/old\/wp-json\/wp\/v2\/pages\/24408\/revisions\/42240"}],"up":[{"embeddable":true,"href":"https:\/\/www.nsa.smsm.lt\/old\/wp-json\/wp\/v2\/pages\/24313"}],"wp:attachment":[{"href":"https:\/\/www.nsa.smsm.lt\/old\/wp-json\/wp\/v2\/media?parent=24408"}],"curies":[{"name":"wp","href":"https:\/\/api.w.org\/{rel}","templated":true}]}}