{"id":24333,"date":"2022-10-11T19:50:54","date_gmt":"2022-10-11T17:50:54","guid":{"rendered":"https:\/\/www.nsa.smsm.lt\/old\/?page_id=24333"},"modified":"2023-01-11T23:50:59","modified_gmt":"2023-01-11T21:50:59","slug":"nacionaliniai-tyrimai","status":"publish","type":"page","link":"https:\/\/www.nsa.smsm.lt\/old\/svietimo-stebesena\/tyrimai\/nacionaliniai-tyrimai\/","title":{"rendered":"Nacionaliniai tyrimai"},"content":{"rendered":"<p><b>Nacionaliniai tyrimai<\/b> \u2013 \u0161alies mastu \u0160vietimo, mokslo ir sporto ministerijos \u012fgaliot\u0173 institucij\u0173 rengiami ir vykdomi bendrojo ugdymo programas vykdan\u010di\u0173 mokykl\u0173 mokini\u0173 mokymosi rezultat\u0173, pasekmi\u0173 ir (ar) konteksto tyrimai, kuri\u0173 rezultatai naudojami reguliariai \u0161vietimo b\u016bkl\u0117s steb\u0117senai ir ugdymo tobulinimui.<\/p>\n","protected":false},"excerpt":{"rendered":"<p>Nacionaliniai tyrimai \u2013 \u0161alies mastu \u0160vietimo, mokslo ir sporto ministerijos \u012fgaliot\u0173 institucij\u0173 rengiami ir vykdomi bendrojo ugdymo programas vykdan\u010di\u0173 mokykl\u0173 mokini\u0173 mokymosi rezultat\u0173, pasekmi\u0173 ir (ar) konteksto tyrimai, kuri\u0173 rezultatai naudojami reguliariai \u0161vietimo b\u016bkl\u0117s steb\u0117senai ir ugdymo tobulinimui.<\/p>\n","protected":false},"author":1,"featured_media":0,"parent":16829,"menu_order":0,"comment_status":"closed","ping_status":"closed","template":"page-ntyrimai.php","meta":{"_acf_changed":false,"footnotes":""},"class_list":["post-24333","page","type-page","status-publish","hentry"],"acf":[],"_links":{"self":[{"href":"https:\/\/www.nsa.smsm.lt\/old\/wp-json\/wp\/v2\/pages\/24333","targetHints":{"allow":["GET"]}}],"collection":[{"href":"https:\/\/www.nsa.smsm.lt\/old\/wp-json\/wp\/v2\/pages"}],"about":[{"href":"https:\/\/www.nsa.smsm.lt\/old\/wp-json\/wp\/v2\/types\/page"}],"author":[{"embeddable":true,"href":"https:\/\/www.nsa.smsm.lt\/old\/wp-json\/wp\/v2\/users\/1"}],"replies":[{"embeddable":true,"href":"https:\/\/www.nsa.smsm.lt\/old\/wp-json\/wp\/v2\/comments?post=24333"}],"version-history":[{"count":0,"href":"https:\/\/www.nsa.smsm.lt\/old\/wp-json\/wp\/v2\/pages\/24333\/revisions"}],"up":[{"embeddable":true,"href":"https:\/\/www.nsa.smsm.lt\/old\/wp-json\/wp\/v2\/pages\/16829"}],"wp:attachment":[{"href":"https:\/\/www.nsa.smsm.lt\/old\/wp-json\/wp\/v2\/media?parent=24333"}],"curies":[{"name":"wp","href":"https:\/\/api.w.org\/{rel}","templated":true}]}}