{"id":24320,"date":"2025-02-13T05:07:50","date_gmt":"2025-02-13T03:07:50","guid":{"rendered":"https:\/\/www.nsa.smsm.lt\/old\/?page_id=24320"},"modified":"2025-02-13T20:53:07","modified_gmt":"2025-02-13T18:53:07","slug":"testu-pavyzdziai","status":"publish","type":"page","link":"https:\/\/www.nsa.smsm.lt\/old\/egzaminai-ir-pasiekimu-patikrinimai\/valstybines-kalbos-egzaminas\/valstybines-kalbos-mokejimo-egzaminas\/testu-pavyzdziai\/","title":{"rendered":"Test\u0173 pavyzd\u017eiai"},"content":{"rendered":"<p><a href=\"https:\/\/eksternams.nsa.smm.lt\/lt-exam\/lt-levels-and-categories\" target=\"_blank\" rel=\"noopener\"><i class=\"fa fa-desktop \" ><\/i> Valstybin\u0117s kalbos egzamino \/ Valstybin\u0117s kalbos mok\u0117jimo I kategorijos nustatymo egzamino pavyzdys<\/a><\/p>\n<p><a href=\"https:\/\/eksternams.nsa.smm.lt\/lt-exam\/lt-levels-and-categories\" target=\"_blank\" rel=\"noopener\"><i class=\"fa fa-desktop \" ><\/i> Valstybin\u0117s kalbos mok\u0117jimo II kategorijos nustatymo egzamino pavyzdys<\/a><\/p>\n","protected":false},"excerpt":{"rendered":"<p>Valstybin\u0117s kalbos egzamino \/ Valstybin\u0117s kalbos mok\u0117jimo I kategorijos nustatymo egzamino pavyzdys Valstybin\u0117s kalbos mok\u0117jimo II kategorijos nustatymo egzamino pavyzdys<\/p>\n","protected":false},"author":1,"featured_media":0,"parent":24313,"menu_order":0,"comment_status":"closed","ping_status":"closed","template":"page-lkkegzaminai.php","meta":{"_acf_changed":false,"footnotes":""},"class_list":["post-24320","page","type-page","status-publish","hentry"],"acf":[],"_links":{"self":[{"href":"https:\/\/www.nsa.smsm.lt\/old\/wp-json\/wp\/v2\/pages\/24320","targetHints":{"allow":["GET"]}}],"collection":[{"href":"https:\/\/www.nsa.smsm.lt\/old\/wp-json\/wp\/v2\/pages"}],"about":[{"href":"https:\/\/www.nsa.smsm.lt\/old\/wp-json\/wp\/v2\/types\/page"}],"author":[{"embeddable":true,"href":"https:\/\/www.nsa.smsm.lt\/old\/wp-json\/wp\/v2\/users\/1"}],"replies":[{"embeddable":true,"href":"https:\/\/www.nsa.smsm.lt\/old\/wp-json\/wp\/v2\/comments?post=24320"}],"version-history":[{"count":3,"href":"https:\/\/www.nsa.smsm.lt\/old\/wp-json\/wp\/v2\/pages\/24320\/revisions"}],"predecessor-version":[{"id":42384,"href":"https:\/\/www.nsa.smsm.lt\/old\/wp-json\/wp\/v2\/pages\/24320\/revisions\/42384"}],"up":[{"embeddable":true,"href":"https:\/\/www.nsa.smsm.lt\/old\/wp-json\/wp\/v2\/pages\/24313"}],"wp:attachment":[{"href":"https:\/\/www.nsa.smsm.lt\/old\/wp-json\/wp\/v2\/media?parent=24320"}],"curies":[{"name":"wp","href":"https:\/\/api.w.org\/{rel}","templated":true}]}}