{"id":24315,"date":"2025-05-30T10:05:20","date_gmt":"2025-05-30T08:05:20","guid":{"rendered":"https:\/\/www.nsa.smsm.lt\/old\/?page_id=24315"},"modified":"2025-05-30T12:55:53","modified_gmt":"2025-05-30T10:55:53","slug":"lietuviu-kalbos-mokejimo-lygiu-nustatymas","status":"publish","type":"page","link":"https:\/\/www.nsa.smsm.lt\/old\/egzaminai-ir-pasiekimu-patikrinimai\/valstybines-kalbos-egzaminas\/lietuviu-kalbos-mokejimo-lygiu-nustatymas\/","title":{"rendered":"Lietuvi\u0173 kalbos mok\u0117jimo lygi\u0173 nustatymas"},"content":{"rendered":"<h2>Tvarkara\u0161tis<\/h2>\n<hr \/>\n<p><a href=\"https:\/\/www.nsa.smsm.lt\/old\/old\/wp-content\/uploads\/2024\/11\/LKNL_2025m_egzaminu_tvarkarastis.pdf\" target=\"_blank\" rel=\"noopener\">Lietuvi\u0173 kalbos mok\u0117jimo lygio nustatymo 2025 m. egzamin\u0173 tvarkara\u0161tis<\/a><\/p>\n<p>&nbsp;<\/p>\n<h2>Vykdymo instrukcija<\/h2>\n<hr \/>\n<p><a href=\"https:\/\/www.nsa.smsm.lt\/old\/old\/wp-content\/uploads\/2025\/05\/1_A1-A2_egz_I_dalies_nuot_elektr_budu_vykdymo_instrukcija_2025_05_31.red_1.pdf\" target=\"_blank\" rel=\"noopener\">Lietuvi\u0173 kalbos mok\u0117jimo A1\u2013A2 lygio nustatymo egzamino mokyklinio am\u017eiaus (10\u201313 met\u0173) asmenims klausymo bei skaitymo ir ra\u0161ymo sand\u0173 nuotoliniu elektroniniu b\u016bdu vykdymo instrukcija<\/a><\/p>\n<p><a href=\"https:\/\/www.nsa.smsm.lt\/old\/old\/wp-content\/uploads\/2025\/05\/2_A1-A2_egzamino_kalbejimo_dalies_nuotoliniu_elektroniniu_budu_vykdymo_instrukcija_2025.pdf\">Lietuvi\u0173 kalbos mok\u0117jimo A1\u2013A2 lygio nustatymo egzamino mokyklinio am\u017eiaus (10\u201313 met\u0173) asmenims kalb\u0117jimo sando nuotoliniu elektroniniu b\u016bdu vykdymo instrukcija<\/a><\/p>\n<p><a href=\"https:\/\/www.nsa.smsm.lt\/old\/old\/wp-content\/uploads\/2025\/05\/1_A2-B1_egz_I_dalies_nuot_elektr_budu_vykdymo_instrukcija_2025_05_17.red_1.pdf\">Lietuvi\u0173 kalbos mok\u0117jimo A2\u2013B1 lygio nustatymo egzamino mokyklinio am\u017eiaus (10\u201313 met\u0173) asmenims skaitymo ir ra\u0161ymo, klausymo sand\u0173 nuotoliniu elektroniniu b\u016bdu vykdymo instrukcija<\/a><\/p>\n<p><a href=\"https:\/\/www.nsa.smsm.lt\/old\/old\/wp-content\/uploads\/2025\/05\/2_A2-B1_egzamino_kalbejimo_dalies_nuotoliniu_elektroniniu_budu_vykdymo_instrukcija_2025.pdf\">Lietuvi\u0173 kalbos mok\u0117jimo A2\u2013B1 lygio nustatymo egzamino mokyklinio am\u017eiaus (10\u201313 met\u0173) asmenims kalb\u0117jimo sando nuotoliniu elektroniniu b\u016bdu vykdymo instrukcija<\/a><\/p>\n<p><a href=\"https:\/\/www.nsa.smsm.lt\/old\/old\/wp-content\/uploads\/2025\/04\/1_B1-B2_egz_I_dalies_nuot_elektr_budu_vykdymo_instrukcija_2025_05_03.red_1.pdf\">Lietuvi\u0173 kalbos mok\u0117jimo B1\u2013B2 lygio nustatymo egzamino mokyklinio am\u017eiaus (10\u201313 met\u0173) asmenims skaitymo ir ra\u0161ymo, klausymo sand\u0173 nuotoliniu elektroniniu b\u016bdu vykdymo instrukcija<\/a><\/p>\n<p><a href=\"https:\/\/www.nsa.smsm.lt\/old\/old\/wp-content\/uploads\/2025\/04\/2_B1-B2_egzamino_kalbejimo_dalies_nuotoliniu_elektroniniu_budu_vykdymo_instrukcija_2025.pdf\">Lietuvi\u0173 kalbos mok\u0117jimo B1\u2013B2 lygio nustatymo egzamino mokyklinio am\u017eiaus (10\u201313 met\u0173) asmenims kalb\u0117jimo sando nuotoliniu elektroniniu b\u016bdu vykdymo instrukcija<\/a><\/p>\n<p><a href=\"https:\/\/www.nsa.smsm.lt\/old\/old\/wp-content\/uploads\/2025\/04\/1_A1-A2_egz_I_dalies_nuot_elektr_budu_vykdymo_instrukcija_2025_04_12.red_1-1.pdf\">Lietuvi\u0173 kalbos mok\u0117jimo A1\u2013A2 lygio nustatymo egzamino mokyklinio am\u017eiaus (14\u201317 met\u0173) asmenims skaitymo ir ra\u0161ymo, klausymo sand\u0173 nuotoliniu elektroniniu b\u016bdu vykdymo instrukcija<\/a><\/p>\n<p><a href=\"https:\/\/www.nsa.smsm.lt\/old\/old\/wp-content\/uploads\/2025\/04\/2_A1-A2_egzamino_kalbejimo_dalies_nuotoliniu_elektroniniu_budu_vykdymo_instrukcija_2025-1.pdf\">Lietuvi\u0173 kalbos mok\u0117jimo A1\u2013A2 lygio nustatymo egzamino mokyklinio am\u017eiaus (14\u201317 met\u0173) asmenims kalb\u0117jimo sando nuotoliniu elektroniniu b\u016bdu vykdymo instrukcija<\/a><\/p>\n<p><a href=\"https:\/\/www.nsa.smsm.lt\/old\/old\/wp-content\/uploads\/2025\/03\/1_A2-B1_egz_I_dalies_nuot_elektr_budu_vykdymo_instrukcija_2025_03_29.red_1.pdf\">Lietuvi\u0173 kalbos mok\u0117jimo A2\u2013B1 lygio nustatymo egzamino mokyklinio am\u017eiaus (14\u201317 met\u0173) asmenims skaitymo ir ra\u0161ymo, klausymo sand\u0173 nuotoliniu elektroniniu b\u016bdu vykdymo instrukcija<\/a><\/p>\n<p><a href=\"https:\/\/www.nsa.smsm.lt\/old\/old\/wp-content\/uploads\/2025\/03\/2_A2-B1_egzamino_kalbejimo_dalies_nuotoliniu_elektroniniu_budu_vykdymo_instrukcija_2025.pdf\">Lietuvi\u0173 kalbos mok\u0117jimo A2\u2013B1 lygio nustatymo egzamino mokyklinio am\u017eiaus (14\u201317 met\u0173) asmenims kalb\u0117jimo sando nuotoliniu elektroniniu b\u016bdu vykdymo instrukcija<\/a><\/p>\n<p><a href=\"https:\/\/www.nsa.smsm.lt\/old\/old\/wp-content\/uploads\/2025\/03\/1_B1-B2_egz_I_dalies_nuot_elektr_budu_vykdymo_instrukcija_2025_03_15.red_1.pdf\">Lietuvi\u0173 kalbos mok\u0117jimo B1\u2013B2 lygio nustatymo egzamino mokyklinio am\u017eiaus (14\u201317 met\u0173) asmenims skaitymo ir ra\u0161ymo, klausymo sand\u0173 nuotoliniu elektroniniu b\u016bdu vykdymo instrukcija<\/a><\/p>\n<p><a href=\"https:\/\/www.nsa.smsm.lt\/old\/old\/wp-content\/uploads\/2025\/03\/2_B1-B2_egzamino_kalbejimo_dalies_nuotoliniu_elektroniniu_budu_vykdymo_instrukcija_2025.pdf\">Lietuvi\u0173 kalbos mok\u0117jimo B1\u2013B2 lygio nustatymo egzamino mokyklinio am\u017eiaus (14\u201317 met\u0173) asmenims kalb\u0117jimo sando nuotoliniu elektroniniu b\u016bdu vykdymo instrukcija<\/a><\/p>\n<p><a href=\"https:\/\/www.nsa.smsm.lt\/old\/old\/wp-content\/uploads\/2022\/07\/12_A2_egzamino_I_dalies_elektroniniu_budu_vykdymo_instrukcija.pdf\">Lietuvi\u0173 kalbos mok\u0117jimo A2 lygio nustatymo egzamino suaugusiesiems skaitymo ir ra\u0161ymo dalies, klausymo dalies elektroniniu b\u016bdu vykdymo instrukcija <\/a><\/p>\n<p><a href=\"https:\/\/www.nsa.smsm.lt\/old\/old\/wp-content\/uploads\/2023\/07\/A2_egzamino_I_dalies_nuotoliniu_elektroniniu_budu_vykdymo_instrukcija.pdf\">Lietuvi\u0173 kalbos mok\u0117jimo A2 lygio nustatymo egzamino suaugusiesiems skaitymo ir ra\u0161ymo dalies, klausymo dalies nuotoliniu elektroniniu b\u016bdu vykdymo instrukcija <\/a><\/p>\n<p><a href=\"https:\/\/www.nsa.smsm.lt\/old\/old\/wp-content\/uploads\/2022\/07\/14_A2_egzamino_kalbejimo_dalies_tradiciniu_budu_vykdymo_instrukcija.pdf\">Lietuvi\u0173 kalbos mok\u0117jimo A2 lygio nustatymo egzamino suaugusiesiems kalb\u0117jimo dalies tradiciniu b\u016bdu vykdymo instrukcija <\/a><\/p>\n<p><a href=\"https:\/\/www.nsa.smsm.lt\/old\/old\/wp-content\/uploads\/2023\/07\/A2_egzamino_kalbejimo_dalies_nuotoliniu_elektroniniu_budu_vykdymo_instrukcija.pdf\">Lietuvi\u0173 kalbos mok\u0117jimo A2 lygio nustatymo egzamino suaugusiesiems kalb\u0117jimo dalies nuotoliniu elektroniniu b\u016bdu vykdymo instrukcija<\/a><\/p>\n<p><a href=\"https:\/\/www.nsa.smsm.lt\/old\/old\/wp-content\/uploads\/2022\/07\/16_B1_egzamino_I_dalies__elektroniniu_budu_vykdymo_instrukcija.pdf\">Lietuvi\u0173 kalbos mok\u0117jimo B1 lygio nustatymo egzamino suaugusiesiems skaitymo ir ra\u0161ymo dalies, klausymo dalies elektroniniu b\u016bdu vykdymo instrukcija<\/a><\/p>\n<p><a href=\"https:\/\/www.nsa.smsm.lt\/old\/old\/wp-content\/uploads\/2023\/08\/1_B1_egzamino_I_dalies_nuotoliniu_elektroniniu_budu_vykdymo_instrukcija.pdf\">Lietuvi\u0173 kalbos mok\u0117jimo B1 lygio nustatymo egzamino suaugusiesiems skaitymo ir ra\u0161ymo dalies, klausymo dalies nuotoliniu elektroniniu b\u016bdu vykdymo instrukcija<\/a><\/p>\n<p><a href=\"https:\/\/www.nsa.smsm.lt\/old\/old\/wp-content\/uploads\/2022\/07\/18_B1_egzamino_kalbejimo_dalies_tradiciniu_budu_vykdymo_instrukcija.pdf\">Lietuvi\u0173 kalbos mok\u0117jimo B1 lygio nustatymo egzamino suaugusiesiems kalb\u0117jimo dalies tradiciniu b\u016bdu vykdymo instrukcija<\/a><\/p>\n<p><a href=\"https:\/\/www.nsa.smsm.lt\/old\/old\/wp-content\/uploads\/2023\/08\/2_B1_egzamino_kalbejimo_dalies_nuotoliniu_elektroniniu_budu_vykdymo_instrukcija_JVV_IK.pdf\">Lietuvi\u0173 kalbos mok\u0117jimo B1 lygio nustatymo egzamino suaugusiesiems kalb\u0117jimo dalies nuotoliniu elektroniniu b\u016bdu vykdymo instrukcija<\/a><\/p>\n<p><a href=\"https:\/\/www.nsa.smsm.lt\/old\/old\/wp-content\/uploads\/2022\/09\/20_Lietuviu\u0328-kalbos-mokejimo-b2-lygio-nustatymo-egzamino-suaugusiesiems-skaitymo-kalbos-vartojimo-rasymo-ir-klausymo-daliu-elektroniniu-budu-vykdymo-instrukcija.pdf\">Lietuvi\u0173 kalbos mok\u0117jimo B2 lygio nustatymo egzamino suaugusiesiems skaitymo, kalbos vartojimo, ra\u0161ymo ir klausymo dali\u0173 elektroniniu b\u016bdu vykdymo instrukcija\u00a0 <\/a><\/p>\n<p><a href=\"https:\/\/www.nsa.smsm.lt\/old\/old\/wp-content\/uploads\/2022\/09\/21_Lietuviu-kalbos-mokejimo-b2-lygio-nustatymo-egzamino-suaugusiesiems-skaitymo-kalbos-vartojimo-rasymo-ir-klausymo-daliu-nuotoliniu-elektroniniu-budu-vykdymo-instrukcija.pdf\">Lietuvi\u0173 kalbos mok\u0117jimo B2 lygio nustatymo egzamino suaugusiesiems skaitymo, kalbos vartojimo, ra\u0161ymo ir klausymo dali\u0173 nuotoliniu elektroniniu b\u016bdu vykdymo instrukcija <\/a><\/p>\n<p><a href=\"https:\/\/www.nsa.smsm.lt\/old\/old\/wp-content\/uploads\/2022\/09\/22_Lietuviu-kalbos-mokejimo-b2-lygio-nustatymo-egzamino-suaugusiesiems-kalbejimo-dalies-tradiciniu-budu-vykdymo-instrukcija.pdf\">Lietuvi\u0173 kalbos mok\u0117jimo B2 lygio nustatymo egzamino suaugusiesiems kalb\u0117jimo dalies tradiciniu b\u016bdu vykdymo instrukcija <\/a><\/p>\n<p><a href=\"https:\/\/www.nsa.smsm.lt\/old\/old\/wp-content\/uploads\/2022\/09\/23_Lietuviu\u0328-kalbos-mokejimo-b2-lygio-nustatymo-egzamino-suaugusiesiems-kalbejimo-dalies-nuotoliniu-elektroniniu-budu-vykdymo-instrukcija.pdf\">Lietuvi\u0173 kalbos mok\u0117jimo B2 lygio nustatymo egzamino suaugusiesiems kalb\u0117jimo dalies nuotoliniu elektroniniu b\u016bdu vykdymo instrukcija<\/a><\/p>\n<p><a href=\"https:\/\/www.nsa.smsm.lt\/old\/old\/wp-content\/uploads\/2024\/05\/1_C1_EGZAMINO_nuotolinio_elektroninio_vykdymo_instrukcija_14_17_JV.pdf\">Lietuvi\u0173 kalbos mok\u0117jimo C1 lygio nustatymo egzamino suaugusiesiems skaitymo ir kalbos vartojimo, ra\u0161ymo bei klausymo dali\u0173 nuotoliniu elektroniniu b\u016bdu vykdymo instrukcija<\/a><\/p>\n<p><a href=\"https:\/\/www.nsa.smsm.lt\/old\/old\/wp-content\/uploads\/2024\/05\/2_C1_EGZAMINO_KALBEJIMO_DALIS_nuotolinio_elektroninio_vykdymo_instrukcija_JV.pdf\">Lietuvi\u0173 kalbos mok\u0117jimo C1 lygio nustatymo egzamino suaugusiesiems kalb\u0117jimo sando nuotoliniu elektroniniu b\u016bdu vykdymo instrukcija<\/a><\/p>\n","protected":false},"excerpt":{"rendered":"<p>Tvarkara\u0161tis Lietuvi\u0173 kalbos mok\u0117jimo lygio nustatymo 2025 m. egzamin\u0173 tvarkara\u0161tis &nbsp; Vykdymo instrukcija Lietuvi\u0173 kalbos mok\u0117jimo A1\u2013A2 lygio nustatymo egzamino mokyklinio am\u017eiaus (10\u201313 met\u0173) asmenims klausymo bei skaitymo ir ra\u0161ymo sand\u0173 nuotoliniu elektroniniu b\u016bdu vykdymo instrukcija Lietuvi\u0173 kalbos mok\u0117jimo A1\u2013A2&nbsp;<a href=\"https:\/\/www.nsa.smsm.lt\/old\/egzaminai-ir-pasiekimu-patikrinimai\/valstybines-kalbos-egzaminas\/lietuviu-kalbos-mokejimo-lygiu-nustatymas\/\" class=\"placiau\">Pla\u010diau <i class=\"fa fa-caret-right\"><\/i><\/a><\/p>\n","protected":false},"author":1,"featured_media":0,"parent":16871,"menu_order":1,"comment_status":"closed","ping_status":"closed","template":"page-lkegzaminai.php","meta":{"_acf_changed":false,"footnotes":""},"class_list":["post-24315","page","type-page","status-publish","hentry"],"acf":[],"_links":{"self":[{"href":"https:\/\/www.nsa.smsm.lt\/old\/wp-json\/wp\/v2\/pages\/24315","targetHints":{"allow":["GET"]}}],"collection":[{"href":"https:\/\/www.nsa.smsm.lt\/old\/wp-json\/wp\/v2\/pages"}],"about":[{"href":"https:\/\/www.nsa.smsm.lt\/old\/wp-json\/wp\/v2\/types\/page"}],"author":[{"embeddable":true,"href":"https:\/\/www.nsa.smsm.lt\/old\/wp-json\/wp\/v2\/users\/1"}],"replies":[{"embeddable":true,"href":"https:\/\/www.nsa.smsm.lt\/old\/wp-json\/wp\/v2\/comments?post=24315"}],"version-history":[{"count":20,"href":"https:\/\/www.nsa.smsm.lt\/old\/wp-json\/wp\/v2\/pages\/24315\/revisions"}],"predecessor-version":[{"id":43190,"href":"https:\/\/www.nsa.smsm.lt\/old\/wp-json\/wp\/v2\/pages\/24315\/revisions\/43190"}],"up":[{"embeddable":true,"href":"https:\/\/www.nsa.smsm.lt\/old\/wp-json\/wp\/v2\/pages\/16871"}],"wp:attachment":[{"href":"https:\/\/www.nsa.smsm.lt\/old\/wp-json\/wp\/v2\/media?parent=24315"}],"curies":[{"name":"wp","href":"https:\/\/api.w.org\/{rel}","templated":true}]}}