{"id":24313,"date":"2024-09-17T08:04:47","date_gmt":"2024-09-17T06:04:47","guid":{"rendered":"https:\/\/www.nsa.smsm.lt\/old\/?page_id=24313"},"modified":"2025-07-30T08:10:21","modified_gmt":"2025-07-30T06:10:21","slug":"valstybines-kalbos-mokejimo-egzaminas","status":"publish","type":"page","link":"https:\/\/www.nsa.smsm.lt\/old\/egzaminai-ir-pasiekimu-patikrinimai\/valstybines-kalbos-egzaminas\/valstybines-kalbos-mokejimo-egzaminas\/","title":{"rendered":"Lietuvi\u0173 kalbos egzaminai u\u017esienie\u010diams"},"content":{"rendered":"<p><a href=\"https:\/\/www.e-tar.lt\/portal\/lt\/legalAct\/1a8272c0cc0a11eea5a28c81c82193a8\">Lietuvos Respublikos \u0161vietimo, mokslo ir sporto ministro 2024 m. vasario 15 d. \u012fsakymas Nr. V-187 \u201eD\u0117l valstybin\u0117s kalbos egzamino i\u0161laikym\u0105 patvirtinan\u010dio pa\u017eym\u0117jimo formos ir Lietuvos Respublikos Konstitucijos pagrind\u0173 egzamino i\u0161laikym\u0105 patvirtinan\u010dio pa\u017eym\u0117jimo formos patvirtinimo ir valstybin\u0117s kalbos ir Lietuvos Respublikos Konstitucijos pagrind\u0173 egzamin\u0173 organizavimo ir vykdymo\u201c<\/a><\/p>\n<p><a href=\"https:\/\/www.e-tar.lt\/portal\/lt\/legalAct\/d9271a2092e411ecaf3aba0cb308998c\">D\u0117l \u0161vietimo ir mokslo ministro 2004 m. kovo 1 d. \u012fsakymo nr. ISAK-286 \u201eD\u0117l valstybin\u0117s kalbos mok\u0117jimo ir Lietuvos respublikos konstitucijos pagrind\u0173 egzamin\u0173 organizavimo ir vykdymo\u201c pakeitimo<\/a><\/p>\n<p><a href=\"https:\/\/www.e-tar.lt\/portal\/lt\/legalAct\/f8644f608a6b11ec902c973ca77da22a\/asr\">2022 m. vasario 10 d. \u012fsakymas Nr. V-234 \u201eD\u0117l lietuvi\u0173 kalbos mok\u0117jimo lygio ir (arba) valstybin\u0117s kalbos mok\u0117jimo kategorijos nustatymo, egzamin\u0173 organizavimo, vykdymo ir apmok\u0117jimo bei pa\u017eym\u0117jimo turinio, formos ir i\u0161davimo tvarkos apra\u0161o patvirtinimo\u201c<\/a><\/p>\n<p><a href=\"https:\/\/www.nsa.smsm.lt\/old\/old\/wp-content\/uploads\/2021\/11\/7_21-1267.pdf\">Nutarimas d\u0117l LRV 2003 m. gruod\u017eio 24 d. nutarimo nr. 1688 \u201eD\u0117l Valstybin\u0117s kalbos mok\u0117jimo kategorij\u0173 ir j\u0173 taikymo tvarkos apra\u0161o patvirtinimo\u201c pakeitimo<\/a><\/p>\n<p><a href=\"https:\/\/www.nsa.smsm.lt\/old\/old\/wp-content\/uploads\/2021\/07\/AR_2009-06-12.pdf\">Valstybin\u0117s kalbos egzamino programa<\/a><\/p>\n<p><a href=\"https:\/\/www.nsa.smsm.lt\/old\/old\/wp-content\/uploads\/2025\/07\/DUK.pdf\" target=\"_blank\" rel=\"noopener\">DA\u017dNIAUSIAI U\u017dDUODAMI KLAUSIMAI<\/a><\/p>\n","protected":false},"excerpt":{"rendered":"<p>Lietuvos Respublikos \u0161vietimo, mokslo ir sporto ministro 2024 m. vasario 15 d. \u012fsakymas Nr. V-187 \u201eD\u0117l valstybin\u0117s kalbos egzamino i\u0161laikym\u0105 patvirtinan\u010dio pa\u017eym\u0117jimo formos ir Lietuvos Respublikos Konstitucijos pagrind\u0173 egzamino i\u0161laikym\u0105 patvirtinan\u010dio pa\u017eym\u0117jimo formos patvirtinimo ir valstybin\u0117s kalbos ir Lietuvos Respublikos&nbsp;<a href=\"https:\/\/www.nsa.smsm.lt\/old\/egzaminai-ir-pasiekimu-patikrinimai\/valstybines-kalbos-egzaminas\/valstybines-kalbos-mokejimo-egzaminas\/\" class=\"placiau\">Pla\u010diau <i class=\"fa fa-caret-right\"><\/i><\/a><\/p>\n","protected":false},"author":1,"featured_media":0,"parent":16871,"menu_order":0,"comment_status":"closed","ping_status":"closed","template":"page-lkkegzaminai.php","meta":{"_acf_changed":false,"footnotes":""},"class_list":["post-24313","page","type-page","status-publish","hentry"],"acf":[],"_links":{"self":[{"href":"https:\/\/www.nsa.smsm.lt\/old\/wp-json\/wp\/v2\/pages\/24313","targetHints":{"allow":["GET"]}}],"collection":[{"href":"https:\/\/www.nsa.smsm.lt\/old\/wp-json\/wp\/v2\/pages"}],"about":[{"href":"https:\/\/www.nsa.smsm.lt\/old\/wp-json\/wp\/v2\/types\/page"}],"author":[{"embeddable":true,"href":"https:\/\/www.nsa.smsm.lt\/old\/wp-json\/wp\/v2\/users\/1"}],"replies":[{"embeddable":true,"href":"https:\/\/www.nsa.smsm.lt\/old\/wp-json\/wp\/v2\/comments?post=24313"}],"version-history":[{"count":7,"href":"https:\/\/www.nsa.smsm.lt\/old\/wp-json\/wp\/v2\/pages\/24313\/revisions"}],"predecessor-version":[{"id":43978,"href":"https:\/\/www.nsa.smsm.lt\/old\/wp-json\/wp\/v2\/pages\/24313\/revisions\/43978"}],"up":[{"embeddable":true,"href":"https:\/\/www.nsa.smsm.lt\/old\/wp-json\/wp\/v2\/pages\/16871"}],"wp:attachment":[{"href":"https:\/\/www.nsa.smsm.lt\/old\/wp-json\/wp\/v2\/media?parent=24313"}],"curies":[{"name":"wp","href":"https:\/\/api.w.org\/{rel}","templated":true}]}}