{"id":23680,"date":"2022-10-02T17:59:59","date_gmt":"2022-10-02T15:59:59","guid":{"rendered":"https:\/\/www.nsa.smsm.lt\/old\/?page_id=23680"},"modified":"2023-01-23T21:49:50","modified_gmt":"2023-01-23T19:49:50","slug":"apie-eurydice","status":"publish","type":"page","link":"https:\/\/www.nsa.smsm.lt\/old\/eurydice\/apie-eurydice\/","title":{"rendered":"Apie EURYDICE"},"content":{"rendered":"<p><img loading=\"lazy\" decoding=\"async\" class=\"alignnone size-full wp-image-23681\" src=\"https:\/\/www.nsa.smsm.lt\/old\/old\/wp-content\/uploads\/2021\/06\/eurydice.png\" alt=\"\" width=\"249\" height=\"81\" \/><\/p>\n<p><em>Eurydice<\/em>\u00a0buvo \u012fkurta bendromis Europos Komisijos ir ES \u0161ali\u0173 nari\u0173 pastangomis 1980 metais turint tiksl\u0105 keistis informacija apie pavieni\u0173 \u0161ali\u0173 \u0161vietimo sistemas. Ji finansuojama ES Erasmus+ programos l\u0117\u0161omis.<em>\u00a0Eurydice<\/em>\u00a0sudaro:<br \/>\n\u2022\u00a0<strong>EUROPOS SKYRIUS<\/strong>, kuris koordinuoja vis\u0105 tinklo veikl\u0105 ir yra atsakingas u\u017e leidyb\u0105. Skyrius yra \u012fsik\u016br\u0119s ES \u0160vietimo, garso ir vaizdo bei kult\u016bros vykdomojoje \u012fstaigoje Briuselyje.<br \/>\n\u2022\u00a0<strong>42 NACIONALINIAI SKYRIAI, VEIKIANTYS VISOSE 38 \u0160ALYSE<\/strong>, dalyvaujan\u010diose ES Erasmus+ programoje. \u0160ie skyriai renka su \u0161alimi susijusi\u0105 informacij\u0105 ir prisideda prie analizi\u0173 rengimo. Nacionaliniai skyriai daugiausia veikia t\u0173 \u0161ali\u0173 \u0161vietimo ministerijose, o kai kurie yra \u012fsik\u016br\u0119 nacionalin\u0117se agent\u016brose, mokslinio tyrimo centruose ar kitose organizacijose. Jie veikia glaud\u017eiai bendradarbiaudami su pagrindiniais tos srities ekspertais.<br \/>\n<em>Eurydice<\/em>\u00a0bendradarbiauja su Europos S\u0105jungos (ES) statistikos agent\u016bra \u201eEurostat\u201c, Europos Profesinio mokymo pl\u0117tros centru (CEDEFOP), Europos mokymo fondu (ETF), Europos specialiojo ugdymo pl\u0117tros agent\u016bra ir Mokymosi vis\u0105 gyvenim\u0105 tyrim\u0173 centru (CRLL). <em>Eurydice<\/em> taip pat remia Europos Komisijos bendradarbiavim\u0105 su tarptautin\u0117mis organizacijomis, pavyzd\u017eiui, ESBO, Europos Taryba ir UNESCO.<\/p>\n<p><strong><em>Kuo u\u017esiima Eurydice?<\/em><\/strong><\/p>\n<p><em>Eurydice<\/em>\u00a0tinklas siekia palengvinti Europos \u0161ali\u0173 bendradarbiavim\u0105 \u0161vietimo srityje. Jo pagrindin\u0117 misija yra pateikti Europoje, pavien\u0117se jos \u0161alyse arba regionuose, u\u017e \u0161vietimo politik\u0105 atsakingiems asmenims analiz\u0119 ir informacij\u0105, kuri pad\u0117t\u0173 jiems priimti sprendimus.<\/p>\n<p><em>Eurydice<\/em>\u00a0renka informacij\u0105 apie Europos \u0161ali\u0173 \u0161vietimo srities \u012fstatymus, reglamentus ir politikos gaires, taip pat su tuo susijusius statistinius duomenis. At\u0117jus metui, pateikiama analiz\u0117, paremta mokslini\u0173 ir svarbiausi\u0173 tarptautini\u0173 tyrim\u0173 rezultatais. \u0160i informacija leid\u017eia nustatyti bendrus d\u0117sningumus ir tendencijas bei sukuria pagrind\u0105 apm\u0105stymams apie veiksmingas \u0161vietimo strategijas.<\/p>\n<p><strong><em>Eurydice \u2013 i\u0161skirtinis informacijos apie Europos \u0161vietim\u0105 \u0161altinis\u00a0<\/em><\/strong><\/p>\n<p>Europos \u0161alys pasi\u017eymi nepaprastai didele \u0161vietimo sistem\u0173 \u012fvairove. Siekiant didesnio \u0161ali\u0173 bendradarbiavimo ir judumo Europos ir tarptautiniu mastu b\u016btina suprasti, kaip \u0161ios sistemos organizuotos ir kaip jos veikia.<br \/>\n<strong><em>EYRYDICE<\/em>, pla\u010diai \u017einomo Europos \u0161vietimo informacijos tinklo,<\/strong>\u00a0tikslas yra patenkinti \u0161\u012f poreik\u012f pateikiant tiksl\u0173 Europos \u0161vietimo \u012fvairov\u0117s vaizd\u0105, atspindint\u012f visus \u0161vietimo lygmenis. \u0160\u012f vaizd\u0105 atskleid\u017eia tokie\u00a0<em>Eurydice<\/em>\u00a0leidiniai:<br \/>\n\u2022 <strong>EUROPOS NACIONALINI\u0172 \u0160VIETIMO SISTEM\u0172 APRA\u0160AI \u2013<\/strong>\u00a0lengvai palyginami naujausi 38 Europos \u0161ali\u0173 \u0161vietimo sistem\u0173 organizavimo apra\u0161ai;<br \/>\n\u2022 <strong>LYGINAMOSIOS STUDIJOS<\/strong>, skirtos aktualiems Europos \u0161ali\u0173 bendradarbiavimo \u0161vietimo srityje klausimams;<br \/>\n\u2022 <strong>T\u0118STINIS PAGRINDINI\u0172 DUOMEN\u0172 LEIDINYS<\/strong>, pateikiantis \u012fvairi\u0173 svarbi\u0173 aspekt\u0173, pavyzd\u017eiui, nauj\u0173 technologij\u0173 taikymo mokyklose arba kalb\u0173 mokymo rodiklius;<br \/>\n\u2022 <strong>FAKTAI IR SKAI\u010cIAI<\/strong>, atspindintys \u0161vietimo sistem\u0173 strukt\u016br\u0105 ir pagrindinius \u0161i\u0173 sistem\u0173 bruo\u017eus, pavyzd\u017eiui, duomenis apie mokyklas ir j\u0173 mokymo proceso kalendorius, privalomo \u0161vietimo mokymo trukm\u0119, mokytoj\u0173 ir mokykl\u0173 vadov\u0173 atlyginimus.<\/p>\n<p><em>Eurydice<\/em>\u00a0publikacij\u0173 prieiga per internet\u0105 adresu: <a href=\"https:\/\/eacea.ec.europa.eu\/national-policies\/eurydice\/\">https:\/\/eacea.ec.europa.eu\/national-policies\/eurydice\/<\/a><\/p>\n<p>Sekite\u00a0<em>Eurydice<\/em>\u00a0naujienas socialiniuose tinkluose \u201e<a href=\"http:\/\/www.facebook.com\/pages\/Eurydice-Network\/180307152071407?sk=wall\"><u>Facebook\u201c<\/u><\/a> ir <a href=\"https:\/\/twitter.com\/hashtag\/eurydiceeu\">\u201eTwitter\u201c<\/a>!<\/p>\n<p>Dr. Rima Zablack\u0117,<br \/>\ntel. 8 658 18124,<br \/>\nel.p.\u00a0<a href=\"https:\/\/mail.google.com\/mail\/?view=cm&amp;fs=1&amp;tf=1&amp;to=jurgita.verikiene@nmva.smm.lt\"><u>rima.zablacke@nsa.smm.lt<\/u><\/a><\/p>\n","protected":false},"excerpt":{"rendered":"<p>Eurydice\u00a0buvo \u012fkurta bendromis Europos Komisijos ir ES \u0161ali\u0173 nari\u0173 pastangomis 1980 metais turint tiksl\u0105 keistis informacija apie pavieni\u0173 \u0161ali\u0173 \u0161vietimo sistemas. Ji finansuojama ES Erasmus+ programos l\u0117\u0161omis.\u00a0Eurydice\u00a0sudaro: \u2022\u00a0EUROPOS SKYRIUS, kuris koordinuoja vis\u0105 tinklo veikl\u0105 ir yra atsakingas u\u017e leidyb\u0105. Skyrius&nbsp;<a href=\"https:\/\/www.nsa.smsm.lt\/old\/eurydice\/apie-eurydice\/\" class=\"placiau\">Pla\u010diau <i class=\"fa fa-caret-right\"><\/i><\/a><\/p>\n","protected":false},"author":1,"featured_media":0,"parent":10111,"menu_order":0,"comment_status":"closed","ping_status":"closed","template":"page-eurydice.php","meta":{"_acf_changed":false,"footnotes":""},"class_list":["post-23680","page","type-page","status-publish","hentry"],"acf":[],"_links":{"self":[{"href":"https:\/\/www.nsa.smsm.lt\/old\/wp-json\/wp\/v2\/pages\/23680","targetHints":{"allow":["GET"]}}],"collection":[{"href":"https:\/\/www.nsa.smsm.lt\/old\/wp-json\/wp\/v2\/pages"}],"about":[{"href":"https:\/\/www.nsa.smsm.lt\/old\/wp-json\/wp\/v2\/types\/page"}],"author":[{"embeddable":true,"href":"https:\/\/www.nsa.smsm.lt\/old\/wp-json\/wp\/v2\/users\/1"}],"replies":[{"embeddable":true,"href":"https:\/\/www.nsa.smsm.lt\/old\/wp-json\/wp\/v2\/comments?post=23680"}],"version-history":[{"count":0,"href":"https:\/\/www.nsa.smsm.lt\/old\/wp-json\/wp\/v2\/pages\/23680\/revisions"}],"up":[{"embeddable":true,"href":"https:\/\/www.nsa.smsm.lt\/old\/wp-json\/wp\/v2\/pages\/10111"}],"wp:attachment":[{"href":"https:\/\/www.nsa.smsm.lt\/old\/wp-json\/wp\/v2\/media?parent=23680"}],"curies":[{"name":"wp","href":"https:\/\/api.w.org\/{rel}","templated":true}]}}