{"id":22825,"date":"2023-03-29T08:20:45","date_gmt":"2023-03-29T06:20:45","guid":{"rendered":"https:\/\/www.nsa.smsm.lt\/old\/?page_id=22825"},"modified":"2023-06-15T09:42:50","modified_gmt":"2023-06-15T07:42:50","slug":"pretendentams","status":"publish","type":"page","link":"https:\/\/www.nsa.smsm.lt\/old\/mokyklu-veiklos-pletra-ir-pedagogu-kvalifikacija\/vadovavimo-stiprinimas\/pretendentams\/","title":{"rendered":"Pretendentams"},"content":{"rendered":"<p><a href=\"https:\/\/www.youtube.com\/hashtag\/vadovauk\">#VadovAUK<\/a> \u2013 tai pokalbiai tarp mokykl\u0173 direktori\u0173, mentori\u0173 bei \u012fvairi\u0173 \u0161vietimo ekspert\u0173 apie tapim\u0105 ugdymo \u012fstaigos vadovu. Mokykl\u0173 vadov\u0173 stygius \u0161alyje \u2013 nemenka problema, da\u017eniausiai i\u0161kylanti d\u0117l \u012fvairi\u0173 \u0161i\u0105 profesij\u0105 supan\u010di\u0173 stereotip\u0173.<\/p>\n<p><a href=\"https:\/\/www.youtube.com\/watch?v=UshcBLRxcgE\">ht#VadovAUK &#8211; #1 &#8211; MOTYVACIJA tapti ir b\u016bti mokyklos vadovu<\/a><\/p>\n<p><a href=\"https:\/\/www.youtube.com\/watch?v=Bpj7-UH-Otw&amp;t=2659s&amp;ab_channel=Nacionalin%C4%97%C5%A1vietimoagent%C5%ABra\">#VadovAUK \u2013 #2 \u2013 KONKURSAS \u012f mokyklos vadovo viet\u0105<\/a><\/p>\n<p><a href=\"https:\/\/youtu.be\/AX68U6gIWQw\">#VadovAUK \u2013 #3 \u2013 REIKALAVIMAI norint tapti mokyklos vadovu<\/a><\/p>\n<p><a href=\"https:\/\/www.youtube.com\/watch?v=nJ4a3pTzJQ4&amp;ab_channel=Nacionalin%C4%97%C5%A1vietimoagent%C5%ABra\">#VadovAUK \u2013 #4 \u2013 PRAD\u017dIA tapus mokyklos vadovu<\/a><\/p>\n","protected":false},"excerpt":{"rendered":"<p>#VadovAUK \u2013 tai pokalbiai tarp mokykl\u0173 direktori\u0173, mentori\u0173 bei \u012fvairi\u0173 \u0161vietimo ekspert\u0173 apie tapim\u0105 ugdymo \u012fstaigos vadovu. Mokykl\u0173 vadov\u0173 stygius \u0161alyje \u2013 nemenka problema, da\u017eniausiai i\u0161kylanti d\u0117l \u012fvairi\u0173 \u0161i\u0105 profesij\u0105 supan\u010di\u0173 stereotip\u0173. ht#VadovAUK &#8211; #1 &#8211; MOTYVACIJA tapti ir b\u016bti&nbsp;<a href=\"https:\/\/www.nsa.smsm.lt\/old\/mokyklu-veiklos-pletra-ir-pedagogu-kvalifikacija\/vadovavimo-stiprinimas\/pretendentams\/\" class=\"placiau\">Pla\u010diau <i class=\"fa fa-caret-right\"><\/i><\/a><\/p>\n","protected":false},"author":1,"featured_media":0,"parent":20836,"menu_order":0,"comment_status":"closed","ping_status":"closed","template":"page-mokyklu-pletra.php","meta":{"_acf_changed":false,"footnotes":""},"class_list":["post-22825","page","type-page","status-publish","hentry"],"acf":[],"_links":{"self":[{"href":"https:\/\/www.nsa.smsm.lt\/old\/wp-json\/wp\/v2\/pages\/22825","targetHints":{"allow":["GET"]}}],"collection":[{"href":"https:\/\/www.nsa.smsm.lt\/old\/wp-json\/wp\/v2\/pages"}],"about":[{"href":"https:\/\/www.nsa.smsm.lt\/old\/wp-json\/wp\/v2\/types\/page"}],"author":[{"embeddable":true,"href":"https:\/\/www.nsa.smsm.lt\/old\/wp-json\/wp\/v2\/users\/1"}],"replies":[{"embeddable":true,"href":"https:\/\/www.nsa.smsm.lt\/old\/wp-json\/wp\/v2\/comments?post=22825"}],"version-history":[{"count":0,"href":"https:\/\/www.nsa.smsm.lt\/old\/wp-json\/wp\/v2\/pages\/22825\/revisions"}],"up":[{"embeddable":true,"href":"https:\/\/www.nsa.smsm.lt\/old\/wp-json\/wp\/v2\/pages\/20836"}],"wp:attachment":[{"href":"https:\/\/www.nsa.smsm.lt\/old\/wp-json\/wp\/v2\/media?parent=22825"}],"curies":[{"name":"wp","href":"https:\/\/api.w.org\/{rel}","templated":true}]}}