{"id":22572,"date":"2022-11-27T11:31:47","date_gmt":"2022-11-27T09:31:47","guid":{"rendered":"https:\/\/www.nsa.smsm.lt\/old\/?page_id=22572"},"modified":"2023-01-11T20:01:33","modified_gmt":"2023-01-11T18:01:33","slug":"development-of-steam-education","status":"publish","type":"page","link":"https:\/\/www.nsa.smsm.lt\/old\/nsa-projektai\/tarptautiniai-projektai\/development-of-steam-education\/","title":{"rendered":"Development of STEAM education"},"content":{"rendered":"<p><img loading=\"lazy\" decoding=\"async\" class=\"alignnone  wp-image-22574\" src=\"https:\/\/www.nsa.smsm.lt\/old\/old\/wp-content\/uploads\/2021\/04\/erasmus.png\" alt=\"\" width=\"261\" height=\"56\" srcset=\"https:\/\/www.nsa.smsm.lt\/old\/wp-content\/uploads\/2021\/04\/erasmus.png 368w, https:\/\/www.nsa.smsm.lt\/old\/wp-content\/uploads\/2021\/04\/erasmus-300x64.png 300w\" sizes=\"auto, (max-width: 261px) 100vw, 261px\" \/>\u00a0 \u00a0 \u00a0<img loading=\"lazy\" decoding=\"async\" class=\"alignnone  wp-image-22575\" src=\"https:\/\/www.nsa.smsm.lt\/old\/old\/wp-content\/uploads\/2021\/04\/nsa-1.png\" alt=\"\" width=\"166\" height=\"57\" \/>\u00a0 \u00a0\u00a0 \u00a0 <img loading=\"lazy\" decoding=\"async\" class=\"alignnone  wp-image-22570\" src=\"https:\/\/www.nsa.smsm.lt\/old\/old\/wp-content\/uploads\/2021\/04\/dose.png\" alt=\"\" width=\"104\" height=\"139\" \/><\/p>\n<p>Erasmus+ KA2 projektas \u00a0\u201eSTEAM ugdymo tobulinimas\u201c (\u201eDevelopment of STEAM education\u201c)<br \/>\nNr. 2020-1-LT01-KA201-077935<\/p>\n<p><strong>Projekto tikslas:<\/strong><\/p>\n<p>Tobulinti STEAM ugdym\u0105 Europos mokyklose siekiant stiprinti jaunimo dom\u0117jim\u0105si STEAM dalykais ir karjeros planavim\u0105 \u0161ia kryptimi, suteikiant mokykloms reikiam\u0105 metodin\u0119 param\u0105.<\/p>\n<p><strong>\u00a0Tikslin\u0117s grup\u0117s:<\/strong>\u00a0bendrojo ugdymo programas \u012fgyvendinan\u010di\u0173 mokykl\u0173 mokytojai ir mokiniai, auk\u0161t\u0173j\u0173 mokykl\u0173 d\u0117stytojai rengiantys b\u016bsimus STEAM srities pedagogus, \u0161vietimo centrai, atviros prieigos STEAM centrai.<\/p>\n<p><strong>Projekto\u00a0 metu rengiami intelektiniai produktai:<\/strong><\/p>\n<ol>\n<li>Gerosios STEAM praktin\u0117s veiklos pavyzd\u017ei\u0173 rinkinys.<\/li>\n<li>Kompetencij\u0173 tobulinimo programa mokytojams ir pedagogams su STEAM kompetencijos tobulinimo rekomendacijomis.<\/li>\n<li>Praktinis STEAM ugdymo mokykloje \u012fgyvendinimo ir tobulinimo vadovas.<\/li>\n<\/ol>\n<p>Projekto rezultatai bus paskelbti N\u0160A svetain\u0117je ir \u00a0Europos S\u0105jungos \u0161vietimo i\u0161tekli\u0173 portaluose.<\/p>\n<p>Projekto rezultatams pasiekti bus organizuojami:<\/p>\n<ul>\n<li>Mokykl\u0173, pageidaujan\u010di\u0173 stiprinti STEAM veiklas atranka<\/li>\n<li>Kompetencij\u0173 tobulinimo kursai atrinkt\u0173 10-ies mokykl\u0173 pedagogams<\/li>\n<li>Konkursas mokykloms \u201eSTEAM i\u0161\u0161\u016bkis\u201c<\/li>\n<li>Gerosios STEAM patirties atranka ir sklaida<\/li>\n<\/ul>\n<p><strong>Projekt\u0105 koordinuoja\u00a0<\/strong>Nacionalin\u0117 \u0161vietimo agent\u016bra (Lietuva)<\/p>\n<p><strong>Projekto partneriai:<\/strong><\/p>\n<ul>\n<li>Vilniaus universitetas (Lietuva)<\/li>\n<li>Klaip\u0117dos universitetas (Lietuva)<\/li>\n<li>Talino universitetas (Estija)<\/li>\n<li>Stichting Katholieke Universiteit (Nyderlandai)<\/li>\n<li>Centar za promociju nauke (Serbija)<\/li>\n<li>Katholieke Hogeschool Vives Zuid (Belgija)<\/li>\n<li>Universitaet Paderborn (Vokietija)<\/li>\n<li>Turun Yliopisto (Suomija)<\/li>\n<\/ul>\n<p><strong>Projekto \u012fgyvendinimo trukm\u0117<\/strong>\u00a0\u00a0nuo 2020-10-01 iki 2023-01-31<\/p>\n<p><strong>Projekto koordinator\u0117: <\/strong>Egl\u0117 Vaivadien\u0117, el. p.\u00a0<a href=\"mailto:egle.vaivadiene@nsa.smm.lt\">egle.vaivadiene@nsa.smm.lt<\/a><\/p>\n<p>Projekto svetain\u0117: <a href=\"https:\/\/dose.ugdome.lt\/\">https:\/\/dose.ugdome.lt\/<\/a><\/p>\n","protected":false},"excerpt":{"rendered":"<p>\u00a0 \u00a0 \u00a0\u00a0 \u00a0\u00a0 \u00a0 Erasmus+ KA2 projektas \u00a0\u201eSTEAM ugdymo tobulinimas\u201c (\u201eDevelopment of STEAM education\u201c) Nr. 2020-1-LT01-KA201-077935 Projekto tikslas: Tobulinti STEAM ugdym\u0105 Europos mokyklose siekiant stiprinti jaunimo dom\u0117jim\u0105si STEAM dalykais ir karjeros planavim\u0105 \u0161ia kryptimi, suteikiant mokykloms reikiam\u0105 metodin\u0119 param\u0105.&nbsp;<a href=\"https:\/\/www.nsa.smsm.lt\/old\/nsa-projektai\/tarptautiniai-projektai\/development-of-steam-education\/\" class=\"placiau\">Pla\u010diau <i class=\"fa fa-caret-right\"><\/i><\/a><\/p>\n","protected":false},"author":1,"featured_media":0,"parent":11420,"menu_order":0,"comment_status":"closed","ping_status":"closed","template":"","meta":{"_acf_changed":false,"footnotes":""},"class_list":["post-22572","page","type-page","status-publish","hentry"],"acf":[],"_links":{"self":[{"href":"https:\/\/www.nsa.smsm.lt\/old\/wp-json\/wp\/v2\/pages\/22572","targetHints":{"allow":["GET"]}}],"collection":[{"href":"https:\/\/www.nsa.smsm.lt\/old\/wp-json\/wp\/v2\/pages"}],"about":[{"href":"https:\/\/www.nsa.smsm.lt\/old\/wp-json\/wp\/v2\/types\/page"}],"author":[{"embeddable":true,"href":"https:\/\/www.nsa.smsm.lt\/old\/wp-json\/wp\/v2\/users\/1"}],"replies":[{"embeddable":true,"href":"https:\/\/www.nsa.smsm.lt\/old\/wp-json\/wp\/v2\/comments?post=22572"}],"version-history":[{"count":0,"href":"https:\/\/www.nsa.smsm.lt\/old\/wp-json\/wp\/v2\/pages\/22572\/revisions"}],"up":[{"embeddable":true,"href":"https:\/\/www.nsa.smsm.lt\/old\/wp-json\/wp\/v2\/pages\/11420"}],"wp:attachment":[{"href":"https:\/\/www.nsa.smsm.lt\/old\/wp-json\/wp\/v2\/media?parent=22572"}],"curies":[{"name":"wp","href":"https:\/\/api.w.org\/{rel}","templated":true}]}}