{"id":20929,"date":"2023-12-15T07:08:17","date_gmt":"2023-12-15T05:08:17","guid":{"rendered":"https:\/\/www.nsa.smsm.lt\/old\/?page_id=20929"},"modified":"2023-12-15T10:26:37","modified_gmt":"2023-12-15T08:26:37","slug":"lietuviu-kalba-ir-literatura-labai-geri-ir-aukstesniojo-lygio-turinio-aspektu-darbai","status":"publish","type":"page","link":"https:\/\/www.nsa.smsm.lt\/old\/egzaminai-ir-pasiekimu-patikrinimai\/brandos-egzaminai\/mokomieji-dalykai\/lietuviu-kalba-ir-literatura-labai-geri-ir-aukstesniojo-lygio-turinio-aspektu-darbai\/","title":{"rendered":"Lietuvi\u0173 kalba ir literat\u016bra. Labai geri ir auk\u0161tesniojo lygio (turinio aspektu) darbai"},"content":{"rendered":"<div class=\"panel-group\" id=\"collapse_3d47-0983\">\n<p><div class=\"panel panel-default\">    <div class=\"panel-heading\" role=\"tab\" id=\"heading_citem_6a784444a444\">        <h4 class=\"panel-title\"><a class=\"accordion-toggle collapsed\" data-toggle=\"collapse\" aria-controls=\"heading_citem_6a784444a444\" data-parent=\"#collapse_3d47-0983\" href=\"#citem_6a784444a444\">2023<\/a>        <\/h4>    <\/div>    <div id=\"citem_6a784444a444\" class=\"panel-collapse collapse \" role=\"tabpanel\" aria-labelledby=\"heading_citem_6a784444a444\">        <div class=\"panel-body\">\n<p><strong>\u00a0Ar \u017eemdirbi\u0161koji kult\u016bra aktuali \u0161iuolaikiniam \u017emogui?<\/strong><\/p>\n<p><a href=\"https:\/\/www.nsa.smsm.lt\/old\/old\/wp-content\/uploads\/2023\/12\/1-pavyzdys.pdf\">1\u00a0 pavyzdys<\/a><\/p>\n<p><strong>Moters vaizdavimas literat\u016bros k\u016briniuose<\/strong><\/p>\n<p><a href=\"https:\/\/www.nsa.smsm.lt\/old\/old\/wp-content\/uploads\/2023\/12\/2-pavyzdys.pdf\">2 pavyzdys <\/a><\/p>\n<p><strong>Nuo ko priklauso asmens savivert\u0117?<\/strong><\/p>\n<p><a href=\"https:\/\/www.nsa.smsm.lt\/old\/old\/wp-content\/uploads\/2023\/12\/3-pavyzdys.pdf\">3\u00a0 pavyzdys<\/a><\/p>\n<p><strong>Visuomen\u0117s tobulinimo siekiai literat\u016broje<\/strong><\/p>\n<p><a href=\"https:\/\/www.nsa.smsm.lt\/old\/old\/wp-content\/uploads\/2023\/12\/4-pavyzdys.pdf\">4\u00a0 pavyzdys<\/a><\/p>\n<p>&nbsp;<\/p>\n<p>        <\/p><\/div>    <\/div><\/div><\/p>\n<p><div class=\"panel panel-default\">    <div class=\"panel-heading\" role=\"tab\" id=\"heading_citem_6a784444444\">        <h4 class=\"panel-title\"><a class=\"accordion-toggle collapsed\" data-toggle=\"collapse\" aria-controls=\"heading_citem_6a784444444\" data-parent=\"#collapse_3d47-0983\" href=\"#citem_6a784444444\">2020<\/a>        <\/h4>    <\/div>    <div id=\"citem_6a784444444\" class=\"panel-collapse collapse \" role=\"tabpanel\" aria-labelledby=\"heading_citem_6a784444444\">        <div class=\"panel-body\"><br \/>\nAr menas gali paveikti tikrov\u0119?\n<p><a href=\"https:\/\/www.nsa.smsm.lt\/old\/old\/wp-content\/uploads\/2021\/05\/Ar-menas-gali_1.pdf\">1 pavyzdys<\/a><br \/>\n<a href=\"https:\/\/www.nsa.smsm.lt\/old\/old\/wp-content\/uploads\/2021\/05\/Ar-menas-gali_2.pdf\">2 pavyzdys<\/a><\/p>\n<p>Kur yra riba tarp pok\u0161to ir paty\u010di\u0173?<\/p>\n<p><a href=\"https:\/\/www.nsa.smsm.lt\/old\/old\/wp-content\/uploads\/2021\/05\/Kur_yra_riba_tarp.pdf\">1 pavyzdys<\/a><\/p>\n<p>Kart\u0173 santykiai literat\u016broje<\/p>\n<p><a href=\"https:\/\/www.nsa.smsm.lt\/old\/old\/wp-content\/uploads\/2021\/05\/Kartu_santykiai.pdf\">1 pavyzdys<\/a><\/p>\n<p>\u0160vent\u0117s reik\u0161m\u0117s literat\u016broje<\/p>\n<p><a href=\"https:\/\/www.nsa.smsm.lt\/old\/old\/wp-content\/uploads\/2021\/06\/Sventes_reiksmes.pdf\">1 pavyzdys<\/a><\/p>\n<p>        <\/p><\/div>    <\/div><\/div><\/p>\n<p><div class=\"panel panel-default\">    <div class=\"panel-heading\" role=\"tab\" id=\"heading_citem_8e80-6b5b\">        <h4 class=\"panel-title\"><a class=\"accordion-toggle collapsed\" data-toggle=\"collapse\" aria-controls=\"heading_citem_8e80-6b5b\" data-parent=\"#collapse_3d47-0983\" href=\"#citem_8e80-6b5b\">2019<\/a>        <\/h4>    <\/div>    <div id=\"citem_8e80-6b5b\" class=\"panel-collapse collapse \" role=\"tabpanel\" aria-labelledby=\"heading_citem_8e80-6b5b\">        <div class=\"panel-body\">\n<p>Atkreipiame d\u0117mes\u012f, kad skelbiami ra\u0161iniai n\u0117ra tobuli ir pavyzdiniai &#8211; tai tiesiog \u012fvair\u016bs labai geri ir auk\u0161tesniojo lygio (turinio aspektu) darbai.<\/p>\n<p>Ar klaidos padeda tobul\u0117ti?<\/p>\n<p><a href=\"https:\/\/www.nsa.smsm.lt\/old\/old\/wp-content\/uploads\/2021\/03\/8421_Ar_klaidos_1.pdf\" target=\"_blank\" rel=\"noopener\">1 pavyzdys<\/a><br \/>\n<a href=\"https:\/\/www.nsa.smsm.lt\/old\/old\/wp-content\/uploads\/2021\/03\/8414_Ar_klaidos_2.pdf\" target=\"_blank\" rel=\"noopener\">2 pavyzdys<\/a><\/p>\n<p>Ar kvaileliai b\u016btinai kvaili?<\/p>\n<p><a href=\"https:\/\/www.nsa.smsm.lt\/old\/old\/wp-content\/uploads\/2021\/03\/8415_Ar_kvaileliai_1.pdf\" target=\"_blank\" rel=\"noopener\">1 pavyzdys<\/a><br \/>\n<a href=\"https:\/\/www.nsa.smsm.lt\/old\/old\/wp-content\/uploads\/2021\/03\/8416_Ar_kvaileliai_2.pdf\" target=\"_blank\" rel=\"noopener\">2 pavyzdys<\/a><\/p>\n<p>Kelion\u0117s prasm\u0117s literat\u016broje<\/p>\n<p><a href=\"https:\/\/www.nsa.smsm.lt\/old\/old\/wp-content\/uploads\/2021\/03\/8419_Keliones_prasmes_1.pdf\" target=\"_blank\" rel=\"noopener\">1 pavyzdys<\/a><br \/>\n<a href=\"https:\/\/www.nsa.smsm.lt\/old\/old\/wp-content\/uploads\/2021\/03\/8420_Keliones_prasmes_2.pdf\" target=\"_blank\" rel=\"noopener\">2 pavyzdys<\/a><\/p>\n<p>Motinos paveikslas literat\u016broje<\/p>\n<p><a href=\"https:\/\/www.nsa.smsm.lt\/old\/old\/wp-content\/uploads\/2021\/03\/8423_Motinos_paveikslas.pdf\" target=\"_blank\" rel=\"noopener\">1 pavyzdys<\/a><\/p>\n<p>        <\/p><\/div>    <\/div><\/div><\/p>\n<p><div class=\"panel panel-default\">    <div class=\"panel-heading\" role=\"tab\" id=\"heading_citem_db6c-e331\">        <h4 class=\"panel-title\"><a class=\"accordion-toggle collapsed\" data-toggle=\"collapse\" aria-controls=\"heading_citem_db6c-e331\" data-parent=\"#collapse_3d47-0983\" href=\"#citem_db6c-e331\">2018<\/a>        <\/h4>    <\/div>    <div id=\"citem_db6c-e331\" class=\"panel-collapse collapse \" role=\"tabpanel\" aria-labelledby=\"heading_citem_db6c-e331\">        <div class=\"panel-body\">\n<p>Atkreipiame d\u0117mes\u012f, kad skelbiami ra\u0161iniai n\u0117ra tobuli ir pavyzdiniai &#8211; tai tiesiog \u012fvair\u016bs labai geri ir auk\u0161tesniojo lygio (turinio aspektu) darbai.<\/p>\n<p>Gyvyb\u0117s vert\u0117 literat\u016broje<\/p>\n<p><a href=\"https:\/\/www.nsa.smsm.lt\/old\/old\/wp-content\/uploads\/2021\/03\/7826_Gyvybes_verte_1.pdf\" target=\"_blank\" rel=\"noopener\">1 pavyzdys<\/a><br \/>\n<a href=\"https:\/\/www.nsa.smsm.lt\/old\/old\/wp-content\/uploads\/2021\/03\/7827_Gyvybes_verte_2.pdf\" target=\"_blank\" rel=\"noopener\">2 pavyzdys<\/a><\/p>\n<p>K\u0105 gali vienas \u017emogus?<\/p>\n<p><a href=\"https:\/\/www.nsa.smsm.lt\/old\/old\/wp-content\/uploads\/2021\/03\/7828_Ka_gali_1.pdf\" target=\"_blank\" rel=\"noopener\">1 pavyzdys<\/a><br \/>\n<a href=\"https:\/\/www.nsa.smsm.lt\/old\/old\/wp-content\/uploads\/2021\/03\/7829_Ka_gali_2.pdf\" target=\"_blank\" rel=\"noopener\">2 pavyzdys<\/a><\/p>\n<p>Susvetim\u0117jimo problema literat\u016broje<\/p>\n<p><a href=\"https:\/\/www.nsa.smsm.lt\/old\/old\/wp-content\/uploads\/2021\/03\/7830_Susvetimejimo_pr_1.pdf\" target=\"_blank\" rel=\"noopener\">1 pavyzdys<\/a><br \/>\n<a href=\"https:\/\/www.nsa.smsm.lt\/old\/old\/wp-content\/uploads\/2021\/03\/7892_Susvetimejimo_pr_2_tais.pdf\" target=\"_blank\" rel=\"noopener\">2 pavyzdys<\/a><\/p>\n<p>Svarbiau myl\u0117ti ar b\u016bti mylimam?<\/p>\n<p><a href=\"https:\/\/www.nsa.smsm.lt\/old\/old\/wp-content\/uploads\/2021\/03\/7832_Svarbiau_myleti_1.pdf\" target=\"_blank\" rel=\"noopener\">1 pavyzdys<\/a><br \/>\n<a href=\"https:\/\/www.nsa.smsm.lt\/old\/old\/wp-content\/uploads\/2021\/03\/7833_Svarbiau_myleti_2.pdf\" target=\"_blank\" rel=\"noopener\">2 pavyzdys<\/a><\/p>\n<p>        <\/p><\/div>    <\/div><\/div><\/p>\n<p><div class=\"panel panel-default\">    <div class=\"panel-heading\" role=\"tab\" id=\"heading_citem_f54f-e578\">        <h4 class=\"panel-title\"><a class=\"accordion-toggle collapsed\" data-toggle=\"collapse\" aria-controls=\"heading_citem_f54f-e578\" data-parent=\"#collapse_3d47-0983\" href=\"#citem_f54f-e578\">2017<\/a>        <\/h4>    <\/div>    <div id=\"citem_f54f-e578\" class=\"panel-collapse collapse \" role=\"tabpanel\" aria-labelledby=\"heading_citem_f54f-e578\">        <div class=\"panel-body\">\n<p>Atkreipiame d\u0117mes\u012f, kad skelbiami ra\u0161iniai n\u0117ra tobuli ir pavyzdiniai &#8211; tai tiesiog \u012fvair\u016bs labai geri ir auk\u0161tesniojo lygio (turinio aspektu) darbai.<\/p>\n<p>Kas \u017emogui teikia ramyb\u0119?<\/p>\n<p><a href=\"https:\/\/www.nsa.smsm.lt\/old\/old\/wp-content\/uploads\/2021\/03\/7293_Kas_zmogui_teikia_ramybe_1.pdf\" target=\"_blank\" rel=\"noopener\">1 pavyzdys<\/a><br \/>\n<a href=\"https:\/\/www.nsa.smsm.lt\/old\/old\/wp-content\/uploads\/2021\/03\/7997_Kas_zmogui_teikia_ramybe_2-n.pdf\" target=\"_blank\" rel=\"noopener\">2 pavyzdys<\/a><\/p>\n<p>Kod\u0117l \u017emogui svarbi jo kilm\u0117?<\/p>\n<p><a href=\"https:\/\/www.nsa.smsm.lt\/old\/old\/wp-content\/uploads\/2021\/03\/7295_Kodel_zmogui_svarbi_jo_kilme_1.pdf\" target=\"_blank\" rel=\"noopener\">1 pavyzdys<\/a><\/p>\n<p>Po\u017ei\u016bris \u012f visuomen\u0117s paribio \u017emog\u0173 lietuvi\u0173 literat\u016broje<\/p>\n<p><a href=\"https:\/\/www.nsa.smsm.lt\/old\/old\/wp-content\/uploads\/2021\/03\/7296_Poziuris_i_paribio_zmones_1.pdf\" target=\"_blank\" rel=\"noopener\">1 pavyzdys<\/a><br \/>\n<a href=\"https:\/\/www.nsa.smsm.lt\/old\/old\/wp-content\/uploads\/2021\/03\/7302_Poziuris_i_paribio_zmones_2.pdf\" target=\"_blank\" rel=\"noopener\">2 pavyzdys<\/a><\/p>\n<p>Vilnius lietuvi\u0173 literat\u016broje<\/p>\n<p><a href=\"https:\/\/www.nsa.smsm.lt\/old\/old\/wp-content\/uploads\/2021\/03\/7301_Vilnius_lietuviu_literaturoje_1a.pdf\" target=\"_blank\" rel=\"noopener\">1 pavyzdys<\/a><\/p>\n<p>Prarastos t\u0117vyn\u0117s ilgesys Lietuvos literat\u016broje (2015 m.)<\/p>\n<p><a href=\"https:\/\/www.nsa.smsm.lt\/old\/old\/wp-content\/uploads\/2021\/03\/7297_Prarastos_tevynes_ilgesys_Lietuvos_literaturoje__2015.pdf\" target=\"_blank\" rel=\"noopener\">1 pavyzdys<\/a><\/p>\n<p>        <\/p><\/div>    <\/div><\/div><\/p>\n<p><div class=\"panel panel-default\">    <div class=\"panel-heading\" role=\"tab\" id=\"heading_citem_bbd5-5957\">        <h4 class=\"panel-title\"><a class=\"accordion-toggle collapsed\" data-toggle=\"collapse\" aria-controls=\"heading_citem_bbd5-5957\" data-parent=\"#collapse_3d47-0983\" href=\"#citem_bbd5-5957\">2016<\/a>        <\/h4>    <\/div>    <div id=\"citem_bbd5-5957\" class=\"panel-collapse collapse \" role=\"tabpanel\" aria-labelledby=\"heading_citem_bbd5-5957\">        <div class=\"panel-body\">\n<p>Atkreipiame d\u0117mes\u012f, kad skelbiami ra\u0161iniai n\u0117ra tobuli ir pavyzdiniai &#8211; tai tiesiog \u012fvair\u016bs labai geri ir auk\u0161tesniojo lygio (turinio aspektu) darbai.<\/p>\n<p>Dvaras lietuvi\u0173 literat\u016broje<\/p>\n<p><a href=\"https:\/\/www.nsa.smsm.lt\/old\/old\/wp-content\/uploads\/2021\/03\/6482_Dvaras_lietuviu_literaturoje_1.pdf\" target=\"_blank\" rel=\"noopener\">1 pavyzdys<\/a><\/p>\n<p>Gaivali\u0161ka prigimtis lietuvi\u0173 literat\u016broje<\/p>\n<p><a href=\"https:\/\/www.nsa.smsm.lt\/old\/old\/wp-content\/uploads\/2021\/03\/6489_Gaivaliska_prigimtis_1.pdf\" target=\"_blank\" rel=\"noopener\">1 pavyzdys<\/a><br \/>\n<a href=\"https:\/\/www.nsa.smsm.lt\/old\/old\/wp-content\/uploads\/2021\/03\/6484_Gaivaliska_prigimtis_2.pdf\" target=\"_blank\" rel=\"noopener\">2 pavyzdys<\/a><\/p>\n<p>Kaip suprantamas vyri\u0161kumas?<\/p>\n<p><a href=\"https:\/\/www.nsa.smsm.lt\/old\/old\/wp-content\/uploads\/2021\/03\/6485_Kaip_suprantamas_vyriskumas_1.pdf\" target=\"_blank\" rel=\"noopener\">1 pavyzdys<\/a><br \/>\n<a href=\"https:\/\/www.nsa.smsm.lt\/old\/old\/wp-content\/uploads\/2021\/03\/6486_Kaip_suprantamas_vyriskumas_2.pdf\" target=\"_blank\" rel=\"noopener\">2 pavyzdys<\/a><\/p>\n<p>Kam \u017emogui duota vaizduot\u0117?<\/p>\n<p><a href=\"https:\/\/www.nsa.smsm.lt\/old\/old\/wp-content\/uploads\/2021\/03\/6488_Kan_zmogui_duota_vaizduote_1.pdf\" target=\"_blank\" rel=\"noopener\">1 pavyzdys<\/a><br \/>\n<a href=\"https:\/\/www.nsa.smsm.lt\/old\/old\/wp-content\/uploads\/2021\/03\/6487_Kam_zmogui_duota_vaizduote_2.pdf\" target=\"_blank\" rel=\"noopener\">2 pavyzdys<\/a><\/p>\n<p>        <\/p><\/div>    <\/div><\/div><\/p>\n<p><div class=\"panel panel-default\">    <div class=\"panel-heading\" role=\"tab\" id=\"heading_citem_6d71-cfe0\">        <h4 class=\"panel-title\"><a class=\"accordion-toggle collapsed\" data-toggle=\"collapse\" aria-controls=\"heading_citem_6d71-cfe0\" data-parent=\"#collapse_3d47-0983\" href=\"#citem_6d71-cfe0\">2015<\/a>        <\/h4>    <\/div>    <div id=\"citem_6d71-cfe0\" class=\"panel-collapse collapse \" role=\"tabpanel\" aria-labelledby=\"heading_citem_6d71-cfe0\">        <div class=\"panel-body\">\n<p>Atkreipiame d\u0117mes\u012f, kad skelbiami ra\u0161iniai n\u0117ra tobuli ir pavyzdiniai \u2013 tai tiesiog \u012fvair\u016bs labai geri ir auk\u0161tesniojo lygio (turinio aspektu) darbai.<\/p>\n<p>K\u0105 gali juokas?<\/p>\n<p><a href=\"https:\/\/www.nsa.smsm.lt\/old\/old\/wp-content\/uploads\/2021\/03\/5640_Ka_gali_juokas_1.pdf\" target=\"_blank\" rel=\"noopener\">1 pavyzdys<\/a><br \/>\n<a href=\"https:\/\/www.nsa.smsm.lt\/old\/old\/wp-content\/uploads\/2021\/03\/5647_Ka_gali_juokas_2.pdf\" target=\"_blank\" rel=\"noopener\">2 pavyzdys<\/a><br \/>\n<a href=\"https:\/\/www.nsa.smsm.lt\/old\/old\/wp-content\/uploads\/2021\/03\/5653_Ka_gali_juokas_3.pdf\" target=\"_blank\" rel=\"noopener\">3 pavyzdys<\/a><br \/>\n<a href=\"https:\/\/www.nsa.smsm.lt\/old\/old\/wp-content\/uploads\/2021\/03\/5674_Ka_gali_juokas_4.pdf\" target=\"_blank\" rel=\"noopener\">4 pavyzdys<\/a><\/p>\n<p>Kaip kei\u010diasi inteligento vaidmuo visuomen\u0117je?<\/p>\n<p><a href=\"https:\/\/www.nsa.smsm.lt\/old\/old\/wp-content\/uploads\/2021\/03\/5641_Kaip_keiciasi_inteligento_vaidmuo_visuomeneje_1.pdf\" target=\"_blank\" rel=\"noopener\">1 pavyzdys<\/a><br \/>\n<a href=\"https:\/\/www.nsa.smsm.lt\/old\/old\/wp-content\/uploads\/2021\/03\/5642_Kaip_keiciasi_inteligento_vaidmuo_visuomeneje_2.pdf\" target=\"_blank\" rel=\"noopener\">2 pavyzdys<\/a><\/p>\n<p>Prarastos t\u0117vyn\u0117s ilgesys Lietuvos literat\u016broje<\/p>\n<p><a href=\"https:\/\/www.nsa.smsm.lt\/old\/old\/wp-content\/uploads\/2021\/03\/5646_Prarastos_tevynes_ilgesys_1.pdf\" target=\"_blank\" rel=\"noopener\">1 pavyzdys<\/a><br \/>\n<a href=\"https:\/\/www.nsa.smsm.lt\/old\/old\/wp-content\/uploads\/2021\/03\/5652_Prarastos_tevynes_ilgesys_2.pdf\" target=\"_blank\" rel=\"noopener\">2 pavyzdys<\/a><br \/>\n<a href=\"https:\/\/www.nsa.smsm.lt\/old\/old\/wp-content\/uploads\/2021\/03\/7297_Prarastos_tevynes_ilgesys_Lietuvos_literaturoje__2015.pdf\" target=\"_blank\" rel=\"noopener\">3 pavyzdys<\/a><\/p>\n<p>Kasdienyb\u0117s gro\u017eio pajauta lietuvi\u0173 literat\u016broje<\/p>\n<p><a href=\"https:\/\/www.nsa.smsm.lt\/old\/old\/wp-content\/uploads\/2021\/03\/5643_Kasdienybes_grozio_pajauta_1.pdf\" target=\"_blank\" rel=\"noopener\">1 pavyzdys<\/a><br \/>\n<a href=\"https:\/\/www.nsa.smsm.lt\/old\/old\/wp-content\/uploads\/2021\/03\/5717_Kasdienybes_grozio_pajauta2.pdf\" target=\"_blank\" rel=\"noopener\">2 pavyzdys<\/a><\/p>\n<p>        <\/p><\/div>    <\/div><\/div><\/p>\n<p><\/p><\/div>\n","protected":false},"excerpt":{"rendered":"","protected":false},"author":1,"featured_media":0,"parent":16892,"menu_order":0,"comment_status":"closed","ping_status":"closed","template":"","meta":{"_acf_changed":false,"footnotes":""},"class_list":["post-20929","page","type-page","status-publish","hentry"],"acf":[],"_links":{"self":[{"href":"https:\/\/www.nsa.smsm.lt\/old\/wp-json\/wp\/v2\/pages\/20929","targetHints":{"allow":["GET"]}}],"collection":[{"href":"https:\/\/www.nsa.smsm.lt\/old\/wp-json\/wp\/v2\/pages"}],"about":[{"href":"https:\/\/www.nsa.smsm.lt\/old\/wp-json\/wp\/v2\/types\/page"}],"author":[{"embeddable":true,"href":"https:\/\/www.nsa.smsm.lt\/old\/wp-json\/wp\/v2\/users\/1"}],"replies":[{"embeddable":true,"href":"https:\/\/www.nsa.smsm.lt\/old\/wp-json\/wp\/v2\/comments?post=20929"}],"version-history":[{"count":2,"href":"https:\/\/www.nsa.smsm.lt\/old\/wp-json\/wp\/v2\/pages\/20929\/revisions"}],"predecessor-version":[{"id":37735,"href":"https:\/\/www.nsa.smsm.lt\/old\/wp-json\/wp\/v2\/pages\/20929\/revisions\/37735"}],"up":[{"embeddable":true,"href":"https:\/\/www.nsa.smsm.lt\/old\/wp-json\/wp\/v2\/pages\/16892"}],"wp:attachment":[{"href":"https:\/\/www.nsa.smsm.lt\/old\/wp-json\/wp\/v2\/media?parent=20929"}],"curies":[{"name":"wp","href":"https:\/\/api.w.org\/{rel}","templated":true}]}}