{"id":20842,"date":"2022-09-17T00:09:42","date_gmt":"2022-09-16T22:09:42","guid":{"rendered":"https:\/\/www.nsa.smsm.lt\/old\/?page_id=20842"},"modified":"2023-01-11T19:21:26","modified_gmt":"2023-01-11T17:21:26","slug":"dokumentai","status":"publish","type":"page","link":"https:\/\/www.nsa.smsm.lt\/old\/mokyklu-veiklos-pletra-ir-pedagogu-kvalifikacija\/vadovavimo-stiprinimas\/dokumentai\/","title":{"rendered":"Dokumentai \/ Rekomendacijos"},"content":{"rendered":"<p><a href=\"https:\/\/e-seimas.lrs.lt\/portal\/legalAct\/lt\/TAD\/f5a934522dcb11eb8c97e01ffe050e1c?positionInSearchResults=0&amp;searchModelUUID=6049aa6b-d795-4f8e-8d35-618d7f5aa313\">Lyderyst\u0117s ir vadovavimo \u0161vietimo \u012fstaigose stiprinimo gair\u0117s, patvirtintos Lietuvos Respublikos \u0161vietimo, mokslo ir sporto ministro 2020 m. lapkri\u010dio 23 \u012fsakymu Nr. V-1817<\/a><\/p>\n<p><a href=\"https:\/\/e-seimas.lrs.lt\/portal\/legalAct\/lt\/TAD\/232382f230f611eb8c97e01ffe050e1c\">\u0160vietimo \u012fstaig\u0173 vadov\u0173 rezervo reglamentas, patvirtintas Lietuvos Respublikos \u0161vietimo, mokslo ir sporto ministro 2020 m. lapkri\u010dio 27 \u012fsakymu Nr. V-1858<\/a><\/p>\n<p><a href=\"https:\/\/www.nsa.smsm.lt\/old\/old\/wp-content\/uploads\/2022\/04\/Mokyklos-vidaus-dokumentai.pdf\">Rekomenduojami mokyklos vidaus dokumentai<\/a><\/p>\n<p><a href=\"https:\/\/www.nsa.smsm.lt\/old\/old\/wp-content\/uploads\/2022\/04\/Bendrieji-teises-aktai.pdf\">Bendrieji teis\u0117s aktai<\/a><\/p>\n","protected":false},"excerpt":{"rendered":"<p>Lyderyst\u0117s ir vadovavimo \u0161vietimo \u012fstaigose stiprinimo gair\u0117s, patvirtintos Lietuvos Respublikos \u0161vietimo, mokslo ir sporto ministro 2020 m. lapkri\u010dio 23 \u012fsakymu Nr. V-1817 \u0160vietimo \u012fstaig\u0173 vadov\u0173 rezervo reglamentas, patvirtintas Lietuvos Respublikos \u0161vietimo, mokslo ir sporto ministro 2020 m. lapkri\u010dio 27 \u012fsakymu&nbsp;<a href=\"https:\/\/www.nsa.smsm.lt\/old\/mokyklu-veiklos-pletra-ir-pedagogu-kvalifikacija\/vadovavimo-stiprinimas\/dokumentai\/\" class=\"placiau\">Pla\u010diau <i class=\"fa fa-caret-right\"><\/i><\/a><\/p>\n","protected":false},"author":1,"featured_media":0,"parent":20836,"menu_order":0,"comment_status":"closed","ping_status":"closed","template":"page-mokykluvadovams.php","meta":{"_acf_changed":false,"footnotes":""},"class_list":["post-20842","page","type-page","status-publish","hentry"],"acf":[],"_links":{"self":[{"href":"https:\/\/www.nsa.smsm.lt\/old\/wp-json\/wp\/v2\/pages\/20842","targetHints":{"allow":["GET"]}}],"collection":[{"href":"https:\/\/www.nsa.smsm.lt\/old\/wp-json\/wp\/v2\/pages"}],"about":[{"href":"https:\/\/www.nsa.smsm.lt\/old\/wp-json\/wp\/v2\/types\/page"}],"author":[{"embeddable":true,"href":"https:\/\/www.nsa.smsm.lt\/old\/wp-json\/wp\/v2\/users\/1"}],"replies":[{"embeddable":true,"href":"https:\/\/www.nsa.smsm.lt\/old\/wp-json\/wp\/v2\/comments?post=20842"}],"version-history":[{"count":0,"href":"https:\/\/www.nsa.smsm.lt\/old\/wp-json\/wp\/v2\/pages\/20842\/revisions"}],"up":[{"embeddable":true,"href":"https:\/\/www.nsa.smsm.lt\/old\/wp-json\/wp\/v2\/pages\/20836"}],"wp:attachment":[{"href":"https:\/\/www.nsa.smsm.lt\/old\/wp-json\/wp\/v2\/media?parent=20842"}],"curies":[{"name":"wp","href":"https:\/\/api.w.org\/{rel}","templated":true}]}}