{"id":20840,"date":"2022-09-17T00:07:11","date_gmt":"2022-09-16T22:07:11","guid":{"rendered":"https:\/\/www.nsa.smsm.lt\/old\/?page_id=20840"},"modified":"2023-01-11T19:21:34","modified_gmt":"2023-01-11T17:21:34","slug":"leidiniai","status":"publish","type":"page","link":"https:\/\/www.nsa.smsm.lt\/old\/mokyklu-veiklos-pletra-ir-pedagogu-kvalifikacija\/vadovavimo-stiprinimas\/leidiniai\/","title":{"rendered":"Leidiniai"},"content":{"rendered":"<p>Elektroninis leidinys <a href=\"https:\/\/www.nsa.smsm.lt\/old\/old\/wp-content\/uploads\/2020\/11\/Ugdymo-procesas-mokant-nuotoliniu-budu-issukiaipatirtys-sprendimai-1.pdf\">\u201eUgdymo procesas, mokant nuotoliniu b\u016bdu: i\u0161\u0161\u016bkiai, patirtys, sprendimai\u201c<\/a><\/p>\n","protected":false},"excerpt":{"rendered":"<p>Elektroninis leidinys \u201eUgdymo procesas, mokant nuotoliniu b\u016bdu: i\u0161\u0161\u016bkiai, patirtys, sprendimai\u201c<\/p>\n","protected":false},"author":1,"featured_media":0,"parent":20836,"menu_order":0,"comment_status":"closed","ping_status":"closed","template":"page-mokykluvadovams.php","meta":{"_acf_changed":false,"footnotes":""},"class_list":["post-20840","page","type-page","status-publish","hentry"],"acf":[],"_links":{"self":[{"href":"https:\/\/www.nsa.smsm.lt\/old\/wp-json\/wp\/v2\/pages\/20840","targetHints":{"allow":["GET"]}}],"collection":[{"href":"https:\/\/www.nsa.smsm.lt\/old\/wp-json\/wp\/v2\/pages"}],"about":[{"href":"https:\/\/www.nsa.smsm.lt\/old\/wp-json\/wp\/v2\/types\/page"}],"author":[{"embeddable":true,"href":"https:\/\/www.nsa.smsm.lt\/old\/wp-json\/wp\/v2\/users\/1"}],"replies":[{"embeddable":true,"href":"https:\/\/www.nsa.smsm.lt\/old\/wp-json\/wp\/v2\/comments?post=20840"}],"version-history":[{"count":0,"href":"https:\/\/www.nsa.smsm.lt\/old\/wp-json\/wp\/v2\/pages\/20840\/revisions"}],"up":[{"embeddable":true,"href":"https:\/\/www.nsa.smsm.lt\/old\/wp-json\/wp\/v2\/pages\/20836"}],"wp:attachment":[{"href":"https:\/\/www.nsa.smsm.lt\/old\/wp-json\/wp\/v2\/media?parent=20840"}],"curies":[{"name":"wp","href":"https:\/\/api.w.org\/{rel}","templated":true}]}}