{"id":18785,"date":"2024-12-19T07:08:00","date_gmt":"2024-12-19T05:08:00","guid":{"rendered":"https:\/\/www.nsa.smsm.lt\/old\/?page_id=18785"},"modified":"2024-12-19T14:36:47","modified_gmt":"2024-12-19T12:36:47","slug":"pedagogu-rengimo-centrai-ir-aukstuju-mokyklu-strukturiniai-padaliniai-vykdantys-pedagogu-kvalifikacijos-tobulinima","status":"publish","type":"page","link":"https:\/\/www.nsa.smsm.lt\/old\/mokyklu-veiklos-pletra-ir-pedagogu-kvalifikacija\/pedagogu-kvalifikacijos-tobulinimo-istaigu-isivertinimas-ir-stebesena\/pedagogu-rengimo-centrai-ir-aukstuju-mokyklu-strukturiniai-padaliniai-vykdantys-pedagogu-kvalifikacijos-tobulinima\/","title":{"rendered":"Pedagog\u0173 rengimo centrai"},"content":{"rendered":"<p><a href=\"https:\/\/www.e-tar.lt\/portal\/lt\/legalAct\/39a94d23b31011ef88c08519262548c4\" target=\"_blank\" rel=\"noopener\">Lietuvos Respublikos \u0161vietimo, mokslo ir sporto ministro 2024 m. gruod\u017eio 5 d. \u012fsakymas Nr. V-387 \u201eD\u0117l pedagog\u0173 rengimo centro statuso galiojimo prat\u0119simo\u201c<\/a><\/p>\n<p><a href=\"https:\/\/e-seimas.lrs.lt\/portal\/legalAct\/lt\/TAD\/bb08b672a5ec11efaae6a4c601761171?jfwid=rraeocnl4\" target=\"_blank\" rel=\"noopener\">Lietuvos Respublikos \u0161vietimo, mokslo ir sporto ministro 2024 m. lapkri\u010dio 18 d. \u012fsakymas Nr. V-1293 \u201eD\u0117l pedagog\u0173 rengimo centro statuso\u201c<\/a><\/p>\n<p><a href=\"https:\/\/e-seimas.lrs.lt\/portal\/legalAct\/lt\/TAD\/7a5abaa2a2c811ef892bcbda94a643a9?positionInSearchResults=0&amp;searchModelUUID=b565f4e0-5f70-4141-8773-8665144d2706\" target=\"_blank\" rel=\"noopener\">Lietuvos Respublikos \u0161vietimo, mokslo ir sporto ministro 2024 m. lapkri\u010dio 14 d. \u012fsakymas Nr. V-1284 \u201eD\u0117l pedagog\u0173 rengimo centro status galiojimo prat\u0119simo\u201c<\/a><\/p>\n<p><a href=\"https:\/\/e-seimas.lrs.lt\/portal\/legalAct\/lt\/TAD\/b0ded28059aa11ef886efef8659c71d0\" target=\"_blank\" rel=\"noopener\">Lietuvos Respublikos \u0161vietimo, mokslo ir sporto ministro 2024 m. rugpj\u016b\u010dio 13 d. \u012fsakymas Nr. V-856 \u201eD\u0117l pedagog\u0173 rengimo reglamento patvirtinimo\u201c<\/a><\/p>\n","protected":false},"excerpt":{"rendered":"<p>Lietuvos Respublikos \u0161vietimo, mokslo ir sporto ministro 2024 m. gruod\u017eio 5 d. \u012fsakymas Nr. V-387 \u201eD\u0117l pedagog\u0173 rengimo centro statuso galiojimo prat\u0119simo\u201c Lietuvos Respublikos \u0161vietimo, mokslo ir sporto ministro 2024 m. lapkri\u010dio 18 d. \u012fsakymas Nr. V-1293 \u201eD\u0117l pedagog\u0173 rengimo&nbsp;<a href=\"https:\/\/www.nsa.smsm.lt\/old\/mokyklu-veiklos-pletra-ir-pedagogu-kvalifikacija\/pedagogu-kvalifikacijos-tobulinimo-istaigu-isivertinimas-ir-stebesena\/pedagogu-rengimo-centrai-ir-aukstuju-mokyklu-strukturiniai-padaliniai-vykdantys-pedagogu-kvalifikacijos-tobulinima\/\" class=\"placiau\">Pla\u010diau <i class=\"fa fa-caret-right\"><\/i><\/a><\/p>\n","protected":false},"author":1,"featured_media":0,"parent":15625,"menu_order":4,"comment_status":"closed","ping_status":"closed","template":"page-mokyklu-pletra.php","meta":{"_acf_changed":false,"footnotes":""},"class_list":["post-18785","page","type-page","status-publish","hentry"],"acf":[],"_links":{"self":[{"href":"https:\/\/www.nsa.smsm.lt\/old\/wp-json\/wp\/v2\/pages\/18785","targetHints":{"allow":["GET"]}}],"collection":[{"href":"https:\/\/www.nsa.smsm.lt\/old\/wp-json\/wp\/v2\/pages"}],"about":[{"href":"https:\/\/www.nsa.smsm.lt\/old\/wp-json\/wp\/v2\/types\/page"}],"author":[{"embeddable":true,"href":"https:\/\/www.nsa.smsm.lt\/old\/wp-json\/wp\/v2\/users\/1"}],"replies":[{"embeddable":true,"href":"https:\/\/www.nsa.smsm.lt\/old\/wp-json\/wp\/v2\/comments?post=18785"}],"version-history":[{"count":16,"href":"https:\/\/www.nsa.smsm.lt\/old\/wp-json\/wp\/v2\/pages\/18785\/revisions"}],"predecessor-version":[{"id":41999,"href":"https:\/\/www.nsa.smsm.lt\/old\/wp-json\/wp\/v2\/pages\/18785\/revisions\/41999"}],"up":[{"embeddable":true,"href":"https:\/\/www.nsa.smsm.lt\/old\/wp-json\/wp\/v2\/pages\/15625"}],"wp:attachment":[{"href":"https:\/\/www.nsa.smsm.lt\/old\/wp-json\/wp\/v2\/media?parent=18785"}],"curies":[{"name":"wp","href":"https:\/\/api.w.org\/{rel}","templated":true}]}}