{"id":18654,"date":"2022-10-13T12:11:37","date_gmt":"2022-10-13T10:11:37","guid":{"rendered":"https:\/\/www.nsa.smsm.lt\/old\/?page_id=18654"},"modified":"2023-01-11T23:48:58","modified_gmt":"2023-01-11T21:48:58","slug":"labai-geri-ir-aukstesniojo-lygio-turinio-aspektu-darbai","status":"publish","type":"page","link":"https:\/\/www.nsa.smsm.lt\/old\/egzaminai-ir-pasiekimu-patikrinimai\/brandos-egzaminai\/mokomieji-dalykai\/labai-geri-ir-aukstesniojo-lygio-turinio-aspektu-darbai\/","title":{"rendered":"Labai geri ir auk\u0161tesniojo lygio (turinio aspektu) darbai"},"content":{"rendered":"<style><span data-mce-type=\"bookmark\" style=\"display: inline-block; width: 0px; overflow: hidden; line-height: 0;\" class=\"mce_SELRES_start\">\ufeff<\/span>h3:nth-child(3) {font-weight: 600 !important;}<\/style>\n<p>Atkreipiame d\u0117mes\u012f, kad skelbiami ra\u0161iniai n\u0117ra tobuli ir pavyzdiniai &#8211; tai tiesiog \u012fvair\u016bs labai geri ir auk\u0161tesniojo lygio (turinio aspektu) darbai.<\/p>\n<div class=\"panel-group\" id=\"collapse_0774-128d\">\n<p><div class=\"panel panel-default\">    <div class=\"panel-heading\" role=\"tab\" id=\"heading_citem_6a784444444\">        <h4 class=\"panel-title\"><a class=\"accordion-toggle collapsed\" data-toggle=\"collapse\" aria-controls=\"heading_citem_6a784444444\" data-parent=\"#collapse_0774-128d\" href=\"#citem_6a784444444\">2020 m.<\/a>        <\/h4>    <\/div>    <div id=\"citem_6a784444444\" class=\"panel-collapse collapse \" role=\"tabpanel\" aria-labelledby=\"heading_citem_6a784444444\">        <div class=\"panel-body\"><br \/>\nSusvetim\u0117jimo problema literat\u016broje\n<p><a href=\"https:\/\/www.nsa.smsm.lt\/old\/old\/wp-content\/uploads\/2021\/02\/7830_Susvetimejimo_pr_1.pdf\">1 pavyzdys<\/a><\/p>\n<p>Ar menas gali paveikti tikrov\u0119?<\/p>\n<p><a href=\"https:\/\/www.nsa.smsm.lt\/old\/old\/wp-content\/uploads\/2021\/05\/Ar-menas-gali_1.pdf\">1 pavyzdys<\/a><br \/>\n<a href=\"https:\/\/www.nsa.smsm.lt\/old\/old\/wp-content\/uploads\/2021\/06\/Kartu_santykiai_2.pdf\">2 pavyzdys<\/a><\/p>\n<p>Kur yra riba tarp pok\u0161to ir paty\u010di\u0173?<\/p>\n<p><a href=\"https:\/\/www.nsa.smsm.lt\/old\/old\/wp-content\/uploads\/2021\/05\/Kur_yra_riba_tarp.pdf\">1 pavyzdys<\/a><\/p>\n<p>Kart\u0173 santykiai literat\u016broje<\/p>\n<p><a href=\"https:\/\/www.nsa.smsm.lt\/old\/old\/wp-content\/uploads\/2021\/05\/Kartu_santykiai.pdf\">1 pavyzdys<\/a><br \/>\n<a href=\"https:\/\/www.nsa.smsm.lt\/old\/old\/wp-content\/uploads\/2021\/05\/Kartu_santykiai.pdf\">2 pavyzdys<\/a><\/p>\n<p>\u0160vent\u0117s reik\u0161m\u0117s literat\u016broje<\/p>\n<p><a href=\"https:\/\/www.nsa.smsm.lt\/old\/old\/wp-content\/uploads\/2021\/06\/Sventes_reiksmes.pdf\">1 pavyzdys<\/a><\/p>\n<p>        <\/p><\/div>    <\/div><\/div><div class=\"panel panel-default\">    <div class=\"panel-heading\" role=\"tab\" id=\"heading_citem_6a78-b347\">        <h4 class=\"panel-title\"><a class=\"accordion-toggle collapsed\" data-toggle=\"collapse\" aria-controls=\"heading_citem_6a78-b347\" data-parent=\"#collapse_0774-128d\" href=\"#citem_6a78-b347\">2019 m.<\/a>        <\/h4>    <\/div>    <div id=\"citem_6a78-b347\" class=\"panel-collapse collapse \" role=\"tabpanel\" aria-labelledby=\"heading_citem_6a78-b347\">        <div class=\"panel-body\">\n<p>Ar klaidos padeda tobul\u0117ti?<\/p>\n<p><a href=\"https:\/\/www.nsa.smsm.lt\/old\/old\/wp-content\/uploads\/2021\/02\/8421_Ar_klaidos_1.pdf\">1 pavyzdys<\/a><br \/>\n<a href=\"https:\/\/www.nsa.smsm.lt\/old\/old\/wp-content\/uploads\/2021\/02\/8414_Ar_klaidos_2.pdf\">2 pavyzdys<\/a><\/p>\n<p>Ar kvaileliai b\u016btinai kvaili?<\/p>\n<p><a href=\"https:\/\/www.nsa.smsm.lt\/old\/old\/wp-content\/uploads\/2021\/02\/8415_Ar_kvaileliai_1.pdf\">1 pavyzdys<\/a><br \/>\n<a href=\"https:\/\/www.nsa.smsm.lt\/old\/old\/wp-content\/uploads\/2021\/02\/8416_Ar_kvaileliai_2.pdf\">2 pavyzdys<\/a><\/p>\n<p>Kelion\u0117s prasm\u0117s literat\u016broje<\/p>\n<p><a href=\"https:\/\/www.nsa.smsm.lt\/old\/old\/wp-content\/uploads\/2021\/02\/8419_Keliones_prasmes_1.pdf\">1 pavyzdys<\/a><br \/>\n<a href=\"https:\/\/www.nsa.smsm.lt\/old\/old\/wp-content\/uploads\/2021\/02\/8420_Keliones_prasmes_2.pdf\">2 pavyzdys<\/a><\/p>\n<p>Motinos paveikslas literat\u016broje<\/p>\n<p><a href=\"https:\/\/www.nsa.smsm.lt\/old\/old\/wp-content\/uploads\/2021\/02\/8423_Motinos_paveikslas.pdf\">1 pavyzdys<\/a><\/p>\n<p>        <\/p><\/div>    <\/div><\/div><div class=\"panel panel-default\">    <div class=\"panel-heading\" role=\"tab\" id=\"heading_citem_4648-5892\">        <h4 class=\"panel-title\"><a class=\"accordion-toggle collapsed\" data-toggle=\"collapse\" aria-controls=\"heading_citem_4648-5892\" data-parent=\"#collapse_0774-128d\" href=\"#citem_4648-5892\">2018 m.<\/a>        <\/h4>    <\/div>    <div id=\"citem_4648-5892\" class=\"panel-collapse collapse \" role=\"tabpanel\" aria-labelledby=\"heading_citem_4648-5892\">        <div class=\"panel-body\">\n<p>Gyvyb\u0117s vert\u0117 literat\u016broje<\/p>\n<p><a href=\"https:\/\/www.nsa.smsm.lt\/old\/old\/wp-content\/uploads\/2021\/02\/7826_Gyvybes_verte_1.pdf\">1 pavyzdys<\/a><br \/>\n<a href=\"https:\/\/www.nsa.smsm.lt\/old\/old\/wp-content\/uploads\/2021\/02\/7827_Gyvybes_verte_2.pdf\">2 pavyzdys<\/a><\/p>\n<p>K\u0105 gali vienas \u017emogus?<\/p>\n<p><a href=\"https:\/\/www.nsa.smsm.lt\/old\/old\/wp-content\/uploads\/2021\/02\/7828_Ka_gali_1.pdf\">1 pavyzdys<\/a><br \/>\n<a href=\"https:\/\/www.nsa.smsm.lt\/old\/old\/wp-content\/uploads\/2021\/02\/7829_Ka_gali_2.pdf\">2 pavyzdys<\/a><\/p>\n<p>Susvetim\u0117jimo problema literat\u016broje<\/p>\n<p><a href=\"https:\/\/www.nsa.smsm.lt\/old\/old\/wp-content\/uploads\/2021\/02\/7830_Susvetimejimo_pr_1.pdf\">1 pavyzdys<\/a><br \/>\n<a href=\"https:\/\/www.nsa.smsm.lt\/old\/old\/wp-content\/uploads\/2021\/02\/7892_Susvetimejimo_pr_2_tais.pdf\">2 pavyzdys<\/a><\/p>\n<p>Svarbiau myl\u0117ti ar b\u016bti mylimam?<\/p>\n<p><a href=\"https:\/\/www.nsa.smsm.lt\/old\/old\/wp-content\/uploads\/2021\/02\/7832_Svarbiau_myleti_1.pdf\">1 pavyzdys<\/a><br \/>\n<a href=\"https:\/\/www.nsa.smsm.lt\/old\/old\/wp-content\/uploads\/2021\/02\/7833_Svarbiau_myleti_2.pdf\">2 pavyzdys<\/a><\/p>\n<p>        <\/p><\/div>    <\/div><\/div><div class=\"panel panel-default\">    <div class=\"panel-heading\" role=\"tab\" id=\"heading_citem_9d88-2080\">        <h4 class=\"panel-title\"><a class=\"accordion-toggle collapsed\" data-toggle=\"collapse\" aria-controls=\"heading_citem_9d88-2080\" data-parent=\"#collapse_0774-128d\" href=\"#citem_9d88-2080\">2017 m.<\/a>        <\/h4>    <\/div>    <div id=\"citem_9d88-2080\" class=\"panel-collapse collapse \" role=\"tabpanel\" aria-labelledby=\"heading_citem_9d88-2080\">        <div class=\"panel-body\">\n<p>Kas \u017emogui teikia ramyb\u0119?<\/p>\n<p><a href=\"https:\/\/www.nsa.smsm.lt\/old\/old\/wp-content\/uploads\/2021\/02\/7293_Kas_zmogui_teikia_ramybe_1.pdf\">1 pavyzdys<\/a><br \/>\n<a href=\"https:\/\/www.nsa.smsm.lt\/old\/old\/wp-content\/uploads\/2021\/02\/7997_Kas_zmogui_teikia_ramybe_2-n.pdf\">2 pavyzdys<\/a><\/p>\n<p>Kod\u0117l \u017emogui svarbi jo kilm\u0117?<\/p>\n<p><a href=\"https:\/\/www.nsa.smsm.lt\/old\/old\/wp-content\/uploads\/2021\/02\/7295_Kodel_zmogui_svarbi_jo_kilme_1.pdf\">1 pavyzdys<\/a><\/p>\n<p>Po\u017ei\u016bris \u012f visuomen\u0117s paribio \u017emog\u0173 lietuvi\u0173 literat\u016broje<\/p>\n<p><a href=\"https:\/\/www.nsa.smsm.lt\/old\/old\/wp-content\/uploads\/2021\/02\/7296_Poziuris_i_paribio_zmones_1.pdf\">1 pavyzdys<\/a><br \/>\n<a href=\"https:\/\/www.nsa.smsm.lt\/old\/old\/wp-content\/uploads\/2021\/02\/7302_Poziuris_i_paribio_zmones_2.pdf\">2 pavyzdys<\/a><\/p>\n<p>Vilnius lietuvi\u0173 literat\u016broje<\/p>\n<p><a href=\"https:\/\/www.nsa.smsm.lt\/old\/old\/wp-content\/uploads\/2021\/02\/7301_Vilnius_lietuviu_literaturoje_1a.pdf\">1 pavyzdys<\/a><\/p>\n<p>Prarastos t\u0117vyn\u0117s ilgesys Lietuvos literat\u016broje (2015 m.)<\/p>\n<p><a href=\"https:\/\/www.nsa.smsm.lt\/old\/old\/wp-content\/uploads\/2021\/02\/7297_Prarastos_tevynes_ilgesys_Lietuvos_literaturoje__2015.pdf\">1 pavyzdys<\/a><\/p>\n<p>        <\/p><\/div>    <\/div><\/div><div class=\"panel panel-default\">    <div class=\"panel-heading\" role=\"tab\" id=\"heading_citem_89b8-84bb\">        <h4 class=\"panel-title\"><a class=\"accordion-toggle collapsed\" data-toggle=\"collapse\" aria-controls=\"heading_citem_89b8-84bb\" data-parent=\"#collapse_0774-128d\" href=\"#citem_89b8-84bb\">2016 m.<\/a>        <\/h4>    <\/div>    <div id=\"citem_89b8-84bb\" class=\"panel-collapse collapse \" role=\"tabpanel\" aria-labelledby=\"heading_citem_89b8-84bb\">        <div class=\"panel-body\">\n<p>Dvaras lietuvi\u0173 literat\u016broje<\/p>\n<p><a href=\"https:\/\/www.nsa.smsm.lt\/old\/old\/wp-content\/uploads\/2021\/02\/6482_Dvaras_lietuviu_literaturoje_1.pdf\">1 pavyzdys<\/a><\/p>\n<p>Gaivali\u0161ka prigimtis lietuvi\u0173 literat\u016broje<\/p>\n<p><a href=\"https:\/\/www.nsa.smsm.lt\/old\/old\/wp-content\/uploads\/2021\/02\/6489_Gaivaliska_prigimtis_1.pdf\">1 pavyzdys<\/a><br \/>\n<a href=\"https:\/\/www.nsa.smsm.lt\/old\/old\/wp-content\/uploads\/2021\/02\/6484_Gaivaliska_prigimtis_2.pdf\">2 pavyzdys<\/a><\/p>\n<p>Kaip suprantamas vyri\u0161kumas?<\/p>\n<p><a href=\"https:\/\/www.nsa.smsm.lt\/old\/old\/wp-content\/uploads\/2021\/02\/6485_Kaip_suprantamas_vyriskumas_1.pdf\">1 pavyzdys<\/a><br \/>\n<a href=\"https:\/\/www.nsa.smsm.lt\/old\/old\/wp-content\/uploads\/2021\/02\/6486_Kaip_suprantamas_vyriskumas_2.pdf\">2 pavyzdys<\/a><\/p>\n<p>Kam \u017emogui duota vaizduot\u0117?<\/p>\n<p><a href=\"https:\/\/www.nsa.smsm.lt\/old\/old\/wp-content\/uploads\/2021\/02\/6488_Kan_zmogui_duota_vaizduote_1.pdf\">1 pavyzdys<\/a><br \/>\n<a href=\"https:\/\/www.nsa.smsm.lt\/old\/old\/wp-content\/uploads\/2021\/02\/6487_Kam_zmogui_duota_vaizduote_2.pdf\">2 pavyzdys<\/a><\/p>\n<p>K\u0105 gali juokas?<\/p>\n<p><a href=\"https:\/\/www.nsa.smsm.lt\/old\/old\/wp-content\/uploads\/2021\/02\/5640_Ka_gali_juokas_1.pdf\">1 pavyzdys<\/a><\/p>\n<p><a href=\"https:\/\/www.nsa.smsm.lt\/old\/old\/wp-content\/uploads\/2021\/02\/5647_Ka_gali_juokas_2.pdf\">2 pavyzdys<\/a><\/p>\n<p><a href=\"https:\/\/www.nsa.smsm.lt\/old\/old\/wp-content\/uploads\/2021\/02\/5653_Ka_gali_juokas_3.pdf\">3 pavyzdys<\/a><\/p>\n<p><a href=\"https:\/\/www.nsa.smsm.lt\/old\/old\/wp-content\/uploads\/2021\/02\/5674_Ka_gali_juokas_4.pdf\">4 pavyzdys<\/a><\/p>\n<p>        <\/p><\/div>    <\/div><\/div><div class=\"panel panel-default\">    <div class=\"panel-heading\" role=\"tab\" id=\"heading_citem_c494-f946\">        <h4 class=\"panel-title\"><a class=\"accordion-toggle collapsed\" data-toggle=\"collapse\" aria-controls=\"heading_citem_c494-f946\" data-parent=\"#collapse_0774-128d\" href=\"#citem_c494-f946\">2015 m.<\/a>        <\/h4>    <\/div>    <div id=\"citem_c494-f946\" class=\"panel-collapse collapse \" role=\"tabpanel\" aria-labelledby=\"heading_citem_c494-f946\">        <div class=\"panel-body\">\n<p>Kaip kei\u010diasi inteligento vaidmuo visuomen\u0117je?<\/p>\n<p><a href=\"https:\/\/www.nsa.smsm.lt\/old\/old\/wp-content\/uploads\/2021\/02\/5641_Kaip_keiciasi_inteligento_vaidmuo_visuomeneje_1.pdf\">1 pavyzdys<\/a><br \/>\n<a href=\"https:\/\/www.nsa.smsm.lt\/old\/old\/wp-content\/uploads\/2021\/02\/5642_Kaip_keiciasi_inteligento_vaidmuo_visuomeneje_2.pdf\">2 pavyzdys<\/a><\/p>\n<p>Prarastos t\u0117vyn\u0117s ilgesys Lietuvos literat\u016broje<\/p>\n<p><a href=\"https:\/\/www.nsa.smsm.lt\/old\/old\/wp-content\/uploads\/2021\/02\/5646_Prarastos_tevynes_ilgesys_1.pdf\">1 pavyzdys<\/a><br \/>\n<a href=\"https:\/\/www.nsa.smsm.lt\/old\/old\/wp-content\/uploads\/2021\/02\/5652_Prarastos_tevynes_ilgesys_2.pdf\">2 pavyzdys<\/a><\/p>\n<p><a href=\"https:\/\/www.nsa.smsm.lt\/old\/old\/wp-content\/uploads\/2021\/02\/7297_Prarastos_tevynes_ilgesys_Lietuvos_literaturoje__2015.pdf\">3 pavyzdys<\/a><\/p>\n<p>Kasdienyb\u0117s gro\u017eio pajauta lietuvi\u0173 literat\u016broje<\/p>\n<p><a href=\"https:\/\/www.nsa.smsm.lt\/old\/old\/wp-content\/uploads\/2021\/02\/5643_Kasdienybes_grozio_pajauta_1.pdf\">1 pavyzdys<\/a><br \/>\n<a href=\"https:\/\/www.nsa.smsm.lt\/old\/old\/wp-content\/uploads\/2021\/02\/5717_Kasdienybes_grozio_pajauta2.pdf\">2 pavyzdys<\/a><\/p>\n<p>        <\/p><\/div>    <\/div><\/div><\/p><\/div>\n","protected":false},"excerpt":{"rendered":"<p>Atkreipiame d\u0117mes\u012f, kad skelbiami ra\u0161iniai n\u0117ra tobuli ir pavyzdiniai &#8211; tai tiesiog \u012fvair\u016bs labai geri ir auk\u0161tesniojo lygio (turinio aspektu) darbai.<\/p>\n","protected":false},"author":1,"featured_media":0,"parent":16892,"menu_order":0,"comment_status":"closed","ping_status":"closed","template":"page-egzaminai.php","meta":{"_acf_changed":false,"footnotes":""},"class_list":["post-18654","page","type-page","status-publish","hentry"],"acf":[],"_links":{"self":[{"href":"https:\/\/www.nsa.smsm.lt\/old\/wp-json\/wp\/v2\/pages\/18654","targetHints":{"allow":["GET"]}}],"collection":[{"href":"https:\/\/www.nsa.smsm.lt\/old\/wp-json\/wp\/v2\/pages"}],"about":[{"href":"https:\/\/www.nsa.smsm.lt\/old\/wp-json\/wp\/v2\/types\/page"}],"author":[{"embeddable":true,"href":"https:\/\/www.nsa.smsm.lt\/old\/wp-json\/wp\/v2\/users\/1"}],"replies":[{"embeddable":true,"href":"https:\/\/www.nsa.smsm.lt\/old\/wp-json\/wp\/v2\/comments?post=18654"}],"version-history":[{"count":0,"href":"https:\/\/www.nsa.smsm.lt\/old\/wp-json\/wp\/v2\/pages\/18654\/revisions"}],"up":[{"embeddable":true,"href":"https:\/\/www.nsa.smsm.lt\/old\/wp-json\/wp\/v2\/pages\/16892"}],"wp:attachment":[{"href":"https:\/\/www.nsa.smsm.lt\/old\/wp-json\/wp\/v2\/media?parent=18654"}],"curies":[{"name":"wp","href":"https:\/\/api.w.org\/{rel}","templated":true}]}}