{"id":18620,"date":"2022-10-11T19:41:47","date_gmt":"2022-10-11T17:41:47","guid":{"rendered":"https:\/\/www.nsa.smsm.lt\/old\/?page_id=18620"},"modified":"2023-01-11T23:35:23","modified_gmt":"2023-01-11T21:35:23","slug":"mokymo-priemoniu-sklaidos-skyrius","status":"publish","type":"page","link":"https:\/\/www.nsa.smsm.lt\/old\/ugdymo-turinio-departamentas\/mokymo-priemoniu-sklaida\/mokymo-priemoniu-sklaidos-skyrius\/","title":{"rendered":"Mokymo priemoni\u0173 sklaidos skyrius"},"content":{"rendered":"<p><strong>Skyriaus u\u017edaviniai:<\/strong><\/p>\n<ul>\n<li>analizuoti vadov\u0117li\u0173 ir kit\u0173 mokymo priemoni\u0173 paklaus\u0105 ir pasi\u016bl\u0105;<\/li>\n<li>inicijuoti \u0161vietimo \u012fstaig\u0173 apr\u016bpinim\u0105 mokymo priemon\u0117mis, informacijos ir ry\u0161i\u0173 technologijomis bei kita infrastrukt\u016bra;<\/li>\n<li>organizuoti ir atlikti vadov\u0117li\u0173 ir kit\u0173 mokymo priemoni\u0173 tinkamumo naudoti ugdymo procese vertinim\u0105;<\/li>\n<li>organizuoti ir koordinuoti mokykl\u0173 informacinio tinklo turinio k\u016brim\u0105, skaitmenini\u0173 mokymo priemoni\u0173 \u012fvairi\u0173 poreiki\u0173 turintiems mokiniams rengim\u0105, paie\u0161k\u0105, sisteminim\u0105, \u012fsigijim\u0105, diegim\u0105, sklaid\u0105, lokalizavim\u0105;<\/li>\n<li>inicijuoti virtuali\u0173 mokymosi aplink\u0173 diegim\u0105, skatinti \u0161vietimo \u012fstaigas diegti informacines technologijas organizacijos procesams valdyti;<\/li>\n<li>teikti informacin\u0119, ekspertin\u0119, konsultacin\u0119 pagalb\u0105 \u0161vietimo subjektams, organizuojantiems ir \u012fgyvendinantiems \u0161vietimo veikl\u0105, susijusi\u0105 su skyriaus veikla;<\/li>\n<li>Lietuvos Respublikos \u0161vietimo, mokslo ir sporto ministerijai \u012fgaliojus, atstovauti jai tarptautin\u0117se organizacijose ar dalyvauti tarptautini\u0173 organizacij\u0173 veikloje, kaupti ir dalintis informacija apie pasaulyje diegiamas pa\u017eangias \u0161vietimo inovacijas ir j\u0173 taikymo praktikas.<\/li>\n<\/ul>\n<p><strong>Skyriaus funkcijos:<\/strong><\/p>\n<ul>\n<li>analizuoja vadov\u0117li\u0173 paklaus\u0105, pasi\u016bl\u0105 ir rengia ap\u017evalgas \u0161vietimo bendruomenei;<\/li>\n<li>analizuoja mokymo priemoni\u0173 paklaus\u0105, pasi\u016bl\u0105 ir rengia ap\u017evalgas \u0161vietimo bendruomenei;<\/li>\n<li>inicijuoja mokykl\u0173 apr\u016bpinim\u0105 tr\u016bkstamais vadov\u0117liais, kuri\u0173 fiziniai ar juridiniai asmenys, susij\u0119 su vadov\u0117li\u0173 rengimu ir leidyba, nerengia d\u0117l per ma\u017eo tira\u017eo;<\/li>\n<li>inicijuoja mokykl\u0173 apr\u016bpinim\u0105 mokymo priemon\u0117mis ir informacini\u0173 ir komunikacini\u0173 technologij\u0173 \u012franga;<\/li>\n<li>organizuoja vadov\u0117li\u0173 turinio vertinimo paslaug\u0173 pirkim\u0105, vertintoj\u0173 atrank\u0105 ir j\u0173 mokymus;<\/li>\n<li>skelbia informacij\u0105 apie \u012fvertintus vadov\u0117lius Bendrojo ugdymo dalyk\u0173 vadov\u0117li\u0173 duomen\u0173 baz\u0117je;<\/li>\n<li>teikia si\u016blymus Lietuvos Respublikos \u0161vietimo, mokslo ir sporto ministerijai d\u0117l vadov\u0117li\u0173 vertinimo proceso tobulinimo;<\/li>\n<li>organizuoja ir koordinuoja skaitmenini\u0173 mokymo priemoni\u0173 paie\u0161k\u0105, rengim\u0105, sisteminim\u0105, \u012fsigijim\u0105, diegim\u0105, sklaid\u0105, lokalizavim\u0105;<\/li>\n<li>u\u017etikrina Agent\u016bros \u012fgyvendinam\u0173 projekt\u0173 metu sukurt\u0173 skaitmenini\u0173 mokymo priemoni\u0173 prie\u017ei\u016br\u0105 ir renka informacij\u0105 apie j\u0173 naudojim\u0105;<\/li>\n<li>rengia rekomendacijas d\u0117l virtuali\u0173 aplink\u0173 ir kit\u0173 informacini\u0173 technologij\u0173 organizacijos procesams valdyti taikymo ir diegimo;<\/li>\n<li>renka ir skelbia naujienas, informacij\u0105 apie renginius, projektus, ugdymo turinio naujoves, susijusias su departamento veikla;<\/li>\n<li>renka, analizuoja ir skleid\u017eia gerosios pedagogin\u0117s, edukacin\u0117s patirties ir metodin\u0117s veiklos med\u017eiag\u0105;<\/li>\n<li>organizuoja renginius skaitmenin\u0117ms ir kitoms mokymo priemon\u0117ms pristatyti;<\/li>\n<li>konsultuoja su vadov\u0117li\u0173 ir mokymo priemoni\u0173 rengimu, leidyba ir platinimu susijusius fizinius ir juridinius asmenis;<\/li>\n<li>administruoja \u0160vietimo portalo, Ugdymo turinio ir kitas informacines sistemas, susijusias su Departamento veikla;<\/li>\n<li>skelbia\u00a0Europos mokykl\u0173 tinklo naujienas ir naujienlai\u0161kius, elektronini\u0173 leidini\u0173 publikacijas, dalyvauja tinklo renginiuose;<\/li>\n<li>rengia ir (ar) \u012fgyvendina skyriaus funkcijoms vykdyti reikalingas \u0161vietimo \u012fstaig\u0173 darbuotoj\u0173 kvalifikacijos tobulinimo programas.<\/li>\n<\/ul>\n","protected":false},"excerpt":{"rendered":"<p>Skyriaus u\u017edaviniai: analizuoti vadov\u0117li\u0173 ir kit\u0173 mokymo priemoni\u0173 paklaus\u0105 ir pasi\u016bl\u0105; inicijuoti \u0161vietimo \u012fstaig\u0173 apr\u016bpinim\u0105 mokymo priemon\u0117mis, informacijos ir ry\u0161i\u0173 technologijomis bei kita infrastrukt\u016bra; organizuoti ir atlikti vadov\u0117li\u0173 ir kit\u0173 mokymo priemoni\u0173 tinkamumo naudoti ugdymo procese vertinim\u0105; organizuoti ir koordinuoti&nbsp;<a href=\"https:\/\/www.nsa.smsm.lt\/old\/ugdymo-turinio-departamentas\/mokymo-priemoniu-sklaida\/mokymo-priemoniu-sklaidos-skyrius\/\" class=\"placiau\">Pla\u010diau <i class=\"fa fa-caret-right\"><\/i><\/a><\/p>\n","protected":false},"author":1,"featured_media":0,"parent":10276,"menu_order":0,"comment_status":"closed","ping_status":"closed","template":"","meta":{"_acf_changed":false,"footnotes":""},"class_list":["post-18620","page","type-page","status-publish","hentry"],"acf":[],"_links":{"self":[{"href":"https:\/\/www.nsa.smsm.lt\/old\/wp-json\/wp\/v2\/pages\/18620","targetHints":{"allow":["GET"]}}],"collection":[{"href":"https:\/\/www.nsa.smsm.lt\/old\/wp-json\/wp\/v2\/pages"}],"about":[{"href":"https:\/\/www.nsa.smsm.lt\/old\/wp-json\/wp\/v2\/types\/page"}],"author":[{"embeddable":true,"href":"https:\/\/www.nsa.smsm.lt\/old\/wp-json\/wp\/v2\/users\/1"}],"replies":[{"embeddable":true,"href":"https:\/\/www.nsa.smsm.lt\/old\/wp-json\/wp\/v2\/comments?post=18620"}],"version-history":[{"count":0,"href":"https:\/\/www.nsa.smsm.lt\/old\/wp-json\/wp\/v2\/pages\/18620\/revisions"}],"up":[{"embeddable":true,"href":"https:\/\/www.nsa.smsm.lt\/old\/wp-json\/wp\/v2\/pages\/10276"}],"wp:attachment":[{"href":"https:\/\/www.nsa.smsm.lt\/old\/wp-json\/wp\/v2\/media?parent=18620"}],"curies":[{"name":"wp","href":"https:\/\/api.w.org\/{rel}","templated":true}]}}