{"id":18617,"date":"2022-09-11T19:39:34","date_gmt":"2022-09-11T17:39:34","guid":{"rendered":"https:\/\/www.nsa.smsm.lt\/old\/?page_id=18617"},"modified":"2023-01-11T23:35:31","modified_gmt":"2023-01-11T21:35:31","slug":"metodine-medziaga","status":"publish","type":"page","link":"https:\/\/www.nsa.smsm.lt\/old\/ugdymo-turinio-departamentas\/mokymo-priemoniu-sklaida\/metodine-medziaga\/","title":{"rendered":"Metodin\u0117 med\u017eiaga"},"content":{"rendered":"<p>Metodin\u0117 med\u017eiaga: mokytojui skirta med\u017eiaga, kurioje rekomenduojama tam tikra dalyko metodika, mokymo temos, u\u017edaviniai, mokomoji veikla, med\u017eiaga ir priemon\u0117s, \u012fsivertinimo ir vertinimo b\u016bdai bei darbo organizavimo formos <a href=\"https:\/\/sodas.ugdome.lt\/metodine-medziaga\"><i class=\"fa fa-chevron-circle-right \" ><\/i><\/a><\/p>\n","protected":false},"excerpt":{"rendered":"<p>Metodin\u0117 med\u017eiaga: mokytojui skirta med\u017eiaga, kurioje rekomenduojama tam tikra dalyko metodika, mokymo temos, u\u017edaviniai, mokomoji veikla, med\u017eiaga ir priemon\u0117s, \u012fsivertinimo ir vertinimo b\u016bdai bei darbo organizavimo formos<\/p>\n","protected":false},"author":1,"featured_media":0,"parent":10276,"menu_order":0,"comment_status":"closed","ping_status":"closed","template":"","meta":{"_acf_changed":false,"footnotes":""},"class_list":["post-18617","page","type-page","status-publish","hentry"],"acf":[],"_links":{"self":[{"href":"https:\/\/www.nsa.smsm.lt\/old\/wp-json\/wp\/v2\/pages\/18617","targetHints":{"allow":["GET"]}}],"collection":[{"href":"https:\/\/www.nsa.smsm.lt\/old\/wp-json\/wp\/v2\/pages"}],"about":[{"href":"https:\/\/www.nsa.smsm.lt\/old\/wp-json\/wp\/v2\/types\/page"}],"author":[{"embeddable":true,"href":"https:\/\/www.nsa.smsm.lt\/old\/wp-json\/wp\/v2\/users\/1"}],"replies":[{"embeddable":true,"href":"https:\/\/www.nsa.smsm.lt\/old\/wp-json\/wp\/v2\/comments?post=18617"}],"version-history":[{"count":0,"href":"https:\/\/www.nsa.smsm.lt\/old\/wp-json\/wp\/v2\/pages\/18617\/revisions"}],"up":[{"embeddable":true,"href":"https:\/\/www.nsa.smsm.lt\/old\/wp-json\/wp\/v2\/pages\/10276"}],"wp:attachment":[{"href":"https:\/\/www.nsa.smsm.lt\/old\/wp-json\/wp\/v2\/media?parent=18617"}],"curies":[{"name":"wp","href":"https:\/\/api.w.org\/{rel}","templated":true}]}}