{"id":17375,"date":"2025-07-28T07:56:16","date_gmt":"2025-07-28T05:56:16","guid":{"rendered":"https:\/\/www.nsa.smsm.lt\/old\/?page_id=17375"},"modified":"2025-07-28T19:11:28","modified_gmt":"2025-07-28T17:11:28","slug":"vertintoju-sarasai","status":"publish","type":"page","link":"https:\/\/www.nsa.smsm.lt\/old\/istaigu-vertinimas\/bendrojo-ugdymo-mokyklu-isorinis-vertinimas\/vertintoju-sarasai\/","title":{"rendered":"Vertintoj\u0173 s\u0105ra\u0161ai"},"content":{"rendered":"<p>Mokykl\u0173, vykdan\u010di\u0173 bendrojo ugdymo programas, veiklos i\u0161orinio vertinimo vertintoj\u0173 s\u0105ra\u0161as<\/p>\n<table class=\"table table-responsive\" width=\"100%\">\n<tbody>\n<tr>\n<td style=\"text-align: center;\" width=\"66\"><strong>Eil.<br \/>\nNr.<\/strong><\/td>\n<td style=\"text-align: center;\" width=\"439\"><strong>Vardas, pavard\u0117<\/strong><\/td>\n<td style=\"text-align: center;\" width=\"138\"><strong>Vertintojo kodas<\/strong><\/td>\n<\/tr>\n<tr>\n<td width=\"66\">1.<\/td>\n<td width=\"439\">Jurgita Abl\u0117n\u0117<\/td>\n<td width=\"138\">703<\/td>\n<\/tr>\n<tr>\n<td width=\"66\">2.<\/td>\n<td width=\"439\">Jolita Abra\u0161kevi\u010dien\u0117<\/td>\n<td width=\"138\">784<\/td>\n<\/tr>\n<tr>\n<td width=\"66\">3.<\/td>\n<td width=\"439\">Jolanta Andriu\u0161kevi\u010dien\u0117<\/td>\n<td width=\"138\">632<\/td>\n<\/tr>\n<tr>\n<td width=\"66\">4.<\/td>\n<td width=\"439\">Vida Armonait\u0117<\/td>\n<td width=\"138\">652<\/td>\n<\/tr>\n<tr>\n<td width=\"66\">5.<\/td>\n<td width=\"439\">Laima Auglien\u0117<\/td>\n<td width=\"138\">826<\/td>\n<\/tr>\n<tr>\n<td width=\"66\">6.<\/td>\n<td width=\"439\">Birut\u0117 Augustinavi\u010di\u016bt\u0117<\/td>\n<td width=\"138\">785<\/td>\n<\/tr>\n<tr>\n<td width=\"66\">7.<\/td>\n<td width=\"439\">Ilmant\u0117 Bagdon\u0117<\/td>\n<td width=\"138\">629<\/td>\n<\/tr>\n<tr>\n<td width=\"66\">8.<\/td>\n<td width=\"439\">Ramun\u0117\u00a0 Bal\u010diuvien\u0117<\/td>\n<td width=\"138\">786<\/td>\n<\/tr>\n<tr>\n<td width=\"66\">9.<\/td>\n<td width=\"439\">Rimtas Baltu\u0161is<\/td>\n<td width=\"138\">765<\/td>\n<\/tr>\n<tr>\n<td width=\"66\">10.<\/td>\n<td width=\"439\">Edita Bartkien\u0117<\/td>\n<td width=\"138\">557<\/td>\n<\/tr>\n<tr>\n<td width=\"66\">11.<\/td>\n<td width=\"439\">Jurga Burneikien\u0117<\/td>\n<td width=\"138\">853<\/td>\n<\/tr>\n<tr>\n<td width=\"66\">12.<\/td>\n<td width=\"439\">Danut\u0117 \u010casien\u0117<\/td>\n<td width=\"138\">751<\/td>\n<\/tr>\n<tr>\n<td width=\"66\">13.<\/td>\n<td width=\"439\">Art\u016bras \u010cepulis<\/td>\n<td width=\"138\">801<\/td>\n<\/tr>\n<tr>\n<td width=\"66\">14.<\/td>\n<td width=\"439\">Daiva Dabrilien\u0117<\/td>\n<td width=\"138\">827<\/td>\n<\/tr>\n<tr>\n<td width=\"66\">15.<\/td>\n<td width=\"439\">Violeta Dapkevi\u010dien\u0117<\/td>\n<td width=\"138\">740<\/td>\n<\/tr>\n<tr>\n<td width=\"66\">16.<\/td>\n<td width=\"439\">Irena Daubarien\u0117<\/td>\n<td width=\"138\">855<\/td>\n<\/tr>\n<tr>\n<td width=\"66\">17.<\/td>\n<td width=\"439\">Sandra Daukantien\u0117<\/td>\n<td width=\"138\">829<\/td>\n<\/tr>\n<tr>\n<td width=\"66\">18.<\/td>\n<td width=\"439\">Irma Dauk\u0161ien\u0117<\/td>\n<td width=\"138\">803<\/td>\n<\/tr>\n<tr>\n<td width=\"66\">19.<\/td>\n<td width=\"439\">Edita Dilien\u0117<\/td>\n<td width=\"138\">633<\/td>\n<\/tr>\n<tr>\n<td width=\"66\">20.<\/td>\n<td width=\"439\">Au\u0161ra Dulevi\u010di\u016bt\u0117<\/td>\n<td width=\"138\">667<\/td>\n<\/tr>\n<tr>\n<td width=\"66\">21.<\/td>\n<td width=\"439\">Alma Finag\u0117jevien\u0117<\/td>\n<td width=\"138\">717<\/td>\n<\/tr>\n<tr>\n<td width=\"66\">22.<\/td>\n<td width=\"439\">Daiva Gabietait\u0117<\/td>\n<td width=\"138\">718<\/td>\n<\/tr>\n<tr>\n<td width=\"66\">23.<\/td>\n<td width=\"439\">Loreta Garozien\u0117<\/td>\n<td width=\"138\">769<\/td>\n<\/tr>\n<tr>\n<td width=\"66\">24.<\/td>\n<td width=\"439\">Asta Gasi\u016bnien\u0117<\/td>\n<td width=\"138\">705<\/td>\n<\/tr>\n<tr>\n<td width=\"66\">25.<\/td>\n<td width=\"439\">Gra\u017eina Ge\u010dien\u0117<\/td>\n<td width=\"138\">655<\/td>\n<\/tr>\n<tr>\n<td width=\"66\">26.<\/td>\n<td width=\"439\">Audron\u0117 Gel\u017einien\u0117<\/td>\n<td width=\"138\">830<\/td>\n<\/tr>\n<tr>\n<td width=\"66\">27.<\/td>\n<td width=\"439\">Violeta Gendvilien\u0117<\/td>\n<td width=\"138\">719<\/td>\n<\/tr>\n<tr>\n<td width=\"66\">28.<\/td>\n<td width=\"439\">Virginija Giedraitien\u0117<\/td>\n<td width=\"138\">597<\/td>\n<\/tr>\n<tr>\n<td width=\"66\">29.<\/td>\n<td width=\"439\">Lijana Giedraitien\u0117<\/td>\n<td width=\"138\">560<\/td>\n<\/tr>\n<tr>\n<td width=\"66\">30.<\/td>\n<td width=\"439\">Au\u0161ra Glebauskien\u0117<\/td>\n<td width=\"138\">857<\/td>\n<\/tr>\n<tr>\n<td width=\"66\">31.<\/td>\n<td width=\"439\">Diana Gribauskien\u0117<\/td>\n<td width=\"138\">687<\/td>\n<\/tr>\n<tr>\n<td width=\"66\">32.<\/td>\n<td width=\"439\">Kristina Grigait\u0117-Bli\u016bmien\u0117<\/td>\n<td width=\"138\">831<\/td>\n<\/tr>\n<tr>\n<td width=\"66\">33.<\/td>\n<td width=\"439\">Akvil\u0117 Grigien\u0117<\/td>\n<td width=\"138\">791<\/td>\n<\/tr>\n<tr>\n<td width=\"66\">34.<\/td>\n<td width=\"439\">Dalia Grinevi\u010di\u016bt\u0117<\/td>\n<td width=\"138\">707<\/td>\n<\/tr>\n<tr>\n<td width=\"66\">35.<\/td>\n<td width=\"439\">Loreta Grochauskien\u0117<\/td>\n<td width=\"138\">668<\/td>\n<\/tr>\n<tr>\n<td width=\"66\">36.<\/td>\n<td width=\"439\">Jolanta Gulbinien\u0117<\/td>\n<td width=\"138\">721<\/td>\n<\/tr>\n<tr>\n<td width=\"66\">37.<\/td>\n<td width=\"439\">Giedr\u0117 Guzavi\u010dien\u0117<\/td>\n<td width=\"138\">832<\/td>\n<\/tr>\n<tr>\n<td width=\"66\">38.<\/td>\n<td width=\"439\">Jovita Ivanauskien\u0117<\/td>\n<td width=\"138\">834<\/td>\n<\/tr>\n<tr>\n<td width=\"66\">39.<\/td>\n<td width=\"439\">Janina Iva\u0161auskien\u0117<\/td>\n<td width=\"138\">825<\/td>\n<\/tr>\n<tr>\n<td width=\"66\">40.<\/td>\n<td width=\"439\">Vega Vida Janavi\u010d\u0117<\/td>\n<td width=\"138\">657<\/td>\n<\/tr>\n<tr>\n<td width=\"66\">41.<\/td>\n<td width=\"439\">Linas Ja\u0161inauskas<\/td>\n<td width=\"138\">561<\/td>\n<\/tr>\n<tr>\n<td width=\"66\">42.<\/td>\n<td width=\"439\">Arvydas Judickas<\/td>\n<td width=\"138\">617<\/td>\n<\/tr>\n<tr>\n<td width=\"66\">42.<\/td>\n<td width=\"439\">Virginija Juknien\u0117<\/td>\n<td width=\"138\">792<\/td>\n<\/tr>\n<tr>\n<td width=\"66\">43.<\/td>\n<td width=\"439\">Vilma Juozapavi\u010di\u016bt\u0117-Kuprien\u0117<\/td>\n<td width=\"138\">793<\/td>\n<\/tr>\n<tr>\n<td width=\"66\">44.<\/td>\n<td width=\"439\">Danut\u0117 Ju\u0161kien\u0117<\/td>\n<td width=\"138\">833<\/td>\n<\/tr>\n<tr>\n<td width=\"66\">45.<\/td>\n<td width=\"439\">Loreta Ka\u010diu\u0161yt\u0117-Skramtai<\/td>\n<td width=\"138\">651<\/td>\n<\/tr>\n<tr>\n<td width=\"66\">46.<\/td>\n<td width=\"439\">Ramun\u0117 Kaminskien\u0117<\/td>\n<td width=\"138\">598<\/td>\n<\/tr>\n<tr>\n<td width=\"66\">47.<\/td>\n<td width=\"439\">Darius Kapl\u016bnas<\/td>\n<td width=\"138\">807<\/td>\n<\/tr>\n<tr>\n<td width=\"66\">48.<\/td>\n<td width=\"439\">Deimant\u0117 Karal\u0117<\/td>\n<td width=\"138\">599<\/td>\n<\/tr>\n<tr>\n<td width=\"66\">49.<\/td>\n<td width=\"439\">Oksana Karoblien\u0117<\/td>\n<td width=\"138\">835<\/td>\n<\/tr>\n<tr>\n<td width=\"66\">50.<\/td>\n<td width=\"439\">Au\u0161ra Kli\u016b\u010diuvien\u0117<\/td>\n<td width=\"138\">858<\/td>\n<\/tr>\n<tr>\n<td width=\"66\">51.<\/td>\n<td width=\"439\">Giedr\u0117 Kmitien\u0117<\/td>\n<td width=\"138\">836<\/td>\n<\/tr>\n<tr>\n<td width=\"66\">52.<\/td>\n<td width=\"439\">J\u016brat\u0117 Kok\u0161tait\u0117<\/td>\n<td width=\"138\">859<\/td>\n<\/tr>\n<tr>\n<td width=\"66\">53.<\/td>\n<td width=\"439\">Rytis Komi\u010dius<\/td>\n<td width=\"138\">860<\/td>\n<\/tr>\n<tr>\n<td width=\"66\">54.<\/td>\n<td width=\"439\">Irma Kriau\u010deli\u016bnien\u0117<\/td>\n<td width=\"138\">563<\/td>\n<\/tr>\n<tr>\n<td width=\"66\">55.<\/td>\n<td width=\"439\">Gitana Kruopien\u0117<\/td>\n<td width=\"138\">837<\/td>\n<\/tr>\n<tr>\n<td width=\"66\">56.<\/td>\n<td width=\"439\">Ligita Kukanauzien\u0117<\/td>\n<td width=\"138\">650<\/td>\n<\/tr>\n<tr>\n<td width=\"66\">57.<\/td>\n<td width=\"439\">Aurelija Kunigelien\u0117<\/td>\n<td width=\"138\">861<\/td>\n<\/tr>\n<tr>\n<td width=\"66\">58.<\/td>\n<td width=\"439\">Inga Kurlavi\u010dien\u0117<\/td>\n<td width=\"138\">669<\/td>\n<\/tr>\n<tr>\n<td width=\"66\">59.<\/td>\n<td width=\"439\">Jolanta Kvedarien\u0117<\/td>\n<td width=\"138\">636<\/td>\n<\/tr>\n<tr>\n<td width=\"66\">60.<\/td>\n<td width=\"439\">Astra Ladukait\u0117<\/td>\n<td width=\"138\">754<\/td>\n<\/tr>\n<tr>\n<td width=\"66\">61.<\/td>\n<td width=\"439\">Rasa Lazauskien\u0117<\/td>\n<td width=\"138\">709<\/td>\n<\/tr>\n<tr>\n<td width=\"66\">62.<\/td>\n<td width=\"439\">Sonata La\u017eauninkien\u0117<\/td>\n<td width=\"138\">670<\/td>\n<\/tr>\n<tr>\n<td width=\"66\">63.<\/td>\n<td width=\"439\">Jolanta Lembertien\u0117<\/td>\n<td width=\"138\">771<\/td>\n<\/tr>\n<tr>\n<td width=\"66\">64.<\/td>\n<td width=\"439\">Daiva Leonavi\u010dien\u0117<\/td>\n<td width=\"138\">838<\/td>\n<\/tr>\n<tr>\n<td width=\"66\">65.<\/td>\n<td width=\"439\">Irena Leonavi\u010dien\u0117<\/td>\n<td width=\"138\">839<\/td>\n<\/tr>\n<tr>\n<td width=\"66\">66.<\/td>\n<td width=\"439\">Vida Lesauskien\u0117<\/td>\n<td width=\"138\">581<\/td>\n<\/tr>\n<tr>\n<td width=\"66\">67.<\/td>\n<td width=\"439\">Renata Liagien\u0117<\/td>\n<td width=\"138\">619<\/td>\n<\/tr>\n<tr>\n<td width=\"66\">68.<\/td>\n<td width=\"439\">Rasa Lietuvninkien\u0117<\/td>\n<td width=\"138\">863<\/td>\n<\/tr>\n<tr>\n<td width=\"66\">69.<\/td>\n<td width=\"439\">Inga Litvinien\u0117<\/td>\n<td width=\"138\">795<\/td>\n<\/tr>\n<tr>\n<td width=\"66\">70.<\/td>\n<td width=\"439\">Vilija Lukauskien\u0117<\/td>\n<td width=\"138\">601<\/td>\n<\/tr>\n<tr>\n<td width=\"66\">71.<\/td>\n<td width=\"439\">Lina Luko\u0161evi\u010dien\u0117<\/td>\n<td width=\"138\">864<\/td>\n<\/tr>\n<tr>\n<td width=\"66\">72.<\/td>\n<td width=\"439\">Laima Luk\u0161ait\u0117<\/td>\n<td width=\"138\">840<\/td>\n<\/tr>\n<tr>\n<td width=\"66\">73.<\/td>\n<td width=\"439\">Rasa Mac\u0117<\/td>\n<td width=\"138\">603<\/td>\n<\/tr>\n<tr>\n<td width=\"66\">74.<\/td>\n<td width=\"439\">Asta Mal\u010diauskien\u0117<\/td>\n<td width=\"138\">723<\/td>\n<\/tr>\n<tr>\n<td width=\"66\">75.<\/td>\n<td width=\"439\">Kristina Malik\u0117nien\u0117<\/td>\n<td width=\"138\">865<\/td>\n<\/tr>\n<tr>\n<td width=\"66\">76.<\/td>\n<td width=\"439\">Jolita Marcinkevi\u010dien\u0117<\/td>\n<td width=\"138\">658<\/td>\n<\/tr>\n<tr>\n<td width=\"66\">77.<\/td>\n<td width=\"439\">Indr\u0117 Markevi\u010dien\u0117<\/td>\n<td width=\"138\">810<\/td>\n<\/tr>\n<tr>\n<td width=\"66\">78.<\/td>\n<td width=\"439\">Vaida Markevi\u010di\u016bt\u0117<\/td>\n<td width=\"138\">866<\/td>\n<\/tr>\n<tr>\n<td width=\"66\">79.<\/td>\n<td width=\"439\">Danguol\u0117 Marmien\u0117<\/td>\n<td width=\"138\">772<\/td>\n<\/tr>\n<tr>\n<td width=\"66\">80.<\/td>\n<td width=\"439\">Asta Martinkien\u0117<\/td>\n<td width=\"138\">724<\/td>\n<\/tr>\n<tr>\n<td width=\"66\">81.<\/td>\n<td width=\"439\">Rasyt\u0117 Matulevi\u010dien\u0117<\/td>\n<td width=\"138\">755<\/td>\n<\/tr>\n<tr>\n<td width=\"66\">82.<\/td>\n<td width=\"439\">Dovydas Mikali\u016bnas<\/td>\n<td width=\"138\">841<\/td>\n<\/tr>\n<tr>\n<td width=\"66\">83.<\/td>\n<td width=\"439\">Elinga Mikul\u0117nien\u0117<\/td>\n<td width=\"138\">811<\/td>\n<\/tr>\n<tr>\n<td width=\"66\">84.<\/td>\n<td width=\"439\">Violeta Motiej\u016bnien\u0117<\/td>\n<td width=\"138\">756<\/td>\n<\/tr>\n<tr>\n<td width=\"66\">85.<\/td>\n<td width=\"439\">Gileta Naujokien\u0117<\/td>\n<td width=\"138\">842<\/td>\n<\/tr>\n<tr>\n<td width=\"66\">86.<\/td>\n<td width=\"439\">Edita Navickien\u0117<\/td>\n<td width=\"138\">710<\/td>\n<\/tr>\n<tr>\n<td width=\"66\">87.<\/td>\n<td width=\"439\">Inga Navickien\u0117<\/td>\n<td width=\"138\">605<\/td>\n<\/tr>\n<tr>\n<td width=\"66\">88.<\/td>\n<td width=\"439\">Virginija Emilija Navickien\u0117<\/td>\n<td width=\"138\">584<\/td>\n<\/tr>\n<tr>\n<td width=\"66\">89.<\/td>\n<td width=\"439\">Daiva Nork\u016bnien\u0117<\/td>\n<td width=\"138\">623<\/td>\n<\/tr>\n<tr>\n<td width=\"66\">90.<\/td>\n<td width=\"439\">Vilma Orlovien\u0117<\/td>\n<td width=\"138\">566<\/td>\n<\/tr>\n<tr>\n<td width=\"66\">91.<\/td>\n<td width=\"439\">J\u016brat\u0117 Pauliukien\u0117<\/td>\n<td width=\"138\">639<\/td>\n<\/tr>\n<tr>\n<td width=\"66\">92.<\/td>\n<td width=\"439\">Margarita Pavilionien\u0117<\/td>\n<td width=\"138\">747<\/td>\n<\/tr>\n<tr>\n<td width=\"66\">93.<\/td>\n<td width=\"439\">Renata Pavlavi\u010dien\u0117<\/td>\n<td width=\"138\">730<\/td>\n<\/tr>\n<tr>\n<td width=\"66\">94.<\/td>\n<td width=\"439\">Danguol\u0117 Petkien\u0117<\/td>\n<td width=\"138\">663<\/td>\n<\/tr>\n<tr>\n<td width=\"66\">95.<\/td>\n<td width=\"439\">Vilma Petrulevi\u010dien\u0117<\/td>\n<td width=\"138\">683<\/td>\n<\/tr>\n<tr>\n<td width=\"66\">96.<\/td>\n<td width=\"439\">Nikolaj Petunov<\/td>\n<td width=\"138\">711<\/td>\n<\/tr>\n<tr>\n<td width=\"66\">97.<\/td>\n<td width=\"439\">\u017dydr\u016bn\u0117 Pilkauskien\u0117<\/td>\n<td width=\"138\">757<\/td>\n<\/tr>\n<tr>\n<td width=\"66\">98.<\/td>\n<td width=\"439\">Loreta Pociuvien\u0117<\/td>\n<td width=\"138\">691<\/td>\n<\/tr>\n<tr>\n<td width=\"66\">99.<\/td>\n<td width=\"439\">Vilija Pri\u017egintien\u0117<\/td>\n<td width=\"138\">731<\/td>\n<\/tr>\n<tr>\n<td width=\"66\">100.<\/td>\n<td width=\"439\">Solveiga Pui\u0161ien\u0117<\/td>\n<td width=\"138\">813<\/td>\n<\/tr>\n<tr>\n<td width=\"66\">101.<\/td>\n<td width=\"439\">Kristina Pu\u0161novien\u0117<\/td>\n<td width=\"138\">568<\/td>\n<\/tr>\n<tr>\n<td width=\"66\">102.<\/td>\n<td width=\"439\">Jurgita Ra\u010dkauskien\u0117<\/td>\n<td width=\"138\">759<\/td>\n<\/tr>\n<tr>\n<td width=\"66\">103.<\/td>\n<td width=\"439\">Olga Ramenskaja<\/td>\n<td width=\"138\">867<\/td>\n<\/tr>\n<tr>\n<td width=\"66\">104.<\/td>\n<td width=\"439\">Alma Ramo\u0161kait\u0117<\/td>\n<td width=\"138\">575<\/td>\n<\/tr>\n<tr>\n<td width=\"66\">105.<\/td>\n<td width=\"439\">Anel\u0117 Raugien\u0117<\/td>\n<td width=\"138\">733<\/td>\n<\/tr>\n<tr>\n<td width=\"66\">106.<\/td>\n<td width=\"439\">Algirdas K\u0119stutis Rimkus<\/td>\n<td width=\"138\">735<\/td>\n<\/tr>\n<tr>\n<td width=\"66\">107.<\/td>\n<td width=\"439\">Daiva Rindzevi\u010dien\u0117<\/td>\n<td width=\"138\">734<\/td>\n<\/tr>\n<tr>\n<td width=\"66\">108.<\/td>\n<td width=\"439\">Rita Sadovskien\u0117<\/td>\n<td width=\"138\">868<\/td>\n<\/tr>\n<tr>\n<td width=\"66\">109.<\/td>\n<td width=\"439\">Asta Sakalien\u0117<\/td>\n<td width=\"138\">815<\/td>\n<\/tr>\n<tr>\n<td width=\"66\">110.<\/td>\n<td width=\"439\">Daiva Saplinskien\u0117<\/td>\n<td width=\"138\">844<\/td>\n<\/tr>\n<tr>\n<td width=\"66\">111.<\/td>\n<td width=\"439\">Olivija Saranien\u0117<\/td>\n<td width=\"138\">713<\/td>\n<\/tr>\n<tr>\n<td width=\"66\">112.<\/td>\n<td width=\"439\">Loret\u0117 Sarapinien\u0117<\/td>\n<td width=\"138\">845<\/td>\n<\/tr>\n<tr>\n<td width=\"66\">113.<\/td>\n<td width=\"439\">Jurgita Schroeder<\/td>\n<td width=\"138\">816<\/td>\n<\/tr>\n<tr>\n<td width=\"66\">114.<\/td>\n<td width=\"439\">Milda Sinickien\u0117<\/td>\n<td width=\"138\">738<\/td>\n<\/tr>\n<tr>\n<td width=\"66\">115.<\/td>\n<td width=\"439\">Vaidut\u0117 Slavinskien\u0117<\/td>\n<td width=\"138\">869<\/td>\n<\/tr>\n<tr>\n<td width=\"66\">116.<\/td>\n<td width=\"439\">Jolanta Stalemekait\u0117<\/td>\n<td width=\"138\">674<\/td>\n<\/tr>\n<tr>\n<td width=\"66\">117.<\/td>\n<td width=\"439\">Kristina Stankut\u0117-Mat\u0117<\/td>\n<td width=\"138\">870<\/td>\n<\/tr>\n<tr>\n<td width=\"66\">118.<\/td>\n<td width=\"439\">Ramut\u0117 Stasevi\u010dien\u0117<\/td>\n<td width=\"138\">640<\/td>\n<\/tr>\n<tr>\n<td width=\"66\">119.<\/td>\n<td width=\"439\">Vytautas Staugas<\/td>\n<td width=\"138\">609<\/td>\n<\/tr>\n<tr>\n<td width=\"66\">120.<\/td>\n<td width=\"439\">Romualda Stovolos<\/td>\n<td width=\"138\">739<\/td>\n<\/tr>\n<tr>\n<td width=\"66\">121.<\/td>\n<td width=\"439\">Zina Stripeikien\u0117<\/td>\n<td width=\"138\">588<\/td>\n<\/tr>\n<tr>\n<td width=\"66\">122.<\/td>\n<td width=\"439\">Au\u0161ra Su\u010dylien\u0117<\/td>\n<td width=\"138\">591<\/td>\n<\/tr>\n<tr>\n<td width=\"66\">123.<\/td>\n<td width=\"439\">Dalia Survutait\u0117<\/td>\n<td width=\"138\">676<\/td>\n<\/tr>\n<tr>\n<td width=\"66\">124.<\/td>\n<td width=\"439\">Audron\u0117 \u0160arskuvien\u0117<\/td>\n<td width=\"138\">736<\/td>\n<\/tr>\n<tr>\n<td width=\"66\">125.<\/td>\n<td width=\"439\">Agn\u0117 \u0160idlauskait\u0117<\/td>\n<td width=\"138\">846<\/td>\n<\/tr>\n<tr>\n<td width=\"66\">126.<\/td>\n<td width=\"439\">J\u016brat\u0117 Adrija \u0160idlauskien\u0117<\/td>\n<td width=\"138\">592<\/td>\n<\/tr>\n<tr>\n<td width=\"66\">127.<\/td>\n<td width=\"439\">Daiva \u0160ileikien\u0117<\/td>\n<td width=\"138\">871<\/td>\n<\/tr>\n<tr>\n<td width=\"66\">128.<\/td>\n<td width=\"439\">Nijol\u0117 \u0160imkevi\u010dien\u0117<\/td>\n<td width=\"138\">628<\/td>\n<\/tr>\n<tr>\n<td width=\"66\">129.<\/td>\n<td width=\"439\">Sigita \u0160imonien\u0117<\/td>\n<td width=\"138\">641<\/td>\n<\/tr>\n<tr>\n<td width=\"66\">130.<\/td>\n<td width=\"439\">Neringa \u0160irkien\u0117<\/td>\n<td width=\"138\">630<\/td>\n<\/tr>\n<tr>\n<td width=\"66\">131.<\/td>\n<td width=\"439\">Silvija \u0160ukevi\u010dien\u0117<\/td>\n<td width=\"138\">776<\/td>\n<\/tr>\n<tr>\n<td width=\"66\">132.<\/td>\n<td width=\"439\">Vaida \u0160vykien\u0117<\/td>\n<td width=\"138\">872<\/td>\n<\/tr>\n<tr>\n<td width=\"66\">133.<\/td>\n<td width=\"439\">Palmira Talij\u016bnien\u0117<\/td>\n<td width=\"138\">742<\/td>\n<\/tr>\n<tr>\n<td width=\"66\">134.<\/td>\n<td width=\"439\">R\u016bta Tamkevi\u010di\u016bt\u0117<\/td>\n<td width=\"138\">873<\/td>\n<\/tr>\n<tr>\n<td width=\"66\">135.<\/td>\n<td width=\"439\">Ingrida Tamo\u0161auskien\u0117<\/td>\n<td width=\"138\">848<\/td>\n<\/tr>\n<tr>\n<td width=\"66\">136.<\/td>\n<td width=\"439\">Rima Taurozien\u0117<\/td>\n<td width=\"138\">678<\/td>\n<\/tr>\n<tr>\n<td width=\"66\">137.<\/td>\n<td width=\"439\">\u017dydr\u016bnas Tautvydas<\/td>\n<td width=\"138\">679<\/td>\n<\/tr>\n<tr>\n<td width=\"66\">138.<\/td>\n<td width=\"439\">Jurgita Trifeldien\u0117<\/td>\n<td width=\"138\">680<\/td>\n<\/tr>\n<tr>\n<td width=\"66\">139.<\/td>\n<td width=\"439\">Mindaugas Urbonas<\/td>\n<td width=\"138\">874<\/td>\n<\/tr>\n<tr>\n<td width=\"66\">140.<\/td>\n<td width=\"439\">Algirdas Uziala<\/td>\n<td width=\"138\">643<\/td>\n<\/tr>\n<tr>\n<td width=\"66\">141.<\/td>\n<td width=\"439\">Alma Uzn\u0117<\/td>\n<td width=\"138\">762<\/td>\n<\/tr>\n<tr>\n<td width=\"66\">142.<\/td>\n<td width=\"439\">Rita Vaigauskien\u0117<\/td>\n<td width=\"138\">572<\/td>\n<\/tr>\n<tr>\n<td width=\"66\">143.<\/td>\n<td width=\"439\">Virginija Vaitiekien\u0117<\/td>\n<td width=\"138\">744<\/td>\n<\/tr>\n<tr>\n<td width=\"66\">144.<\/td>\n<td width=\"439\">Reda Valan\u010dien\u0117<\/td>\n<td width=\"138\">626<\/td>\n<\/tr>\n<tr>\n<td width=\"66\">145.<\/td>\n<td width=\"439\">Stasys Valan\u010dius<\/td>\n<td width=\"138\">745<\/td>\n<\/tr>\n<tr>\n<td width=\"66\">146.<\/td>\n<td width=\"439\">Jurgita Valauskien\u0117<\/td>\n<td width=\"138\">631<\/td>\n<\/tr>\n<tr>\n<td width=\"66\">147.<\/td>\n<td width=\"439\">Lina Valiukien\u0117<\/td>\n<td width=\"138\">849<\/td>\n<\/tr>\n<tr>\n<td width=\"66\">148.<\/td>\n<td width=\"439\">Loreta Va\u0161kelyt\u0117-Luko\u0161evi\u010dien\u0117<\/td>\n<td width=\"138\">819<\/td>\n<\/tr>\n<tr>\n<td width=\"66\">149.<\/td>\n<td width=\"439\">Inga Veberien\u0117<\/td>\n<td width=\"138\">850<\/td>\n<\/tr>\n<tr>\n<td width=\"66\">150.<\/td>\n<td width=\"439\">Vida Veliuonien\u0117<\/td>\n<td width=\"138\">695<\/td>\n<\/tr>\n<tr>\n<td width=\"66\">151.<\/td>\n<td width=\"439\">Renata Venckien\u0117<\/td>\n<td width=\"138\">611<\/td>\n<\/tr>\n<tr>\n<td width=\"66\">152.<\/td>\n<td width=\"439\">Saul\u0117 Venck\u016bnien\u0117<\/td>\n<td width=\"138\">573<\/td>\n<\/tr>\n<tr>\n<td width=\"66\">153.<\/td>\n<td width=\"439\">Aist\u0117 Venclovien\u0117<\/td>\n<td width=\"138\">820<\/td>\n<\/tr>\n<tr>\n<td width=\"66\">154.<\/td>\n<td width=\"439\">Daiva Vilk\u0117<\/td>\n<td width=\"138\">746<\/td>\n<\/tr>\n<tr>\n<td width=\"66\">155.<\/td>\n<td width=\"439\">Viktorija Vil\u016bnien\u0117<\/td>\n<td width=\"138\">646<\/td>\n<\/tr>\n<tr>\n<td width=\"66\">156.<\/td>\n<td width=\"439\">Ligita Visockien\u0117<\/td>\n<td width=\"138\">822<\/td>\n<\/tr>\n<tr>\n<td width=\"66\">157.<\/td>\n<td width=\"439\">Nijol\u0117 Zabukien\u0117<\/td>\n<td width=\"138\">781<\/td>\n<\/tr>\n<tr>\n<td width=\"66\">158.<\/td>\n<td width=\"439\">Rimvydas Zailskas<\/td>\n<td width=\"138\">748<\/td>\n<\/tr>\n<tr>\n<td width=\"66\">159.<\/td>\n<td width=\"439\">Danguol\u0117 Zalep\u016bgien\u0117<\/td>\n<td width=\"138\">612<\/td>\n<\/tr>\n<tr>\n<td width=\"66\">160.<\/td>\n<td width=\"439\">Aurelija Zavadskien\u0117<\/td>\n<td width=\"138\">875<\/td>\n<\/tr>\n<tr>\n<td width=\"66\">161.<\/td>\n<td width=\"439\">Lina Zubauskien\u0117<\/td>\n<td width=\"138\">824<\/td>\n<\/tr>\n<tr>\n<td width=\"66\">162.<\/td>\n<td width=\"439\">Kristina \u017daltauskien\u0117<\/td>\n<td width=\"138\">647<\/td>\n<\/tr>\n<tr>\n<td width=\"66\">163.<\/td>\n<td width=\"439\">Virgilijus \u017dilinskas<\/td>\n<td width=\"138\">764<\/td>\n<\/tr>\n<tr>\n<td width=\"66\">164.<\/td>\n<td width=\"439\">Atena \u017dymantien\u0117<\/td>\n<td width=\"138\">613<\/td>\n<\/tr>\n<tr>\n<td width=\"66\">165.<\/td>\n<td width=\"439\">Joana \u017dvikevi\u010dien\u0117<\/td>\n<td width=\"138\">702<\/td>\n<\/tr>\n<\/tbody>\n<\/table>\n<p>&nbsp;<\/p>\n<p><i class=\"fa fa-file-excel \" ><\/i>\u00a0<a href=\"https:\/\/www.nsa.smsm.lt\/old\/old\/wp-content\/uploads\/2025\/07\/Mokyklu-vykdanciu-bendrojo-ugdymo-programas-veiklos-isorinio-vertinimo-atestuoti-vertintojai-1.xlsx\" target=\"_blank\" rel=\"noopener\">Mokykl\u0173, vykdan\u010di\u0173 bendrojo ugdymo programas, veiklos i\u0161orinio vertinimo atestuoti vertintojai<\/a><\/p>\n","protected":false},"excerpt":{"rendered":"<p>Mokykl\u0173, vykdan\u010di\u0173 bendrojo ugdymo programas, veiklos i\u0161orinio vertinimo vertintoj\u0173 s\u0105ra\u0161as Eil. Nr. Vardas, pavard\u0117 Vertintojo kodas 1. Jurgita Abl\u0117n\u0117 703 2. Jolita Abra\u0161kevi\u010dien\u0117 784 3. Jolanta Andriu\u0161kevi\u010dien\u0117 632 4. Vida Armonait\u0117 652 5. Laima Auglien\u0117 826 6. Birut\u0117 Augustinavi\u010di\u016bt\u0117 785&nbsp;<a href=\"https:\/\/www.nsa.smsm.lt\/old\/istaigu-vertinimas\/bendrojo-ugdymo-mokyklu-isorinis-vertinimas\/vertintoju-sarasai\/\" class=\"placiau\">Pla\u010diau <i class=\"fa fa-caret-right\"><\/i><\/a><\/p>\n","protected":false},"author":1,"featured_media":0,"parent":16838,"menu_order":0,"comment_status":"closed","ping_status":"closed","template":"page-isorinisvertinimas.php","meta":{"_acf_changed":false,"footnotes":""},"class_list":["post-17375","page","type-page","status-publish","hentry"],"acf":[],"_links":{"self":[{"href":"https:\/\/www.nsa.smsm.lt\/old\/wp-json\/wp\/v2\/pages\/17375","targetHints":{"allow":["GET"]}}],"collection":[{"href":"https:\/\/www.nsa.smsm.lt\/old\/wp-json\/wp\/v2\/pages"}],"about":[{"href":"https:\/\/www.nsa.smsm.lt\/old\/wp-json\/wp\/v2\/types\/page"}],"author":[{"embeddable":true,"href":"https:\/\/www.nsa.smsm.lt\/old\/wp-json\/wp\/v2\/users\/1"}],"replies":[{"embeddable":true,"href":"https:\/\/www.nsa.smsm.lt\/old\/wp-json\/wp\/v2\/comments?post=17375"}],"version-history":[{"count":5,"href":"https:\/\/www.nsa.smsm.lt\/old\/wp-json\/wp\/v2\/pages\/17375\/revisions"}],"predecessor-version":[{"id":43958,"href":"https:\/\/www.nsa.smsm.lt\/old\/wp-json\/wp\/v2\/pages\/17375\/revisions\/43958"}],"up":[{"embeddable":true,"href":"https:\/\/www.nsa.smsm.lt\/old\/wp-json\/wp\/v2\/pages\/16838"}],"wp:attachment":[{"href":"https:\/\/www.nsa.smsm.lt\/old\/wp-json\/wp\/v2\/media?parent=17375"}],"curies":[{"name":"wp","href":"https:\/\/api.w.org\/{rel}","templated":true}]}}