{"id":17050,"date":"2025-03-10T07:38:26","date_gmt":"2025-03-10T05:38:26","guid":{"rendered":"https:\/\/www.nsa.smsm.lt\/old\/?page_id=17050"},"modified":"2025-09-22T14:26:35","modified_gmt":"2025-09-22T12:26:35","slug":"statistika","status":"publish","type":"page","link":"https:\/\/www.nsa.smsm.lt\/old\/vadovu-ir-pedagogu-vertinimas\/pretendentu-kompetenciju-vertinimas\/statistika\/","title":{"rendered":"Statistika"},"content":{"rendered":"<p>2024 metai <a href=\"https:\/\/www.nsa.smsm.lt\/old\/wp-content\/uploads\/2025\/03\/2024-m.pdf\"><i class=\"fa fa-file-pdf \" ><\/i><\/a><\/p>\n<p>2023 metai <a href=\"https:\/\/www.nsa.smsm.lt\/old\/wp-content\/uploads\/2024\/05\/2023-m.pdf\"><i class=\"fa fa-file-pdf \" ><\/i><\/a><\/p>\n<p>2022 metai <a href=\"https:\/\/www.nsa.smsm.lt\/old\/wp-content\/uploads\/2024\/05\/2022-m.pdf\"><i class=\"fa fa-file-pdf \" ><\/i><\/a><\/p>\n<p>2021 m. liepos-gruod\u017eio m\u0117n. <a href=\"https:\/\/www.nsa.smsm.lt\/old\/wp-content\/uploads\/2024\/05\/2021-m.-liepa-gruodis.pdf\"><i class=\"fa fa-file-pdf \" ><\/i><\/a><\/p>\n<p>2021 m. sausio-bir\u017eelio m\u0117n. <a href=\"https:\/\/www.nsa.smsm.lt\/old\/wp-content\/uploads\/2024\/05\/2021-m.-sausis-birzelis.pdf\"><i class=\"fa fa-file-pdf \" ><\/i><\/a><\/p>\n<p>2020 metai <a href=\"https:\/\/www.nsa.smsm.lt\/old\/wp-content\/uploads\/2024\/05\/2020-m.pdf\"><i class=\"fa fa-file-pdf \" ><\/i><\/a><\/p>\n<p>2019 metai <a href=\"https:\/\/www.nsa.smsm.lt\/old\/wp-content\/uploads\/2024\/05\/2019-m.pdf\"><i class=\"fa fa-file-pdf \" ><\/i><\/a><\/p>\n<p>2018 metai <a href=\"https:\/\/www.nsa.smsm.lt\/old\/wp-content\/uploads\/2024\/05\/2018-m.pdf\"><i class=\"fa fa-file-pdf \" ><\/i><\/a><\/p>\n<p>2017-2018 m. vasario 6 d. <a href=\"https:\/\/www.nsa.smsm.lt\/old\/wp-content\/uploads\/2024\/05\/2017-2018-vasario-6-d.pdf\"><i class=\"fa fa-file-pdf \" ><\/i><\/a><\/p>\n<p>2015 m. II pusme\u010dio \u2013 2016 metai <a href=\"https:\/\/www.nsa.smsm.lt\/old\/wp-content\/uploads\/2024\/05\/2015-II-pusm-2016-m.pdf\"><i class=\"fa fa-file-pdf \" ><\/i><\/a><\/p>\n<p>2011-2014 metai <a href=\"https:\/\/www.nsa.smsm.lt\/old\/wp-content\/uploads\/2024\/05\/2011-2014-m.pdf\"><i class=\"fa fa-file-pdf \" ><\/i><\/a><\/p>\n","protected":false},"excerpt":{"rendered":"<p>2024 metai 2023 metai 2022 metai 2021 m. liepos-gruod\u017eio m\u0117n. 2021 m. sausio-bir\u017eelio m\u0117n. 2020 metai 2019 metai 2018 metai 2017-2018 m. vasario 6 d. 2015 m. II pusme\u010dio \u2013 2016 metai 2011-2014 metai<\/p>\n","protected":false},"author":1,"featured_media":0,"parent":16849,"menu_order":5,"comment_status":"closed","ping_status":"closed","template":"page-pretendentai.php","meta":{"_acf_changed":false,"footnotes":""},"class_list":["post-17050","page","type-page","status-publish","hentry"],"acf":[],"_links":{"self":[{"href":"https:\/\/www.nsa.smsm.lt\/old\/wp-json\/wp\/v2\/pages\/17050","targetHints":{"allow":["GET"]}}],"collection":[{"href":"https:\/\/www.nsa.smsm.lt\/old\/wp-json\/wp\/v2\/pages"}],"about":[{"href":"https:\/\/www.nsa.smsm.lt\/old\/wp-json\/wp\/v2\/types\/page"}],"author":[{"embeddable":true,"href":"https:\/\/www.nsa.smsm.lt\/old\/wp-json\/wp\/v2\/users\/1"}],"replies":[{"embeddable":true,"href":"https:\/\/www.nsa.smsm.lt\/old\/wp-json\/wp\/v2\/comments?post=17050"}],"version-history":[{"count":9,"href":"https:\/\/www.nsa.smsm.lt\/old\/wp-json\/wp\/v2\/pages\/17050\/revisions"}],"predecessor-version":[{"id":44124,"href":"https:\/\/www.nsa.smsm.lt\/old\/wp-json\/wp\/v2\/pages\/17050\/revisions\/44124"}],"up":[{"embeddable":true,"href":"https:\/\/www.nsa.smsm.lt\/old\/wp-json\/wp\/v2\/pages\/16849"}],"wp:attachment":[{"href":"https:\/\/www.nsa.smsm.lt\/old\/wp-json\/wp\/v2\/media?parent=17050"}],"curies":[{"name":"wp","href":"https:\/\/api.w.org\/{rel}","templated":true}]}}