{"id":17044,"date":"2024-07-26T06:35:48","date_gmt":"2024-07-26T04:35:48","guid":{"rendered":"https:\/\/www.nsa.smsm.lt\/old\/?page_id=17044"},"modified":"2024-07-27T09:32:27","modified_gmt":"2024-07-27T07:32:27","slug":"pasirengimas-vertinimui","status":"publish","type":"page","link":"https:\/\/www.nsa.smsm.lt\/old\/vadovu-ir-pedagogu-vertinimas\/pretendentu-kompetenciju-vertinimas\/pasirengimas-vertinimui\/","title":{"rendered":"Pasirengimas vertinimui"},"content":{"rendered":"<p>Nacionalin\u0117 \u0161vietimo agent\u016bra (toliau \u2013 N\u0160A) sveikina pretendent\u0173 \u012f valstybini\u0173 ir savivaldybi\u0173 \u0161vietimo \u012fstaig\u0173 (i\u0161skyrus auk\u0161t\u0105sias mokyklas) vadovus pastangas tinkamai pasirengti kompetencij\u0173 vertinimui. Lietuvoje randasi tam tikros priva\u010dios iniciatyvos si\u016blan\u010dios konsultacinius ir \u012fvairius kitokius seminarus ir mokymus.<\/p>\n<p>Atkreipiame d\u0117mes\u012f, jog N\u0160A\u00a0<strong>neturi s\u0105saj\u0173<\/strong>\u00a0su tokiais pretendent\u0173 kompetencij\u0173 tobulinimo mokymus organizuojan\u010diais asmenimis, j\u0173\u00a0<strong>nekonsultuoja<\/strong>,\u00a0<strong>nedalyvauja<\/strong>\u00a0rengiant lektorius, mokym\u0173 programas bei u\u017eduotis ar organizuojant min\u0117tus mokymus.<\/p>\n<p>Primename, kad jei mokym\u0173 metu pateikiamos u\u017eduotys su nuoroda \u012f N\u0160A naudojamas, tai jos gautos\u00a0<strong>nelegaliai<\/strong>, pretendentams\u00a0<strong>pa\u017eeid\u017eiant nustatyt\u0105 reglamentavim\u0105 ir duot\u0105 \u012fsipareigojim\u0105<\/strong>. N\u0160A b\u016bt\u0173 d\u0117kinga u\u017e suteikt\u0105 konkre\u010di\u0105 informacij\u0105 kai mokym\u0173 metu pateikiamos N\u0160A u\u017eduotys, kad gal\u0117t\u0173 u\u017ekirsti keli\u0105 u\u017eduo\u010di\u0173 \u201enutek\u0117jimui\u201c ir tokiu b\u016bdu sudaryti vienodas s\u0105lygas pretendentams.<\/p>\n<p>Siekdama pretendentams sudaryti galimybes geriau pasirengti kompetencij\u0173 vertinimui, N\u0160A organizuoja\u00a0<strong>informacinius seminarus<\/strong>\u00a0(\u012fprastai kiekvieno m\u0117nesio paskutin\u012f penktadien\u012f). Informacija apie juos yra skelbiama N\u0160A internetin\u0117s svetain\u0117s\u00a0<a href=\"http:\/\/www.nsa.smm.lt\/\">www.nsa.smm.lt\u00a0<\/a>Naujien\u0173 skiltyje bei Rengini\u0173 kalendoriuje, teikiama telefonu <a href=\"tel:+37065818059\">+370\u00a0658 18059<\/a> ir \/ arba el. pa\u0161tu <a href=\"mailto:snieguole.dinapiene@nsa.smm.lt\">snieguole.dinapiene@nsa.smm.lt<\/a>.<\/p>\n<p>Knyg\u0173, pateikian\u010di\u0173 daug nauding\u0173 patarim\u0173 norin\u010diam \u012fsivertinti savo kompetencijas, s\u0105ra\u0161\u0105 galima rasti\u00a0<a href=\"https:\/\/www.nsa.smsm.lt\/old\/old\/wp-content\/uploads\/2020\/12\/tinklapiui_literatura-2.doc\">\u010dia<\/a>.<\/p>\n","protected":false},"excerpt":{"rendered":"<p>Nacionalin\u0117 \u0161vietimo agent\u016bra (toliau \u2013 N\u0160A) sveikina pretendent\u0173 \u012f valstybini\u0173 ir savivaldybi\u0173 \u0161vietimo \u012fstaig\u0173 (i\u0161skyrus auk\u0161t\u0105sias mokyklas) vadovus pastangas tinkamai pasirengti kompetencij\u0173 vertinimui. Lietuvoje randasi tam tikros priva\u010dios iniciatyvos si\u016blan\u010dios konsultacinius ir \u012fvairius kitokius seminarus ir mokymus. Atkreipiame d\u0117mes\u012f, jog&nbsp;<a href=\"https:\/\/www.nsa.smsm.lt\/old\/vadovu-ir-pedagogu-vertinimas\/pretendentu-kompetenciju-vertinimas\/pasirengimas-vertinimui\/\" class=\"placiau\">Pla\u010diau <i class=\"fa fa-caret-right\"><\/i><\/a><\/p>\n","protected":false},"author":1,"featured_media":0,"parent":16849,"menu_order":2,"comment_status":"closed","ping_status":"closed","template":"page-pretendentai.php","meta":{"_acf_changed":false,"footnotes":""},"class_list":["post-17044","page","type-page","status-publish","hentry"],"acf":[],"_links":{"self":[{"href":"https:\/\/www.nsa.smsm.lt\/old\/wp-json\/wp\/v2\/pages\/17044","targetHints":{"allow":["GET"]}}],"collection":[{"href":"https:\/\/www.nsa.smsm.lt\/old\/wp-json\/wp\/v2\/pages"}],"about":[{"href":"https:\/\/www.nsa.smsm.lt\/old\/wp-json\/wp\/v2\/types\/page"}],"author":[{"embeddable":true,"href":"https:\/\/www.nsa.smsm.lt\/old\/wp-json\/wp\/v2\/users\/1"}],"replies":[{"embeddable":true,"href":"https:\/\/www.nsa.smsm.lt\/old\/wp-json\/wp\/v2\/comments?post=17044"}],"version-history":[{"count":2,"href":"https:\/\/www.nsa.smsm.lt\/old\/wp-json\/wp\/v2\/pages\/17044\/revisions"}],"predecessor-version":[{"id":39934,"href":"https:\/\/www.nsa.smsm.lt\/old\/wp-json\/wp\/v2\/pages\/17044\/revisions\/39934"}],"up":[{"embeddable":true,"href":"https:\/\/www.nsa.smsm.lt\/old\/wp-json\/wp\/v2\/pages\/16849"}],"wp:attachment":[{"href":"https:\/\/www.nsa.smsm.lt\/old\/wp-json\/wp\/v2\/media?parent=17044"}],"curies":[{"name":"wp","href":"https:\/\/api.w.org\/{rel}","templated":true}]}}