{"id":17040,"date":"2024-07-26T06:34:30","date_gmt":"2024-07-26T04:34:30","guid":{"rendered":"https:\/\/www.nsa.smsm.lt\/old\/?page_id=17040"},"modified":"2024-07-27T09:34:30","modified_gmt":"2024-07-27T07:34:30","slug":"informaciniai-seminarai","status":"publish","type":"page","link":"https:\/\/www.nsa.smsm.lt\/old\/vadovu-ir-pedagogu-vertinimas\/pretendentu-kompetenciju-vertinimas\/informaciniai-seminarai\/","title":{"rendered":"Informaciniai seminarai"},"content":{"rendered":"<p>Kiekvieno m\u0117nesio (i\u0161skyrus liepos-rugpj\u016b\u010dio m\u0117n.) paskutin\u0119\u00a0savait\u0119 (informacija skelbiama skiltyje \u201eRengini\u0173 kalendorius\u201c) Nacionalin\u0117je \u0161vietimo agent\u016broje vyksta nemokami nuotoliniai informaciniai seminarai apie kompetencij\u0173 vertinim\u0105.\u00a0Juose gali dalyvauti\u00a0visi besidomintys kandidat\u0173 \u012f \u0161vietimo \u012fstaigos vadovus kompetencij\u0173 vertinimu, konkurs\u0173 \u0161vietimo \u012fstaigos vadovo pareigoms eiti vykdymu.<\/p>\n<p>Informacinio seminaro metu dalyviai supa\u017eindinami su pretendent\u0173 \u012f \u0161vietimo \u012fstaig\u0173 vadovus registracijos vertinimui s\u0105lygomis, kompetencij\u0173 vertinimo\u00a0tvarka\u00a0ir procesu, statistiniais vertinimo rezultatais.<\/p>\n<p>Daugiau informacijos: el. pa\u0161tas\u00a0<a href=\"mailto:inga.kudarauskiene@nsa.smm.lt\">inga.kudarauskiene@nsa.smm.lt<\/a> arba tel. +370 658 18 029<\/p>\n<div><\/div>\n","protected":false},"excerpt":{"rendered":"<p>Kiekvieno m\u0117nesio (i\u0161skyrus liepos-rugpj\u016b\u010dio m\u0117n.) paskutin\u0119\u00a0savait\u0119 (informacija skelbiama skiltyje \u201eRengini\u0173 kalendorius\u201c) Nacionalin\u0117je \u0161vietimo agent\u016broje vyksta nemokami nuotoliniai informaciniai seminarai apie kompetencij\u0173 vertinim\u0105.\u00a0Juose gali dalyvauti\u00a0visi besidomintys kandidat\u0173 \u012f \u0161vietimo \u012fstaigos vadovus kompetencij\u0173 vertinimu, konkurs\u0173 \u0161vietimo \u012fstaigos vadovo pareigoms eiti vykdymu. Informacinio&nbsp;<a href=\"https:\/\/www.nsa.smsm.lt\/old\/vadovu-ir-pedagogu-vertinimas\/pretendentu-kompetenciju-vertinimas\/informaciniai-seminarai\/\" class=\"placiau\">Pla\u010diau <i class=\"fa fa-caret-right\"><\/i><\/a><\/p>\n","protected":false},"author":1,"featured_media":0,"parent":16849,"menu_order":1,"comment_status":"closed","ping_status":"closed","template":"page-pretendentai.php","meta":{"_acf_changed":false,"footnotes":""},"class_list":["post-17040","page","type-page","status-publish","hentry"],"acf":[],"_links":{"self":[{"href":"https:\/\/www.nsa.smsm.lt\/old\/wp-json\/wp\/v2\/pages\/17040","targetHints":{"allow":["GET"]}}],"collection":[{"href":"https:\/\/www.nsa.smsm.lt\/old\/wp-json\/wp\/v2\/pages"}],"about":[{"href":"https:\/\/www.nsa.smsm.lt\/old\/wp-json\/wp\/v2\/types\/page"}],"author":[{"embeddable":true,"href":"https:\/\/www.nsa.smsm.lt\/old\/wp-json\/wp\/v2\/users\/1"}],"replies":[{"embeddable":true,"href":"https:\/\/www.nsa.smsm.lt\/old\/wp-json\/wp\/v2\/comments?post=17040"}],"version-history":[{"count":2,"href":"https:\/\/www.nsa.smsm.lt\/old\/wp-json\/wp\/v2\/pages\/17040\/revisions"}],"predecessor-version":[{"id":39936,"href":"https:\/\/www.nsa.smsm.lt\/old\/wp-json\/wp\/v2\/pages\/17040\/revisions\/39936"}],"up":[{"embeddable":true,"href":"https:\/\/www.nsa.smsm.lt\/old\/wp-json\/wp\/v2\/pages\/16849"}],"wp:attachment":[{"href":"https:\/\/www.nsa.smsm.lt\/old\/wp-json\/wp\/v2\/media?parent=17040"}],"curies":[{"name":"wp","href":"https:\/\/api.w.org\/{rel}","templated":true}]}}