{"id":17038,"date":"2025-01-15T07:34:00","date_gmt":"2025-01-15T05:34:00","guid":{"rendered":"https:\/\/www.nsa.smsm.lt\/old\/?page_id=17038"},"modified":"2025-01-29T15:56:52","modified_gmt":"2025-01-29T13:56:52","slug":"informacija","status":"publish","type":"page","link":"https:\/\/www.nsa.smsm.lt\/old\/vadovu-ir-pedagogu-vertinimas\/pretendentu-kompetenciju-vertinimas\/informacija\/","title":{"rendered":"Informacija"},"content":{"rendered":"<p><strong>Pretendent\u0173 \u012f \u0161vietimo \u012fstaig\u0173 vadovus kompetencij\u0173 \u012fvertinimo bal\u0173 sumos perskai\u010diavimas<\/strong><\/p>\n<p>Pasikeitus Kvalifikacini\u0173 reikalavim\u0173 valstybini\u0173 ir savivaldybi\u0173 \u0161vietimo \u012fstaig\u0173 (i\u0161skyrus auk\u0161t\u0105sias mokyklas) vadovams apra\u0161ui (Lietuvos Respublikos \u0161vietimo, mokslo ir sporto ministro 2024 m. baland\u017eio 9 d. \u012fsakymas Nr. V-393 \u201eD\u0117l \u0161vietimo, mokslo ir sporto \u00a0ministro 2011 m. liepos 1 d. \u012fsakymo Nr. V-1194 \u201eD\u0117l Kvalifikacini\u0173 reikalavim\u0173 valstybini\u0173 ir savivaldybi\u0173 \u0161vietimo \u012fstaig\u0173 (i\u0161skyrus auk\u0161t\u0105sias mokyklas) vadovams apra\u0161o patvirtinimo\u201c pakeitimo\u201c), pretendentai, turintys iki 2024 m. gruod\u017eio 31 d.\u00a0 Nacionalin\u0117s \u0161vietimo agent\u016bros (iki 2019 m. rugs\u0117jo 1 d. \u2013 Nacionalin\u0117 mokykl\u0173 vertinimo agent\u016bra) (toliau \u2013 Agent\u016bra) i\u0161duotas galiojan\u010dias pretendent\u0173 \u012f \u0161vietimo \u012fstaig\u0173 (i\u0161skyrus auk\u0161t\u0105sias mokyklas) vadovus kompetencij\u0173 vertinimo \/ prilyginto vertinimo ataskaitas, kuriose \u012fvertint\u0173 kompetencij\u0173 balai nurodyti 5 bal\u0173 sistemoje gali pateikti Agent\u016brai pra\u0161ym\u0105 i\u0161duoti pa\u017eym\u0105 d\u0117l kompetencij\u0173 bal\u0173 sumos perskai\u010diavimo.<\/p>\n<p>Penkiabal\u0117s kompetencij\u0173 vertinimo sistemos \u012fvertinimai konvertuojami \u012f keturi\u0173 bal\u0173 sistem\u0105 pagal lentel\u0117je pateikt\u0105 matric\u0105:<\/p>\n<table class=\"table table-responsive\" width=\"100%\">\n<tbody>\n<tr>\n<td style=\"text-align: center;\" width=\"302\">Kompetencijos rai\u0161kos lygis balais (1\u20135)<\/td>\n<td style=\"text-align: center;\" width=\"302\">Kompetencijos rai\u0161kos lygis balais (1\u20134)<\/td>\n<\/tr>\n<tr>\n<td style=\"text-align: center;\" width=\"302\">1 arba 2<\/td>\n<td style=\"text-align: center;\" width=\"302\">1<\/td>\n<\/tr>\n<tr>\n<td style=\"text-align: center;\" width=\"302\">3<\/td>\n<td style=\"text-align: center;\" width=\"302\">2<\/td>\n<\/tr>\n<tr>\n<td style=\"text-align: center;\" width=\"302\">4<\/td>\n<td style=\"text-align: center;\" width=\"302\">3<\/td>\n<\/tr>\n<tr>\n<td style=\"text-align: center;\" width=\"302\">5<\/td>\n<td style=\"text-align: center;\" width=\"302\">4<\/td>\n<\/tr>\n<\/tbody>\n<\/table>\n<p>Agent\u016bros i\u0161duotoje pa\u017eymoje d\u0117l kompetencij\u0173 \u012fvertinimo bal\u0173 sumos perskai\u010diavimo atskir\u0173 kompetencij\u0173 \u012fvertinimai balais n\u0117ra nurodomi, pateikiama tik kompetencij\u0173 \u012fvertinimo bal\u0173 suma. Pa\u017eyma laikoma neatskiriama vertinimo ataskaitos dalimi.<\/p>\n<p>Jei pretendentas dalyvavo kompetencij\u0173 vertinime ar jam prilygintame vertinime daugiau nei vien\u0105 kart\u0105, Kompetencij\u0173 lygi\u0173 atitikties rai\u0161kos lygiams nustatymo komisija nagrin\u0117ja ir vertina galiojan\u010di\u0105 vertinimo ataskait\u0105.<\/p>\n<p>Agent\u016bra tokias pa\u017eymas i\u0161duoda per 10 darbo dien\u0173 (i\u0161skyrus liepos-rugpj\u016b\u010dio m\u0117n.) nuo pra\u0161ymo gavimo datos.<\/p>\n<p><strong>Pra\u0161ymo pavyzdin\u0119 form\u0105 galite rasti <a href=\"https:\/\/www.nsa.smsm.lt\/old\/old\/wp-content\/uploads\/2025\/01\/Prasymo-isduoti-pazyma-pavyzdine-foma-2024.docx\">\u010dia<\/a>.<\/strong><\/p>\n<p>D\u0117l pa\u017eym\u0173 i\u0161davimo kreiptis el. p.: Snieguole.Dinapiene@nsa.smm.lt, tel. +370 658 18059<\/p>\n<p>&nbsp;<\/p>\n<hr \/>\n<p><strong>Pretendent\u0173 \u012f \u0161vietimo \u012fstaig\u0173 vadovus kompetencij\u0173 atitikties rai\u0161kos lygiams nustatymas<\/strong><\/p>\n<p>Pasikeitus Kvalifikacini\u0173 reikalavim\u0173 valstybini\u0173 ir savivaldybi\u0173 \u0161vietimo \u012fstaig\u0173 (i\u0161skyrus auk\u0161t\u0105sias mokyklas) vadovams apra\u0161ui (Lietuvos Respublikos \u0161vietimo, mokslo ir sporto ministro 2020 m. gegu\u017e\u0117s 15 d. \u012fsakymas Nr. V-727 \u201eD\u0117l \u0161vietimo ir mokslo ministro 2011 m. liepos 1 d. \u012fsakymo Nr. V-1194 \u201eD\u0117l Kvalifikacini\u0173 reikalavim\u0173 valstybini\u0173 ir savivaldybi\u0173 \u0161vietimo \u012fstaig\u0173 (i\u0161skyrus auk\u0161t\u0105sias mokyklas) vadovams apra\u0161o patvirtinimo\u201c pakeitimo\u201c), pretendentai, turintys \u00a0nuo 2018 m. vasario 6 d. Nacionalin\u0117s mokykl\u0173 vertinimo agent\u016bros, nuo 2019 m. rugs\u0117jo 1 d. Nacionalin\u0117s \u0161vietimo agent\u016bros (toliau \u2013 Agent\u016bra) i\u0161duotas pretendent\u0173 \u012f \u0161vietimo \u012fstaig\u0173 (i\u0161skyrus auk\u0161t\u0105sias mokyklas) vadovus kompetencij\u0173 vertinimo \/ prilyginto vertinimo ataskaitas, kuriose n\u0117ra nurodyt\u0173 \u012fvertint\u0173 kompetencij\u0173 bal\u0173, gali pateikti Agent\u016brai pra\u0161ym\u0105 i\u0161duoti pa\u017eym\u0105 d\u0117l nustatyt\u0173 kompetencij\u0173 lygi\u0173 atitikties rai\u0161kos lygiams, nurodant bal\u0173 sum\u0105.<\/p>\n<p>Jei pretendentas dalyvavo kompetencij\u0173 vertinime ar jam prilygintame vertinime daugiau nei vien\u0105 kart\u0105, pa\u017eyma i\u0161duodama \u012fvertinus v\u0117liausiai i\u0161duot\u0105 pretendento kompetencij\u0173 vertinimo ar prilyginto vertinimo ataskait\u0105.<\/p>\n<p>Agent\u016bra tokias pa\u017eymas i\u0161duoda per\u00a0<strong>10 darbo dien\u0173<\/strong>\u00a0(i\u0161skyrus liepos-rugpj\u016b\u010dio m\u0117n.) nuo pra\u0161ymo gavimo datos.<\/p>\n<p>Pra\u0161ymo pavyzdin\u0119 form\u0105 galite rasti\u00a0<a href=\"https:\/\/www.nsa.smsm.lt\/old\/old\/wp-content\/uploads\/2020\/12\/Prasymo-isduoti-pazyma-pavyzdine-forma.docx\">\u010dia<\/a>.<\/p>\n<p>D\u0117l pa\u017eym\u0173 i\u0161davimo kreiptis el. p.: <a href=\"mailto:snieguole.dinapiene@nsa.smm.lt\">snieguole.dinapiene@nsa.smm.lt<\/a>, tel. +370 658 18059<\/p>\n<p>&nbsp;<\/p>\n<hr \/>\n<p>Pasikeitus Kvalifikacini\u0173 reikalavim\u0173 valstybini\u0173 ir savivaldybi\u0173 \u0161vietimo \u012fstaig\u0173 (i\u0161skyrus auk\u0161t\u0105sias mokyklas) vadovams apra\u0161ui (\u0161vietimo, mokslo ir sporto ministro 2019 m. baland\u017eio 19 d. \u012fsakymas Nr. V-456 \u201eD\u0117l \u0161vietimo ir mokslo ministro 2011 m. liepos 1 d. \u012fsakymo Nr. V-1194 \u201eD\u0117l kvalifikacini\u0173 reikalavim\u0173 valstybini\u0173 ir savivaldybi\u0173 \u0161vietimo \u012fstaig\u0173 (i\u0161skyrus auk\u0161t\u0105sias mokyklas) vadovams apra\u0161o patvirtinimo\u201c pakeitimo\u201c), Nacionalin\u0117s mokykl\u0173 vertinimo agent\u016bros nuo 2014 m. baland\u017eio 24 d. ir v\u0117liau vertint\u0173 pretendent\u0173 \u012f \u0161vietimo \u012fstaig\u0173 (i\u0161skyrus auk\u0161t\u0105sias mokyklas) vadovus kompetencij\u0173 vertinimo ataskaitos galioja<strong>\u00a0septynerius metus<\/strong>\u00a0nuo pretendento kompetencij\u0173 vertinimo dienos.<\/p>\n<p><a href=\"https:\/\/www.e-tar.lt\/portal\/lt\/legalAct\/a93d7c30629c11e99676cb74c51fe1f4\">Lietuvos Respublikos \u0161vietimo, mokslo ir sporto ministro 2019 m. baland\u017eio 19 d. \u012fsakymas Nr. V-456<\/a><\/p>\n<p>Daugiau informacijos: el. pa\u0161tas <a href=\"mailto:snieguole.dinapiene@nsa.smm.lt\">snieguole.dinapiene@nsa.smm.lt<\/a>, tel. +370 658 18059<\/p>\n<p>&nbsp;<\/p>\n<hr \/>\n<p>Pasikeitus Kvalifikacini\u0173 reikalavim\u0173 valstybini\u0173 ir savivaldybi\u0173 \u0161vietimo \u012fstaig\u0173 (i\u0161skyrus auk\u0161t\u0105sias mokyklas) vadovams apra\u0161ui (2015 m. baland\u017eio 28 d. LR \u0161vietimo ir mokslo ministro \u012fsakymas Nr. V-399 \u201eD\u0117l \u0161vietimo ir mokslo ministro 2011 m. liepos 1 d. \u012fsakymo Nr. V-1194 \u201eD\u0117l kvalifikacini\u0173 reikalavim\u0173 valstybini\u0173 ir savivaldybi\u0173 \u0161vietimo \u012fstaig\u0173 (i\u0161skyrus auk\u0161t\u0105sias mokyklas) vadovams apra\u0161o patvirtinimo\u201c pakeitimo\u201c),\u00a0Nacionalin\u0117s mokykl\u0173 vertinimo agent\u016bros i\u0161duotos pretendent\u0173 \u012f \u0161vietimo \u012fstaig\u0173 (i\u0161skyrus auk\u0161t\u0105sias mokyklas) vadovus kompetencij\u0173 vertinimo ataskaitos galioja\u00a0<strong>penkerius metus<\/strong>\u00a0nuo j\u0173 i\u0161davimo dienos.<\/p>\n<p>Turintys iki 2015 m. liepos 31 d. i\u0161duotas kompetencij\u0173 vertinimo ataskaitas ir norintys dalyvauti konkursuose \u0161vietimo \u012fstaig\u0173 vadov\u0173 pareigoms eiti asmenys konkurs\u0173 organizatoriams privalo pateikti pa\u017eym\u0105 apie senosios formos ataskaitos <strong>bal\u0173 vidurkio perskai\u010diavim\u0105<\/strong>\u00a0pagal nauj\u0105 tvark\u0105. N\u0160A tokias pa\u017eymas i\u0161duoda per 1-2 darbo dienas nuo pra\u0161ymo pateikimo.<br \/>\nTeis\u0119 dalyvauti konkursuose \u0161vietimo \u012fstaig\u0173 vadov\u0173 pareigoms eiti suteikia tik tos\u00a0kompetencij\u0173 vertinimo ataskaitos, kuriose yra i\u0161vada apie tai, kad pretendentas atitinka \u201eKvalifikacini\u0173 reikalavim\u0173 valstybini\u0173 ir savivaldybi\u0173 \u0161vietimo \u012fstaig\u0173 (i\u0161skyrus auk\u0161t\u0105sias mokyklas) vadovams apra\u0161o\u201c\u00a07 punkt\u0105.\u00a0Vyksta\u00a0<strong>tik toki\u0173<\/strong>\u00a0ataskait\u0173 kompetencij\u0173 vertinimo bal\u0173 perskai\u010diavimas.<br \/>\nD\u0117l pa\u017eym\u0173 i\u0161davimo kreiptis el.p.: <a href=\"mailto:snieguole.dinapiene@nsa.smm.lt\">snieguole.dinapiene@nsa.smm.lt<\/a>, tel. +370 658 18059<\/p>\n","protected":false},"excerpt":{"rendered":"<p>Pretendent\u0173 \u012f \u0161vietimo \u012fstaig\u0173 vadovus kompetencij\u0173 \u012fvertinimo bal\u0173 sumos perskai\u010diavimas Pasikeitus Kvalifikacini\u0173 reikalavim\u0173 valstybini\u0173 ir savivaldybi\u0173 \u0161vietimo \u012fstaig\u0173 (i\u0161skyrus auk\u0161t\u0105sias mokyklas) vadovams apra\u0161ui (Lietuvos Respublikos \u0161vietimo, mokslo ir sporto ministro 2024 m. baland\u017eio 9 d. \u012fsakymas Nr. V-393 \u201eD\u0117l \u0161vietimo,&nbsp;<a href=\"https:\/\/www.nsa.smsm.lt\/old\/vadovu-ir-pedagogu-vertinimas\/pretendentu-kompetenciju-vertinimas\/informacija\/\" class=\"placiau\">Pla\u010diau <i class=\"fa fa-caret-right\"><\/i><\/a><\/p>\n","protected":false},"author":1,"featured_media":0,"parent":16849,"menu_order":0,"comment_status":"closed","ping_status":"closed","template":"page-pretendentai.php","meta":{"_acf_changed":false,"footnotes":""},"class_list":["post-17038","page","type-page","status-publish","hentry"],"acf":[],"_links":{"self":[{"href":"https:\/\/www.nsa.smsm.lt\/old\/wp-json\/wp\/v2\/pages\/17038","targetHints":{"allow":["GET"]}}],"collection":[{"href":"https:\/\/www.nsa.smsm.lt\/old\/wp-json\/wp\/v2\/pages"}],"about":[{"href":"https:\/\/www.nsa.smsm.lt\/old\/wp-json\/wp\/v2\/types\/page"}],"author":[{"embeddable":true,"href":"https:\/\/www.nsa.smsm.lt\/old\/wp-json\/wp\/v2\/users\/1"}],"replies":[{"embeddable":true,"href":"https:\/\/www.nsa.smsm.lt\/old\/wp-json\/wp\/v2\/comments?post=17038"}],"version-history":[{"count":5,"href":"https:\/\/www.nsa.smsm.lt\/old\/wp-json\/wp\/v2\/pages\/17038\/revisions"}],"predecessor-version":[{"id":42264,"href":"https:\/\/www.nsa.smsm.lt\/old\/wp-json\/wp\/v2\/pages\/17038\/revisions\/42264"}],"up":[{"embeddable":true,"href":"https:\/\/www.nsa.smsm.lt\/old\/wp-json\/wp\/v2\/pages\/16849"}],"wp:attachment":[{"href":"https:\/\/www.nsa.smsm.lt\/old\/wp-json\/wp\/v2\/media?parent=17038"}],"curies":[{"name":"wp","href":"https:\/\/api.w.org\/{rel}","templated":true}]}}