{"id":1702,"date":"2022-11-27T10:32:52","date_gmt":"2022-11-27T08:32:52","guid":{"rendered":"https:\/\/www.itc.smm.lt\/?page_id=1702"},"modified":"2023-01-11T23:40:49","modified_gmt":"2023-01-11T21:40:49","slug":"turto-perdavimas","status":"publish","type":"page","link":"https:\/\/www.nsa.smsm.lt\/old\/administracine-informacija\/turto-perdavimas\/","title":{"rendered":"Turto perdavimas"},"content":{"rendered":"<p style=\"background-color: #8b9e84; color: #fff; padding: 2px;\"><strong>2012<\/strong><\/p>\n<p><strong><img loading=\"lazy\" decoding=\"async\" title=\"news_dot\" src=\"https:\/\/www.nsa.smsm.lt\/old\/old\/wp-content\/uploads\/2009\/10\/news_dot.png\" alt=\"news_dot\" width=\"5\" height=\"10\" \/><span style=\"color: #888888;\">2012 m. kovo 27 d.<\/span><img loading=\"lazy\" decoding=\"async\" title=\"news_dot\" src=\"https:\/\/www.nsa.smsm.lt\/old\/old\/wp-content\/uploads\/2009\/10\/news_dot.png\" alt=\"news_dot\" width=\"5\" height=\"10\" \/> Ra\u0161tas merams Nr. 90-(1.6)-D3-146 \u201eD\u0117l taryb\u0173 sprendim\u0173 perimti kompiuteri\u0173 \u012frang\u0105\u201c <\/strong><a href=\"https:\/\/www.nsa.smsm.lt\/old\/old\/wp-content\/uploads\/2010\/03\/Merams-2012.03.pdf\" target=\"_blank\" rel=\"noopener\"><strong><img loading=\"lazy\" decoding=\"async\" title=\"Daugiau\" src=\"https:\/\/www.nsa.smsm.lt\/old\/old\/wp-content\/uploads\/2009\/10\/link_d1.png\" alt=\"link_d\" width=\"18\" height=\"10\" \/><\/strong><\/a><\/p>\n<ul>\n<li>Perduodamo ilgalaikio materialaus turto i\u0161 \u0160vietimo informacini\u0173 technologij\u0173 centro bendras s\u0105ra\u0161as <a href=\"https:\/\/www.nsa.smsm.lt\/old\/old\/wp-content\/uploads\/2010\/03\/Bendras_turtas-savivaldybems_Ilgalaikis-materialusis-turtas_2012.03.27.pdf\" target=\"_blank\" rel=\"noopener\"><img loading=\"lazy\" decoding=\"async\" title=\"Daugiau\" src=\"https:\/\/www.nsa.smsm.lt\/old\/old\/wp-content\/uploads\/2009\/10\/link_d1.png\" alt=\"link_d\" width=\"18\" height=\"10\" \/><\/a><\/li>\n<li>Perduodamo ilgalaikio materialaus turto i\u0161 \u0160vietimo informacini\u0173 technologij\u0173 centro bendras s\u0105ra\u0161as\u00a0<a href=\"https:\/\/www.nsa.smsm.lt\/old\/old\/wp-content\/uploads\/2010\/03\/Bendras_turtas-savivaldybems_Trumpalaikis-materialusis-turtas_2012.03.27.pdf\" target=\"_blank\" rel=\"noopener\"><img loading=\"lazy\" decoding=\"async\" title=\"Daugiau\" src=\"https:\/\/www.nsa.smsm.lt\/old\/old\/wp-content\/uploads\/2009\/10\/link_d1.png\" alt=\"link_d\" width=\"18\" height=\"10\" \/><\/a><\/li>\n<li>Miest\u0173 ir rajon\u0173 savivaldybi\u0173 mokykl\u0173, valdan\u010di\u0173 \u0160vietimo informacini\u0173 technologij\u0173 centro turt\u0105 pagal panaudos sutartis, s\u0105ra\u0161as <a href=\"https:\/\/www.nsa.smsm.lt\/old\/old\/wp-content\/uploads\/2010\/03\/Kompiuterine-iranga-mokykloms_2012.03.121.pdf\" target=\"_blank\" rel=\"noopener\"><img loading=\"lazy\" decoding=\"async\" title=\"Daugiau\" src=\"https:\/\/www.nsa.smsm.lt\/old\/old\/wp-content\/uploads\/2009\/10\/link_d1.png\" alt=\"link_d\" width=\"18\" height=\"10\" \/><\/a><\/li>\n<\/ul>\n<p>&nbsp;<\/p>\n<p style=\"background-color: #8b9e84; color: #fff; padding: 2px;\"><strong>2011<\/strong><\/p>\n<p><strong><img loading=\"lazy\" decoding=\"async\" title=\"news_dot\" src=\"https:\/\/www.nsa.smsm.lt\/old\/old\/wp-content\/uploads\/2009\/10\/news_dot.png\" alt=\"news_dot\" width=\"5\" height=\"10\" \/><span style=\"color: #888888;\">2011 m. vasario 28 d.<\/span><img loading=\"lazy\" decoding=\"async\" title=\"news_dot\" src=\"https:\/\/www.nsa.smsm.lt\/old\/old\/wp-content\/uploads\/2009\/10\/news_dot.png\" alt=\"news_dot\" width=\"5\" height=\"10\" \/> Ra\u0161tas merams Nr. 90-(1.6)-D3-102 \u201eD\u0117l taryb\u0173 sprendim\u0173 perimti kompiuteri\u0173 \u012frang\u0105\u201c <\/strong><a href=\"https:\/\/www.nsa.smsm.lt\/old\/old\/wp-content\/uploads\/2010\/03\/Merams-2011-02-28-_kompiuterine-iranga1.pdf\" target=\"_blank\" rel=\"noopener\"><strong><img loading=\"lazy\" decoding=\"async\" title=\"Daugiau\" src=\"https:\/\/www.nsa.smsm.lt\/old\/old\/wp-content\/uploads\/2009\/10\/link_d1.png\" alt=\"link_d\" width=\"18\" height=\"10\" \/><\/strong><\/a><\/p>\n<ul>\n<li>Perduodamo turto i\u0161 \u0160vietimo informacini\u0173 technologij\u0173 centro bendras s\u0105ra\u0161as <a href=\"https:\/\/www.nsa.smsm.lt\/old\/old\/wp-content\/uploads\/2010\/03\/Bendras_turtas-savivaldybems_2011.02.28.xls\" target=\"_blank\" rel=\"noopener\"><img loading=\"lazy\" decoding=\"async\" title=\"Daugiau\" src=\"https:\/\/www.nsa.smsm.lt\/old\/old\/wp-content\/uploads\/2009\/10\/link_d1.png\" alt=\"link_d\" width=\"18\" height=\"10\" \/><\/a><\/li>\n<li>Miest\u0173 ir rajon\u0173 savivaldybi\u0173 mokykl\u0173, valdan\u010di\u0173 \u0160vietimo informacini\u0173 technologij\u0173 centro turt\u0105 pagal panaudos sutartis, s\u0105ra\u0161as <a href=\"https:\/\/www.nsa.smsm.lt\/old\/old\/wp-content\/uploads\/2010\/03\/Kompiuterine-iranga-mokykloms_2011.02.28_Galut.xls\" target=\"_blank\" rel=\"noopener\"><img loading=\"lazy\" decoding=\"async\" title=\"Daugiau\" src=\"https:\/\/www.nsa.smsm.lt\/old\/old\/wp-content\/uploads\/2009\/10\/link_d1.png\" alt=\"link_d\" width=\"18\" height=\"10\" \/><\/a><\/li>\n<\/ul>\n<p>&nbsp;<\/p>\n<p style=\"background-color: #8b9e84; color: #fff; padding: 2px;\"><strong>2010<\/strong><\/p>\n<p><strong><img loading=\"lazy\" decoding=\"async\" title=\"news_dot\" src=\"https:\/\/www.nsa.smsm.lt\/old\/old\/wp-content\/uploads\/2009\/10\/news_dot.png\" alt=\"news_dot\" width=\"5\" height=\"10\" \/><span style=\"color: #888888;\">2010 m. kovo\u00a01 d.<\/span><img loading=\"lazy\" decoding=\"async\" title=\"news_dot\" src=\"https:\/\/www.nsa.smsm.lt\/old\/old\/wp-content\/uploads\/2009\/10\/news_dot.png\" alt=\"news_dot\" width=\"5\" height=\"10\" \/> Ra\u0161tas merams Nr. 90-(1.6)-D3-90 \u201eD\u0117l taryb\u0173 sprendim\u0173 perimti kompiuterin\u0119 ir programin\u0119 \u012frang\u0105\u201c <\/strong><a href=\"https:\/\/www.nsa.smsm.lt\/old\/old\/wp-content\/uploads\/2010\/03\/Merams-2010-03-01-_kompiuterine-iranga.pdf\" target=\"_blank\" rel=\"noopener\"><strong><img loading=\"lazy\" decoding=\"async\" title=\"Daugiau\" src=\"https:\/\/www.nsa.smsm.lt\/old\/old\/wp-content\/uploads\/2009\/10\/link_d1.png\" alt=\"link_d\" width=\"18\" height=\"10\" \/><\/strong><\/a><\/p>\n<ul>\n<li>Perduodamo turto i\u0161 \u0160vietimo informacini\u0173 technologij\u0173 centro bendras s\u0105ra\u0161as <a href=\"https:\/\/www.itc.smm.lt\/wp-content\/uploads\/2010\/03\/Bendras_turtas-savivaldybems_2010.03.09N.xls\" target=\"_blank\" rel=\"noopener\"><img loading=\"lazy\" decoding=\"async\" title=\"Daugiau\" src=\"https:\/\/www.nsa.smsm.lt\/old\/old\/wp-content\/uploads\/2009\/10\/link_d1.png\" alt=\"link_d\" width=\"18\" height=\"10\" \/><\/a><\/li>\n<li>Miest\u0173 ir rajon\u0173 savivaldybi\u0173 mokykl\u0173, valdan\u010di\u0173 \u0160vietimo informacini\u0173 technologij\u0173 centro turt\u0105 pagal panaudos sutartis, s\u0105ra\u0161as <a href=\"https:\/\/www.itc.smm.lt\/wp-content\/uploads\/2010\/03\/Kompiuterine-iranga-mokykloms_2010.03.09N.xls\" target=\"_blank\" rel=\"noopener\"><img loading=\"lazy\" decoding=\"async\" title=\"Daugiau\" src=\"https:\/\/www.nsa.smsm.lt\/old\/old\/wp-content\/uploads\/2009\/10\/link_d1.png\" alt=\"link_d\" width=\"18\" height=\"10\" \/><\/a><\/li>\n<li>Miest\u0173 ir rajon\u0173 savivaldybi\u0173 pavald\u017ei\u0173 mokykl\u0173, gaunan\u010di\u0173 programin\u0119 \u012franga (skaitmenines mokymo priemones) testuoti, s\u0105ra\u0161as <a href=\"https:\/\/www.itc.smm.lt\/wp-content\/uploads\/2010\/03\/Programines-irangos-paskirstymas-mokykloms_2010.03.09N.xls\" target=\"_blank\" rel=\"noopener\"><img loading=\"lazy\" decoding=\"async\" title=\"Daugiau\" src=\"https:\/\/www.nsa.smsm.lt\/old\/old\/wp-content\/uploads\/2009\/10\/link_d1.png\" alt=\"link_d\" width=\"18\" height=\"10\" \/><\/a><\/li>\n<\/ul>\n","protected":false},"excerpt":{"rendered":"<p>2012 2012 m. kovo 27 d. Ra\u0161tas merams Nr. 90-(1.6)-D3-146 \u201eD\u0117l taryb\u0173 sprendim\u0173 perimti kompiuteri\u0173 \u012frang\u0105\u201c Perduodamo ilgalaikio materialaus turto i\u0161 \u0160vietimo informacini\u0173 technologij\u0173 centro bendras s\u0105ra\u0161as Perduodamo ilgalaikio materialaus turto i\u0161 \u0160vietimo informacini\u0173 technologij\u0173 centro bendras s\u0105ra\u0161as\u00a0 Miest\u0173 ir&nbsp;<a href=\"https:\/\/www.nsa.smsm.lt\/old\/administracine-informacija\/turto-perdavimas\/\" class=\"placiau\">Pla\u010diau <i class=\"fa fa-caret-right\"><\/i><\/a><\/p>\n","protected":false},"author":1,"featured_media":0,"parent":8756,"menu_order":10,"comment_status":"closed","ping_status":"closed","template":"","meta":{"_acf_changed":false,"footnotes":""},"class_list":["post-1702","page","type-page","status-publish","hentry"],"acf":[],"_links":{"self":[{"href":"https:\/\/www.nsa.smsm.lt\/old\/wp-json\/wp\/v2\/pages\/1702","targetHints":{"allow":["GET"]}}],"collection":[{"href":"https:\/\/www.nsa.smsm.lt\/old\/wp-json\/wp\/v2\/pages"}],"about":[{"href":"https:\/\/www.nsa.smsm.lt\/old\/wp-json\/wp\/v2\/types\/page"}],"author":[{"embeddable":true,"href":"https:\/\/www.nsa.smsm.lt\/old\/wp-json\/wp\/v2\/users\/1"}],"replies":[{"embeddable":true,"href":"https:\/\/www.nsa.smsm.lt\/old\/wp-json\/wp\/v2\/comments?post=1702"}],"version-history":[{"count":0,"href":"https:\/\/www.nsa.smsm.lt\/old\/wp-json\/wp\/v2\/pages\/1702\/revisions"}],"up":[{"embeddable":true,"href":"https:\/\/www.nsa.smsm.lt\/old\/wp-json\/wp\/v2\/pages\/8756"}],"wp:attachment":[{"href":"https:\/\/www.nsa.smsm.lt\/old\/wp-json\/wp\/v2\/media?parent=1702"}],"curies":[{"name":"wp","href":"https:\/\/api.w.org\/{rel}","templated":true}]}}