{"id":17013,"date":"2022-12-23T23:03:04","date_gmt":"2022-12-23T21:03:04","guid":{"rendered":"https:\/\/www.nsa.smsm.lt\/old\/?page_id=17013"},"modified":"2023-01-11T23:43:57","modified_gmt":"2023-01-11T21:43:57","slug":"registracija","status":"publish","type":"page","link":"https:\/\/www.nsa.smsm.lt\/old\/vadovu-ir-pedagogu-vertinimas\/registracija\/","title":{"rendered":"Registracija"},"content":{"rendered":"<p>Asmenys, siekiantys b\u016bti \u012ftraukti \u012f rezerv\u0105, pateikia \u0161iuos dokumentus:<\/p>\n<ol>\n<li>Pra\u0161ym\u0105 \u012ftraukti \u012f \u0161vietimo \u012fstaig\u0173 vadov\u0173 rezerv\u0105;<\/li>\n<li>Gyvenimo apra\u0161ym\u0105\u00a0<em>Europass CV\u00a0<\/em>formatu lietuvi\u0173 kalba (pdf formatu)\u00a0su priedais;<\/li>\n<\/ol>\n<ol start=\"3\">\n<li>Dokument\u0173, patvirtinan\u010di\u0173, kad jis atitinka Kvalifikacini\u0173 reikalavim\u0173 valstybini\u0173 ir savivaldybi\u0173 \u0161vietimo \u012fstaig\u0173 (i\u0161skyrus auk\u0161t\u0105sias mokyklas) vadovams apra\u0161o, patvirtinto Lietuvos Respublikos \u0161vietimo ir mokslo ministro 2011 m. liepos 1 d. \u012fsakym\u0105 Nr. V-1194 \u201eD\u0117l Kvalifikacini\u0173 reikalavim\u0173 valstybini\u0173 ir savivaldybi\u0173 \u0161vietimo \u012fstaig\u0173 (i\u0161skyrus auk\u0161t\u0105sias mokyklas) vadovams apra\u0161o patvirtinimo\u201c 4.1, 4.2, 4.4, 4.6 ir 4.7 papunk\u010diuose nustatytus reikalavimus, kopijos.<\/li>\n<\/ol>\n<p>Pretendentai, siekiantys b\u016bti \u012ftraukti \u012f:<\/p>\n<ul>\n<li>2-\u0105, 3-i\u0105 ar 5-\u0105 rezervo grup\u0119, papildomai pateikia informacij\u0105 apie kompetencij\u0173 \u012fvertinim\u0105;<\/li>\n<\/ul>\n<ul>\n<li>4-\u0105 rezervo grup\u0119 \u2013 apie po 2018 m. laim\u0117t\u0105 vie\u0161\u0105 konkurs\u0105 \u0161vietimo \u012fstaigos vadovo pareigoms eiti, informacij\u0105 apie pareigyb\u0117s panaikinim\u0105 ir darbo sutarties nutraukim\u0105 Si\u016blymo pretenduoti \u012f kitos \u0161vietimo \u012fstaigos (i\u0161skyrus auk\u0161tosios mokyklos) vadovo pareigas teikimo buvusiam \u0161vietimo \u012fstaigos vadovui tvarkos apra\u0161o, patvirtinto Lietuvos Respublikos Vyriausyb\u0117s 2019 m. baland\u017eio 17 d. nutarimu Nr. 360 \u201eD\u0117l Si\u016blymo pretenduoti \u012f kitos \u0161vietimo \u012fstaigos (i\u0161skyrus auk\u0161tosios mokyklos) vadovo pareigas teikimo buvusiam \u0161vietimo \u012fstaigos vadovui tvarkos apra\u0161o patvirtinimo\u201c, nustatyta tvarka;<\/li>\n<\/ul>\n<ul>\n<li>6-\u0105 \u2013 informacij\u0105 apie teis\u0119 teikti \u0161vietimo \u012fstaig\u0173 vadov\u0173 mentori\u0173 paslaugas.<\/li>\n<\/ul>\n<p>Kartu asmenys privalomai pateikia sutikim\u0105 j\u0173 duomenis naudoti reglamento 3 punkte nurodytiems subjektams teis\u0117s akt\u0173 nustatyta tvarka.<\/p>\n<p>Dokumentus pra\u0161ome si\u0173sti el. p. <a href=\"mailto:Snieguole.Dinapiene@nsa.smm.lt\">Snieguole.Dinapiene@nsa.smm.lt<\/a> arba pa\u0161tu adresu: Nacionalin\u0117s \u0161vietimo agent\u016bros Vertinimo skyriui, K. Kalinausko g. 7, LT-03107 Vilnius.<\/p>\n<p>Daugiau informacijos: el. pa\u0161tas <a href=\"mailto:Snieguole.Dinapiene@nsa.smm.lt\">Snieguole.Dinapiene@nsa.smm.lt<\/a>, tel.\u00a0+370\u00a0658 18\u00a0059.<\/p>\n","protected":false},"excerpt":{"rendered":"<p>Asmenys, siekiantys b\u016bti \u012ftraukti \u012f rezerv\u0105, pateikia \u0161iuos dokumentus: Pra\u0161ym\u0105 \u012ftraukti \u012f \u0161vietimo \u012fstaig\u0173 vadov\u0173 rezerv\u0105; Gyvenimo apra\u0161ym\u0105\u00a0Europass CV\u00a0formatu lietuvi\u0173 kalba (pdf formatu)\u00a0su priedais; Dokument\u0173, patvirtinan\u010di\u0173, kad jis atitinka Kvalifikacini\u0173 reikalavim\u0173 valstybini\u0173 ir savivaldybi\u0173 \u0161vietimo \u012fstaig\u0173 (i\u0161skyrus auk\u0161t\u0105sias mokyklas) vadovams&nbsp;<a href=\"https:\/\/www.nsa.smsm.lt\/old\/vadovu-ir-pedagogu-vertinimas\/registracija\/\" class=\"placiau\">Pla\u010diau <i class=\"fa fa-caret-right\"><\/i><\/a><\/p>\n","protected":false},"author":1,"featured_media":0,"parent":10105,"menu_order":0,"comment_status":"closed","ping_status":"closed","template":"page-vadovu-rezervas.php","meta":{"_acf_changed":false,"footnotes":""},"class_list":["post-17013","page","type-page","status-publish","hentry"],"acf":[],"_links":{"self":[{"href":"https:\/\/www.nsa.smsm.lt\/old\/wp-json\/wp\/v2\/pages\/17013","targetHints":{"allow":["GET"]}}],"collection":[{"href":"https:\/\/www.nsa.smsm.lt\/old\/wp-json\/wp\/v2\/pages"}],"about":[{"href":"https:\/\/www.nsa.smsm.lt\/old\/wp-json\/wp\/v2\/types\/page"}],"author":[{"embeddable":true,"href":"https:\/\/www.nsa.smsm.lt\/old\/wp-json\/wp\/v2\/users\/1"}],"replies":[{"embeddable":true,"href":"https:\/\/www.nsa.smsm.lt\/old\/wp-json\/wp\/v2\/comments?post=17013"}],"version-history":[{"count":0,"href":"https:\/\/www.nsa.smsm.lt\/old\/wp-json\/wp\/v2\/pages\/17013\/revisions"}],"up":[{"embeddable":true,"href":"https:\/\/www.nsa.smsm.lt\/old\/wp-json\/wp\/v2\/pages\/10105"}],"wp:attachment":[{"href":"https:\/\/www.nsa.smsm.lt\/old\/wp-json\/wp\/v2\/media?parent=17013"}],"curies":[{"name":"wp","href":"https:\/\/api.w.org\/{rel}","templated":true}]}}