{"id":17011,"date":"2022-12-24T09:36:06","date_gmt":"2022-12-24T07:36:06","guid":{"rendered":"https:\/\/www.nsa.smsm.lt\/old\/?page_id=17011"},"modified":"2023-01-11T23:43:30","modified_gmt":"2023-01-11T21:43:30","slug":"konsultantu-sarasas","status":"publish","type":"page","link":"https:\/\/www.nsa.smsm.lt\/old\/vadovu-ir-pedagogu-vertinimas\/mokytoju-atestacija\/konsultantu-sarasas\/","title":{"rendered":"Vertintojai"},"content":{"rendered":"<p><strong><a href=\"https:\/\/duomenys.ugdome.lt\/?\/kt\/svtk\/63150\">Socialini\u0173 pedagog\u0173 veiklos vertintojai<\/a><\/strong><\/p>\n<p><a href=\"https:\/\/www.nsa.smsm.lt\/old\/old\/wp-content\/uploads\/2020\/12\/Isakymas-del-svietimo-konsultantu-socialiniu-pedagogu-veiklos-vertintoju-pazymejimu-galiojimo-pratesimo.pdf\">\u012esakymas d\u0117l \u0161vietimo konsultant\u0173 (socialini\u0173 pedagog\u0173 veiklos vertintoj\u0173) pa\u017eym\u0117jim\u0173 galiojimo prat\u0119simo<\/a><\/p>\n<p>&nbsp;<\/p>\n<p><strong><a href=\"https:\/\/duomenys.ugdome.lt\/?\/kt\/svtk\/63200\">Mokytoj\u0173 praktin\u0117s veiklos vertintojai<\/a><\/strong><\/p>\n<p><a href=\"https:\/\/www.nsa.smsm.lt\/old\/old\/wp-content\/uploads\/2020\/12\/isakymas-del-svietimo-konsultantu-pazymejimu-pratesimo-1.pdf\">\u012esakymas d\u0117l \u0161vietimo konsultant\u0173 (mokytoj\u0173 praktin\u0117s veiklos vertintoj\u0173) pa\u017eym\u0117jim\u0173 galiojimo prat\u0119simo<\/a><\/p>\n<p><a href=\"https:\/\/www.nsa.smsm.lt\/old\/old\/wp-content\/uploads\/2020\/12\/isakymas-del-svietimo-konsultantu-pazymejimu-pratesimo-2.pdf\">\u012esakymas d\u0117l \u0161vietimo konsultant\u0173 (mokytoj\u0173 praktin\u0117s veiklos vertintoj\u0173) pa\u017eym\u0117jim\u0173 galiojimo prat\u0119simo<\/a><\/p>\n<p><a href=\"https:\/\/www.nsa.smsm.lt\/old\/old\/wp-content\/uploads\/2020\/12\/isakymas-del-svietimo-konsultantu-pazymejimu-pratesimo-3.pdf\">\u012esakymas d\u0117l \u0161vietimo konsultant\u0173 (mokytoj\u0173 praktin\u0117s veiklos vertintoj\u0173) pa\u017eym\u0117jim\u0173 galiojimo prat\u0119simo<\/a><\/p>\n","protected":false},"excerpt":{"rendered":"<p>Socialini\u0173 pedagog\u0173 veiklos vertintojai \u012esakymas d\u0117l \u0161vietimo konsultant\u0173 (socialini\u0173 pedagog\u0173 veiklos vertintoj\u0173) pa\u017eym\u0117jim\u0173 galiojimo prat\u0119simo &nbsp; Mokytoj\u0173 praktin\u0117s veiklos vertintojai \u012esakymas d\u0117l \u0161vietimo konsultant\u0173 (mokytoj\u0173 praktin\u0117s veiklos vertintoj\u0173) pa\u017eym\u0117jim\u0173 galiojimo prat\u0119simo \u012esakymas d\u0117l \u0161vietimo konsultant\u0173 (mokytoj\u0173 praktin\u0117s veiklos vertintoj\u0173) pa\u017eym\u0117jim\u0173&nbsp;<a href=\"https:\/\/www.nsa.smsm.lt\/old\/vadovu-ir-pedagogu-vertinimas\/mokytoju-atestacija\/konsultantu-sarasas\/\" class=\"placiau\">Pla\u010diau <i class=\"fa fa-caret-right\"><\/i><\/a><\/p>\n","protected":false},"author":1,"featured_media":0,"parent":16855,"menu_order":0,"comment_status":"closed","ping_status":"closed","template":"page-mokytoju-atestacija.php","meta":{"_acf_changed":false,"footnotes":""},"class_list":["post-17011","page","type-page","status-publish","hentry"],"acf":[],"_links":{"self":[{"href":"https:\/\/www.nsa.smsm.lt\/old\/wp-json\/wp\/v2\/pages\/17011","targetHints":{"allow":["GET"]}}],"collection":[{"href":"https:\/\/www.nsa.smsm.lt\/old\/wp-json\/wp\/v2\/pages"}],"about":[{"href":"https:\/\/www.nsa.smsm.lt\/old\/wp-json\/wp\/v2\/types\/page"}],"author":[{"embeddable":true,"href":"https:\/\/www.nsa.smsm.lt\/old\/wp-json\/wp\/v2\/users\/1"}],"replies":[{"embeddable":true,"href":"https:\/\/www.nsa.smsm.lt\/old\/wp-json\/wp\/v2\/comments?post=17011"}],"version-history":[{"count":0,"href":"https:\/\/www.nsa.smsm.lt\/old\/wp-json\/wp\/v2\/pages\/17011\/revisions"}],"up":[{"embeddable":true,"href":"https:\/\/www.nsa.smsm.lt\/old\/wp-json\/wp\/v2\/pages\/16855"}],"wp:attachment":[{"href":"https:\/\/www.nsa.smsm.lt\/old\/wp-json\/wp\/v2\/media?parent=17011"}],"curies":[{"name":"wp","href":"https:\/\/api.w.org\/{rel}","templated":true}]}}