{"id":17008,"date":"2022-12-23T22:17:01","date_gmt":"2022-12-23T20:17:01","guid":{"rendered":"https:\/\/www.nsa.smsm.lt\/old\/?page_id=17008"},"modified":"2023-01-11T20:04:29","modified_gmt":"2023-01-11T18:04:29","slug":"renginiai","status":"publish","type":"page","link":"https:\/\/www.nsa.smsm.lt\/old\/istaigu-vertinimas\/neformaliojo-vaiku-svietimo-ir-jo-teikeju-veiklos-kokybes-isorinis-vertinimas\/renginiai\/","title":{"rendered":"Renginiai"},"content":{"rendered":"<p>2018 m. bir\u017eelio 21 d. \u012fvyko \u0160vietimo ir mokslo ministerijos, Lietuvos mokini\u0173 neformaliojo \u0161vietimo centro ir Nacionalin\u0117s mokykl\u0173 vertinimo agent\u016bros organizuota konferencija \u201eNeformaliojo vaik\u0173 \u0161vietimo kokyb\u0117s kult\u016bros link\u201c.<\/p>\n<p>Daugiau informacijos apie konferencij\u0105 rasite \u0161iuo adresu\u00a0<a href=\"https:\/\/www.lmnsc.lt\/naujiena\/neformaliojo-vaiku-svietimo-kokybei-augti-padeda-parengta-isivertinimo-metodika\/\">\u00a0https:\/\/www.lmnsc.lt\/naujiena\/neformaliojo-vaiku-svietimo-kokybei-augti-padeda-parengta-isivertinimo-metodika\/<\/a><\/p>\n","protected":false},"excerpt":{"rendered":"<p>2018 m. bir\u017eelio 21 d. \u012fvyko \u0160vietimo ir mokslo ministerijos, Lietuvos mokini\u0173 neformaliojo \u0161vietimo centro ir Nacionalin\u0117s mokykl\u0173 vertinimo agent\u016bros organizuota konferencija \u201eNeformaliojo vaik\u0173 \u0161vietimo kokyb\u0117s kult\u016bros link\u201c. Daugiau informacijos apie konferencij\u0105 rasite \u0161iuo adresu\u00a0\u00a0https:\/\/www.lmnsc.lt\/naujiena\/neformaliojo-vaiku-svietimo-kokybei-augti-padeda-parengta-isivertinimo-metodika\/<\/p>\n","protected":false},"author":1,"featured_media":0,"parent":16846,"menu_order":2,"comment_status":"closed","ping_status":"closed","template":"page-neformalus.php","meta":{"_acf_changed":false,"footnotes":""},"class_list":["post-17008","page","type-page","status-publish","hentry"],"acf":[],"_links":{"self":[{"href":"https:\/\/www.nsa.smsm.lt\/old\/wp-json\/wp\/v2\/pages\/17008","targetHints":{"allow":["GET"]}}],"collection":[{"href":"https:\/\/www.nsa.smsm.lt\/old\/wp-json\/wp\/v2\/pages"}],"about":[{"href":"https:\/\/www.nsa.smsm.lt\/old\/wp-json\/wp\/v2\/types\/page"}],"author":[{"embeddable":true,"href":"https:\/\/www.nsa.smsm.lt\/old\/wp-json\/wp\/v2\/users\/1"}],"replies":[{"embeddable":true,"href":"https:\/\/www.nsa.smsm.lt\/old\/wp-json\/wp\/v2\/comments?post=17008"}],"version-history":[{"count":0,"href":"https:\/\/www.nsa.smsm.lt\/old\/wp-json\/wp\/v2\/pages\/17008\/revisions"}],"up":[{"embeddable":true,"href":"https:\/\/www.nsa.smsm.lt\/old\/wp-json\/wp\/v2\/pages\/16846"}],"wp:attachment":[{"href":"https:\/\/www.nsa.smsm.lt\/old\/wp-json\/wp\/v2\/media?parent=17008"}],"curies":[{"name":"wp","href":"https:\/\/api.w.org\/{rel}","templated":true}]}}