{"id":17006,"date":"2022-12-23T22:14:50","date_gmt":"2022-12-23T20:14:50","guid":{"rendered":"https:\/\/www.nsa.smsm.lt\/old\/?page_id=17006"},"modified":"2023-01-11T20:04:32","modified_gmt":"2023-01-11T18:04:32","slug":"vertintoju-sarasas","status":"publish","type":"page","link":"https:\/\/www.nsa.smsm.lt\/old\/istaigu-vertinimas\/neformaliojo-vaiku-svietimo-ir-jo-teikeju-veiklos-kokybes-isorinis-vertinimas\/vertintoju-sarasas\/","title":{"rendered":"Vertintoj\u0173 s\u0105ra\u0161as"},"content":{"rendered":"<p>I\u0161or\u0117s vertintojai, kurie 2020 m. gegu\u017e\u0117s 12\u201313 d., gegu\u017e\u0117s 25\u201327 d., bir\u017eelio 15\u201316 d. ir 2021 m. kovo \u00a022\u201324 d. dalyvavo 80 akad. val. mokym\u0173 programoje <strong><em>\u201eNeformaliojo vaik\u0173 \u0161vietimo teik\u0117j\u0173 veiklos kokyb\u0117s i\u0161or\u0117s vertintoj\u0173 mokymai\u201c<\/em><\/strong>, atliko mokym\u0173 programoje numatytas u\u017eduotis ir patobulino bendravimo ir bendradarbiavimo, komunikacin\u0119 ir informacijos valdymo, reflektavimo ir mok\u0117jimo mokytis, kritinio m\u0105stymo, tiriamosios veiklos, duomen\u0173 analizavimo ir interpretavimo bei konsultavimo kompetencijas. Mokymai vyko \u012fgyvendinant projekt\u0105 \u201eNeformaliojo vaik\u0173 \u0161vietimo, ikimokyklinio, prie\u0161mokyklinio ir bendrojo ugdymo vertinimo, \u012fsivertinimo tobulinimas ir pl\u0117tot\u0117\u201c (Nr. 09.2.1-ESFA-V-706-03-0001).<\/p>\n<table class=\"table\" width=\"100%\">\n<tbody>\n<tr>\n<td width=\"64\"><strong>Eil.<br \/>\nNr.\u00a0<\/strong><\/td>\n<td width=\"253\"><strong>Vardas, pavard\u0117\u00a0<\/strong><\/td>\n<td width=\"106\"><strong>Pa\u017eym\u0117jimo Nr.\u00a0<\/strong><\/td>\n<\/tr>\n<tr>\n<td width=\"64\">1.<\/td>\n<td width=\"253\">Jolanta Babaliauskien\u0117<\/td>\n<td width=\"106\">NV\u0160-320<\/td>\n<\/tr>\n<tr>\n<td width=\"64\">2.<\/td>\n<td width=\"253\">Aida Bilinskien\u0117<\/td>\n<td width=\"106\">NV\u0160-328<\/td>\n<\/tr>\n<tr>\n<td width=\"64\">3.<\/td>\n<td width=\"253\">Albina Dama\u0161auskien\u0117<\/td>\n<td width=\"106\">NV\u0160-322<\/td>\n<\/tr>\n<tr>\n<td width=\"64\">4.<\/td>\n<td width=\"253\">Renata Dambrauskait\u0117-P\u0117\u017eelien\u0117<\/td>\n<td width=\"106\">NV\u0160-324<\/td>\n<\/tr>\n<tr>\n<td width=\"64\">5.<\/td>\n<td width=\"253\">Julius Gindulis<\/td>\n<td width=\"106\">NV\u0160-339<\/td>\n<\/tr>\n<tr>\n<td width=\"64\">6.<\/td>\n<td width=\"253\">Eduardas Ingelevi\u010dius<\/td>\n<td width=\"106\">NV\u0160-321<\/td>\n<\/tr>\n<tr>\n<td width=\"64\">7.<\/td>\n<td width=\"253\">Rasa Jurgaitien\u0117<\/td>\n<td width=\"106\">NV\u0160-337<\/td>\n<\/tr>\n<tr>\n<td width=\"64\">8.<\/td>\n<td width=\"253\">Alma Kernyt\u0117<\/td>\n<td width=\"106\">NV\u0160-331<\/td>\n<\/tr>\n<tr>\n<td width=\"64\">9.<\/td>\n<td width=\"253\">Robertas Klimavi\u010dius<\/td>\n<td width=\"106\">NV\u0160-327<\/td>\n<\/tr>\n<tr>\n<td width=\"64\">10.<\/td>\n<td width=\"253\">R\u016bta Kutrait\u0117<\/td>\n<td width=\"106\">NV\u0160-317<\/td>\n<\/tr>\n<tr>\n<td width=\"64\">11.<\/td>\n<td width=\"253\">Vaiva Ma\u010dien\u0117<\/td>\n<td width=\"106\">NV\u0160-314<\/td>\n<\/tr>\n<tr>\n<td width=\"64\">12.<\/td>\n<td width=\"253\">Asta Mal\u010diauskien\u0117<strong>\u00a0<\/strong><\/td>\n<td width=\"106\">NV\u0160-340<\/td>\n<\/tr>\n<tr>\n<td width=\"64\">13.<\/td>\n<td width=\"253\">Nijol\u0117 Mateikien\u0117<\/td>\n<td width=\"106\">NV\u0160-313<\/td>\n<\/tr>\n<tr>\n<td width=\"64\">14.<\/td>\n<td width=\"253\">Indr\u0117 Mockaitien\u0117<\/td>\n<td width=\"106\">NV\u0160-333<\/td>\n<\/tr>\n<tr>\n<td width=\"64\">15.<\/td>\n<td width=\"253\">Rita Padgurskien\u0117<\/td>\n<td width=\"106\">NV\u0160-341<\/td>\n<\/tr>\n<tr>\n<td width=\"64\">16.<\/td>\n<td width=\"253\">Nijol\u0117 Pileckien\u0117<\/td>\n<td width=\"106\">NV\u0160-335<\/td>\n<\/tr>\n<tr>\n<td width=\"64\">17.<\/td>\n<td width=\"253\">Lina Raudien\u0117<\/td>\n<td width=\"106\">NV\u0160-315<\/td>\n<\/tr>\n<tr>\n<td width=\"64\">18.<\/td>\n<td width=\"253\">Irena Ri\u010dkuvien\u0117<\/td>\n<td width=\"106\">NV\u0160-318<\/td>\n<\/tr>\n<tr>\n<td width=\"64\">19.<\/td>\n<td width=\"253\">Irina Rodevi\u010d<\/td>\n<td width=\"106\">NV\u0160-319<\/td>\n<\/tr>\n<tr>\n<td width=\"64\">20.<\/td>\n<td width=\"253\">Nomeda Skliuderien\u0117<\/td>\n<td width=\"106\">NV\u0160-316<\/td>\n<\/tr>\n<tr>\n<td width=\"64\">21.<\/td>\n<td width=\"253\">Dalia Stasik\u0117lien\u0117<\/td>\n<td width=\"106\">NV\u0160-326<\/td>\n<\/tr>\n<tr>\n<td width=\"64\">22.<\/td>\n<td width=\"253\">Aurelija Ston\u010diuvien\u0117<\/td>\n<td width=\"106\">NV\u0160-323<\/td>\n<\/tr>\n<tr>\n<td width=\"64\">23.<\/td>\n<td width=\"253\">Bronislovas \u0160imokaitis<\/td>\n<td width=\"106\">NV\u0160-334<\/td>\n<\/tr>\n<tr>\n<td width=\"64\">24.<\/td>\n<td width=\"253\">Edita Timukien\u0117<\/td>\n<td width=\"106\">NV\u0160-332<\/td>\n<\/tr>\n<tr>\n<td width=\"64\">25.<\/td>\n<td width=\"253\">Narimantas \u017dalys<\/td>\n<td width=\"106\">NV\u0160-342<\/td>\n<\/tr>\n<tr>\n<td width=\"64\">26.<\/td>\n<td width=\"253\">Gintaut\u0117 \u017dib\u0117nien\u0117<\/td>\n<td width=\"106\">NV\u0160-337<\/td>\n<\/tr>\n<tr>\n<td width=\"64\">27.<\/td>\n<td width=\"253\">Virginijus \u017dilinskas<\/td>\n<td width=\"106\">NV\u0160-329<\/td>\n<\/tr>\n<tr>\n<td width=\"64\">28.<\/td>\n<td width=\"253\">Aleksandra \u017duk-Butkuvien\u0117<\/td>\n<td width=\"106\">NV\u0160-338<\/td>\n<\/tr>\n<\/tbody>\n<\/table>\n<p>&nbsp;<\/p>\n<p>I\u0161or\u0117s vertintojai, baig\u0119 program\u0105 \u201eNeformaliojo vaik\u0173 \u0161vietimo ir jo teik\u0117j\u0173 veiklos kokyb\u0117s u\u017etikrinimo eksperimentin\u0117s metodikos i\u0161bandymas\u201c ir \u012fgij\u0119 neformaliojo vaik\u0173 \u0161vietimo kokyb\u0117s vertinimo kompetencij\u0105.<\/p>\n<ol>\n<li>Birut\u0117 Augustanavi\u010di\u016bt\u0117;<\/li>\n<li>Edita Bartkien\u0117, Taurag\u0117s \u017dalgiri\u0173 gimnazija;<\/li>\n<li>Rima Kazlauskien\u0117, Mol\u0117t\u0173 \u0161vietimo centras;<\/li>\n<li>Sonata La\u017eauninkien\u0117, Kai\u0161iadori\u0173 r. \u017dasli\u0173 lop\u0161elis-dar\u017eelis \u201e\u017daliasis klevelis\u201c, Kai\u0161iadori\u0173 lop\u0161elis-dar\u017eelis \u201e\u017dvaig\u017edut\u0117\u201c;<\/li>\n<li>Danguol\u0117 Petkien\u0117, Taurag\u0117s rajono savivaldyb\u0117s \u0160vietimo skyrius;<\/li>\n<li>Vilija Pri\u017egintien\u0117, Klaip\u0117dos \u201e\u0104\u017euolyno\u201c gimnazija;<\/li>\n<li>Jurgita Ra\u010dkauskien\u0117, Klaip\u0117dos Baltijos gimnazija;<\/li>\n<li>Anel\u0117 Raugien\u0117, Skuodo meno mokykla;<\/li>\n<li>Laimut\u0117 Raugevi\u010dien\u0117, Bir\u0161tono meno mokykla;<\/li>\n<li>Ramut\u0117 Stasevi\u010dien\u0117, Panev\u0117\u017eio muzikos mokykla;<\/li>\n<li>Alma Uzn\u0117, Jurbarko Naujamies\u010dio pagrindin\u0117 mokykla;<\/li>\n<li>Virginija Vaitiekien\u0117, Utenos rajono savivaldyb\u0117s administracijos \u0160vietimo, sporto ir jaunimo reikal\u0173 skyrius;<\/li>\n<li>Violeta Valantukevi\u010dien\u0117, Kelm\u0117s rajono \u0160auk\u0117n\u0173 Vlado P\u016btvio-Putvinskio gimnazija;<\/li>\n<li>Daiva Vilk\u0117, Klaip\u0117dos lop\u0161elis-dar\u017eelis \u201ePumpur\u0117lis\u201c;<\/li>\n<li>Joana \u017dvikevi\u010dien\u0117, Vilniaus vaik\u0173 ir jaunimo klubas \u201eMeteoras\u201c.<\/li>\n<\/ol>\n","protected":false},"excerpt":{"rendered":"<p>I\u0161or\u0117s vertintojai, kurie 2020 m. gegu\u017e\u0117s 12\u201313 d., gegu\u017e\u0117s 25\u201327 d., bir\u017eelio 15\u201316 d. ir 2021 m. kovo \u00a022\u201324 d. dalyvavo 80 akad. val. mokym\u0173 programoje \u201eNeformaliojo vaik\u0173 \u0161vietimo teik\u0117j\u0173 veiklos kokyb\u0117s i\u0161or\u0117s vertintoj\u0173 mokymai\u201c, atliko mokym\u0173 programoje numatytas u\u017eduotis&nbsp;<a href=\"https:\/\/www.nsa.smsm.lt\/old\/istaigu-vertinimas\/neformaliojo-vaiku-svietimo-ir-jo-teikeju-veiklos-kokybes-isorinis-vertinimas\/vertintoju-sarasas\/\" class=\"placiau\">Pla\u010diau <i class=\"fa fa-caret-right\"><\/i><\/a><\/p>\n","protected":false},"author":1,"featured_media":0,"parent":16846,"menu_order":1,"comment_status":"closed","ping_status":"closed","template":"page-neformalus.php","meta":{"_acf_changed":false,"footnotes":""},"class_list":["post-17006","page","type-page","status-publish","hentry"],"acf":[],"_links":{"self":[{"href":"https:\/\/www.nsa.smsm.lt\/old\/wp-json\/wp\/v2\/pages\/17006","targetHints":{"allow":["GET"]}}],"collection":[{"href":"https:\/\/www.nsa.smsm.lt\/old\/wp-json\/wp\/v2\/pages"}],"about":[{"href":"https:\/\/www.nsa.smsm.lt\/old\/wp-json\/wp\/v2\/types\/page"}],"author":[{"embeddable":true,"href":"https:\/\/www.nsa.smsm.lt\/old\/wp-json\/wp\/v2\/users\/1"}],"replies":[{"embeddable":true,"href":"https:\/\/www.nsa.smsm.lt\/old\/wp-json\/wp\/v2\/comments?post=17006"}],"version-history":[{"count":0,"href":"https:\/\/www.nsa.smsm.lt\/old\/wp-json\/wp\/v2\/pages\/17006\/revisions"}],"up":[{"embeddable":true,"href":"https:\/\/www.nsa.smsm.lt\/old\/wp-json\/wp\/v2\/pages\/16846"}],"wp:attachment":[{"href":"https:\/\/www.nsa.smsm.lt\/old\/wp-json\/wp\/v2\/media?parent=17006"}],"curies":[{"name":"wp","href":"https:\/\/api.w.org\/{rel}","templated":true}]}}