{"id":17004,"date":"2022-12-23T22:05:43","date_gmt":"2022-12-23T20:05:43","guid":{"rendered":"https:\/\/www.nsa.smsm.lt\/old\/?page_id=17004"},"modified":"2023-01-11T20:04:35","modified_gmt":"2023-01-11T18:04:35","slug":"vertinimas","status":"publish","type":"page","link":"https:\/\/www.nsa.smsm.lt\/old\/istaigu-vertinimas\/neformaliojo-vaiku-svietimo-ir-jo-teikeju-veiklos-kokybes-isorinis-vertinimas\/vertinimas\/","title":{"rendered":"Vertinimas"},"content":{"rendered":"<p><i class=\"fa fa-file-pdf-o \" ><\/i> <a href=\"https:\/\/www.nsa.smsm.lt\/old\/old\/wp-content\/uploads\/2020\/12\/2018-m.-menesiais-vyksianciu-neformaliojo-vaiku-svietimo-teikeju-isoriniu-vertinimu-grupes.pdf\" rel=\"\">2018 m. baland\u017eio-gegu\u017e\u0117s m\u0117nesiais vyksian\u010di\u0173 neformaliojo vaik\u0173 \u0161vietimo teik\u0117j\u0173 i\u0161orini\u0173 vertinim\u0173 grup\u0117s<\/a><\/p>\n","protected":false},"excerpt":{"rendered":"<p>2018 m. baland\u017eio-gegu\u017e\u0117s m\u0117nesiais vyksian\u010di\u0173 neformaliojo vaik\u0173 \u0161vietimo teik\u0117j\u0173 i\u0161orini\u0173 vertinim\u0173 grup\u0117s<\/p>\n","protected":false},"author":1,"featured_media":0,"parent":16846,"menu_order":0,"comment_status":"closed","ping_status":"closed","template":"page-neformalus.php","meta":{"_acf_changed":false,"footnotes":""},"class_list":["post-17004","page","type-page","status-publish","hentry"],"acf":[],"_links":{"self":[{"href":"https:\/\/www.nsa.smsm.lt\/old\/wp-json\/wp\/v2\/pages\/17004","targetHints":{"allow":["GET"]}}],"collection":[{"href":"https:\/\/www.nsa.smsm.lt\/old\/wp-json\/wp\/v2\/pages"}],"about":[{"href":"https:\/\/www.nsa.smsm.lt\/old\/wp-json\/wp\/v2\/types\/page"}],"author":[{"embeddable":true,"href":"https:\/\/www.nsa.smsm.lt\/old\/wp-json\/wp\/v2\/users\/1"}],"replies":[{"embeddable":true,"href":"https:\/\/www.nsa.smsm.lt\/old\/wp-json\/wp\/v2\/comments?post=17004"}],"version-history":[{"count":0,"href":"https:\/\/www.nsa.smsm.lt\/old\/wp-json\/wp\/v2\/pages\/17004\/revisions"}],"up":[{"embeddable":true,"href":"https:\/\/www.nsa.smsm.lt\/old\/wp-json\/wp\/v2\/pages\/16846"}],"wp:attachment":[{"href":"https:\/\/www.nsa.smsm.lt\/old\/wp-json\/wp\/v2\/media?parent=17004"}],"curies":[{"name":"wp","href":"https:\/\/api.w.org\/{rel}","templated":true}]}}