{"id":17002,"date":"2025-03-12T05:35:14","date_gmt":"2025-03-12T03:35:14","guid":{"rendered":"https:\/\/www.nsa.smsm.lt\/old\/?page_id=17002"},"modified":"2025-03-12T16:55:42","modified_gmt":"2025-03-12T14:55:42","slug":"akredituotos-istaigos","status":"publish","type":"page","link":"https:\/\/www.nsa.smsm.lt\/old\/istaigu-vertinimas\/pedagogu-kvalifikacijos-tobulinimo-istaigu-isorinis-vertinimas\/akredituotos-istaigos\/","title":{"rendered":"Akredituotos \u012fstaigos"},"content":{"rendered":"<p><i class=\"fas fa-file-pdf \" ><\/i>\u00a0<a href=\"https:\/\/www.nsa.smsm.lt\/old\/old\/wp-content\/uploads\/2025\/03\/AI_sarasas.pdf\">Akredituot\u0173 \u012fstaig\u0173 s\u0105ra\u0161as<\/a><\/p>\n","protected":false},"excerpt":{"rendered":"<p>\u00a0Akredituot\u0173 \u012fstaig\u0173 s\u0105ra\u0161as<\/p>\n","protected":false},"author":1,"featured_media":0,"parent":16841,"menu_order":0,"comment_status":"closed","ping_status":"closed","template":"page-tobulinimas.php","meta":{"_acf_changed":false,"footnotes":""},"class_list":["post-17002","page","type-page","status-publish","hentry"],"acf":[],"_links":{"self":[{"href":"https:\/\/www.nsa.smsm.lt\/old\/wp-json\/wp\/v2\/pages\/17002","targetHints":{"allow":["GET"]}}],"collection":[{"href":"https:\/\/www.nsa.smsm.lt\/old\/wp-json\/wp\/v2\/pages"}],"about":[{"href":"https:\/\/www.nsa.smsm.lt\/old\/wp-json\/wp\/v2\/types\/page"}],"author":[{"embeddable":true,"href":"https:\/\/www.nsa.smsm.lt\/old\/wp-json\/wp\/v2\/users\/1"}],"replies":[{"embeddable":true,"href":"https:\/\/www.nsa.smsm.lt\/old\/wp-json\/wp\/v2\/comments?post=17002"}],"version-history":[{"count":14,"href":"https:\/\/www.nsa.smsm.lt\/old\/wp-json\/wp\/v2\/pages\/17002\/revisions"}],"predecessor-version":[{"id":42497,"href":"https:\/\/www.nsa.smsm.lt\/old\/wp-json\/wp\/v2\/pages\/17002\/revisions\/42497"}],"up":[{"embeddable":true,"href":"https:\/\/www.nsa.smsm.lt\/old\/wp-json\/wp\/v2\/pages\/16841"}],"wp:attachment":[{"href":"https:\/\/www.nsa.smsm.lt\/old\/wp-json\/wp\/v2\/media?parent=17002"}],"curies":[{"name":"wp","href":"https:\/\/api.w.org\/{rel}","templated":true}]}}