{"id":17000,"date":"2022-12-23T20:20:46","date_gmt":"2022-12-23T18:20:46","guid":{"rendered":"https:\/\/www.nsa.smsm.lt\/old\/?page_id=17000"},"modified":"2023-01-11T20:05:42","modified_gmt":"2023-01-11T18:05:42","slug":"kaip-tapti-vertintoju","status":"publish","type":"page","link":"https:\/\/www.nsa.smsm.lt\/old\/istaigu-vertinimas\/bendrojo-ugdymo-mokyklu-isorinis-vertinimas\/kaip-tapti-vertintoju\/","title":{"rendered":"Kaip tapti vertintoju?"},"content":{"rendered":"<p>I\u0161or\u0117s vertintoj\u0173 atrank\u0105 reglamentuoja Lietuvos Respublikos \u0161vietimo ir mokslo ministro 2017 m. gegu\u017e\u0117s 2 d. \u012fsakymu Nr. V-322\u00a0\u201eD\u0117l \u0161vietimo ir mokslo ministro 2007 m. bir\u017eelio 5 d. \u012fsakymo Nr. ISAK-1113 \u201eD\u0117l bendrojo lavinimo mokykl\u0173 veiklos kokyb\u0117s i\u0161or\u0117s audito i\u0161or\u0117s vertintoj\u0173 atrankos ir atestavimo taisykli\u0173 patvirtinimo\u201c pakeitimo\u201c patvirtint\u0173<a href=\"https:\/\/www.e-tar.lt\/portal\/lt\/legalAct\/TAR.F65FFEB04E07\/BaWWmgPFJg\">\u00a0Mokykl\u0173, vykdan\u010di\u0173 bendrojo ugdymo programas, veiklos i\u0161orinio vertinimo i\u0161or\u0117s vertintoj\u0173 atrankos ir atestavimo taisykli\u0173<\/a>\u00a0nauja redakcija.<\/p>\n<p>I\u0161or\u0117s vertintoj\u0173 atranka \u2013 objektyvi, skaidri ir atvira proced\u016bra, kurios metu pagal nustatytus reikalavimus vie\u0161o konkurso metu atrenkami kandidatai \u012f i\u0161or\u0117s vertintojus. Konkursai apie i\u0161or\u0117s vertintoj\u0173 atrank\u0105 skelbiami Nacionalin\u0117s mokykl\u0173 vertinimo agent\u016bros (toliau \u2013 Agent\u016bra) interneto svetain\u0117je ir (ar) kitose informavimo priemon\u0117se.<\/p>\n<p>Vadovaujantis patvirtintomis Mokykl\u0173, vykdan\u010di\u0173 bendrojo ugdymo programas, veiklos i\u0161orinio vertinimo i\u0161or\u0117s vertintoj\u0173 atrankos ir atestavimo taisykl\u0117mis (toliau \u2013 Taisykl\u0117s), asmuo, pageidaujantis dalyvauti i\u0161or\u0117s vertintoj\u0173 atrankoje (toliau \u2013 Pretendentas), turi atitikti bendruosius ir specialiuosius reikalavimus:<\/p>\n<ul>\n<li>Bendrieji reikalavimai:<\/li>\n<\/ul>\n<ol>\n<li>tur\u0117ti auk\u0161t\u0105j\u012f i\u0161silavinim\u0105 ir pedagogo kvalifikacij\u0105;<\/li>\n<li>tur\u0117ti ne ma\u017eesn\u0119 kaip 3 met\u0173 pedagoginio ir (ar) vadybinio darbo patirt\u012f mokykloje, vykdan\u010dioje bendrojo ugdymo programas (toliau \u2013 Mokykloje) per pastaruosius 10 met\u0173;<\/li>\n<li>mok\u0117ti vartotojo lygiu dirbti kompiuteriu\u00a0<i>Microsoft Office<\/i>\u00a0programiniu paketu.<\/li>\n<\/ol>\n<ul>\n<li>Specialieji reikalavimai:<\/li>\n<\/ul>\n<ol>\n<li>i\u0161manyti Mokyklos veiklos \u012fsivertinim\u0105, i\u0161orin\u012f vertinim\u0105 ir \u0161vietim\u0105 reglamentuojan\u010dius teis\u0117s aktus;<\/li>\n<li>suvokti \u0161iuolaikin\u0117s pamokos samprat\u0105;<\/li>\n<li>b\u016bti motyvuotam i\u0161or\u0117s vertintojo veiklai;<\/li>\n<li>mok\u0117ti apibendrinti, sisteminti, analizuoti informacij\u0105, rengti i\u0161vadas ir skland\u017eiai d\u0117styti mintis \u017eod\u017eiu ir ra\u0161tu;<\/li>\n<li>geb\u0117ti bendrauti ir bendradarbiauti, b\u016bti nepriekai\u0161tingos reputacijos, aktyviu komandos nariu ir pasitik\u0117ti kitais asmenimis;<\/li>\n<li>geb\u0117ti greitai ir veiksmingai organizuoti savo ir kit\u0173 darb\u0105;<\/li>\n<li>geb\u0117ti priimti objektyvius sprendimus, i\u0161laikant pusiausvyr\u0105 tarp emocionalumo ir racionalumo.<\/li>\n<\/ol>\n<ul>\n<li>Pretendentas Agent\u016brai pateikia motyvuot\u0105 pra\u0161ym\u0105, savo gyvenimo apra\u0161ym\u0105, Agent\u016bros direktoriaus nustatytos formos deklaracij\u0105 apie nepriekai\u0161ting\u0105 reputacij\u0105 (atitiktis Lietuvos Respublikos vie\u0161\u0173j\u0173 pirkim\u0173 \u012fstatymo 33 straipsnio 1 dalies 1 ir 3 punktuose nustatytiems kriterijams, Lietuvos Respublikos vie\u0161\u0173j\u0173 ir priva\u010di\u0173 interes\u0173 derinimo valstybin\u0117je tarnyboje \u012fstatymo nuostat\u0173 vykdymas, Mokykl\u0173 veiklos kokyb\u0117s i\u0161or\u0117s vertintoj\u0173 elgesio taisykli\u0173 (Apra\u0161o 1 priedas) (toliau \u2013 I\u0161or\u0117s vertintoj\u0173 elgesio taisykl\u0117s) laikymasis, jei pakartotinai pretenduojama \u012f i\u0161or\u0117s vertintojus), steb\u0117tos pamokos analiz\u0119 ir vertinim\u0105.<\/li>\n<li>I\u0161or\u0117s vertintoj\u0173 atrank\u0105 vykdo Mokykl\u0173 veiklos i\u0161orinio vertinimo i\u0161or\u0117s vertintoj\u0173 atrankos komisija (toliau vadinama \u2013 Atrankos komisija). Atrankos komisijos darbo reglament\u0105 ir personalin\u0119 sud\u0117t\u012f tvirtina Agent\u016bros direktorius.<\/li>\n<li>7\u20139 asmen\u0173 Atrankos komisija sudaroma trejiems metams, \u012ftraukiant ne ma\u017eiau kaip po vien\u0105 psicholog\u0105, bendrojo ugdymo mokyklos ir Agent\u016bros darbuotoj\u0105.<\/li>\n<li>Atrankos komisija vertina pretendento pateiktus dokumentus ir vertina, ar Pretendentas atitinka bendruosius reikalavimus. Pretendentas, atitinkantis bendruosius reikalavimus, kvie\u010diamas \u012f antr\u0105j\u012f atrankos etap\u0105. Antrajame etape Atrankos komisija vertina, kaip Pretendentas atitinka specialiuosius reikalavimus, numatytus Taisykli\u0173 8 punkte.<\/li>\n<li>Atsi\u017evelgdamas \u012f Atrankos komisijos si\u016blym\u0105 d\u0117l pretendento tinkamumo Mokyklos i\u0161orinio vertinimo veiklai, pasibaigus Taisykli\u0173 35 punkte nurodytam Atrankos komisijos apskundimo terminui, Agent\u016bros direktorius \u012fsakymu tvirtina kandidatus \u012f i\u0161or\u0117s vertintojus.<\/li>\n<\/ul>\n","protected":false},"excerpt":{"rendered":"<p>I\u0161or\u0117s vertintoj\u0173 atrank\u0105 reglamentuoja Lietuvos Respublikos \u0161vietimo ir mokslo ministro 2017 m. gegu\u017e\u0117s 2 d. \u012fsakymu Nr. V-322\u00a0\u201eD\u0117l \u0161vietimo ir mokslo ministro 2007 m. bir\u017eelio 5 d. \u012fsakymo Nr. ISAK-1113 \u201eD\u0117l bendrojo lavinimo mokykl\u0173 veiklos kokyb\u0117s i\u0161or\u0117s audito i\u0161or\u0117s vertintoj\u0173&nbsp;<a href=\"https:\/\/www.nsa.smsm.lt\/old\/istaigu-vertinimas\/bendrojo-ugdymo-mokyklu-isorinis-vertinimas\/kaip-tapti-vertintoju\/\" class=\"placiau\">Pla\u010diau <i class=\"fa fa-caret-right\"><\/i><\/a><\/p>\n","protected":false},"author":1,"featured_media":0,"parent":16838,"menu_order":6,"comment_status":"closed","ping_status":"closed","template":"page-isorinisvertinimas.php","meta":{"_acf_changed":false,"footnotes":""},"class_list":["post-17000","page","type-page","status-publish","hentry"],"acf":[],"_links":{"self":[{"href":"https:\/\/www.nsa.smsm.lt\/old\/wp-json\/wp\/v2\/pages\/17000","targetHints":{"allow":["GET"]}}],"collection":[{"href":"https:\/\/www.nsa.smsm.lt\/old\/wp-json\/wp\/v2\/pages"}],"about":[{"href":"https:\/\/www.nsa.smsm.lt\/old\/wp-json\/wp\/v2\/types\/page"}],"author":[{"embeddable":true,"href":"https:\/\/www.nsa.smsm.lt\/old\/wp-json\/wp\/v2\/users\/1"}],"replies":[{"embeddable":true,"href":"https:\/\/www.nsa.smsm.lt\/old\/wp-json\/wp\/v2\/comments?post=17000"}],"version-history":[{"count":0,"href":"https:\/\/www.nsa.smsm.lt\/old\/wp-json\/wp\/v2\/pages\/17000\/revisions"}],"up":[{"embeddable":true,"href":"https:\/\/www.nsa.smsm.lt\/old\/wp-json\/wp\/v2\/pages\/16838"}],"wp:attachment":[{"href":"https:\/\/www.nsa.smsm.lt\/old\/wp-json\/wp\/v2\/media?parent=17000"}],"curies":[{"name":"wp","href":"https:\/\/api.w.org\/{rel}","templated":true}]}}