{"id":16996,"date":"2024-12-19T06:18:15","date_gmt":"2024-12-19T04:18:15","guid":{"rendered":"https:\/\/www.nsa.smsm.lt\/old\/?page_id=16996"},"modified":"2024-12-19T14:35:06","modified_gmt":"2024-12-19T12:35:06","slug":"vertinamu-mokyklu-sarasai","status":"publish","type":"page","link":"https:\/\/www.nsa.smsm.lt\/old\/istaigu-vertinimas\/bendrojo-ugdymo-mokyklu-isorinis-vertinimas\/vertinamu-mokyklu-sarasai\/","title":{"rendered":"Vertinam\u0173 mokykl\u0173 s\u0105ra\u0161ai"},"content":{"rendered":"<p><i class=\"fa fa-file-pdf-o \" ><\/i> <a href=\"https:\/\/www.nsa.smsm.lt\/old\/old\/wp-content\/uploads\/2024\/12\/2024-metu-II-pusmecio-tvarkarastis.pdf\" target=\"_blank\" rel=\"noopener\">2024 m. II pusm. vertintos mokyklos, kuriose buvo atliekamas veiklos rizikos i\u0161orinis vertinimas<\/a><\/p>\n<p><i class=\"fa fa-file-pdf-o \" ><\/i> <a href=\"https:\/\/www.nsa.smsm.lt\/old\/old\/wp-content\/uploads\/2024\/08\/2024-metu-I-pusmecio-tvarkarastis.pdf\" target=\"_blank\" rel=\"noopener\">2024 m. I pusm. vertintos mokyklos, kuriose buvo atliekamas veiklos rizikos i\u0161orinis vertinimas<\/a><\/p>\n<p><i class=\"fa fa-file-pdf-o \" ><\/i> <a href=\"https:\/\/www.nsa.smsm.lt\/old\/old\/wp-content\/uploads\/2024\/04\/2024-metu-I-ketvircio-tvarkarastis.pdf\" target=\"_blank\" rel=\"noopener\">2024 m. I ketv. vertintos mokyklos, kuriose buvo atliekamas veiklos rizikos i\u0161orinis vertinimas<\/a><\/p>\n<p><i class=\"fa fa-file-pdf-o \" ><\/i> <a href=\"https:\/\/www.nsa.smsm.lt\/old\/old\/wp-content\/uploads\/2024\/04\/2023-metu-2-pusmecio-tvarkarastis.pdf\">2023 m. II pusm. vertintos mokyklos, kuriose buvo atliekamas veiklos rizikos i\u0161orinis vertinimas<\/a><\/p>\n<p><i class=\"fa fa-file-pdf-o \" ><\/i> <a href=\"https:\/\/www.nsa.smsm.lt\/old\/old\/wp-content\/uploads\/2023\/02\/tvarkarascio_isakymopriedas_II-ketv-1.pdf\">2023 m. II ketv. vertinamos bendrojo ugdymo mokyklos, gavusios kokyb\u0117s krep\u0161el\u012f<\/a><\/p>\n<p><i class=\"fa fa-file-pdf-o \" ><\/i> <a href=\"https:\/\/www.nsa.smsm.lt\/old\/old\/wp-content\/uploads\/2023\/02\/NSA-svetainei-I-ketv.pdf\">2023 m. I ketv. vertinamos bendrojo ugdymo mokyklos, gavusios kokyb\u0117s krep\u0161el\u012f<\/a><\/p>\n<p><i class=\"fa fa-file-pdf-o \" ><\/i> <a href=\"https:\/\/www.nsa.smsm.lt\/old\/old\/wp-content\/uploads\/2022\/10\/Lapkricio-menesio-tvarkarastis.pdf\">2022 m. lapkri\u010dio m\u0117nes\u012f vertinamos bendrojo ugdymo programas vykdan\u010dios mokyklos, gavusios kokyb\u0117s krep\u0161el\u012f<\/a><\/p>\n<p><i class=\"fa fa-file-pdf-o \" ><\/i> <a href=\"https:\/\/www.nsa.smsm.lt\/old\/old\/wp-content\/uploads\/2022\/09\/isorinis_vertinimas.pdf\">2022 m. spalio m\u0117nes\u012f vertinamos bendrojo ugdymo programas vykdan\u010dios mokyklos, gavusios kokyb\u0117s krep\u0161el\u012f<\/a><\/p>\n<p><i class=\"fa fa-file-pdf-o \" ><\/i> <a href=\"https:\/\/www.nsa.smsm.lt\/old\/old\/wp-content\/uploads\/2022\/08\/Tvarkarastis_svetaine.pdf\">2022 m. rugs\u0117jo m\u0117nes\u012f vertinamos bendrojo ugdymo programas vykdan\u010dios mokyklos, gavusios kokyb\u0117s krep\u0161el\u012f<\/a><\/p>\n<p><i class=\"fa fa-file-pdf-o \" ><\/i> <a href=\"https:\/\/www.nsa.smsm.lt\/old\/old\/wp-content\/uploads\/2023\/03\/KK-komandu-isakymo-priedas_06-07.pdf\">2022 m. bir\u017eelio ir liepos m\u0117nesiais vertinamos bendrojo ugdymo programas vykdan\u010dios mokyklos, gavusios kokyb\u0117s krep\u0161el\u012f<\/a><\/p>\n<p><i class=\"fa fa-file-pdf-o \" ><\/i> <a href=\"https:\/\/www.nsa.smsm.lt\/old\/old\/wp-content\/uploads\/2022\/03\/2022-metu\u0328-mokyklu-vertinimo-tvarkarastis.pdf\">2022 m. I pusm. vertinamos mokyklos, kuriose bus atliekamas veiklos teminis i\u0161orinis vertinimas<\/a><\/p>\n<p><i class=\"fa fa-file-pdf-o \" ><\/i> <a href=\"https:\/\/www.nsa.smsm.lt\/old\/old\/wp-content\/uploads\/2021\/08\/tvarkarascio_isakymopriedas_08_17.pdf\">2021 m. vertinamos mokyklos, kuriose bus atliekamas veiklos teminis i\u0161orinis vertinimas<\/a><\/p>\n<p><i class=\"fa fa-file-pdf-o \" ><\/i> <a href=\" https:\/\/www.nsa.smsm.lt\/old\/old\/wp-content\/uploads\/2021\/01\/2019-m.-II-pusmeti-vertinamos-mokyklos.pdf\" rel=\"\">2019 m. II pusm. vertinamos mokyklos, kuriose bus atliekamas visuminis i\u0161orinis vertinimas<\/a><\/p>\n<p><i class=\"fa fa-file-pdf-o \" ><\/i> <a href=\" https:\/\/www.nsa.smsm.lt\/old\/old\/wp-content\/uploads\/2021\/01\/2019-m.-II-pusm.-vertinamos-mokyklos-kuriose-bus-atliekamas.pdf\" rel=\"\">2019 m. II pusm. vertinamos mokyklos, kuriose bus atliekamas rizikos i\u0161orinis vertinimas<\/a><\/p>\n<p><i class=\"fa fa-file-pdf-o \" ><\/i> <a href=\" https:\/\/www.nsa.smsm.lt\/old\/old\/wp-content\/uploads\/2021\/01\/2019-m.-I-pusm.-vertinamos-mokyklos.pdf\" rel=\"\">2019 m. I pusm. vertinamos mokyklos<\/a><\/p>\n<p><i class=\"fa fa-file-pdf-o \" ><\/i> <a href=\" https:\/\/www.nsa.smsm.lt\/old\/old\/wp-content\/uploads\/2021\/01\/2018-m.-I-pusm.-vertintos-mokyklos.pdf\" rel=\"\">2018 m. I pusm. vertinamos mokyklos<\/a><\/p>\n<p><i class=\"fa fa-file-pdf-o \" ><\/i> <a href=\"https:\/\/www.nsa.smsm.lt\/old\/old\/wp-content\/uploads\/2021\/01\/Mokyklos-2017-m..pdf\" rel=\"\">2017 m. vertinamos mokyklos<\/a><\/p>\n<p><i class=\"fa fa-file-word-o \" ><\/i> <a href=\" https:\/\/www.nsa.smsm.lt\/old\/old\/wp-content\/uploads\/2021\/01\/Isakymo-priedas.2016-m.-IIp.-tvarkarastis.09.27.-1.doc\">2016 m. II pusm. vertintos mokyklos<\/a><\/p>\n<p><i class=\"fa fa-file-word-o \" ><\/i> <a href=\"https:\/\/www.nsa.smsm.lt\/old\/old\/wp-content\/uploads\/2021\/01\/2015_11_04_sarasas.docx\">2016 m. I pusm. vertintos mokyklos<\/a><\/p>\n<p><i class=\"fa fa-file-pdf-o \" ><\/i> <a href=\"https:\/\/www.nsa.smsm.lt\/old\/old\/wp-content\/uploads\/2021\/01\/2015-m.-tvarkarastis.pdf\" rel=\"\">2015 m. vertinamos mokyklos<\/a><\/p>\n<p><i class=\"fa fa-file-word-o \" ><\/i> <a href=\"https:\/\/www.nsa.smsm.lt\/old\/old\/wp-content\/uploads\/2021\/01\/2014-m.-vertintos-mokyklos.docx\">2014 m. vertintos mokyklos<\/a><\/p>\n<p><i class=\"fa fa-file-word-o \" ><\/i> <a href=\"https:\/\/www.nsa.smsm.lt\/old\/old\/wp-content\/uploads\/2021\/01\/2013-vertintos-mokyklos.docx\">2013 m. vertintos mokyklos<\/a><\/p>\n<p><i class=\"fa fa-file-word-o \" ><\/i> <a href=\"https:\/\/www.nsa.smsm.lt\/old\/old\/wp-content\/uploads\/2021\/01\/2012m.VERTINTOS_MOKYKLOS.docx\">2012 m. vertintos mokyklos<\/a><\/p>\n<p><i class=\"fa fa-file-word-o \" ><\/i> <a href=\"https:\/\/www.nsa.smsm.lt\/old\/old\/wp-content\/uploads\/2021\/01\/2011-m..docx\">2011 m. vertintos mokyklos<\/a><\/p>\n<p><i class=\"fa fa-file-word-o \" ><\/i> <a href=\"https:\/\/www.nsa.smsm.lt\/old\/old\/wp-content\/uploads\/2021\/01\/2010-m.docx\">2010 m. vertintos mokyklos<\/a><\/p>\n<p><i class=\"fa fa-file-word-o \" ><\/i> <a href=\"https:\/\/www.nsa.smsm.lt\/old\/old\/wp-content\/uploads\/2021\/01\/2009-m..docx\">2009 m. vertintos mokyklos<\/a><\/p>\n<p><i class=\"fa fa-file-word-o \" ><\/i> <a href=\"https:\/\/www.nsa.smsm.lt\/old\/old\/wp-content\/uploads\/2021\/01\/2008-m..docx\">2008 m. vertintos mokyklos<\/a><\/p>\n<p><i class=\"fa fa-file-word-o \" ><\/i> <a href=\"https:\/\/www.nsa.smsm.lt\/old\/old\/wp-content\/uploads\/2021\/01\/2007-m..docx\">2007 m. vertintos mokyklos<\/a><\/p>\n","protected":false},"excerpt":{"rendered":"<p>2024 m. II pusm. vertintos mokyklos, kuriose buvo atliekamas veiklos rizikos i\u0161orinis vertinimas 2024 m. I pusm. vertintos mokyklos, kuriose buvo atliekamas veiklos rizikos i\u0161orinis vertinimas 2024 m. I ketv. vertintos mokyklos, kuriose buvo atliekamas veiklos rizikos i\u0161orinis vertinimas 2023&nbsp;<a href=\"https:\/\/www.nsa.smsm.lt\/old\/istaigu-vertinimas\/bendrojo-ugdymo-mokyklu-isorinis-vertinimas\/vertinamu-mokyklu-sarasai\/\" class=\"placiau\">Pla\u010diau <i class=\"fa fa-caret-right\"><\/i><\/a><\/p>\n","protected":false},"author":1,"featured_media":0,"parent":16838,"menu_order":4,"comment_status":"closed","ping_status":"closed","template":"page-isorinisvertinimas.php","meta":{"_acf_changed":false,"footnotes":""},"class_list":["post-16996","page","type-page","status-publish","hentry"],"acf":[],"_links":{"self":[{"href":"https:\/\/www.nsa.smsm.lt\/old\/wp-json\/wp\/v2\/pages\/16996","targetHints":{"allow":["GET"]}}],"collection":[{"href":"https:\/\/www.nsa.smsm.lt\/old\/wp-json\/wp\/v2\/pages"}],"about":[{"href":"https:\/\/www.nsa.smsm.lt\/old\/wp-json\/wp\/v2\/types\/page"}],"author":[{"embeddable":true,"href":"https:\/\/www.nsa.smsm.lt\/old\/wp-json\/wp\/v2\/users\/1"}],"replies":[{"embeddable":true,"href":"https:\/\/www.nsa.smsm.lt\/old\/wp-json\/wp\/v2\/comments?post=16996"}],"version-history":[{"count":5,"href":"https:\/\/www.nsa.smsm.lt\/old\/wp-json\/wp\/v2\/pages\/16996\/revisions"}],"predecessor-version":[{"id":41996,"href":"https:\/\/www.nsa.smsm.lt\/old\/wp-json\/wp\/v2\/pages\/16996\/revisions\/41996"}],"up":[{"embeddable":true,"href":"https:\/\/www.nsa.smsm.lt\/old\/wp-json\/wp\/v2\/pages\/16838"}],"wp:attachment":[{"href":"https:\/\/www.nsa.smsm.lt\/old\/wp-json\/wp\/v2\/media?parent=16996"}],"curies":[{"name":"wp","href":"https:\/\/api.w.org\/{rel}","templated":true}]}}