{"id":16991,"date":"2022-09-23T20:16:08","date_gmt":"2022-09-23T18:16:08","guid":{"rendered":"https:\/\/www.nsa.smsm.lt\/old\/?page_id=16991"},"modified":"2023-01-30T14:23:45","modified_gmt":"2023-01-30T12:23:45","slug":"isoriniai-vertinimai-savivaldybese","status":"publish","type":"page","link":"https:\/\/www.nsa.smsm.lt\/old\/istaigu-vertinimas\/bendrojo-ugdymo-mokyklu-isorinis-vertinimas\/isoriniai-vertinimai-savivaldybese\/","title":{"rendered":"I\u0161oriniai vertinimai savivaldyb\u0117se"},"content":{"rendered":"<p style=\"text-align: center;\"><a href=\"https:\/\/www.nsa.smsm.lt\/old\/old\/wp-content\/uploads\/2023\/01\/lentele.jpg\"><img loading=\"lazy\" decoding=\"async\" class=\"alignnone size-large wp-image-33237\" src=\"https:\/\/www.nsa.smsm.lt\/old\/old\/wp-content\/uploads\/2023\/01\/lentele-438x1024.jpg\" alt=\"\" width=\"438\" height=\"1024\" srcset=\"https:\/\/www.nsa.smsm.lt\/old\/wp-content\/uploads\/2023\/01\/lentele-438x1024.jpg 438w, https:\/\/www.nsa.smsm.lt\/old\/wp-content\/uploads\/2023\/01\/lentele-128x300.jpg 128w, https:\/\/www.nsa.smsm.lt\/old\/wp-content\/uploads\/2023\/01\/lentele-657x1536.jpg 657w, https:\/\/www.nsa.smsm.lt\/old\/wp-content\/uploads\/2023\/01\/lentele.jpg 742w\" sizes=\"auto, (max-width: 438px) 100vw, 438px\" \/><\/a><\/p>\n<p style=\"text-align: center;\"><a href=\"https:\/\/www.nsa.smsm.lt\/old\/old\/wp-content\/uploads\/2023\/01\/grafikas-1.jpg\"><img loading=\"lazy\" decoding=\"async\" class=\"alignnone  wp-image-33245\" src=\"https:\/\/www.nsa.smsm.lt\/old\/old\/wp-content\/uploads\/2023\/01\/grafikas-1-819x1024.jpg\" alt=\"\" width=\"601\" height=\"751\" srcset=\"https:\/\/www.nsa.smsm.lt\/old\/wp-content\/uploads\/2023\/01\/grafikas-1-819x1024.jpg 819w, https:\/\/www.nsa.smsm.lt\/old\/wp-content\/uploads\/2023\/01\/grafikas-1-240x300.jpg 240w, https:\/\/www.nsa.smsm.lt\/old\/wp-content\/uploads\/2023\/01\/grafikas-1-768x961.jpg 768w, https:\/\/www.nsa.smsm.lt\/old\/wp-content\/uploads\/2023\/01\/grafikas-1.jpg 1132w\" sizes=\"auto, (max-width: 601px) 100vw, 601px\" \/><\/a><\/p>\n<p>&nbsp;<\/p>\n<p style=\"text-align: center;\"><a href=\"https:\/\/www.nsa.smsm.lt\/old\/old\/wp-content\/uploads\/2023\/01\/lietuva.jpg\"><img loading=\"lazy\" decoding=\"async\" class=\"alignnone wp-image-33238\" src=\"https:\/\/www.nsa.smsm.lt\/old\/old\/wp-content\/uploads\/2023\/01\/lietuva-1024x781.jpg\" alt=\"\" width=\"599\" height=\"457\" srcset=\"https:\/\/www.nsa.smsm.lt\/old\/wp-content\/uploads\/2023\/01\/lietuva-1024x781.jpg 1024w, https:\/\/www.nsa.smsm.lt\/old\/wp-content\/uploads\/2023\/01\/lietuva-300x229.jpg 300w, https:\/\/www.nsa.smsm.lt\/old\/wp-content\/uploads\/2023\/01\/lietuva-768x585.jpg 768w, https:\/\/www.nsa.smsm.lt\/old\/wp-content\/uploads\/2023\/01\/lietuva.jpg 1178w\" sizes=\"auto, (max-width: 599px) 100vw, 599px\" \/><\/a><\/p>\n<hr \/>\n<p><b>INFORMACIJA APIE BENDROJO UGDYMO MOKYKL\u0172 I\u0160ORIN\u012e TEMIN\u012e VERTINIM\u0104\u00a0<\/b><b><strong>2021 \u2013 2022 m.<\/strong><\/b><\/p>\n<p><b>PAGAL<\/b>\u00a0<b>SAVIVALDYBES (* mokykl\u0173 skai\u010dius pagal savivaldybes 2021 \u2013 2022 m. \u0160VIS duomenimis)<\/b><\/p>\n<table class=\"table table-responsive\" width=\"100%\">\n<tbody>\n<tr>\n<td style=\"text-align: center;\" colspan=\"4\" width=\"759\">* \u2013 bendrojo ugdymo mokykl\u0173 skai\u010dius (\u0160VIS 2021-2022 m. m.), TEMINIS I\u0160ORINIS VERTINIMAS<\/td>\n<\/tr>\n<tr>\n<td>BU Institucijos savivaldyb\u0117<\/td>\n<td width=\"184\">I\u0161 viso BU mokykl\u0173*<\/td>\n<td width=\"188\">Vertinta mokykl\u0173<\/td>\n<td>Proc.<\/td>\n<\/tr>\n<tr>\n<td>Alytaus r. sav.<\/td>\n<td>7<\/td>\n<td>0<\/td>\n<td>0,0<\/td>\n<\/tr>\n<tr>\n<td>Bir\u0161tono sav.<\/td>\n<td>1<\/td>\n<td>0<\/td>\n<td>0,0<\/td>\n<\/tr>\n<tr>\n<td>Elektr\u0117n\u0173 sav.<\/td>\n<td>8<\/td>\n<td>0<\/td>\n<td>0,0<\/td>\n<\/tr>\n<tr>\n<td>Ignalinos r. sav.<\/td>\n<td>4<\/td>\n<td>0<\/td>\n<td>0,0<\/td>\n<\/tr>\n<tr>\n<td>Joni\u0161kio r. sav.<\/td>\n<td>9<\/td>\n<td>0<\/td>\n<td>0,0<\/td>\n<\/tr>\n<tr>\n<td>Kai\u0161iadori\u0173 r. sav.<\/td>\n<td>11<\/td>\n<td>0<\/td>\n<td>0,0<\/td>\n<\/tr>\n<tr>\n<td>Kalvarijos sav.<\/td>\n<td>5<\/td>\n<td>0<\/td>\n<td>0,0<\/td>\n<\/tr>\n<tr>\n<td>Kazl\u0173 R\u016bdos sav.<\/td>\n<td>6<\/td>\n<td>0<\/td>\n<td>0,0<\/td>\n<\/tr>\n<tr>\n<td>Kelm\u0117s r. sav.<\/td>\n<td>13<\/td>\n<td>0<\/td>\n<td>0,0<\/td>\n<\/tr>\n<tr>\n<td>Kupi\u0161kio r. sav.<\/td>\n<td>5<\/td>\n<td>0<\/td>\n<td>0,0<\/td>\n<\/tr>\n<tr>\n<td>Ma\u017eeiki\u0173 r. sav.<\/td>\n<td>19<\/td>\n<td>0<\/td>\n<td>0,0<\/td>\n<\/tr>\n<tr>\n<td>Mol\u0117t\u0173 r. sav.<\/td>\n<td>7<\/td>\n<td>0<\/td>\n<td>0,0<\/td>\n<\/tr>\n<tr>\n<td>Neringos sav.<\/td>\n<td>2<\/td>\n<td>0<\/td>\n<td>0,0<\/td>\n<\/tr>\n<tr>\n<td>NEVALSTYBIN\u0116S<\/td>\n<td>90<\/td>\n<td>0<\/td>\n<td>0,0<\/td>\n<\/tr>\n<tr>\n<td>Pakruojo r. sav.<\/td>\n<td>9<\/td>\n<td>0<\/td>\n<td>0,0<\/td>\n<\/tr>\n<tr>\n<td>Pasvalio r. sav.<\/td>\n<td>9<\/td>\n<td>0<\/td>\n<td>0,0<\/td>\n<\/tr>\n<tr>\n<td>Plung\u0117s r. sav.<\/td>\n<td>10<\/td>\n<td>0<\/td>\n<td>0,0<\/td>\n<\/tr>\n<tr>\n<td>Prien\u0173 r. sav.<\/td>\n<td>11<\/td>\n<td>0<\/td>\n<td>0,0<\/td>\n<\/tr>\n<tr>\n<td>Radvili\u0161kio r. sav.<\/td>\n<td>12<\/td>\n<td>0<\/td>\n<td>0,0<\/td>\n<\/tr>\n<tr>\n<td>Rietavo sav.<\/td>\n<td>3<\/td>\n<td>0<\/td>\n<td>0,0<\/td>\n<\/tr>\n<tr>\n<td>Skuodo r. sav.<\/td>\n<td>6<\/td>\n<td>0<\/td>\n<td>0,0<\/td>\n<\/tr>\n<tr>\n<td>\u0160aki\u0173 r. sav.<\/td>\n<td>12<\/td>\n<td>0<\/td>\n<td>0,0<\/td>\n<\/tr>\n<tr>\n<td>\u0160al\u010dinink\u0173 r. sav.<\/td>\n<td>21<\/td>\n<td>0<\/td>\n<td>0,0<\/td>\n<\/tr>\n<tr>\n<td>\u0160ilal\u0117s r. sav.<\/td>\n<td>7<\/td>\n<td>0<\/td>\n<td>0,0<\/td>\n<\/tr>\n<tr>\n<td>\u0160ilut\u0117s r. sav.<\/td>\n<td>18<\/td>\n<td>0<\/td>\n<td>0,0<\/td>\n<\/tr>\n<tr>\n<td>\u0160irvint\u0173 r. sav.<\/td>\n<td>6<\/td>\n<td>0<\/td>\n<td>0,0<\/td>\n<\/tr>\n<tr>\n<td>Tel\u0161i\u0173 r. sav.<\/td>\n<td>13<\/td>\n<td>0<\/td>\n<td>0,0<\/td>\n<\/tr>\n<tr>\n<td>Trak\u0173 r. sav.<\/td>\n<td>18<\/td>\n<td>0<\/td>\n<td>0,0<\/td>\n<\/tr>\n<tr>\n<td>Ukmerg\u0117s r. sav.<\/td>\n<td>14<\/td>\n<td>0<\/td>\n<td>0,0<\/td>\n<\/tr>\n<tr>\n<td>Var\u0117nos r. sav.<\/td>\n<td>9<\/td>\n<td>0<\/td>\n<td>0,0<\/td>\n<\/tr>\n<tr>\n<td>Visagino sav.<\/td>\n<td>5<\/td>\n<td>0<\/td>\n<td>0,0<\/td>\n<\/tr>\n<tr>\n<td>Zaras\u0173 r. sav.<\/td>\n<td>6<\/td>\n<td>0<\/td>\n<td>0,0<\/td>\n<\/tr>\n<tr>\n<td>Kauno m. sav.<\/td>\n<td>80<\/td>\n<td>3<\/td>\n<td>3,8<\/td>\n<\/tr>\n<tr>\n<td>VALSTYBIN\u0116S<\/td>\n<td>26<\/td>\n<td>1<\/td>\n<td>3,8<\/td>\n<\/tr>\n<tr>\n<td>Klaip\u0117dos m. sav.<\/td>\n<td>48<\/td>\n<td>2<\/td>\n<td>4,2<\/td>\n<\/tr>\n<tr>\n<td>Panev\u0117\u017eio m. sav.<\/td>\n<td>24<\/td>\n<td>1<\/td>\n<td>4,2<\/td>\n<\/tr>\n<tr>\n<td>K\u0117daini\u0173 r. sav.<\/td>\n<td>18<\/td>\n<td>1<\/td>\n<td>5,6<\/td>\n<\/tr>\n<tr>\n<td>Vilniaus r. sav.<\/td>\n<td>51<\/td>\n<td>3<\/td>\n<td>5,9<\/td>\n<\/tr>\n<tr>\n<td>Alytaus m. sav.<\/td>\n<td>16<\/td>\n<td>1<\/td>\n<td>6,3<\/td>\n<\/tr>\n<tr>\n<td>Klaip\u0117dos r. sav.<\/td>\n<td>16<\/td>\n<td>1<\/td>\n<td>6,3<\/td>\n<\/tr>\n<tr>\n<td>Vilkavi\u0161kio r. sav.<\/td>\n<td>16<\/td>\n<td>1<\/td>\n<td>6,3<\/td>\n<\/tr>\n<tr>\n<td>BENDRAS<\/td>\n<td>957<\/td>\n<td>61<\/td>\n<td>6,4<\/td>\n<\/tr>\n<tr>\n<td>Kauno r. sav.<\/td>\n<td>30<\/td>\n<td>2<\/td>\n<td>6,7<\/td>\n<\/tr>\n<tr>\n<td>\u0160iauli\u0173 r. sav.<\/td>\n<td>15<\/td>\n<td>1<\/td>\n<td>6,7<\/td>\n<\/tr>\n<tr>\n<td>SAVIVALDYB\u0116S<\/td>\n<td>841<\/td>\n<td>60<\/td>\n<td>7,1<\/td>\n<\/tr>\n<tr>\n<td>Kretingos r. sav.<\/td>\n<td>14<\/td>\n<td>1<\/td>\n<td>7,1<\/td>\n<\/tr>\n<tr>\n<td>Jurbarko r. sav.<\/td>\n<td>13<\/td>\n<td>1<\/td>\n<td>7,7<\/td>\n<\/tr>\n<tr>\n<td>Taurag\u0117s r. sav.<\/td>\n<td>12<\/td>\n<td>1<\/td>\n<td>8,3<\/td>\n<\/tr>\n<tr>\n<td>\u0160iauli\u0173 m. sav.<\/td>\n<td>35<\/td>\n<td>3<\/td>\n<td>8,6<\/td>\n<\/tr>\n<tr>\n<td>Vilniaus m. sav.<\/td>\n<td>167<\/td>\n<td>15<\/td>\n<td>9,0<\/td>\n<\/tr>\n<tr>\n<td>Raseini\u0173 r. sav.<\/td>\n<td>11<\/td>\n<td>1<\/td>\n<td>9,1<\/td>\n<\/tr>\n<tr>\n<td>Roki\u0161kio r. sav.<\/td>\n<td>10<\/td>\n<td>1<\/td>\n<td>10,0<\/td>\n<\/tr>\n<tr>\n<td>Utenos r. sav.<\/td>\n<td>10<\/td>\n<td>1<\/td>\n<td>10,0<\/td>\n<\/tr>\n<tr>\n<td>Lazdij\u0173 r. sav.<\/td>\n<td>7<\/td>\n<td>1<\/td>\n<td>14,3<\/td>\n<\/tr>\n<tr>\n<td>Bir\u017e\u0173 r. sav.<\/td>\n<td>6<\/td>\n<td>1<\/td>\n<td>16,7<\/td>\n<\/tr>\n<tr>\n<td>Marijampol\u0117s sav.<\/td>\n<td>18<\/td>\n<td>3<\/td>\n<td>16,7<\/td>\n<\/tr>\n<tr>\n<td>Panev\u0117\u017eio r. sav.<\/td>\n<td>12<\/td>\n<td>2<\/td>\n<td>16,7<\/td>\n<\/tr>\n<tr>\n<td>Jonavos r. sav.<\/td>\n<td>14<\/td>\n<td>3<\/td>\n<td>21,4<\/td>\n<\/tr>\n<tr>\n<td>Akmen\u0117s r. sav.<\/td>\n<td>8<\/td>\n<td>2<\/td>\n<td>25,0<\/td>\n<\/tr>\n<tr>\n<td>Pag\u0117gi\u0173 sav.<\/td>\n<td>4<\/td>\n<td>1<\/td>\n<td>25,0<\/td>\n<\/tr>\n<tr>\n<td>\u0160ven\u010dioni\u0173 r. sav.<\/td>\n<td>4<\/td>\n<td>1<\/td>\n<td>25,0<\/td>\n<\/tr>\n<tr>\n<td>Anyk\u0161\u010di\u0173 r. sav.<\/td>\n<td>6<\/td>\n<td>2<\/td>\n<td>33,3<\/td>\n<\/tr>\n<tr>\n<td>Palangos m. sav.<\/td>\n<td>6<\/td>\n<td>2<\/td>\n<td>33,3<\/td>\n<\/tr>\n<tr>\n<td style=\"text-align: left;\">Druskinink\u0173 sav.<\/td>\n<td style=\"text-align: left;\">6<\/td>\n<td style=\"text-align: left;\">3<\/td>\n<td style=\"text-align: left;\">50,0<\/td>\n<\/tr>\n<\/tbody>\n<\/table>\n<p>&nbsp;<\/p>\n<p style=\"text-align: center;\">INFORMACIJA APIE VERTINT\u0172 BENDROJO UGDYMO MOKYKL\u0172 SKAI\u010cI\u0172 \u00a02021 \u2013 2022 m. PAGAL SAVIVALDYBES, TEMINIS VERTINIMAS<\/p>\n<p style=\"text-align: center;\"><img loading=\"lazy\" decoding=\"async\" class=\"alignnone wp-image-31581\" src=\"https:\/\/www.nsa.smsm.lt\/old\/old\/wp-content\/uploads\/2022\/10\/diagrama.png\" alt=\"\" width=\"484\" height=\"607\" srcset=\"https:\/\/www.nsa.smsm.lt\/old\/wp-content\/uploads\/2022\/10\/diagrama.png 797w, https:\/\/www.nsa.smsm.lt\/old\/wp-content\/uploads\/2022\/10\/diagrama-239x300.png 239w, https:\/\/www.nsa.smsm.lt\/old\/wp-content\/uploads\/2022\/10\/diagrama-768x964.png 768w\" sizes=\"auto, (max-width: 484px) 100vw, 484px\" \/><\/p>\n<p style=\"text-align: center;\">2021 \u2013 2022 m. VERTINT\u0172 BENDROJO UGDYMO MOKYKL\u0172 DALIS (PROC.), TEMINIS VERTINIMAS<\/p>\n<p style=\"text-align: center;\"><img loading=\"lazy\" decoding=\"async\" class=\"alignnone wp-image-31582\" src=\"https:\/\/www.nsa.smsm.lt\/old\/old\/wp-content\/uploads\/2022\/10\/map.png\" alt=\"\" width=\"484\" height=\"340\" srcset=\"https:\/\/www.nsa.smsm.lt\/old\/wp-content\/uploads\/2022\/10\/map.png 1000w, https:\/\/www.nsa.smsm.lt\/old\/wp-content\/uploads\/2022\/10\/map-300x211.png 300w, https:\/\/www.nsa.smsm.lt\/old\/wp-content\/uploads\/2022\/10\/map-768x540.png 768w\" sizes=\"auto, (max-width: 484px) 100vw, 484px\" \/><\/p>\n<p><b>INFORMACIJA APIE BENDROJO UGDYMO MOKYKL\u0172 I\u0160ORIN\u012e RIZIKOS VERTINIM\u0104\u00a0<\/b><b><strong>2019 m.<\/strong><\/b><br \/>\n<b>PAGAL<\/b>\u00a0<b>SAVIVALDYBES (* mokykl\u0173 skai\u010dius pagal savivaldybes 2019 m. \u0160VIS duomenimis)<\/b><\/p>\n<p style=\"text-align: center;\"><img loading=\"lazy\" decoding=\"async\" class=\"alignnone size-large wp-image-17801\" src=\"https:\/\/www.nsa.smsm.lt\/old\/old\/wp-content\/uploads\/2021\/01\/grafikas-1.jpg\" alt=\"\" width=\"566\" height=\"777\" srcset=\"https:\/\/www.nsa.smsm.lt\/old\/wp-content\/uploads\/2021\/01\/grafikas-1.jpg 566w, https:\/\/www.nsa.smsm.lt\/old\/wp-content\/uploads\/2021\/01\/grafikas-1-219x300.jpg 219w\" sizes=\"auto, (max-width: 566px) 100vw, 566px\" \/><\/p>\n<p style=\"text-align: center;\">\u00a0 <img loading=\"lazy\" decoding=\"async\" class=\"alignnone size-large wp-image-17802\" src=\"https:\/\/www.nsa.smsm.lt\/old\/old\/wp-content\/uploads\/2021\/01\/grafikas-2.jpg\" alt=\"\" width=\"319\" height=\"860\" srcset=\"https:\/\/www.nsa.smsm.lt\/old\/wp-content\/uploads\/2021\/01\/grafikas-2.jpg 319w, https:\/\/www.nsa.smsm.lt\/old\/wp-content\/uploads\/2021\/01\/grafikas-2-111x300.jpg 111w\" sizes=\"auto, (max-width: 319px) 100vw, 319px\" \/><\/p>\n<p style=\"text-align: center;\"><img loading=\"lazy\" decoding=\"async\" class=\"alignnone wp-image-17803\" src=\"https:\/\/www.nsa.smsm.lt\/old\/old\/wp-content\/uploads\/2021\/01\/zemelapis-RV-2019-1024x844.jpg\" alt=\"\" width=\"602\" height=\"496\" srcset=\"https:\/\/www.nsa.smsm.lt\/old\/wp-content\/uploads\/2021\/01\/zemelapis-RV-2019-1024x844.jpg 1024w, https:\/\/www.nsa.smsm.lt\/old\/wp-content\/uploads\/2021\/01\/zemelapis-RV-2019-300x247.jpg 300w, https:\/\/www.nsa.smsm.lt\/old\/wp-content\/uploads\/2021\/01\/zemelapis-RV-2019-768x633.jpg 768w, https:\/\/www.nsa.smsm.lt\/old\/wp-content\/uploads\/2021\/01\/zemelapis-RV-2019.jpg 1356w\" sizes=\"auto, (max-width: 602px) 100vw, 602px\" \/><\/p>\n<p><b>INFORMACIJA APIE VERTINT\u0172 BENDROJO UGDYMO MOKYKL\u0172 SKAI\u010cI\u0172\u00a0<\/b><b><strong>2007\u20132018 m.<\/strong><\/b><br \/>\n<b>PAGAL<\/b>\u00a0<b>SAVIVALDYBES<\/b><\/p>\n<p><img loading=\"lazy\" decoding=\"async\" class=\"alignnone wp-image-17800 aligncenter\" src=\"https:\/\/www.nsa.smsm.lt\/old\/old\/wp-content\/uploads\/2021\/01\/1-1-770x1024.jpg\" alt=\"\" width=\"611\" height=\"813\" srcset=\"https:\/\/www.nsa.smsm.lt\/old\/wp-content\/uploads\/2021\/01\/1-1-770x1024.jpg 770w, https:\/\/www.nsa.smsm.lt\/old\/wp-content\/uploads\/2021\/01\/1-1-226x300.jpg 226w, https:\/\/www.nsa.smsm.lt\/old\/wp-content\/uploads\/2021\/01\/1-1-768x1021.jpg 768w, https:\/\/www.nsa.smsm.lt\/old\/wp-content\/uploads\/2021\/01\/1-1.jpg 837w\" sizes=\"auto, (max-width: 611px) 100vw, 611px\" \/><\/p>\n<p>** \u2013 ne\u012fskai\u010diuoti savo specifik\u0105 turintys ugdymo centrai (vaik\u0173 socializacijos centrai, ambulatorijos, sanatorin\u0117s ir profesin\u0117s mokyklos)<\/p>\n<p>* \u2013 mokykl\u0173 skai\u010dius 2018 m. \u0160VIS duomenimis<\/p>\n<p style=\"text-align: center;\"><img loading=\"lazy\" decoding=\"async\" class=\"alignnone size-large wp-image-17804\" src=\"https:\/\/www.nsa.smsm.lt\/old\/old\/wp-content\/uploads\/2021\/01\/2-1-378x1024.jpg\" alt=\"\" width=\"378\" height=\"1024\" srcset=\"https:\/\/www.nsa.smsm.lt\/old\/wp-content\/uploads\/2021\/01\/2-1-378x1024.jpg 378w, https:\/\/www.nsa.smsm.lt\/old\/wp-content\/uploads\/2021\/01\/2-1-111x300.jpg 111w, https:\/\/www.nsa.smsm.lt\/old\/wp-content\/uploads\/2021\/01\/2-1.jpg 493w\" sizes=\"auto, (max-width: 378px) 100vw, 378px\" \/><\/p>\n<p><b>2007\u20132018 M. VERTINT\u0172 BENDROJO UGDYMO MOKYKL\u0172 DALIS (PROC.)<\/b><\/p>\n<p style=\"text-align: center;\"><img loading=\"lazy\" decoding=\"async\" class=\"alignnone wp-image-17805\" src=\"https:\/\/www.nsa.smsm.lt\/old\/old\/wp-content\/uploads\/2021\/01\/3-1.jpg\" alt=\"\" width=\"600\" height=\"478\" srcset=\"https:\/\/www.nsa.smsm.lt\/old\/wp-content\/uploads\/2021\/01\/3-1.jpg 888w, https:\/\/www.nsa.smsm.lt\/old\/wp-content\/uploads\/2021\/01\/3-1-300x239.jpg 300w, https:\/\/www.nsa.smsm.lt\/old\/wp-content\/uploads\/2021\/01\/3-1-768x612.jpg 768w\" sizes=\"auto, (max-width: 600px) 100vw, 600px\" \/><\/p>\n","protected":false},"excerpt":{"rendered":"<p>&nbsp; INFORMACIJA APIE BENDROJO UGDYMO MOKYKL\u0172 I\u0160ORIN\u012e TEMIN\u012e VERTINIM\u0104\u00a02021 \u2013 2022 m. PAGAL\u00a0SAVIVALDYBES (* mokykl\u0173 skai\u010dius pagal savivaldybes 2021 \u2013 2022 m. \u0160VIS duomenimis) * \u2013 bendrojo ugdymo mokykl\u0173 skai\u010dius (\u0160VIS 2021-2022 m. m.), TEMINIS I\u0160ORINIS VERTINIMAS BU Institucijos savivaldyb\u0117&nbsp;<a href=\"https:\/\/www.nsa.smsm.lt\/old\/istaigu-vertinimas\/bendrojo-ugdymo-mokyklu-isorinis-vertinimas\/isoriniai-vertinimai-savivaldybese\/\" class=\"placiau\">Pla\u010diau <i class=\"fa fa-caret-right\"><\/i><\/a><\/p>\n","protected":false},"author":1,"featured_media":0,"parent":16838,"menu_order":2,"comment_status":"closed","ping_status":"closed","template":"page-isorinisvertinimas.php","meta":{"_acf_changed":false,"footnotes":""},"class_list":["post-16991","page","type-page","status-publish","hentry"],"acf":[],"_links":{"self":[{"href":"https:\/\/www.nsa.smsm.lt\/old\/wp-json\/wp\/v2\/pages\/16991","targetHints":{"allow":["GET"]}}],"collection":[{"href":"https:\/\/www.nsa.smsm.lt\/old\/wp-json\/wp\/v2\/pages"}],"about":[{"href":"https:\/\/www.nsa.smsm.lt\/old\/wp-json\/wp\/v2\/types\/page"}],"author":[{"embeddable":true,"href":"https:\/\/www.nsa.smsm.lt\/old\/wp-json\/wp\/v2\/users\/1"}],"replies":[{"embeddable":true,"href":"https:\/\/www.nsa.smsm.lt\/old\/wp-json\/wp\/v2\/comments?post=16991"}],"version-history":[{"count":0,"href":"https:\/\/www.nsa.smsm.lt\/old\/wp-json\/wp\/v2\/pages\/16991\/revisions"}],"up":[{"embeddable":true,"href":"https:\/\/www.nsa.smsm.lt\/old\/wp-json\/wp\/v2\/pages\/16838"}],"wp:attachment":[{"href":"https:\/\/www.nsa.smsm.lt\/old\/wp-json\/wp\/v2\/media?parent=16991"}],"curies":[{"name":"wp","href":"https:\/\/api.w.org\/{rel}","templated":true}]}}