{"id":16985,"date":"2023-02-10T04:45:56","date_gmt":"2023-02-10T02:45:56","guid":{"rendered":"https:\/\/www.nsa.smsm.lt\/old\/?page_id=16985"},"modified":"2023-08-22T11:12:43","modified_gmt":"2023-08-22T09:12:43","slug":"vykdymo-instrukcijos","status":"publish","type":"page","link":"https:\/\/www.nsa.smsm.lt\/old\/egzaminai-ir-pasiekimu-patikrinimai\/valstybines-kalbos-egzaminas\/valstybines-kalbos-mokejimo-egzaminas\/vykdymo-instrukcijos\/","title":{"rendered":"Vykdymo instrukcijos"},"content":{"rendered":"<p><a href=\"https:\/\/www.nsa.smsm.lt\/old\/old\/wp-content\/uploads\/2022\/11\/VALSTYBINES-KALBOS-MOKEJIMO-IR-VALSTYBINES-KALBOS-MOKEJIMO-PIRMOSIOS-KATEGORIJOS-NUSTATYMO-EGZAMINU-SKAITYMO-IR-RASYMO-BEI-KLAUSYMO-DALIU-ELEKTRONINIU-BUDU-VYKDYMO-INSTRUKCIJA.pdf\">Valstybin\u0117s kalbos mok\u0117jimo ir valstybin\u0117s kalbos mok\u0117jimo pirmosios kategorijos nustatymo egzamin\u0173 skaitymo ir ra\u0161ymo bei klausymo dali\u0173 elektroniniu b\u016bdu vykdymo instrukcija <\/a><\/p>\n<p><a href=\"https:\/\/www.nsa.smsm.lt\/old\/old\/wp-content\/uploads\/2022\/11\/VALSTYBINES-KALBOS-MOKEJIMO-IR-VALSTYBINES-KALBOS-MOKEJIMO-PIRMOSIOS-KATEGORIJOS-NUSTATYMO-EGZAMINU-KALBEJIMO-DALIES-TRADICINIU-BUDU-VYKDYMO-INSTRUKCIJA.pdf\">Valstybin\u0117s kalbos mok\u0117jimo ir valstybin\u0117s kalbos mok\u0117jimo pirmosios kategorijos nustatymo egzamin\u0173 kalb\u0117jimo dalies tradiciniu b\u016bdu vykdymo instrukcija<\/a><\/p>\n<p><a href=\"https:\/\/www.nsa.smsm.lt\/old\/old\/wp-content\/uploads\/2022\/07\/VKM_II_kategorijos_egzamino_I_dalies_elektroniniu_budu_vykdymo_instrukcija.pdf\">Valstybin\u0117s kalbos mok\u0117jimo antrosios kategorijos nustatymo egzamino skaitymo ir ra\u0161ymo dalies, klausymo dalies elektroniniu b\u016bdu vykdymo instrukcija<\/a><\/p>\n<p><a href=\"https:\/\/www.nsa.smsm.lt\/old\/old\/wp-content\/uploads\/2022\/07\/VKM_II_kategorijos_egzamino_kalbejimo_dalies_tradiciniu_budu_vykdymo_instrukcija.pdf\">Valstybin\u0117s kalbos mok\u0117jimo antrosios kategorijos nustatymo egzamino kalb\u0117jimo dalies tradiciniu b\u016bdu vykdymo instrukcija<\/a><\/p>\n<p><a href=\"https:\/\/www.nsa.smsm.lt\/old\/old\/wp-content\/uploads\/2022\/09\/1_valstybines-kalbos-mokejimo-treciosios-kategorijos-nustatymo-egzamino-skaitymo-kalbos-vartojimo-rasymo-ir-klausymo-daliu-elektroniniu-budu-vykdymo-instrukcija.pdf\">Valstybin\u0117s kalbos mok\u0117jimo tre\u010diosios kategorijos nustatymo egzamino skaitymo, kalbos vartojimo, ra\u0161ymo ir klausymo dali\u0173 elektroniniu b\u016bdu vykdymo instrukcija<\/a><\/p>\n<p><a href=\"https:\/\/www.nsa.smsm.lt\/old\/old\/wp-content\/uploads\/2022\/09\/2_valstybines-kalbos-mokejimo-treciosios-kategorijos-nustatymo-egzamino-kalbejimo-dalies-tradiciniu-budu-vykdymo-instrukcija.pdf\">Valstybin\u0117s kalbos mok\u0117jimo tre\u010diosios kategorijos nustatymo egzamino kalb\u0117jimo dalies tradiciniu b\u016bdu vykdymo instrukcija<\/a><\/p>\n<p><a href=\"https:\/\/www.nsa.smsm.lt\/old\/old\/wp-content\/uploads\/2023\/02\/LR_KONSTITUCIJOS_EGZAMINO_elektroninio_vykdymo_instrukcija.pdf\">Lietuvos Respublikos konstitucijos pagrind\u0173 egzamino elektroniniu b\u016bdu vykdymo instrukcija<\/a><\/p>\n<p><a href=\"https:\/\/www.nsa.smsm.lt\/old\/old\/wp-content\/uploads\/2022\/03\/ISAKYMAS_VALSTYBINES_K_vykd._instrukcijos.pdf\">\u012esakymas d\u0117l valstybin\u0117s kalbos mok\u0117jimo kategorijos egzamin\u0173 tradiciniu b\u016bdu vykdymo instrukcij\u0173 patvirtinimo<\/a><\/p>\n","protected":false},"excerpt":{"rendered":"<p>Valstybin\u0117s kalbos mok\u0117jimo ir valstybin\u0117s kalbos mok\u0117jimo pirmosios kategorijos nustatymo egzamin\u0173 skaitymo ir ra\u0161ymo bei klausymo dali\u0173 elektroniniu b\u016bdu vykdymo instrukcija Valstybin\u0117s kalbos mok\u0117jimo ir valstybin\u0117s kalbos mok\u0117jimo pirmosios kategorijos nustatymo egzamin\u0173 kalb\u0117jimo dalies tradiciniu b\u016bdu vykdymo instrukcija Valstybin\u0117s kalbos&nbsp;<a href=\"https:\/\/www.nsa.smsm.lt\/old\/egzaminai-ir-pasiekimu-patikrinimai\/valstybines-kalbos-egzaminas\/valstybines-kalbos-mokejimo-egzaminas\/vykdymo-instrukcijos\/\" class=\"placiau\">Pla\u010diau <i class=\"fa fa-caret-right\"><\/i><\/a><\/p>\n","protected":false},"author":1,"featured_media":0,"parent":24313,"menu_order":5,"comment_status":"closed","ping_status":"closed","template":"page-lkkegzaminai.php","meta":{"_acf_changed":false,"footnotes":""},"class_list":["post-16985","page","type-page","status-publish","hentry"],"acf":[],"_links":{"self":[{"href":"https:\/\/www.nsa.smsm.lt\/old\/wp-json\/wp\/v2\/pages\/16985","targetHints":{"allow":["GET"]}}],"collection":[{"href":"https:\/\/www.nsa.smsm.lt\/old\/wp-json\/wp\/v2\/pages"}],"about":[{"href":"https:\/\/www.nsa.smsm.lt\/old\/wp-json\/wp\/v2\/types\/page"}],"author":[{"embeddable":true,"href":"https:\/\/www.nsa.smsm.lt\/old\/wp-json\/wp\/v2\/users\/1"}],"replies":[{"embeddable":true,"href":"https:\/\/www.nsa.smsm.lt\/old\/wp-json\/wp\/v2\/comments?post=16985"}],"version-history":[{"count":0,"href":"https:\/\/www.nsa.smsm.lt\/old\/wp-json\/wp\/v2\/pages\/16985\/revisions"}],"up":[{"embeddable":true,"href":"https:\/\/www.nsa.smsm.lt\/old\/wp-json\/wp\/v2\/pages\/24313"}],"wp:attachment":[{"href":"https:\/\/www.nsa.smsm.lt\/old\/wp-json\/wp\/v2\/media?parent=16985"}],"curies":[{"name":"wp","href":"https:\/\/api.w.org\/{rel}","templated":true}]}}