{"id":16983,"date":"2025-06-20T06:45:08","date_gmt":"2025-06-20T04:45:08","guid":{"rendered":"https:\/\/www.nsa.smsm.lt\/old\/?page_id=16983"},"modified":"2025-07-28T14:30:53","modified_gmt":"2025-07-28T12:30:53","slug":"tvarkarastis","status":"publish","type":"page","link":"https:\/\/www.nsa.smsm.lt\/old\/egzaminai-ir-pasiekimu-patikrinimai\/valstybines-kalbos-egzaminas\/valstybines-kalbos-mokejimo-egzaminas\/tvarkarastis\/","title":{"rendered":"Tvarkara\u0161tis"},"content":{"rendered":"<p><a href=\"https:\/\/www.nsa.smsm.lt\/old\/old\/wp-content\/uploads\/2025\/06\/2025m_egzaminu_tvarkarastis_be_lygiu_2.red-\u2013-kopija-1.pdf\" target=\"_blank\" rel=\"noopener\">Valstybin\u0117s kalbos mok\u0117jimo ir Lietuvos Respublikos Konstitucijos pagrind\u0173 2025 m. egzamin\u0173 tvarkara\u0161tis<\/a><\/p>\n","protected":false},"excerpt":{"rendered":"<p>Valstybin\u0117s kalbos mok\u0117jimo ir Lietuvos Respublikos Konstitucijos pagrind\u0173 2025 m. egzamin\u0173 tvarkara\u0161tis<\/p>\n","protected":false},"author":1,"featured_media":0,"parent":24313,"menu_order":0,"comment_status":"closed","ping_status":"closed","template":"page-lkkegzaminai.php","meta":{"_acf_changed":false,"footnotes":""},"class_list":["post-16983","page","type-page","status-publish","hentry"],"acf":[],"_links":{"self":[{"href":"https:\/\/www.nsa.smsm.lt\/old\/wp-json\/wp\/v2\/pages\/16983","targetHints":{"allow":["GET"]}}],"collection":[{"href":"https:\/\/www.nsa.smsm.lt\/old\/wp-json\/wp\/v2\/pages"}],"about":[{"href":"https:\/\/www.nsa.smsm.lt\/old\/wp-json\/wp\/v2\/types\/page"}],"author":[{"embeddable":true,"href":"https:\/\/www.nsa.smsm.lt\/old\/wp-json\/wp\/v2\/users\/1"}],"replies":[{"embeddable":true,"href":"https:\/\/www.nsa.smsm.lt\/old\/wp-json\/wp\/v2\/comments?post=16983"}],"version-history":[{"count":9,"href":"https:\/\/www.nsa.smsm.lt\/old\/wp-json\/wp\/v2\/pages\/16983\/revisions"}],"predecessor-version":[{"id":43955,"href":"https:\/\/www.nsa.smsm.lt\/old\/wp-json\/wp\/v2\/pages\/16983\/revisions\/43955"}],"up":[{"embeddable":true,"href":"https:\/\/www.nsa.smsm.lt\/old\/wp-json\/wp\/v2\/pages\/24313"}],"wp:attachment":[{"href":"https:\/\/www.nsa.smsm.lt\/old\/wp-json\/wp\/v2\/media?parent=16983"}],"curies":[{"name":"wp","href":"https:\/\/api.w.org\/{rel}","templated":true}]}}