{"id":16979,"date":"2023-11-17T09:40:17","date_gmt":"2023-11-17T07:40:17","guid":{"rendered":"https:\/\/www.nsa.smsm.lt\/old\/?page_id=16979"},"modified":"2025-07-19T14:23:00","modified_gmt":"2025-07-19T12:23:00","slug":"vykdymas","status":"publish","type":"page","link":"https:\/\/www.nsa.smsm.lt\/old\/egzaminai-ir-pasiekimu-patikrinimai\/nmpp\/vykdymas\/","title":{"rendered":"Vykdymas"},"content":{"rendered":"<p><i class=\"fa fa-file-pdf \" ><\/i> <a href=\"https:\/\/www.nsa.smsm.lt\/old\/old\/wp-content\/uploads\/2024\/11\/2024-2025-4-kl.-lietuviu-kalbos-ir-literaturos-skaitymas-NMPP-vykdymo-instrukcija.pdf\" target=\"_blank\" rel=\"noopener\">2024\u20132025 mokslo met\u0173 4 klasi\u0173 lietuvi\u0173 kalbos ir literat\u016bros (skaitymo) elektroninio nacionalinio mokini\u0173 pasiekim\u0173 patikrinimo vykdymo instrukcija<\/a><\/p>\n<p><i class=\"fa fa-file-pdf \" ><\/i> <a href=\"https:\/\/www.nsa.smsm.lt\/old\/old\/wp-content\/uploads\/2024\/11\/2024-2025-4-kl.-matematikos-NMPP-vykdymo-instrukcija.pdf\" target=\"_blank\" rel=\"noopener\">2024\u20132025 mokslo met\u0173 4 klasi\u0173 matematikos elektroninio nacionalinio mokini\u0173 pasiekim\u0173 patikrinimo vykdymo instrukcija<\/a><\/p>\n<p><i class=\"fa fa-file-pdf \" ><\/i> <a href=\"https:\/\/www.nsa.smsm.lt\/old\/old\/wp-content\/uploads\/2024\/11\/2024-2025-4-kl.-tautiniu-mazumu-gimtosios-kalbos-ir-literaturos-skaitymas-NMPP-vykdymo-instrukcija.pdf\" target=\"_blank\" rel=\"noopener\">2024\u20132025 mokslo met\u0173 4 klasi\u0173 baltarusi\u0173 tautin\u0117s ma\u017eumos gimtosios kalbos ir literat\u016bros (skaitymo), lenk\u0173 tautin\u0117s ma\u017eumos gimtosios kalbos ir literat\u016bros (skaitymo), rus\u0173 tautin\u0117s ma\u017eumos gimtosios kalbos ir literat\u016bros (skaitymo) elektroninio nacionalinio mokini\u0173 pasiekim\u0173 patikrinimo vykdymo instrukcija<\/a><\/p>\n<p><i class=\"fa fa-file-pdf \" ><\/i> <a href=\"https:\/\/www.nsa.smsm.lt\/old\/old\/wp-content\/uploads\/2024\/11\/2024-2025-8-kl.-lietuviu-kalbos-ir-literaturos-skaitymas-NMPP-vykdymo-instrukcija.pdf\" target=\"_blank\" rel=\"noopener\">2024\u20132025 mokslo met\u0173 8 klasi\u0173 lietuvi\u0173 kalbos ir literat\u016bros (skaitymo) elektroninio nacionalinio mokini\u0173 pasiekim\u0173 patikrinimo vykdymo instrukcija<\/a><\/p>\n<p><i class=\"fa fa-file-pdf \" ><\/i> <a href=\"https:\/\/www.nsa.smsm.lt\/old\/old\/wp-content\/uploads\/2024\/11\/2024-2025-8-kl.-matematikos-NMPP-vykdymo-instrukcija.pdf\" target=\"_blank\" rel=\"noopener\">2024\u20132025 mokslo met\u0173 8 klasi\u0173 matematikos elektroninio nacionalinio mokini\u0173 pasiekim\u0173 patikrinimo vykdymo instrukcija<\/a><\/p>\n<p><i class=\"fa fa-file-pdf \" ><\/i> <a href=\"https:\/\/www.nsa.smsm.lt\/old\/old\/wp-content\/uploads\/2024\/11\/2024-2025-8-kl.-tautiniu-mazumu-gimtosios-kalbos-ir-literaturos-skaitymas-NMPP-vykdymo-instrukcija-1.pdf\">2024\u20132025 mokslo met\u0173 8 klasi\u0173 baltarusi\u0173 tautin\u0117s ma\u017eumos gimtosios kalbos ir literat\u016bros (skaitymo), lenk\u0173 tautin\u0117s ma\u017eumos gimtosios kalbos ir literat\u016bros (skaitymo), rus\u0173 tautin\u0117s ma\u017eumos gimtosios kalbos ir literat\u016bros (skaitymo) elektroninio nacionalinio mokini\u0173 pasiekim\u0173 patikrinimo vykdymo instrukcija<\/a><\/p>\n","protected":false},"excerpt":{"rendered":"<p>2024\u20132025 mokslo met\u0173 4 klasi\u0173 lietuvi\u0173 kalbos ir literat\u016bros (skaitymo) elektroninio nacionalinio mokini\u0173 pasiekim\u0173 patikrinimo vykdymo instrukcija 2024\u20132025 mokslo met\u0173 4 klasi\u0173 matematikos elektroninio nacionalinio mokini\u0173 pasiekim\u0173 patikrinimo vykdymo instrukcija 2024\u20132025 mokslo met\u0173 4 klasi\u0173 baltarusi\u0173 tautin\u0117s ma\u017eumos gimtosios kalbos&nbsp;<a href=\"https:\/\/www.nsa.smsm.lt\/old\/egzaminai-ir-pasiekimu-patikrinimai\/nmpp\/vykdymas\/\" class=\"placiau\">Pla\u010diau <i class=\"fa fa-caret-right\"><\/i><\/a><\/p>\n","protected":false},"author":1,"featured_media":0,"parent":16861,"menu_order":3,"comment_status":"closed","ping_status":"closed","template":"page-nmpp.php","meta":{"_acf_changed":false,"footnotes":""},"class_list":["post-16979","page","type-page","status-publish","hentry"],"acf":[],"_links":{"self":[{"href":"https:\/\/www.nsa.smsm.lt\/old\/wp-json\/wp\/v2\/pages\/16979","targetHints":{"allow":["GET"]}}],"collection":[{"href":"https:\/\/www.nsa.smsm.lt\/old\/wp-json\/wp\/v2\/pages"}],"about":[{"href":"https:\/\/www.nsa.smsm.lt\/old\/wp-json\/wp\/v2\/types\/page"}],"author":[{"embeddable":true,"href":"https:\/\/www.nsa.smsm.lt\/old\/wp-json\/wp\/v2\/users\/1"}],"replies":[{"embeddable":true,"href":"https:\/\/www.nsa.smsm.lt\/old\/wp-json\/wp\/v2\/comments?post=16979"}],"version-history":[{"count":6,"href":"https:\/\/www.nsa.smsm.lt\/old\/wp-json\/wp\/v2\/pages\/16979\/revisions"}],"predecessor-version":[{"id":43913,"href":"https:\/\/www.nsa.smsm.lt\/old\/wp-json\/wp\/v2\/pages\/16979\/revisions\/43913"}],"up":[{"embeddable":true,"href":"https:\/\/www.nsa.smsm.lt\/old\/wp-json\/wp\/v2\/pages\/16861"}],"wp:attachment":[{"href":"https:\/\/www.nsa.smsm.lt\/old\/wp-json\/wp\/v2\/media?parent=16979"}],"curies":[{"name":"wp","href":"https:\/\/api.w.org\/{rel}","templated":true}]}}