{"id":16976,"date":"2025-03-27T07:39:25","date_gmt":"2025-03-27T05:39:25","guid":{"rendered":"https:\/\/www.nsa.smsm.lt\/old\/?page_id=16976"},"modified":"2025-03-27T09:17:06","modified_gmt":"2025-03-27T07:17:06","slug":"aktualijos","status":"publish","type":"page","link":"https:\/\/www.nsa.smsm.lt\/old\/egzaminai-ir-pasiekimu-patikrinimai\/nmpp\/aktualijos\/","title":{"rendered":"Aktualijos"},"content":{"rendered":"<p><strong>Atmintin\u0117s<\/strong><\/p>\n<p><a href=\"https:\/\/www.nsa.smsm.lt\/old\/old\/wp-content\/uploads\/2024\/11\/NMPP-4-2.pdf\" target=\"_blank\" rel=\"noopener\">2024\u20132025 mokslo met\u0173 nacionaliniai mokini\u0173 pasiekim\u0173 patikrinimai (NMPP) pradiniam ugdymui<\/a><\/p>\n<p><a href=\"https:\/\/www.nsa.smsm.lt\/old\/old\/wp-content\/uploads\/2024\/11\/NMPP-8-LKL-2.pdf\" target=\"_blank\" rel=\"noopener\">2024\u20132025 mokslo met\u0173 lietuvi\u0173 kalbos ir literat\u016bros nacionalinis mokini\u0173 pasiekim\u0173 patikrinimas (NMPP) 8 klas\u0117je<\/a><\/p>\n<p><a href=\"https:\/\/www.nsa.smsm.lt\/old\/old\/wp-content\/uploads\/2024\/11\/NMPP-8-matematika-2.pdf\" target=\"_blank\" rel=\"noopener\">2024\u20132025 mokslo met\u0173 matematikos nacionalinis mokini\u0173 pasiekim\u0173 patikrinimas (NMPP) 8 klas\u0117je<\/a><\/p>\n<p><strong>Nacionalinio mokini\u0173 pasiekim\u0173 patikrinimo u\u017eduo\u010di\u0173 turinio aspektai <\/strong>(konsultacij\u0173 med\u017eiaga)<\/p>\n<p><strong>4 klas\u0117<\/strong><\/p>\n<p><a href=\"https:\/\/www.nsa.smsm.lt\/old\/old\/wp-content\/uploads\/2024\/11\/NMPP_4_LKL-1.pdf\" target=\"_blank\" rel=\"noopener\">NMPP 2024-2025 m. m. aktualijos pradiniame ugdyme: lietuvi\u0173 kalba<\/a>.<\/p>\n<p><a href=\"https:\/\/www.nsa.smsm.lt\/old\/old\/wp-content\/uploads\/2024\/11\/NMPP-4-Renginys_-2024-11-05_turinys_aprasas.pdf\" target=\"_blank\" rel=\"noopener\">Informacija 4 klas\u0117s mokytojams d\u0117l matematikos NMPP 4 klas\u0117je 2025 m.<\/a><\/p>\n<p><a href=\"https:\/\/www.nsa.smsm.lt\/old\/old\/wp-content\/uploads\/2024\/11\/NMPP-4-Renginys_2024-11-05_-I-srautas_uzduoties-analize.pdf\" target=\"_blank\" rel=\"noopener\">2024 m. NMPP 4 klas\u0117s I srauto u\u017eduoties, parengtos pagal ankstesnes programas, s\u0105lygos, atitikimas dabar galiojan\u010diai programai, sprendimai ir komentarai<\/a>.<\/p>\n<p>Konsultacijos, kurioje buvo aptarti <strong>2024\u20132025 met\u0173 <\/strong>pradini\u0173 klasi\u0173 Nacionalinio mokini\u0173 pasiekim\u0173 patikrinimo u\u017eduo\u010di\u0173 apra\u0161\u0173 projektas, u\u017eduo\u010di\u0173 pavyzd\u017eiai, \u012fra\u0161\u0105 galite <a href=\"https:\/\/youtu.be\/IK0aRkjB6Vs\" target=\"_blank\" rel=\"noopener\">\u017ei\u016br\u0117ti \u010dia<\/a>.<\/p>\n<p><a href=\"https:\/\/www.nsa.smsm.lt\/old\/old\/wp-content\/uploads\/2025\/02\/NMPP-4-kl.-PASIEIKIMU-LYGIAI_viesinimui.pdf\" target=\"_blank\" rel=\"noopener\">2024\u20132025 mokslo met\u0173\u00a04 klasi\u0173 Nacionalini\u0173 mokini\u0173 pasiekim\u0173 patikrinim\u0173 u\u017eduoties ta\u0161k\u0173 ir pasiekim\u0173 lygi\u0173 atitiktys<\/a><\/p>\n<p><strong>8 klas\u0117<\/strong><\/p>\n<p><a href=\"https:\/\/www.nsa.smsm.lt\/old\/old\/wp-content\/uploads\/2024\/11\/NMPP_8.pdf\" target=\"_blank\" rel=\"noopener\">Kalb\u0173 Nacionalini\u0173 mokini\u0173 pasiekim\u0173 patikrinim\u0173 8 klas\u0117je u\u017eduo\u010di\u0173 apra\u0161as. Lietuvi\u0173 kalba ir literat\u016bra<\/a>.<\/p>\n<p>Konsultacij\u0173 ciklo, skirto aptarti <strong>2024\u20132025 met\u0173 <\/strong>Nacionalinio mokini\u0173 pasiekim\u0173 patikrinim\u0173 u\u017eduo\u010di\u0173 apra\u0161us,\u00a0\u012fra\u0161us galite <a href=\"https:\/\/www.youtube.com\/playlist?list=PLb3M6Z90Z4rRKF3zfcjOOrRuAnF_i6KGC\" target=\"_blank\" rel=\"noopener\">\u017ei\u016br\u0117ti \u010dia<\/a>.<\/p>\n<p style=\"font-weight: 400;\"><a href=\"https:\/\/www.nsa.smsm.lt\/old\/old\/wp-content\/uploads\/2025\/03\/NMPP-8-kl.-PASIEIKIMU-LYGIAI_viesinimui.pdf\" target=\"_blank\" rel=\"noopener\">2024\u20132025 mokslo met\u0173 8 klasi\u0173 Nacionalini\u0173 mokini\u0173 pasiekim\u0173 patikrinim\u0173 u\u017eduoties ta\u0161k\u0173 ir pasiekim\u0173 lygi\u0173 atitiktys<\/a><\/p>\n","protected":false},"excerpt":{"rendered":"<p>Atmintin\u0117s 2024\u20132025 mokslo met\u0173 nacionaliniai mokini\u0173 pasiekim\u0173 patikrinimai (NMPP) pradiniam ugdymui 2024\u20132025 mokslo met\u0173 lietuvi\u0173 kalbos ir literat\u016bros nacionalinis mokini\u0173 pasiekim\u0173 patikrinimas (NMPP) 8 klas\u0117je 2024\u20132025 mokslo met\u0173 matematikos nacionalinis mokini\u0173 pasiekim\u0173 patikrinimas (NMPP) 8 klas\u0117je Nacionalinio mokini\u0173 pasiekim\u0173 patikrinimo&nbsp;<a href=\"https:\/\/www.nsa.smsm.lt\/old\/egzaminai-ir-pasiekimu-patikrinimai\/nmpp\/aktualijos\/\" class=\"placiau\">Pla\u010diau <i class=\"fa fa-caret-right\"><\/i><\/a><\/p>\n","protected":false},"author":1,"featured_media":0,"parent":16861,"menu_order":1,"comment_status":"closed","ping_status":"closed","template":"page-nmpp.php","meta":{"_acf_changed":false,"footnotes":""},"class_list":["post-16976","page","type-page","status-publish","hentry"],"acf":[],"_links":{"self":[{"href":"https:\/\/www.nsa.smsm.lt\/old\/wp-json\/wp\/v2\/pages\/16976","targetHints":{"allow":["GET"]}}],"collection":[{"href":"https:\/\/www.nsa.smsm.lt\/old\/wp-json\/wp\/v2\/pages"}],"about":[{"href":"https:\/\/www.nsa.smsm.lt\/old\/wp-json\/wp\/v2\/types\/page"}],"author":[{"embeddable":true,"href":"https:\/\/www.nsa.smsm.lt\/old\/wp-json\/wp\/v2\/users\/1"}],"replies":[{"embeddable":true,"href":"https:\/\/www.nsa.smsm.lt\/old\/wp-json\/wp\/v2\/comments?post=16976"}],"version-history":[{"count":18,"href":"https:\/\/www.nsa.smsm.lt\/old\/wp-json\/wp\/v2\/pages\/16976\/revisions"}],"predecessor-version":[{"id":42592,"href":"https:\/\/www.nsa.smsm.lt\/old\/wp-json\/wp\/v2\/pages\/16976\/revisions\/42592"}],"up":[{"embeddable":true,"href":"https:\/\/www.nsa.smsm.lt\/old\/wp-json\/wp\/v2\/pages\/16861"}],"wp:attachment":[{"href":"https:\/\/www.nsa.smsm.lt\/old\/wp-json\/wp\/v2\/media?parent=16976"}],"curies":[{"name":"wp","href":"https:\/\/api.w.org\/{rel}","templated":true}]}}