{"id":16974,"date":"2023-09-11T08:39:05","date_gmt":"2023-09-11T06:39:05","guid":{"rendered":"https:\/\/www.nsa.smsm.lt\/old\/?page_id=16974"},"modified":"2025-07-17T09:19:37","modified_gmt":"2025-07-17T07:19:37","slug":"tvarkarasciai","status":"publish","type":"page","link":"https:\/\/www.nsa.smsm.lt\/old\/egzaminai-ir-pasiekimu-patikrinimai\/nmpp\/tvarkarasciai\/","title":{"rendered":"Tvarkara\u0161\u010diai"},"content":{"rendered":"<p><strong>2025\u20132026 mokslo met\u0173 Nacionalini\u0173 mokini\u0173 pasiekim\u0173 patikrinim\u0173 tvarkara\u0161tis ir vykdymo b\u016bdas<\/strong><\/p>\n<table class=\"table table-responsive\" width=\"100%\">\n<tbody>\n<tr>\n<td width=\"43%\"><strong>Pasiekim\u0173 patikrinimas<\/strong><\/td>\n<td width=\"24%\"><strong>Data<\/strong><\/td>\n<td width=\"10%\"><strong>Prad\u017eia<\/strong><\/td>\n<td width=\"20%\"><strong>Vykdymo b\u016bdas<\/strong><\/td>\n<\/tr>\n<tr>\n<td colspan=\"4\" width=\"100%\">1.\u00a0\u00a0 4 klasi\u0173 nacionaliniai mokini\u0173 pasiekim\u0173 patikrinimai:<\/td>\n<\/tr>\n<tr>\n<td width=\"43%\">1.1. Lietuvi\u0173 kalba ir literat\u016bra (skaitymas)<\/td>\n<td width=\"24%\">2026 m. kovo 3 d.<\/td>\n<td width=\"10%\">9 val.<\/td>\n<td width=\"20%\">Elektroninis<sup>1<\/sup><\/td>\n<\/tr>\n<tr>\n<td width=\"43%\">1.2. Matematika<\/td>\n<td width=\"24%\">2026 m. kovo 9 d.<\/td>\n<td width=\"10%\">9 val.<\/td>\n<td width=\"20%\">Elektroninis<sup>1<\/sup><\/td>\n<\/tr>\n<tr>\n<td width=\"43%\">1.3. <span lang=\"LT\">Tautini\u0173 ma\u017eum\u0173<\/span><span lang=\"LT\"> (lenk\u0173, rus\u0173) gimtoji kalba ir literat\u016bra (skaitymas)<sup>2<\/sup><\/span><\/td>\n<td width=\"24%\">2026 m. kovo 13 d.<\/td>\n<td width=\"10%\">9 val.<\/td>\n<td width=\"20%\">Elektroninis<sup>1<\/sup><\/td>\n<\/tr>\n<tr>\n<td colspan=\"4\" width=\"100%\">2.\u00a0\u00a0 8 klasi\u0173 nacionaliniai mokini\u0173 pasiekim\u0173 patikrinimai:<\/td>\n<\/tr>\n<tr>\n<td width=\"43%\">2.1. Lietuvi\u0173 kalba ir literat\u016bra (skaitymas)<\/td>\n<td width=\"24%\">2026 m. kovo 17 d.<\/td>\n<td width=\"10%\">9 val.<\/td>\n<td width=\"20%\">Elektroninis<sup>1<\/sup><\/td>\n<\/tr>\n<tr>\n<td width=\"43%\">2.2. Matematika<\/td>\n<td width=\"24%\">2026 m. kovo 23 d.<\/td>\n<td width=\"10%\">9 val.<\/td>\n<td width=\"20%\">Elektroninis<sup>1<\/sup><\/td>\n<\/tr>\n<tr>\n<td width=\"43%\">2.3. Tautini\u0173 ma\u017eum\u0173 (baltarusi\u0173, lenk\u0173, rus\u0173) gimtoji kalba ir literat\u016bra (skaitymas)<sup>2<\/sup><\/td>\n<td width=\"24%\">2026 m. kovo 26 d.<\/td>\n<td width=\"10%\">9 val.<\/td>\n<td width=\"20%\">Elektroninis<sup>1<\/sup><\/td>\n<\/tr>\n<\/tbody>\n<\/table>\n<p>Pastabos:<\/p>\n<p><sup>1<\/sup>Mokyklose, turin\u010diose teis\u0119 mokyti nuotoliniu mokymo proceso organizavimo b\u016bdu, \u0161iuo b\u016bdu jose besimokantys mokiniai ar buv\u0119 mokiniai, gyvenantys ne Lietuvoje, d\u0117l laiko skirtum\u0173 negalintys nustatytu pasiekim\u0173 patikrinimo laiku dalyvauti pasiekim\u0173 patikrinime, mokyklos vadovo sprendimu pasiekim\u0173 patikrinim\u0105 gali laikyti nuotoliniu elektroniniu ar nuotoliniu b\u016bdu.<\/p>\n<p><sup>2<\/sup>Dalyvauja mokiniai, besimokantys mokyklose, kuriose \u012fteisintas mokymas tautini\u0173 ma\u017eum\u0173 kalbos arba mokymas tautin\u0117s ma\u017eumos kalba.<\/p>\n<p><a href=\"https:\/\/www.e-tar.lt\/portal\/lt\/legalAct\/f11a2de04b3511f0b070ee7f1ceefc75\" target=\"_blank\" rel=\"noopener\"><strong>D\u0117l 2025\u20132026 mokslo met\u0173 Nacionalini\u0173 mokini\u0173 pasiekim\u0173 patikrinim\u0173 tvarkara\u0161\u010dio ir vykdymo b\u016bdo patvirtinimo<\/strong><\/a><\/p>\n","protected":false},"excerpt":{"rendered":"<p>2025\u20132026 mokslo met\u0173 Nacionalini\u0173 mokini\u0173 pasiekim\u0173 patikrinim\u0173 tvarkara\u0161tis ir vykdymo b\u016bdas Pasiekim\u0173 patikrinimas Data Prad\u017eia Vykdymo b\u016bdas 1.\u00a0\u00a0 4 klasi\u0173 nacionaliniai mokini\u0173 pasiekim\u0173 patikrinimai: 1.1. Lietuvi\u0173 kalba ir literat\u016bra (skaitymas) 2026 m. kovo 3 d. 9 val. Elektroninis1 1.2. Matematika&nbsp;<a href=\"https:\/\/www.nsa.smsm.lt\/old\/egzaminai-ir-pasiekimu-patikrinimai\/nmpp\/tvarkarasciai\/\" class=\"placiau\">Pla\u010diau <i class=\"fa fa-caret-right\"><\/i><\/a><\/p>\n","protected":false},"author":1,"featured_media":0,"parent":16861,"menu_order":0,"comment_status":"closed","ping_status":"closed","template":"page-nmpp.php","meta":{"_acf_changed":false,"footnotes":""},"class_list":["post-16974","page","type-page","status-publish","hentry"],"acf":[],"_links":{"self":[{"href":"https:\/\/www.nsa.smsm.lt\/old\/wp-json\/wp\/v2\/pages\/16974","targetHints":{"allow":["GET"]}}],"collection":[{"href":"https:\/\/www.nsa.smsm.lt\/old\/wp-json\/wp\/v2\/pages"}],"about":[{"href":"https:\/\/www.nsa.smsm.lt\/old\/wp-json\/wp\/v2\/types\/page"}],"author":[{"embeddable":true,"href":"https:\/\/www.nsa.smsm.lt\/old\/wp-json\/wp\/v2\/users\/1"}],"replies":[{"embeddable":true,"href":"https:\/\/www.nsa.smsm.lt\/old\/wp-json\/wp\/v2\/comments?post=16974"}],"version-history":[{"count":18,"href":"https:\/\/www.nsa.smsm.lt\/old\/wp-json\/wp\/v2\/pages\/16974\/revisions"}],"predecessor-version":[{"id":43907,"href":"https:\/\/www.nsa.smsm.lt\/old\/wp-json\/wp\/v2\/pages\/16974\/revisions\/43907"}],"up":[{"embeddable":true,"href":"https:\/\/www.nsa.smsm.lt\/old\/wp-json\/wp\/v2\/pages\/16861"}],"wp:attachment":[{"href":"https:\/\/www.nsa.smsm.lt\/old\/wp-json\/wp\/v2\/media?parent=16974"}],"curies":[{"name":"wp","href":"https:\/\/api.w.org\/{rel}","templated":true}]}}