{"id":16968,"date":"2024-01-19T08:27:08","date_gmt":"2024-01-19T06:27:08","guid":{"rendered":"https:\/\/www.nsa.smsm.lt\/old\/?page_id=16968"},"modified":"2024-01-19T14:27:07","modified_gmt":"2024-01-19T12:27:07","slug":"gimtuju-kalbu-kalbejimo-potemes","status":"publish","type":"page","link":"https:\/\/www.nsa.smsm.lt\/old\/egzaminai-ir-pasiekimu-patikrinimai\/pupp\/gimtuju-kalbu-kalbejimo-potemes\/","title":{"rendered":"Gimt\u0173j\u0173 kalb\u0173 kalb\u0117jimo potem\u0117s"},"content":{"rendered":"<p>2023\u20132024 m. m. gimtosios kalbos (baltarusi\u0173, lenk\u0173, rus\u0173, vokie\u010di\u0173) dalies \u017eod\u017eiu (vie\u0161ojo kalb\u0117jimo) pagrindinio ugdymo pasiekim\u0173 patikrinimo\u00a0<a href=\"https:\/\/www.nsa.smsm.lt\/old\/old\/wp-content\/uploads\/2024\/01\/2024_PUPP_gimt_potemes.pdf\"><strong>temos ir potem\u0117s<\/strong><\/a><\/p>\n<p>Gimtosios\u00a0kalbos\u00a0(baltarusi\u0173, lenk\u0173, rus\u0173, vokie\u010di\u0173) dalies \u017eod\u017eiu (vie\u0161ojo kalb\u0117jimo) pagrindinio ugdymo pasiekim\u0173 patikrinimo vertinimo instrukcijos ir vertinimo lapai:<\/p>\n<ul>\n<li><a href=\"https:\/\/www.nsa.smsm.lt\/old\/old\/wp-content\/uploads\/2021\/01\/Skelbti_G_BL_pupp-vertinimo-kriterijai.pdf\"><strong>gimtoji kalba (baltarusi\u0173)<\/strong><\/a><\/li>\n<li><a href=\"https:\/\/www.nsa.smsm.lt\/old\/old\/wp-content\/uploads\/2021\/01\/Skelbti_G_PL_pupp-vertinimo-kriterijai.pdf\"><strong>gimtoji kalba (lenk\u0173)<\/strong><\/a><\/li>\n<li><a href=\"https:\/\/www.nsa.smsm.lt\/old\/old\/wp-content\/uploads\/2021\/01\/Skelbti_G_RU_pupp-vertinimo-kriterijai.pdf\"><strong>gimtoji kalba (rus\u0173)<\/strong><\/a><\/li>\n<li><a href=\"https:\/\/www.nsa.smsm.lt\/old\/old\/wp-content\/uploads\/2021\/01\/Skelbti_G_DE_pupp-vertinimo-kriterijai.pdf\"><strong style=\"font-style: inherit;\">gimtoji kalba (vokie\u010di\u0173)<\/strong><\/a><\/li>\n<\/ul>\n","protected":false},"excerpt":{"rendered":"<p>2023\u20132024 m. m. gimtosios kalbos (baltarusi\u0173, lenk\u0173, rus\u0173, vokie\u010di\u0173) dalies \u017eod\u017eiu (vie\u0161ojo kalb\u0117jimo) pagrindinio ugdymo pasiekim\u0173 patikrinimo\u00a0temos ir potem\u0117s Gimtosios\u00a0kalbos\u00a0(baltarusi\u0173, lenk\u0173, rus\u0173, vokie\u010di\u0173) dalies \u017eod\u017eiu (vie\u0161ojo kalb\u0117jimo) pagrindinio ugdymo pasiekim\u0173 patikrinimo vertinimo instrukcijos ir vertinimo lapai: gimtoji kalba (baltarusi\u0173) gimtoji&nbsp;<a href=\"https:\/\/www.nsa.smsm.lt\/old\/egzaminai-ir-pasiekimu-patikrinimai\/pupp\/gimtuju-kalbu-kalbejimo-potemes\/\" class=\"placiau\">Pla\u010diau <i class=\"fa fa-caret-right\"><\/i><\/a><\/p>\n","protected":false},"author":1,"featured_media":0,"parent":16866,"menu_order":0,"comment_status":"closed","ping_status":"closed","template":"page-pupp.php","meta":{"_acf_changed":false,"footnotes":""},"class_list":["post-16968","page","type-page","status-publish","hentry"],"acf":[],"_links":{"self":[{"href":"https:\/\/www.nsa.smsm.lt\/old\/wp-json\/wp\/v2\/pages\/16968","targetHints":{"allow":["GET"]}}],"collection":[{"href":"https:\/\/www.nsa.smsm.lt\/old\/wp-json\/wp\/v2\/pages"}],"about":[{"href":"https:\/\/www.nsa.smsm.lt\/old\/wp-json\/wp\/v2\/types\/page"}],"author":[{"embeddable":true,"href":"https:\/\/www.nsa.smsm.lt\/old\/wp-json\/wp\/v2\/users\/1"}],"replies":[{"embeddable":true,"href":"https:\/\/www.nsa.smsm.lt\/old\/wp-json\/wp\/v2\/comments?post=16968"}],"version-history":[{"count":1,"href":"https:\/\/www.nsa.smsm.lt\/old\/wp-json\/wp\/v2\/pages\/16968\/revisions"}],"predecessor-version":[{"id":37984,"href":"https:\/\/www.nsa.smsm.lt\/old\/wp-json\/wp\/v2\/pages\/16968\/revisions\/37984"}],"up":[{"embeddable":true,"href":"https:\/\/www.nsa.smsm.lt\/old\/wp-json\/wp\/v2\/pages\/16866"}],"wp:attachment":[{"href":"https:\/\/www.nsa.smsm.lt\/old\/wp-json\/wp\/v2\/media?parent=16968"}],"curies":[{"name":"wp","href":"https:\/\/api.w.org\/{rel}","templated":true}]}}