{"id":16964,"date":"2024-02-29T07:26:02","date_gmt":"2024-02-29T05:26:02","guid":{"rendered":"https:\/\/www.nsa.smsm.lt\/old\/?page_id=16964"},"modified":"2025-02-06T15:35:19","modified_gmt":"2025-02-06T13:35:19","slug":"vykdymo-instrukcijos","status":"publish","type":"page","link":"https:\/\/www.nsa.smsm.lt\/old\/egzaminai-ir-pasiekimu-patikrinimai\/pupp\/vykdymo-instrukcijos\/","title":{"rendered":"Vykdymo instrukcijos"},"content":{"rendered":"<p><a href=\"https:\/\/www.nsa.smsm.lt\/old\/old\/wp-content\/uploads\/2025\/02\/Mat_vykd_instr-ePUPP_Nr.-VK-84.pdf\" target=\"_blank\" rel=\"noopener\">Matematikos pagrindinio ugdymo pasiekim\u0173 patikrinimo elektroninio vykdymo instrukcija<\/a><\/p>\n<p><a href=\"https:\/\/www.nsa.smsm.lt\/old\/old\/wp-content\/uploads\/2025\/02\/LT_vykd_instr-ePUPP_Nr.-VK-84.pdf\" target=\"_blank\" rel=\"noopener\">Lietuvi\u0173 kalbos ir literat\u016bros pagrindinio ugdymo pasiekim\u0173 patikrinimo elektroninio vykdymo instrukcija<\/a><\/p>\n<p><a href=\"https:\/\/www.nsa.smsm.lt\/old\/old\/wp-content\/uploads\/2025\/02\/Taut_maz_vykd_instr-ePUPP_Nr.-VK-84.pdf\" target=\"_blank\" rel=\"noopener\">Tautini\u0173 ma\u017eum\u0173 (baltarusi\u0173, lenk\u0173, rus\u0173, vokie\u010di\u0173) gimtosios kalbos ir literat\u016bros pagrindinio ugdymo pasiekim\u0173 patikrinimo elektroninio vykdymo instrukcija<\/a><\/p>\n","protected":false},"excerpt":{"rendered":"<p>Matematikos pagrindinio ugdymo pasiekim\u0173 patikrinimo elektroninio vykdymo instrukcija Lietuvi\u0173 kalbos ir literat\u016bros pagrindinio ugdymo pasiekim\u0173 patikrinimo elektroninio vykdymo instrukcija Tautini\u0173 ma\u017eum\u0173 (baltarusi\u0173, lenk\u0173, rus\u0173, vokie\u010di\u0173) gimtosios kalbos ir literat\u016bros pagrindinio ugdymo pasiekim\u0173 patikrinimo elektroninio vykdymo instrukcija<\/p>\n","protected":false},"author":1,"featured_media":0,"parent":16866,"menu_order":3,"comment_status":"closed","ping_status":"closed","template":"page-pupp.php","meta":{"_acf_changed":false,"footnotes":""},"class_list":["post-16964","page","type-page","status-publish","hentry"],"acf":[],"_links":{"self":[{"href":"https:\/\/www.nsa.smsm.lt\/old\/wp-json\/wp\/v2\/pages\/16964","targetHints":{"allow":["GET"]}}],"collection":[{"href":"https:\/\/www.nsa.smsm.lt\/old\/wp-json\/wp\/v2\/pages"}],"about":[{"href":"https:\/\/www.nsa.smsm.lt\/old\/wp-json\/wp\/v2\/types\/page"}],"author":[{"embeddable":true,"href":"https:\/\/www.nsa.smsm.lt\/old\/wp-json\/wp\/v2\/users\/1"}],"replies":[{"embeddable":true,"href":"https:\/\/www.nsa.smsm.lt\/old\/wp-json\/wp\/v2\/comments?post=16964"}],"version-history":[{"count":22,"href":"https:\/\/www.nsa.smsm.lt\/old\/wp-json\/wp\/v2\/pages\/16964\/revisions"}],"predecessor-version":[{"id":42336,"href":"https:\/\/www.nsa.smsm.lt\/old\/wp-json\/wp\/v2\/pages\/16964\/revisions\/42336"}],"up":[{"embeddable":true,"href":"https:\/\/www.nsa.smsm.lt\/old\/wp-json\/wp\/v2\/pages\/16866"}],"wp:attachment":[{"href":"https:\/\/www.nsa.smsm.lt\/old\/wp-json\/wp\/v2\/media?parent=16964"}],"curies":[{"name":"wp","href":"https:\/\/api.w.org\/{rel}","templated":true}]}}