{"id":16962,"date":"2022-12-23T19:24:54","date_gmt":"2022-12-23T17:24:54","guid":{"rendered":"https:\/\/www.nsa.smsm.lt\/old\/?page_id=16962"},"modified":"2023-01-11T23:47:37","modified_gmt":"2023-01-11T21:47:37","slug":"programos","status":"publish","type":"page","link":"https:\/\/www.nsa.smsm.lt\/old\/egzaminai-ir-pasiekimu-patikrinimai\/pupp\/programos\/","title":{"rendered":"Programos"},"content":{"rendered":"<p><a href=\"https:\/\/www.nsa.smsm.lt\/old\/old\/wp-content\/uploads\/2020\/12\/3413_PUPP_matematika_2010-01-08-V-55(8).pdf\" target=\"_blank\" rel=\"noopener\">Matematikos pagrindinio ugdymo pasiekim\u0173 patikrinimo programa<\/a><\/p>\n<p><a href=\"https:\/\/www.nsa.smsm.lt\/old\/old\/wp-content\/uploads\/2020\/12\/40_PUPP_programos_matematikos_kurc.pdf\" target=\"_blank\" rel=\"noopener\">Matematikos pagrindinio ugdymo pasiekim\u0173 patikrinimo programa neprigirdin\u010di\u0173j\u0173 ir kur\u010di\u0173j\u0173 mokykloms<\/a><\/p>\n<p><a href=\"https:\/\/www.e-tar.lt\/portal\/lt\/legalAct\/0e7a360007d911ebb74de75171d26d52\" target=\"_blank\" rel=\"noopener\">Lietuvi\u0173 kalbos ir literat\u016bros pagrindinio ugdymo pasiekim\u0173 patikrinimo programa<\/a><\/p>\n<p><a href=\"https:\/\/www.nsa.smsm.lt\/old\/old\/wp-content\/uploads\/2020\/12\/3415_Baltarusiu-lenku-rusu-vokieciu_PUPP_2010-01-08-V-55(6).pdf\" target=\"_blank\" rel=\"noopener\">Baltarusi\u0173, lenk\u0173, rus\u0173, vokie\u010di\u0173 gimt\u0173j\u0173 kalb\u0173 pagrindinio ugdymo pasiekim\u0173 patikrinimo programa<\/a><br \/>\n<!--\n<a href=\"https:\/\/www.nsa.smsm.lt\/old\/old\/wp-content\/uploads\/2020\/12\/8507_skaiciuotuvai.pdf\" target=\"_blank\" rel=\"noopener\">Skai\u010diuotuv\u0173, tinkam\u0173 naudotis matematikos pagrindinio ugdymo pasiekim\u0173 patikrinime, pavadinimai<\/a>--><\/p>\n","protected":false},"excerpt":{"rendered":"<p>Matematikos pagrindinio ugdymo pasiekim\u0173 patikrinimo programa Matematikos pagrindinio ugdymo pasiekim\u0173 patikrinimo programa neprigirdin\u010di\u0173j\u0173 ir kur\u010di\u0173j\u0173 mokykloms Lietuvi\u0173 kalbos ir literat\u016bros pagrindinio ugdymo pasiekim\u0173 patikrinimo programa Baltarusi\u0173, lenk\u0173, rus\u0173, vokie\u010di\u0173 gimt\u0173j\u0173 kalb\u0173 pagrindinio ugdymo pasiekim\u0173 patikrinimo programa<\/p>\n","protected":false},"author":1,"featured_media":0,"parent":16866,"menu_order":2,"comment_status":"closed","ping_status":"closed","template":"page-pupp.php","meta":{"_acf_changed":false,"footnotes":""},"class_list":["post-16962","page","type-page","status-publish","hentry"],"acf":[],"_links":{"self":[{"href":"https:\/\/www.nsa.smsm.lt\/old\/wp-json\/wp\/v2\/pages\/16962","targetHints":{"allow":["GET"]}}],"collection":[{"href":"https:\/\/www.nsa.smsm.lt\/old\/wp-json\/wp\/v2\/pages"}],"about":[{"href":"https:\/\/www.nsa.smsm.lt\/old\/wp-json\/wp\/v2\/types\/page"}],"author":[{"embeddable":true,"href":"https:\/\/www.nsa.smsm.lt\/old\/wp-json\/wp\/v2\/users\/1"}],"replies":[{"embeddable":true,"href":"https:\/\/www.nsa.smsm.lt\/old\/wp-json\/wp\/v2\/comments?post=16962"}],"version-history":[{"count":0,"href":"https:\/\/www.nsa.smsm.lt\/old\/wp-json\/wp\/v2\/pages\/16962\/revisions"}],"up":[{"embeddable":true,"href":"https:\/\/www.nsa.smsm.lt\/old\/wp-json\/wp\/v2\/pages\/16866"}],"wp:attachment":[{"href":"https:\/\/www.nsa.smsm.lt\/old\/wp-json\/wp\/v2\/media?parent=16962"}],"curies":[{"name":"wp","href":"https:\/\/api.w.org\/{rel}","templated":true}]}}