{"id":16960,"date":"2024-05-14T05:24:20","date_gmt":"2024-05-14T03:24:20","guid":{"rendered":"https:\/\/www.nsa.smsm.lt\/old\/?page_id=16960"},"modified":"2025-07-17T09:24:22","modified_gmt":"2025-07-17T07:24:22","slug":"tvarkarastis","status":"publish","type":"page","link":"https:\/\/www.nsa.smsm.lt\/old\/egzaminai-ir-pasiekimu-patikrinimai\/pupp\/tvarkarastis\/","title":{"rendered":"Tvarkara\u0161tis"},"content":{"rendered":"<p><strong>2025-2026 mokslo met\u0173 pagrindin\u0117s sesijos Pagrindinio ugdymo pasiekim\u0173 patikrinimo tvarkara\u0161tis ir vykdymo b\u016bdai<\/strong><\/p>\n<table class=\"table table-responsive\" width=\"100%\">\n<tbody>\n<tr>\n<td>\n<div style=\"text-align: center;\"><strong>Pasiekim\u0173 patikrinimas<\/strong><\/div>\n<\/td>\n<td>\n<div style=\"text-align: center;\"><strong>Data<\/strong><\/div>\n<\/td>\n<td>\n<div style=\"text-align: center;\"><strong>Prad\u017eia<\/strong><\/div>\n<\/td>\n<td>\n<div style=\"text-align: center;\"><strong>Vykdymo b\u016bdas<\/strong><\/div>\n<\/td>\n<\/tr>\n<tr>\n<td>\n<div>1. Lietuvi\u0173 kalba ir literat\u016bra<\/div>\n<\/td>\n<td>2026 m. gegu\u017e\u0117s 7 d.<\/td>\n<td>\n<div>9 val.<\/div>\n<\/td>\n<td>\n<div>Elektroninis*<\/div>\n<\/td>\n<\/tr>\n<tr>\n<td>\n<div>2. Matematika<\/div>\n<\/td>\n<td>2026 m. gegu\u017e\u0117s 13 d.<\/td>\n<td>\n<div>9 val.<\/div>\n<\/td>\n<td>\n<div>Elektroninis*<\/div>\n<\/td>\n<\/tr>\n<tr>\n<td>\n<div>3. Tautini\u0173 ma\u017eum\u0173 (baltarusi\u0173, lenk\u0173, rus\u0173, vokie\u010di\u0173) gimtoji kalba ir literat\u016bra*<\/div>\n<\/td>\n<td>2026 m. gegu\u017e\u0117s 19 d.<\/td>\n<td>\n<div>9 val.<\/div>\n<\/td>\n<td>\n<div>Elektroninis*<\/div>\n<\/td>\n<\/tr>\n<\/tbody>\n<\/table>\n<p style=\"margin-top: 0cm; background: white;\">* Dalyvauja\u00a0mokiniai, kurie mokosi mokyklose, kuriose \u012fteisintas mokymas tautini\u0173 ma\u017eum\u0173 lenk\u0173, rus\u0173, baltarusi\u0173 kalba arba mokoma tautini\u0173 ma\u017eum\u0173 gimtosios lenk\u0173, rus\u0173, baltarusi\u0173 kalbos.<\/p>\n<p style=\"margin-top: 0cm; background: white;\">** Dalyvauja mokiniai, kurie mokosi mokyklose, kuriose \u012fteisintas mokymas tautini\u0173 ma\u017eum\u0173 lenk\u0173, rus\u0173 kalba arba mokoma tautini\u0173 ma\u017eum\u0173 gimtosios lenk\u0173, rus\u0173 kalbos.<strong>\u00a0<\/strong><\/p>\n<hr \/>\n<p><strong>2025\u20132026 mokslo met\u0173 pakartotin\u0117s sesijos Pagrindinio ugdymo pasiekim\u0173 patikrinimo tvarkara\u0161tis ir vykdymo b\u016bdai<\/strong><\/p>\n<table class=\"table table-responsive\" width=\"100%\">\n<tbody>\n<tr>\n<td width=\"189\">\n<p style=\"text-align: center;\"><strong>Pasiekim\u0173 patikrinimas<\/strong><\/p>\n<\/td>\n<td style=\"text-align: center;\" width=\"189\"><strong>Data<\/strong><\/td>\n<td style=\"text-align: center;\" width=\"113\"><strong>Prad\u017eia<\/strong><\/td>\n<td style=\"text-align: center;\" width=\"123\"><strong>Vykdymo b\u016bdas<\/strong><\/td>\n<\/tr>\n<tr>\n<td width=\"189\">1. Lietuvi\u0173 kalba ir literat\u016bra<\/td>\n<td width=\"189\">2026 m. bir\u017eelio 17 d.<\/td>\n<td style=\"text-align: left;\" width=\"113\">9 val.<\/td>\n<td style=\"text-align: left;\" width=\"123\">Elektroninis*<\/td>\n<\/tr>\n<tr>\n<td width=\"189\">2. Tautini\u0173 ma\u017eum\u0173 (baltarusi\u0173, lenk\u0173, rus\u0173, vokie\u010di\u0173) gimtoji kalba ir literat\u016bra**<\/td>\n<td width=\"189\">2026 m. bir\u017eelio 18 d.<\/td>\n<td width=\"113\">9 val.<\/td>\n<td style=\"text-align: left;\" width=\"123\">Elektroninis*<\/td>\n<\/tr>\n<tr>\n<td>\n<div>2. Matematika<\/div>\n<\/td>\n<td>2026 m. bir\u017eelio 19 d.<\/td>\n<td>\n<div>9 val.<\/div>\n<\/td>\n<td>\n<div>Elektroninis*<\/div>\n<\/td>\n<\/tr>\n<\/tbody>\n<\/table>\n<p>* Mokyklose, turin\u010diose teis\u0119 mokyti nuotoliniu mokymo proceso organizavimo b\u016bdu, \u0161iuo b\u016bdu besimokantys mokiniai ar buv\u0119 mokiniai, gyvenantys ne Lietuvoje, d\u0117l laiko skirtum\u0173 negalintys nustatytu pasiekim\u0173 patikrinimo laiku dalyvauti pasiekim\u0173 patikrinime, mokyklos vadovo sprendimu pasiekim\u0173 patikrinim\u0105 ar pasiekim\u0173 patikrinimo dal\u012f ra\u0161tu gali laikyti nuotoliniu ar nuotoliniu elektroniniu b\u016bdu.<\/p>\n<p>** Dalyvauja mokiniai, kurie mokosi mokyklose, kuriose \u012fteisintas mokymas tautini\u0173 ma\u017eum\u0173 kalbos arba mokymas tautin\u0117s ma\u017eumos kalba.<\/p>\n<p><a href=\"https:\/\/www.e-tar.lt\/portal\/lt\/legalAct\/c9ed30014b3511f0b070ee7f1ceefc75\" target=\"_blank\" rel=\"noopener\">2025\u20132026 mokslo met\u0173 Pagrindinio ugdymo pasiekim\u0173 patikrinim\u0173 tvarkara\u0161tis ir vykdymo b\u016bdai<\/a><\/p>\n<p>&nbsp;<\/p>\n","protected":false},"excerpt":{"rendered":"<p>2025-2026 mokslo met\u0173 pagrindin\u0117s sesijos Pagrindinio ugdymo pasiekim\u0173 patikrinimo tvarkara\u0161tis ir vykdymo b\u016bdai Pasiekim\u0173 patikrinimas Data Prad\u017eia Vykdymo b\u016bdas 1. Lietuvi\u0173 kalba ir literat\u016bra 2026 m. gegu\u017e\u0117s 7 d. 9 val. Elektroninis* 2. Matematika 2026 m. gegu\u017e\u0117s 13 d. 9&nbsp;<a href=\"https:\/\/www.nsa.smsm.lt\/old\/egzaminai-ir-pasiekimu-patikrinimai\/pupp\/tvarkarastis\/\" class=\"placiau\">Pla\u010diau <i class=\"fa fa-caret-right\"><\/i><\/a><\/p>\n","protected":false},"author":1,"featured_media":0,"parent":16866,"menu_order":1,"comment_status":"closed","ping_status":"closed","template":"page-pupp.php","meta":{"_acf_changed":false,"footnotes":""},"class_list":["post-16960","page","type-page","status-publish","hentry"],"acf":[],"_links":{"self":[{"href":"https:\/\/www.nsa.smsm.lt\/old\/wp-json\/wp\/v2\/pages\/16960","targetHints":{"allow":["GET"]}}],"collection":[{"href":"https:\/\/www.nsa.smsm.lt\/old\/wp-json\/wp\/v2\/pages"}],"about":[{"href":"https:\/\/www.nsa.smsm.lt\/old\/wp-json\/wp\/v2\/types\/page"}],"author":[{"embeddable":true,"href":"https:\/\/www.nsa.smsm.lt\/old\/wp-json\/wp\/v2\/users\/1"}],"replies":[{"embeddable":true,"href":"https:\/\/www.nsa.smsm.lt\/old\/wp-json\/wp\/v2\/comments?post=16960"}],"version-history":[{"count":15,"href":"https:\/\/www.nsa.smsm.lt\/old\/wp-json\/wp\/v2\/pages\/16960\/revisions"}],"predecessor-version":[{"id":43908,"href":"https:\/\/www.nsa.smsm.lt\/old\/wp-json\/wp\/v2\/pages\/16960\/revisions\/43908"}],"up":[{"embeddable":true,"href":"https:\/\/www.nsa.smsm.lt\/old\/wp-json\/wp\/v2\/pages\/16866"}],"wp:attachment":[{"href":"https:\/\/www.nsa.smsm.lt\/old\/wp-json\/wp\/v2\/media?parent=16960"}],"curies":[{"name":"wp","href":"https:\/\/api.w.org\/{rel}","templated":true}]}}