{"id":16958,"date":"2024-02-29T09:21:39","date_gmt":"2024-02-29T07:21:39","guid":{"rendered":"https:\/\/www.nsa.smsm.lt\/old\/?page_id=16958"},"modified":"2025-01-27T16:13:45","modified_gmt":"2025-01-27T14:13:45","slug":"dazniausiai-uzduodami-klausimai","status":"publish","type":"page","link":"https:\/\/www.nsa.smsm.lt\/old\/egzaminai-ir-pasiekimu-patikrinimai\/pupp\/dazniausiai-uzduodami-klausimai\/","title":{"rendered":"Da\u017eniausiai u\u017eduodami klausimai"},"content":{"rendered":"<div class=\"panel-group\" id=\"collapse_0c20-3b94\"><div class=\"panel panel-default\">    <div class=\"panel-heading\" role=\"tab\" id=\"heading_citem_e167-0d39\">        <h4 class=\"panel-title\"><a class=\"accordion-toggle collapsed\" data-toggle=\"collapse\" aria-controls=\"heading_citem_e167-0d39\" data-parent=\"#collapse_0c20-3b94\" href=\"#citem_e167-0d39\">Koki\u0173 mokom\u0173j\u0173 dalyk\u0173 PUPP vyks 2024\u20132025 mokslo metais?<\/a>        <\/h4>    <\/div>    <div id=\"citem_e167-0d39\" class=\"panel-collapse collapse \" role=\"tabpanel\" aria-labelledby=\"heading_citem_e167-0d39\">        <div class=\"panel-body\">\n<p>Vyks privalomieji lietuvi\u0173 kalbos ir literat\u016bros, matematikos ir gimtosios kalbos (baltarusi\u0173, lenk\u0173, rus\u0173, vokie\u010di\u0173) PUPP.<\/p>\n<p>        <\/p><\/div>    <\/div><\/div><div class=\"panel panel-default\">    <div class=\"panel-heading\" role=\"tab\" id=\"heading_citem_5f45-fe7c\">        <h4 class=\"panel-title\"><a class=\"accordion-toggle collapsed\" data-toggle=\"collapse\" aria-controls=\"heading_citem_5f45-fe7c\" data-parent=\"#collapse_0c20-3b94\" href=\"#citem_5f45-fe7c\">Ar 2024\u20132025 mokslo metais de\u0161imtokams privaloma dalyvauti pagrindinio ugdymo pasiekim\u0173 patikrinimuose?<\/a>        <\/h4>    <\/div>    <div id=\"citem_5f45-fe7c\" class=\"panel-collapse collapse \" role=\"tabpanel\" aria-labelledby=\"heading_citem_5f45-fe7c\">        <div class=\"panel-body\">\n<p>Taip, dalyvavimas pagrindinio ugdymo pasiekim\u0173 patikrinimuose (PUPP) yra privalomas.<\/p>\n<p>        <\/p><\/div>    <\/div><\/div><div class=\"panel panel-default\">    <div class=\"panel-heading\" role=\"tab\" id=\"heading_citem_150e-1b4b\">        <h4 class=\"panel-title\"><a class=\"accordion-toggle collapsed\" data-toggle=\"collapse\" aria-controls=\"heading_citem_150e-1b4b\" data-parent=\"#collapse_0c20-3b94\" href=\"#citem_150e-1b4b\">Kada 2024\u20132025 mokslo metais vyks PUPP?<\/a>        <\/h4>    <\/div>    <div id=\"citem_150e-1b4b\" class=\"panel-collapse collapse \" role=\"tabpanel\" aria-labelledby=\"heading_citem_150e-1b4b\">        <div class=\"panel-body\">\n<p>Patikrinimai vyks gegu\u017e\u0119. Tvarkara\u0161tis paskelbtas \u010dia: <a href=\"https:\/\/www.nsa.smsm.lt\/old\/old\/egzaminai-ir-pasiekimu-patikrinimai\/pupp\/tvarkarastis\/\" target=\"_blank\" rel=\"noopener\">https:\/\/www.nsa.smsm.lt\/old\/old\/egzaminai-ir-pasiekimu-patikrinimai\/pupp\/tvarkarastis\/<\/a><\/p>\n<p>        <\/p><\/div>    <\/div><\/div><div class=\"panel panel-default\">    <div class=\"panel-heading\" role=\"tab\" id=\"heading_citem_8090-c558\">        <h4 class=\"panel-title\"><a class=\"accordion-toggle collapsed\" data-toggle=\"collapse\" aria-controls=\"heading_citem_8090-c558\" data-parent=\"#collapse_0c20-3b94\" href=\"#citem_8090-c558\">Ar nuo \u0161i\u0173 mokslo met\u0173 nebebus lietuvi\u0173 kalbos ir literat\u016bros PUPP kalb\u0117jimo dalies?<\/a>        <\/h4>    <\/div>    <div id=\"citem_8090-c558\" class=\"panel-collapse collapse \" role=\"tabpanel\" aria-labelledby=\"heading_citem_8090-c558\">        <div class=\"panel-body\">\n<p>Taip, jau \u0161iais mokslo metais de\u0161imtos (II gimnazijos) klas\u0117s mokiniai nebelaikys lietuvi\u0173 kalbos ir literat\u016bros kalb\u0117jimo dalies.<\/p>\n<p>        <\/p><\/div>    <\/div><\/div><div class=\"panel panel-default\">    <div class=\"panel-heading\" role=\"tab\" id=\"heading_citem_c8d5-17a9\">        <h4 class=\"panel-title\"><a class=\"accordion-toggle collapsed\" data-toggle=\"collapse\" aria-controls=\"heading_citem_c8d5-17a9\" data-parent=\"#collapse_0c20-3b94\" href=\"#citem_c8d5-17a9\">Kokia bus lietuvi\u0173 kalbos ir literat\u016bros pagrindinio ugdymo pasiekim\u0173 patikrinimo u\u017eduotis?<\/a>        <\/h4>    <\/div>    <div id=\"citem_c8d5-17a9\" class=\"panel-collapse collapse \" role=\"tabpanel\" aria-labelledby=\"heading_citem_c8d5-17a9\">        <div class=\"panel-body\">\n<p>Lietuvi\u0173 kalbos ir literat\u016bros PUPP u\u017eduot\u012f sudarys 3 dalys: skaitymas, teksto supratimas ir literat\u016bros bei kult\u016bros pa\u017einimas; kalbos pa\u017einimas ir vartojimas; ra\u0161ymas ir teksto k\u016brimas.<\/p>\n<p>        <\/p><\/div>    <\/div><\/div><div class=\"panel panel-default\">    <div class=\"panel-heading\" role=\"tab\" id=\"heading_citem_4bca-df2d\">        <h4 class=\"panel-title\"><a class=\"accordion-toggle collapsed\" data-toggle=\"collapse\" aria-controls=\"heading_citem_4bca-df2d\" data-parent=\"#collapse_0c20-3b94\" href=\"#citem_4bca-df2d\">Kok\u012f mokymosi turin\u012f apims \u0161i\u0173 mokslo met\u0173 matematikos PUPP?<\/a>        <\/h4>    <\/div>    <div id=\"citem_4bca-df2d\" class=\"panel-collapse collapse \" role=\"tabpanel\" aria-labelledby=\"heading_citem_4bca-df2d\">        <div class=\"panel-body\">\n<p>Nuo \u0161i\u0173 mokslo met\u0173 matematikos PUPP u\u017eduotys rengiamos remiantis tik 9\u201310 klasi\u0173 mokymo(si) turiniu, atsi\u017evelgiant \u012f numatyt\u0105 PUPP vykdymo dat\u0105 (\u012ftraukiamas tik ugdymo procese nagrin\u0117tas mokymo(si) turinys).<\/p>\n<p>        <\/p><\/div>    <\/div><\/div><div class=\"panel panel-default\">    <div class=\"panel-heading\" role=\"tab\" id=\"heading_citem_6d57-ab03\">        <h4 class=\"panel-title\"><a class=\"accordion-toggle collapsed\" data-toggle=\"collapse\" aria-controls=\"heading_citem_6d57-ab03\" data-parent=\"#collapse_0c20-3b94\" href=\"#citem_6d57-ab03\">Kokiam pasiekim\u0173 lygiui priskirti matematikos PUPP u\u017eduoties pavyzd\u017eio u\u017edaviniai?<\/a>        <\/h4>    <\/div>    <div id=\"citem_6d57-ab03\" class=\"panel-collapse collapse \" role=\"tabpanel\" aria-labelledby=\"heading_citem_6d57-ab03\">        <div class=\"panel-body\">\n<p>Informacija apie tai, kokiam pasiekim\u0173 lygiui priskiriami PUPP u\u017eduoties pavyzd\u017eio u\u017edaviniai, nurodyta metodin\u0117je med\u017eiagoje \u0160vietimo portale: <a href=\"https:\/\/emokykla.lt\/metodine-medziaga\/medziaga\/perziura\/397\" target=\"_blank\" rel=\"noopener\">https:\/\/emokykla.lt\/metodine-medziaga\/medziaga\/perziura\/397<\/a>.<\/p>\n<p>        <\/p><\/div>    <\/div><\/div><div class=\"panel panel-default\">    <div class=\"panel-heading\" role=\"tab\" id=\"heading_citem_9c1a-358a\">        <h4 class=\"panel-title\"><a class=\"accordion-toggle collapsed\" data-toggle=\"collapse\" aria-controls=\"heading_citem_9c1a-358a\" data-parent=\"#collapse_0c20-3b94\" href=\"#citem_9c1a-358a\">Ar \u0161iais metais organizuojamas bandomasis matematikos PUPP?<\/a>        <\/h4>    <\/div>    <div id=\"citem_9c1a-358a\" class=\"panel-collapse collapse \" role=\"tabpanel\" aria-labelledby=\"heading_citem_9c1a-358a\">        <div class=\"panel-body\">\n<p>Taip. Bandomasis matematikos PUPP vyks kovo 5 d.<\/p>\n<p>        <\/p><\/div>    <\/div><\/div><div class=\"panel panel-default\">    <div class=\"panel-heading\" role=\"tab\" id=\"heading_citem_624c-9f81\">        <h4 class=\"panel-title\"><a class=\"accordion-toggle collapsed\" data-toggle=\"collapse\" aria-controls=\"heading_citem_624c-9f81\" data-parent=\"#collapse_0c20-3b94\" href=\"#citem_624c-9f81\">Ar bus galima perlaikyti PUPP?<\/a>        <\/h4>    <\/div>    <div id=\"citem_624c-9f81\" class=\"panel-collapse collapse \" role=\"tabpanel\" aria-labelledby=\"heading_citem_624c-9f81\">        <div class=\"panel-body\">\n<p>Pakartotiniame pasiekim\u0173 patikrinime, mokyklos vadovui \u012fsakymu leidus, gali dalyvauti tik tie, kurie nedalyvavo PUPP d\u0117l \u012fvairi\u0173 pateisinam\u0173 prie\u017eas\u010di\u0173. Taip pat PUPP patikrinime tur\u0117s dalyvauti tie, kurie nesurinko \u201eslenkstin\u012f\u201c lyg\u012f atitinkan\u010di\u0173 ta\u0161k\u0173.<\/p>\n<p>        <\/p><\/div>    <\/div><\/div><div class=\"panel panel-default\">    <div class=\"panel-heading\" role=\"tab\" id=\"heading_citem_2765-248f\">        <h4 class=\"panel-title\"><a class=\"accordion-toggle collapsed\" data-toggle=\"collapse\" aria-controls=\"heading_citem_2765-248f\" data-parent=\"#collapse_0c20-3b94\" href=\"#citem_2765-248f\">Kaip bus vykdomi PUPP?<\/a>        <\/h4>    <\/div>    <div id=\"citem_2765-248f\" class=\"panel-collapse collapse \" role=\"tabpanel\" aria-labelledby=\"heading_citem_2765-248f\">        <div class=\"panel-body\">\n<p>PUPP u\u017eduotys atliekamos elektroniniu b\u016bdu testavimo sistemoje.<\/p>\n<p>        <\/p><\/div>    <\/div><\/div><div class=\"panel panel-default\">    <div class=\"panel-heading\" role=\"tab\" id=\"heading_citem_bcf1-836a\">        <h4 class=\"panel-title\"><a class=\"accordion-toggle collapsed\" data-toggle=\"collapse\" aria-controls=\"heading_citem_bcf1-836a\" data-parent=\"#collapse_0c20-3b94\" href=\"#citem_bcf1-836a\">Kokiu skai\u010diuotuvu galima naudotis per matematikos PUPP?<\/a>        <\/h4>    <\/div>    <div id=\"citem_bcf1-836a\" class=\"panel-collapse collapse \" role=\"tabpanel\" aria-labelledby=\"heading_citem_bcf1-836a\">        <div class=\"panel-body\">\n<p>Matematikos PUPP vykstant elektroniniu b\u016bdu, galima naudotis skai\u010diuotuvu, kuris \u012fdiegtas elektronin\u0117je u\u017eduo\u010di\u0173 atlikimo sistemoje ir turi visas PUPP u\u017eduotims atlikti reikalingas funkcijas. Norint naudotis \u0161iuo skai\u010diuotuvu, reikia spustel\u0117ti skai\u010diuotuvo mygtuk\u0105 kompiuterio lango apa\u010dioje.<\/p>\n<p>Taip pat per PUPP galima naudotis asmeniniu\u202fskai\u010diuotuvu be tekstin\u0117s atminties, t.\u202fy. tokiu skai\u010diuotuvu, kurio klaviat\u016bra neturi viso lotyni\u0161kojo raidyno, o skai\u010diuotuvo ekrane gali b\u016bti matomos viena arba dvi eilut\u0117s, i\u0161 kuri\u0173 viena skirta veiksmui u\u017era\u0161yti, kita \u2013 atsakymui pateikti.<\/p>\n<p>\u010cia pateikiame PUPP metu tinkam\u0173 naudoti skai\u010diuotuv\u0173 pavyzd\u017eius:\u202f <a href=\"https:\/\/www.nsa.smsm.lt\/old\/old\/wp-content\/uploads\/2024\/02\/Skaiciuotuvu-sarasas2024.pdf\" target=\"_blank\" rel=\"noopener\">Skaiciuotuvu-sarasas2024.pdf (smm.lt)<\/a>.<\/p>\n<p>        <\/p><\/div>    <\/div><\/div><div class=\"panel panel-default\">    <div class=\"panel-heading\" role=\"tab\" id=\"heading_citem_5471-a405\">        <h4 class=\"panel-title\"><a class=\"accordion-toggle collapsed\" data-toggle=\"collapse\" aria-controls=\"heading_citem_5471-a405\" data-parent=\"#collapse_0c20-3b94\" href=\"#citem_5471-a405\">Ar visi PUPP atsakymai bus vertinami automati\u0161kai, ar vertins ir mokytojas?<\/a>        <\/h4>    <\/div>    <div id=\"citem_5471-a405\" class=\"panel-collapse collapse \" role=\"tabpanel\" aria-labelledby=\"heading_citem_5471-a405\">        <div class=\"panel-body\">\n<p>Dalis u\u017eduo\u010di\u0173 (pvz., pasirenkamojo atsakymo klausimai) bus vertinami automati\u0161kai, o dalis u\u017eduo\u010di\u0173 (atvirojo atsakymo klausimai) bus vertinami mokytoj\u0173.<\/p>\n<p>        <\/p><\/div>    <\/div><\/div><div class=\"panel panel-default\">    <div class=\"panel-heading\" role=\"tab\" id=\"heading_citem_a235-b484\">        <h4 class=\"panel-title\"><a class=\"accordion-toggle collapsed\" data-toggle=\"collapse\" aria-controls=\"heading_citem_a235-b484\" data-parent=\"#collapse_0c20-3b94\" href=\"#citem_a235-b484\">Kur galima rasti PUPP u\u017eduo\u010di\u0173 pavyzd\u017eius?<\/a>        <\/h4>    <\/div>    <div id=\"citem_a235-b484\" class=\"panel-collapse collapse \" role=\"tabpanel\" aria-labelledby=\"heading_citem_a235-b484\">        <div class=\"panel-body\">\n<p>PUPP u\u017eduo\u010di\u0173 pavyzd\u017eiai skelbiami \u010dia: <a href=\"https:\/\/www.nsa.smsm.lt\/old\/old\/egzaminai-ir-pasiekimu-patikrinimai\/pupp\/uzduociu-pavyzdziai\/\" target=\"_blank\" rel=\"noopener\">https:\/\/www.nsa.smsm.lt\/old\/old\/egzaminai-ir-pasiekimu-patikrinimai\/pupp\/uzduociu-pavyzdziai\/<\/a><\/p>\n<p>Pra\u0117jusi\u0173j\u0173 dvej\u0173 met\u0173 PUPP u\u017eduotis galima rasti ir savo \u017einias bei geb\u0117jimus pasitikrinti Nacionalin\u0117s \u0161vietimo agent\u016bros\u202finformacin\u0117je testavimo sistemoje BETA (<a href=\"https:\/\/beta.etestavimas.lt\/\" target=\"_blank\" rel=\"noopener\">https:\/\/beta.etestavimas.lt\/<\/a>).<\/p>\n<p>        <\/p><\/div>    <\/div><\/div><div class=\"panel panel-default\">    <div class=\"panel-heading\" role=\"tab\" id=\"heading_citem_5794-bde4\">        <h4 class=\"panel-title\"><a class=\"accordion-toggle collapsed\" data-toggle=\"collapse\" aria-controls=\"heading_citem_5794-bde4\" data-parent=\"#collapse_0c20-3b94\" href=\"#citem_5794-bde4\">Ar norint pereiti \u012f auk\u0161tesnes gimnazijos klases i\u0161 PUPP reikia gauti ma\u017eiausiai keturi\u0173 bal\u0173 \u012fvertinim\u0105?<\/a>        <\/h4>    <\/div>    <div id=\"citem_5794-bde4\" class=\"panel-collapse collapse \" role=\"tabpanel\" aria-labelledby=\"heading_citem_5794-bde4\">        <div class=\"panel-body\">\n<p>\u0160is pokytis nukeltas ir \u012fsigalios nuo 2026\u20132027 mokslo met\u0173.<\/p>\n<p>        <\/p><\/div>    <\/div><\/div><\/div>\n","protected":false},"excerpt":{"rendered":"","protected":false},"author":1,"featured_media":0,"parent":16866,"menu_order":0,"comment_status":"closed","ping_status":"closed","template":"page-pupp.php","meta":{"_acf_changed":false,"footnotes":""},"class_list":["post-16958","page","type-page","status-publish","hentry"],"acf":[],"_links":{"self":[{"href":"https:\/\/www.nsa.smsm.lt\/old\/wp-json\/wp\/v2\/pages\/16958","targetHints":{"allow":["GET"]}}],"collection":[{"href":"https:\/\/www.nsa.smsm.lt\/old\/wp-json\/wp\/v2\/pages"}],"about":[{"href":"https:\/\/www.nsa.smsm.lt\/old\/wp-json\/wp\/v2\/types\/page"}],"author":[{"embeddable":true,"href":"https:\/\/www.nsa.smsm.lt\/old\/wp-json\/wp\/v2\/users\/1"}],"replies":[{"embeddable":true,"href":"https:\/\/www.nsa.smsm.lt\/old\/wp-json\/wp\/v2\/comments?post=16958"}],"version-history":[{"count":9,"href":"https:\/\/www.nsa.smsm.lt\/old\/wp-json\/wp\/v2\/pages\/16958\/revisions"}],"predecessor-version":[{"id":42241,"href":"https:\/\/www.nsa.smsm.lt\/old\/wp-json\/wp\/v2\/pages\/16958\/revisions\/42241"}],"up":[{"embeddable":true,"href":"https:\/\/www.nsa.smsm.lt\/old\/wp-json\/wp\/v2\/pages\/16866"}],"wp:attachment":[{"href":"https:\/\/www.nsa.smsm.lt\/old\/wp-json\/wp\/v2\/media?parent=16958"}],"curies":[{"name":"wp","href":"https:\/\/api.w.org\/{rel}","templated":true}]}}