{"id":16898,"date":"2024-10-25T06:42:54","date_gmt":"2024-10-25T04:42:54","guid":{"rendered":"https:\/\/www.nsa.smsm.lt\/old\/?page_id=16898"},"modified":"2025-07-19T14:53:40","modified_gmt":"2025-07-19T12:53:40","slug":"tvarkarasciai","status":"publish","type":"page","link":"https:\/\/www.nsa.smsm.lt\/old\/egzaminai-ir-pasiekimu-patikrinimai\/brandos-egzaminai\/tvarkarasciai\/","title":{"rendered":"Tvarkara\u0161\u010diai"},"content":{"rendered":"<p><a href=\"https:\/\/www.e-tar.lt\/portal\/lt\/legalAct\/15a275f03ec611efbdaea558de59136c\"><strong>2024\u20132025 mokslo met\u0173 valstybini\u0173 brandos egzamin\u0173 tvarkara\u0161\u010diai<\/strong><\/a><\/p>\n<div class=\"panel-group\" id=\"collapse_62fb-dc37\"><div class=\"panel panel-default\">    <div class=\"panel-heading\" role=\"tab\" id=\"heading_citem_e33c-3506\">        <h4 class=\"panel-title\"><a class=\"accordion-toggle collapsed\" data-toggle=\"collapse\" aria-controls=\"heading_citem_e33c-3506\" data-parent=\"#collapse_62fb-dc37\" href=\"#citem_e33c-3506\">Valstybini\u0173 brandos egzamin\u0173 tvarkara\u0161tis (III gimnazijos klas\u0117ms)<\/a>        <\/h4>    <\/div>    <div id=\"citem_e33c-3506\" class=\"panel-collapse collapse \" role=\"tabpanel\" aria-labelledby=\"heading_citem_e33c-3506\">        <div class=\"panel-body\">\n<p><strong>PAGRINDIN\u0116 VALSTYBINI\u0172 BRANDOS EGZAMIN\u0172 SESIJA<\/strong><\/p>\n<table class=\"table table-responsive\" width=\"100%\">\n<tbody>\n<tr>\n<td width=\"283\"><strong>Egzaminas<\/strong><\/td>\n<td width=\"193\"><strong>Data<\/strong><\/td>\n<td width=\"75\"><strong>Prad\u017eia<\/strong><\/td>\n<td width=\"94\"><strong>Vykdymo b\u016bdas<\/strong><\/td>\n<\/tr>\n<tr>\n<td width=\"283\">1. Lietuvi\u0173 kalba ir literat\u016bra (A, B)<\/td>\n<td width=\"193\">2025 m. vasario 17, 18, 19, 20 d. (P, A, T, K)<\/td>\n<td width=\"75\">8 val.*<\/td>\n<td width=\"94\">Tradicinis<\/td>\n<\/tr>\n<tr>\n<td width=\"283\">2. Matematika (A, B)<\/td>\n<td width=\"193\">2025 m. gegu\u017e\u0117s 30 d. (Pn)<\/td>\n<td width=\"75\">9 val.<\/td>\n<td width=\"94\">Elektroninis<\/td>\n<\/tr>\n<tr>\n<td width=\"283\">3. Filosofija<\/td>\n<td width=\"193\">2025 m. bir\u017eelio 2 d. (P)<\/td>\n<td width=\"75\">9 val.<\/td>\n<td width=\"94\">Elektroninis<\/td>\n<\/tr>\n<tr>\n<td width=\"283\">4. Ekonomika ir verslumas<\/td>\n<td width=\"193\">2025 m. bir\u017eelio 3 d. (A)<\/td>\n<td width=\"75\">9 val.<\/td>\n<td width=\"94\">Elektroninis<\/td>\n<\/tr>\n<tr>\n<td width=\"283\">5. In\u017einerin\u0117s technologijos<\/td>\n<td width=\"193\">2025 m. bir\u017eelio 4 d. (T)<\/td>\n<td width=\"75\">9 val.<\/td>\n<td width=\"94\">Elektroninis<\/td>\n<\/tr>\n<tr>\n<td width=\"283\">6. Istorija<\/td>\n<td width=\"193\">2025 m. bir\u017eelio 5 d. (K)<\/td>\n<td width=\"75\">9 val.<\/td>\n<td width=\"94\">Elektroninis<\/td>\n<\/tr>\n<tr>\n<td width=\"283\">7. Chemija<\/td>\n<td width=\"193\">2025 m. bir\u017eelio 6 d. (Pn)<\/td>\n<td width=\"75\">9 val.<\/td>\n<td width=\"94\">Elektroninis<\/td>\n<\/tr>\n<tr>\n<td width=\"283\">8. U\u017esienio (vokie\u010di\u0173) kalba<\/td>\n<td width=\"193\">2025 m. bir\u017eelio 9 d. (P)<\/td>\n<td width=\"75\">9 val.<\/td>\n<td width=\"94\">Elektroninis<\/td>\n<\/tr>\n<tr>\n<td width=\"283\">9. U\u017esienio (pranc\u016bz\u0173) kalba<\/td>\n<td width=\"193\">2025 m. bir\u017eelio 9 d. (P)<\/td>\n<td width=\"75\">9 val.<\/td>\n<td width=\"94\">Elektroninis<\/td>\n<\/tr>\n<tr>\n<td width=\"283\">10. U\u017esienio (angl\u0173) kalba<\/td>\n<td width=\"193\">2025 m. bir\u017eelio 10 d. (A)<\/td>\n<td width=\"75\">9 val.<\/td>\n<td width=\"94\">Elektroninis<\/td>\n<\/tr>\n<tr>\n<td width=\"283\">11. Informatika<\/td>\n<td width=\"193\">2025 m. bir\u017eelio 11 d. (T)<\/td>\n<td width=\"75\">9 val.<\/td>\n<td width=\"94\">Elektroninis<\/td>\n<\/tr>\n<tr>\n<td width=\"283\">12. Baltarusi\u0173 tautin\u0117s ma\u017eumos gimtoji kalba ir literat\u016bra<\/td>\n<td width=\"193\">2025 m. bir\u017eelio 12 d. (K)<\/td>\n<td width=\"75\">9 val.<\/td>\n<td width=\"94\">Elektroninis<\/td>\n<\/tr>\n<tr>\n<td width=\"283\">13. Lenk\u0173 tautin\u0117s ma\u017eumos gimtoji kalba ir literat\u016bra<\/td>\n<td width=\"193\">2025 m. bir\u017eelio 12 d. (K)<\/td>\n<td width=\"75\">9 val.<\/td>\n<td width=\"94\">Elektroninis<\/td>\n<\/tr>\n<tr>\n<td width=\"283\">14. Rus\u0173 tautin\u0117s ma\u017eumos gimtoji kalba ir literat\u016bra<\/td>\n<td width=\"193\">2025 m. bir\u017eelio 12 d. (K)<\/td>\n<td width=\"75\">9 val.<\/td>\n<td width=\"94\">Elektroninis<\/td>\n<\/tr>\n<tr>\n<td width=\"283\">15. Vokie\u010di\u0173 tautin\u0117s ma\u017eumos gimtoji kalba ir literat\u016bra<\/td>\n<td width=\"193\">2025 m. bir\u017eelio 12 d. (K)<\/td>\n<td width=\"75\">9 val.<\/td>\n<td width=\"94\">Elektroninis<\/td>\n<\/tr>\n<tr>\n<td width=\"283\">16. Biologija<\/td>\n<td width=\"193\">2025 m. bir\u017eelio 13 d. (Pn)<\/td>\n<td width=\"75\">9 val.<\/td>\n<td width=\"94\">Elektroninis<\/td>\n<\/tr>\n<tr>\n<td width=\"283\">17. Fizika<\/td>\n<td width=\"193\">2025 m. bir\u017eelio 16 d. (P)<\/td>\n<td width=\"75\">9 val.<\/td>\n<td width=\"94\">Elektroninis<\/td>\n<\/tr>\n<tr>\n<td width=\"283\">18. Geografija<\/td>\n<td width=\"193\">2025 m. bir\u017eelio 17 d. (A)<\/td>\n<td width=\"75\">9 val.<\/td>\n<td width=\"94\">Elektroninis<\/td>\n<\/tr>\n<\/tbody>\n<\/table>\n<p><em>* Valstybinio brandos egzamino prad\u017eia mokyklos vadovo nustatytu laiku.<\/em><\/p>\n<p>&nbsp;<\/p>\n<p><strong>PAKARTOTIN\u0116 VALSTYBINI\u0172 BRANDOS EGZAMIN\u0172 SESIJA<\/strong><\/p>\n<table class=\"table table-responsive\" width=\"100%\">\n<tbody>\n<tr>\n<td width=\"283\">Egzaminas<\/td>\n<td width=\"195\">Data<\/td>\n<td width=\"75\">Prad\u017eia<\/td>\n<td width=\"91\">Vykdymo b\u016bdas<\/td>\n<\/tr>\n<tr>\n<td width=\"283\">1. Biologija<\/td>\n<td width=\"195\">2025 m. bir\u017eelio 25 d. (T)<\/td>\n<td width=\"75\">9 val.<\/td>\n<td width=\"91\">Elektroninis<\/td>\n<\/tr>\n<tr>\n<td width=\"283\">2. In\u017einerin\u0117s technologijos<\/td>\n<td width=\"195\">2025 m. bir\u017eelio 25 d. (T)<\/td>\n<td width=\"75\">13 val.<\/td>\n<td width=\"91\">Elektroninis<\/td>\n<\/tr>\n<tr>\n<td width=\"283\">3. Istorija<\/td>\n<td width=\"195\">2025 m. bir\u017eelio 26 d. (K)<\/td>\n<td width=\"75\">9 val.<\/td>\n<td width=\"91\">Elektroninis<\/td>\n<\/tr>\n<tr>\n<td width=\"283\">4. Filosofija<\/td>\n<td width=\"195\">2025 m. bir\u017eelio 26 d. (K)<\/td>\n<td width=\"75\">13 val.<\/td>\n<td width=\"91\">Elektroninis<\/td>\n<\/tr>\n<tr>\n<td width=\"283\">5. Matematika (A, B)<\/td>\n<td width=\"195\">2025 m. bir\u017eelio 27 d. (Pn)<\/td>\n<td width=\"75\">9 val.<\/td>\n<td width=\"91\">Elektroninis<\/td>\n<\/tr>\n<tr>\n<td width=\"283\">6. U\u017esienio (pranc\u016bz\u0173) kalba<\/td>\n<td width=\"195\">2025 m. bir\u017eelio 27 d. (Pn)<\/td>\n<td width=\"75\">13 val.<\/td>\n<td width=\"91\">Elektroninis<\/td>\n<\/tr>\n<tr>\n<td width=\"283\">7. U\u017esienio (vokie\u010di\u0173) kalba<\/td>\n<td width=\"195\">2025 m. bir\u017eelio 27 d. (Pn)<\/td>\n<td width=\"75\">13 val.<\/td>\n<td width=\"91\">Elektroninis<\/td>\n<\/tr>\n<tr>\n<td width=\"283\">8. Chemija<\/td>\n<td width=\"195\">2025 m. bir\u017eelio 30 d. (P)<\/td>\n<td width=\"75\">9 val.<\/td>\n<td width=\"91\">Elektroninis<\/td>\n<\/tr>\n<tr>\n<td width=\"283\">9. Fizika<\/td>\n<td width=\"195\">2025 m. bir\u017eelio 30 d. (P)<\/td>\n<td width=\"75\">13 val.<\/td>\n<td width=\"91\">Elektroninis<\/td>\n<\/tr>\n<tr>\n<td width=\"283\">10. Informatika<\/td>\n<td width=\"195\">2025 m. liepos 1 d. (A)<\/td>\n<td width=\"75\">9 val.<\/td>\n<td width=\"91\">Elektroninis<\/td>\n<\/tr>\n<tr>\n<td width=\"283\">11. U\u017esienio (angl\u0173) kalba<\/td>\n<td width=\"195\">2025 m. liepos 2 d. (T)<\/td>\n<td width=\"75\">9 val.<\/td>\n<td width=\"91\">Elektroninis<\/td>\n<\/tr>\n<tr>\n<td width=\"283\">12. Ekonomika ir verslumas<\/td>\n<td width=\"195\">2025 m. liepos 2 d. (T)<\/td>\n<td width=\"75\">13 val.<\/td>\n<td width=\"91\">Elektroninis<\/td>\n<\/tr>\n<tr>\n<td width=\"283\">13. Baltarusi\u0173 tautin\u0117s ma\u017eumos gimtoji kalba ir literat\u016bra<\/td>\n<td width=\"195\">2025 m. liepos 3 d. (K)<\/td>\n<td width=\"75\">9 val.<\/td>\n<td width=\"91\">Elektroninis<\/td>\n<\/tr>\n<tr>\n<td width=\"283\">14. Lenk\u0173 tautin\u0117s ma\u017eumos gimtoji kalba ir literat\u016bra<\/td>\n<td width=\"195\">2025 m. liepos 3 d. (K)<\/td>\n<td width=\"75\">9 val.<\/td>\n<td width=\"91\">Elektroninis<\/td>\n<\/tr>\n<tr>\n<td width=\"283\">15. Rus\u0173 tautin\u0117s ma\u017eumos gimtoji kalba ir literat\u016bra<\/td>\n<td width=\"195\">2025 m. liepos 3 d. (K)<\/td>\n<td width=\"75\">9 val.<\/td>\n<td width=\"91\">Elektroninis<\/td>\n<\/tr>\n<tr>\n<td width=\"283\">16. Vokie\u010di\u0173 tautin\u0117s ma\u017eumos gimtoji kalba ir literat\u016bra<\/td>\n<td width=\"195\">2025 m. liepos 3 d. (K)<\/td>\n<td width=\"75\">9 val.<\/td>\n<td width=\"91\">Elektroninis<\/td>\n<\/tr>\n<tr>\n<td width=\"283\">17. Geografija<\/td>\n<td width=\"195\">2025 m. liepos 3 d. (K)<\/td>\n<td width=\"75\">13 val.<\/td>\n<td width=\"91\">Elektroninis<\/td>\n<\/tr>\n<\/tbody>\n<\/table>\n<p>        <\/p><\/div>    <\/div><\/div><div class=\"panel panel-default\">    <div class=\"panel-heading\" role=\"tab\" id=\"heading_citem_6742-571b\">        <h4 class=\"panel-title\"><a class=\"accordion-toggle collapsed\" data-toggle=\"collapse\" aria-controls=\"heading_citem_6742-571b\" data-parent=\"#collapse_62fb-dc37\" href=\"#citem_6742-571b\">Valstybini\u0173 brandos egzamin\u0173 tvarkara\u0161tis (IV gimnazijos klas\u0117ms)<\/a>        <\/h4>    <\/div>    <div id=\"citem_6742-571b\" class=\"panel-collapse collapse \" role=\"tabpanel\" aria-labelledby=\"heading_citem_6742-571b\">        <div class=\"panel-body\">\n<p><strong>PAGRINDIN\u0116 VALSTYBINI\u0172 BRANDOS EGZAMIN\u0172 SESIJA (LAIKOMA ANTRA VBE DALIS)<\/strong><\/p>\n<table class=\"table table-responsive\" width=\"100%\">\n<tbody>\n<tr>\n<td width=\"292\"><strong>Egzaminas<\/strong><\/td>\n<td width=\"182\"><strong>Data<\/strong><\/td>\n<td width=\"75\"><strong>Prad\u017eia<\/strong><\/td>\n<td width=\"94\"><strong>Vykdymo b\u016bdas<\/strong><\/td>\n<\/tr>\n<tr>\n<td width=\"292\">1. U\u017esienio (angl\u0173) kalba. Kalb\u0117jimas<\/td>\n<td width=\"182\">2025 m. baland\u017eio 23, 24, 25 d. (T, K, Pn)<\/td>\n<td width=\"75\">9 val.<\/td>\n<td width=\"94\">Tradicinis<\/td>\n<\/tr>\n<tr>\n<td width=\"292\">2. U\u017esienio (pranc\u016bz\u0173) kalba. Kalb\u0117jimas<\/td>\n<td width=\"182\">2025 m. baland\u017eio 25 d. (Pn)<\/td>\n<td width=\"75\">9 val.<\/td>\n<td width=\"94\">Tradicinis<\/td>\n<\/tr>\n<tr>\n<td width=\"292\">3. U\u017esienio (vokie\u010di\u0173) kalba. Kalb\u0117jimas<\/td>\n<td width=\"182\">2025 m. baland\u017eio 25 d. (Pn)<\/td>\n<td width=\"75\">9 val.<\/td>\n<td width=\"94\">Tradicinis<\/td>\n<\/tr>\n<tr>\n<td width=\"292\">4. Lietuvi\u0173 kalba ir literat\u016bra (A, B)<\/td>\n<td width=\"182\">2025 m. bir\u017eelio 4 d. (T)<\/td>\n<td width=\"75\">9 val.<\/td>\n<td width=\"94\">Tradicinis<\/td>\n<\/tr>\n<tr>\n<td width=\"292\">5. In\u017einerin\u0117s technologijos<\/td>\n<td width=\"182\">2025 m. bir\u017eelio 5 d. (K)<\/td>\n<td width=\"75\">9 val.<\/td>\n<td width=\"94\">Tradicinis<\/td>\n<\/tr>\n<tr>\n<td width=\"292\">6. Filosofija<\/td>\n<td width=\"182\">2025 m. bir\u017eelio 5 d. (K)<\/td>\n<td width=\"75\">9 val.<\/td>\n<td width=\"94\">Tradicinis<\/td>\n<\/tr>\n<tr>\n<td width=\"292\">7. Matematika (A, B)<\/td>\n<td width=\"182\">2025 m. bir\u017eelio 6 d. (Pn)<\/td>\n<td width=\"75\">9 val.<\/td>\n<td width=\"94\">Tradicinis<\/td>\n<\/tr>\n<tr>\n<td width=\"292\">8. U\u017esienio (angl\u0173) kalba<\/td>\n<td width=\"182\">2025 m. bir\u017eelio 9 d. (P)<\/td>\n<td width=\"75\">9 val.<\/td>\n<td width=\"94\">Tradicinis<\/td>\n<\/tr>\n<tr>\n<td width=\"292\">9. Ekonomika ir verslumas<\/td>\n<td width=\"182\">2025 m. bir\u017eelio 10 d. (A)<\/td>\n<td width=\"75\">9 val.<\/td>\n<td width=\"94\">Tradicinis<\/td>\n<\/tr>\n<tr>\n<td width=\"292\">10. Biologija<\/td>\n<td width=\"182\">2025 m. bir\u017eelio 11 d. (T)<\/td>\n<td width=\"75\">9 val.<\/td>\n<td width=\"94\">Tradicinis<\/td>\n<\/tr>\n<tr>\n<td width=\"292\">11. Informatika<\/td>\n<td width=\"182\">2025 m. bir\u017eelio 12 d. (K)<\/td>\n<td width=\"75\">9 val.<\/td>\n<td width=\"94\">Tradicinis<\/td>\n<\/tr>\n<tr>\n<td width=\"292\">12. Geografija<\/td>\n<td width=\"182\">2025 m. bir\u017eelio 13 d. (Pn)<\/td>\n<td width=\"75\">9 val.<\/td>\n<td width=\"94\">Tradicinis<\/td>\n<\/tr>\n<tr>\n<td width=\"292\">13. Istorija<\/td>\n<td width=\"182\">2025 m. bir\u017eelio 16 d. (P)<\/td>\n<td width=\"75\">9 val.<\/td>\n<td width=\"94\">Tradicinis<\/td>\n<\/tr>\n<tr>\n<td width=\"292\">14. U\u017esienio (pranc\u016bz\u0173) kalba<\/td>\n<td width=\"182\">2025 m. bir\u017eelio 17 d. (A)<\/td>\n<td width=\"75\">9 val.<\/td>\n<td width=\"94\">Tradicinis<\/td>\n<\/tr>\n<tr>\n<td width=\"292\">15. U\u017esienio (vokie\u010di\u0173) kalba<\/td>\n<td width=\"182\">2025 m. bir\u017eelio 17 d. (A)<\/td>\n<td width=\"75\">9 val.<\/td>\n<td width=\"94\">Tradicinis<\/td>\n<\/tr>\n<tr>\n<td width=\"292\">16. Baltarusi\u0173 tautin\u0117s ma\u017eumos gimtoji kalba ir literat\u016bra<\/td>\n<td width=\"182\">2025 m. bir\u017eelio 18 d. (T)<\/td>\n<td width=\"75\">9 val.<\/td>\n<td width=\"94\">Tradicinis<\/td>\n<\/tr>\n<tr>\n<td width=\"292\">17. Lenk\u0173 tautin\u0117s ma\u017eumos gimtoji kalba ir literat\u016bra<\/td>\n<td width=\"182\">2025 m. bir\u017eelio 18 d. (T)<\/td>\n<td width=\"75\">9 val.<\/td>\n<td width=\"94\">Tradicinis<\/td>\n<\/tr>\n<tr>\n<td width=\"292\">18. Rus\u0173 tautin\u0117s ma\u017eumos gimtoji kalba ir literat\u016bra<\/td>\n<td width=\"182\">2025 m. bir\u017eelio 18 d. (T)<\/td>\n<td width=\"75\">9 val.<\/td>\n<td width=\"94\">Tradicinis<\/td>\n<\/tr>\n<tr>\n<td width=\"292\">19. Vokie\u010di\u0173 tautin\u0117s ma\u017eumos gimtoji kalba ir literat\u016bra<\/td>\n<td width=\"182\">2025 m. bir\u017eelio 18 d. (T)<\/td>\n<td width=\"75\">9 val.<\/td>\n<td width=\"94\">Tradicinis<\/td>\n<\/tr>\n<tr>\n<td width=\"292\">20. Fizika<\/td>\n<td width=\"182\">2025 m. bir\u017eelio 19 d. (K)<\/td>\n<td width=\"75\">9 val.<\/td>\n<td width=\"94\">Tradicinis<\/td>\n<\/tr>\n<tr>\n<td width=\"292\">21. Chemija<\/td>\n<td width=\"182\">2025 m. bir\u017eelio 20 d. (Pn)<\/td>\n<td width=\"75\">9 val.<\/td>\n<td width=\"94\">Tradicinis<\/td>\n<\/tr>\n<\/tbody>\n<\/table>\n<p>&nbsp;<\/p>\n<p><strong>PAKARTOTIN\u0116 VALSTYBINI\u0172 BRANDOS EGZAMIN\u0172 SESIJA (PERLAIKOMA PIRMA VBE DALIS (BUV. TARPINIS PATIKRINIMAS) IR ANTRA VBE DALIS, JEI PAGRINDIN\u0116JE SESIJOJE NELAIKYTA D\u0116L PATEISINAM\u0172 PRIE\u017dAS\u010cI\u0172)<\/strong><\/p>\n<table class=\"table table-responsive\" width=\"100%\">\n<tbody>\n<tr>\n<td width=\"186\"><strong>Egzaminas<\/strong><\/td>\n<td width=\"90\"><strong>Egzamino dalis<\/strong><\/td>\n<td width=\"136\"><strong>Data<\/strong><\/td>\n<td width=\"73\"><strong>Prad\u017eia<\/strong><\/td>\n<td width=\"90\"><strong>Vykdymo b\u016bdas<\/strong><\/td>\n<\/tr>\n<tr>\n<td width=\"186\">1. U\u017esienio (angl\u0173) kalba. Kalb\u0117jimas<\/td>\n<td width=\"90\">II dalis<\/td>\n<td width=\"136\">2025 m. bir\u017eelio 23 d. (P)<\/td>\n<td width=\"73\">9 val.<\/td>\n<td width=\"90\">Tradicinis<\/td>\n<\/tr>\n<tr>\n<td width=\"186\">2.\u00a0U\u017esienio (pranc\u016bz\u0173) kalba. Kalb\u0117jimas<\/td>\n<td width=\"90\">II dalis<\/td>\n<td width=\"136\">2025 m. bir\u017eelio 23 d. (P)<\/td>\n<td width=\"73\">9 val.<\/td>\n<td width=\"90\">Tradicinis<\/td>\n<\/tr>\n<tr>\n<td width=\"186\">3. U\u017esienio (vokie\u010di\u0173) kalba. Kalb\u0117jimas<\/td>\n<td width=\"90\">II dalis<\/td>\n<td width=\"136\">2025 m. bir\u017eelio 23 d. (P)<\/td>\n<td width=\"73\">9 val.<\/td>\n<td width=\"90\">Tradicinis<\/td>\n<\/tr>\n<tr>\n<td width=\"186\">4. Biologija<\/td>\n<td width=\"90\">I dalis<\/td>\n<td width=\"136\">2025 m. bir\u017eelio 25 d. (T)<\/td>\n<td width=\"73\">9 val.<\/td>\n<td width=\"90\">Elektroninis<\/td>\n<\/tr>\n<tr>\n<td width=\"186\">5. Istorija<\/td>\n<td width=\"90\">II dalis<\/td>\n<td width=\"136\">2025 m. bir\u017eelio 25 d. (T)<\/td>\n<td width=\"73\">9 val.<\/td>\n<td width=\"90\">Tradicinis<\/td>\n<\/tr>\n<tr>\n<td width=\"186\">6. In\u017einerin\u0117s technologijos<\/td>\n<td width=\"90\">I dalis<\/td>\n<td width=\"136\">2025 m. bir\u017eelio 25 d. (T)<\/td>\n<td width=\"73\">13 val.<\/td>\n<td width=\"90\">Elektroninis<\/td>\n<\/tr>\n<tr>\n<td width=\"186\">7. Filosofija<\/td>\n<td width=\"90\">II dalis<\/td>\n<td width=\"136\">2025 m. bir\u017eelio 25 d. (T)<\/td>\n<td width=\"73\">13 val.<\/td>\n<td width=\"90\">Tradicinis<\/td>\n<\/tr>\n<tr>\n<td width=\"186\">8. Istorija<\/td>\n<td width=\"90\">I dalis<\/td>\n<td width=\"136\">2025 m. bir\u017eelio 26 d. (K)<\/td>\n<td width=\"73\">9 val.<\/td>\n<td width=\"90\">Elektroninis<\/td>\n<\/tr>\n<tr>\n<td width=\"186\">9. Fizika<\/td>\n<td width=\"90\">II dalis<\/td>\n<td width=\"136\">2025 m. bir\u017eelio 26 d. (K)<\/td>\n<td width=\"73\">9 val.<\/td>\n<td width=\"90\">Tradicinis<\/td>\n<\/tr>\n<tr>\n<td width=\"186\">10. Filosofija<\/td>\n<td width=\"90\">I dalis<\/td>\n<td width=\"136\">2025 m. bir\u017eelio 26 d. (K)<\/td>\n<td width=\"73\">13 val.<\/td>\n<td width=\"90\">Elektroninis<\/td>\n<\/tr>\n<tr>\n<td width=\"186\">11. Ekonomika ir verslumas<\/td>\n<td width=\"90\">II dalis<\/td>\n<td width=\"136\">2025 m. bir\u017eelio 26 d. (K)<\/td>\n<td width=\"73\">13 val.<\/td>\n<td width=\"90\">Tradicinis<\/td>\n<\/tr>\n<tr>\n<td width=\"186\">12. Matematika (A, B)<\/td>\n<td width=\"90\">I dalis<\/td>\n<td width=\"136\">2025 m. bir\u017eelio 27 d. (Pn)<\/td>\n<td width=\"73\">9 val.<\/td>\n<td width=\"90\">Elektroninis<\/td>\n<\/tr>\n<tr>\n<td width=\"186\">13. In\u017einerin\u0117s technologijos<\/td>\n<td width=\"90\">II dalis<\/td>\n<td width=\"136\">2025 m. bir\u017eelio 27 d. (Pn)<\/td>\n<td width=\"73\">9 val.<\/td>\n<td width=\"90\">Tradicinis<\/td>\n<\/tr>\n<tr>\n<td width=\"186\">14. U\u017esienio (pranc\u016bz\u0173) kalba<\/td>\n<td width=\"90\">I dalis<\/td>\n<td width=\"136\">2025 m. bir\u017eelio 27 d. (Pn)<\/td>\n<td width=\"73\">13 val.<\/td>\n<td width=\"90\">Elektroninis<\/td>\n<\/tr>\n<tr>\n<td width=\"186\">15. U\u017esienio (vokie\u010di\u0173) kalba<\/td>\n<td width=\"90\">I dalis<\/td>\n<td width=\"136\">2025 m. bir\u017eelio 27 d. (Pn)<\/td>\n<td width=\"73\">13 val.<\/td>\n<td width=\"90\">Elektroninis<\/td>\n<\/tr>\n<tr>\n<td width=\"186\">16. Geografija<\/td>\n<td width=\"90\">II dalis<\/td>\n<td width=\"136\">2025 m. bir\u017eelio 27 d. (Pn)<\/td>\n<td width=\"73\">13 val.<\/td>\n<td width=\"90\">Tradicinis<\/td>\n<\/tr>\n<tr>\n<td width=\"186\">17. Chemija<\/td>\n<td width=\"90\">I dalis<\/td>\n<td width=\"136\">2025 m. bir\u017eelio 30 d. (P)<\/td>\n<td width=\"73\">9 val.<\/td>\n<td width=\"90\">Elektroninis<\/td>\n<\/tr>\n<tr>\n<td width=\"186\">18. Informatika<\/td>\n<td width=\"90\">II dalis<\/td>\n<td width=\"136\">2025 m. bir\u017eelio 30 d. (P)<\/td>\n<td width=\"73\">9 val.<\/td>\n<td width=\"90\">Tradicinis<\/td>\n<\/tr>\n<tr>\n<td width=\"186\">19. Fizika<\/td>\n<td width=\"90\">I dalis<\/td>\n<td width=\"136\">2025 m. bir\u017eelio 30 d. (P)<\/td>\n<td width=\"73\">13 val.<\/td>\n<td width=\"90\">Elektroninis<\/td>\n<\/tr>\n<tr>\n<td width=\"186\">20. U\u017esienio (angl\u0173) kalba<\/td>\n<td width=\"90\">II dalis<\/td>\n<td width=\"136\">2025 m. bir\u017eelio 30 d. (P)<\/td>\n<td width=\"73\">13 val.<\/td>\n<td width=\"90\">Tradicinis<\/td>\n<\/tr>\n<tr>\n<td width=\"186\">21. Informatika<\/td>\n<td width=\"90\">I dalis<\/td>\n<td width=\"136\">2025 m. liepos 1 d. (A)<\/td>\n<td width=\"73\">9 val.<\/td>\n<td width=\"90\">Elektroninis<\/td>\n<\/tr>\n<tr>\n<td width=\"186\">22. Matematika (A, B)<\/td>\n<td width=\"90\">II dalis<\/td>\n<td width=\"136\">2025 m. liepos 1 d. (A)<\/td>\n<td width=\"73\">9 val.<\/td>\n<td width=\"90\">Tradicinis<\/td>\n<\/tr>\n<tr>\n<td width=\"186\">23. U\u017esienio (angl\u0173) kalba<\/td>\n<td width=\"90\">I dalis<\/td>\n<td width=\"136\">2025 m. liepos 2 d. (T)<\/td>\n<td width=\"73\">9 val.<\/td>\n<td width=\"90\">Elektroninis<\/td>\n<\/tr>\n<tr>\n<td width=\"186\">24. Biologija<\/td>\n<td width=\"90\">II dalis<\/td>\n<td width=\"136\">2025 m. liepos 2 d. (T)<\/td>\n<td width=\"73\">9 val.<\/td>\n<td width=\"90\">Tradicinis<\/td>\n<\/tr>\n<tr>\n<td width=\"186\">25. Ekonomika ir verslumas<\/td>\n<td width=\"90\">I dalis<\/td>\n<td width=\"136\">2025 m. liepos 2 d. (T)<\/td>\n<td width=\"73\">13 val.<\/td>\n<td width=\"90\">Elektroninis<\/td>\n<\/tr>\n<tr>\n<td width=\"186\">26. U\u017esienio (pranc\u016bz\u0173) kalba<\/td>\n<td width=\"90\">II dalis<\/td>\n<td width=\"136\">2025 m. liepos 2 d. (T)<\/td>\n<td width=\"73\">13 val.<\/td>\n<td width=\"90\">Tradicinis<\/td>\n<\/tr>\n<tr>\n<td width=\"186\">27. U\u017esienio (vokie\u010di\u0173) kalba<\/td>\n<td width=\"90\">II dalis<\/td>\n<td width=\"136\">2025 m. liepos 2 d. (T)<\/td>\n<td width=\"73\">13 val.<\/td>\n<td width=\"90\">Tradicinis<\/td>\n<\/tr>\n<tr>\n<td width=\"186\">28. Baltarusi\u0173 tautin\u0117s ma\u017eumos gimtoji kalba ir literat\u016bra<\/td>\n<td width=\"90\">I dalis<\/td>\n<td width=\"136\">2025 m. liepos 3 d. (K)<\/td>\n<td width=\"73\">9 val.<\/td>\n<td width=\"90\">Elektroninis<\/td>\n<\/tr>\n<tr>\n<td width=\"186\">29. Lenk\u0173 tautin\u0117s ma\u017eumos gimtoji kalba ir literat\u016bra<\/td>\n<td width=\"90\">I dalis<\/td>\n<td width=\"136\">2025 m. liepos 3 d. (K)<\/td>\n<td width=\"73\">9 val.<\/td>\n<td width=\"90\">Elektroninis<\/td>\n<\/tr>\n<tr>\n<td width=\"186\">30. Rus\u0173 tautin\u0117s ma\u017eumos gimtoji kalba ir literat\u016bra<\/td>\n<td width=\"90\">I dalis<\/td>\n<td width=\"136\">2025 m. liepos 3 d. (K)<\/td>\n<td width=\"73\">9 val.<\/td>\n<td width=\"90\">Elektroninis<\/td>\n<\/tr>\n<tr>\n<td width=\"186\">31. Vokie\u010di\u0173 tautin\u0117s ma\u017eumos gimtoji kalba ir literat\u016bra<\/td>\n<td width=\"90\">I dalis<\/td>\n<td width=\"136\">2025 m. liepos 3 d. (K)<\/td>\n<td width=\"73\">9 val.<\/td>\n<td width=\"90\">Elektroninis<\/td>\n<\/tr>\n<tr>\n<td width=\"186\">32. Chemija<\/td>\n<td width=\"90\">II dalis<\/td>\n<td width=\"136\">2025 m. liepos 3 d. (K)<\/td>\n<td width=\"73\">9 val.<\/td>\n<td width=\"90\">Tradicinis<\/td>\n<\/tr>\n<tr>\n<td width=\"186\">33. Geografija<\/td>\n<td width=\"90\">I dalis<\/td>\n<td width=\"136\">2025 m. liepos 3 d. (K)<\/td>\n<td width=\"73\">13 val.<\/td>\n<td width=\"90\">Elektroninis<\/td>\n<\/tr>\n<tr>\n<td width=\"186\">34. Baltarusi\u0173 tautin\u0117s ma\u017eumos gimtoji kalba ir literat\u016bra<\/td>\n<td width=\"90\">II dalis<\/td>\n<td width=\"136\">2025 m. liepos 3 d. (K)<\/td>\n<td width=\"73\">13 val.<\/td>\n<td width=\"90\">Tradicinis<\/td>\n<\/tr>\n<tr>\n<td width=\"186\">35. Lenk\u0173 tautin\u0117s ma\u017eumos gimtoji kalba ir literat\u016bra<\/td>\n<td width=\"90\">II dalis<\/td>\n<td width=\"136\">2025 m. liepos 3 d. (K)<\/td>\n<td width=\"73\">13 val.<\/td>\n<td width=\"90\">Tradicinis<\/td>\n<\/tr>\n<tr>\n<td width=\"186\">36. Rus\u0173 tautin\u0117s ma\u017eumos gimtoji kalba ir literat\u016bra<\/td>\n<td width=\"90\">II dalis<\/td>\n<td width=\"136\">2025 m. liepos 3 d. (K)<\/td>\n<td width=\"73\">13 val.<\/td>\n<td width=\"90\">Tradicinis<\/td>\n<\/tr>\n<tr>\n<td width=\"186\">37. Vokie\u010di\u0173 tautin\u0117s ma\u017eumos gimtoji kalba ir literat\u016bra<\/td>\n<td width=\"90\">II dalis<\/td>\n<td width=\"136\">2025 m. liepos 3 d. (K)<\/td>\n<td width=\"73\">13 val.<\/td>\n<td width=\"90\">Tradicinis<\/td>\n<\/tr>\n<tr>\n<td width=\"186\">38. Lietuvi\u0173 kalba ir literat\u016bra (A, B)<\/td>\n<td width=\"90\">II dalis<\/td>\n<td width=\"136\">2025 m. liepos 11 d. (Pn)<\/td>\n<td width=\"73\">9 val.<\/td>\n<td width=\"90\">Tradicinis<\/td>\n<\/tr>\n<\/tbody>\n<\/table>\n<p>        <\/p><\/div>    <\/div><\/div><\/div>\n","protected":false},"excerpt":{"rendered":"<p>2024\u20132025 mokslo met\u0173 valstybini\u0173 brandos egzamin\u0173 tvarkara\u0161\u010diai<\/p>\n","protected":false},"author":1,"featured_media":0,"parent":16864,"menu_order":4,"comment_status":"closed","ping_status":"closed","template":"page-egzaminai.php","meta":{"_acf_changed":false,"footnotes":""},"class_list":["post-16898","page","type-page","status-publish","hentry"],"acf":[],"_links":{"self":[{"href":"https:\/\/www.nsa.smsm.lt\/old\/wp-json\/wp\/v2\/pages\/16898","targetHints":{"allow":["GET"]}}],"collection":[{"href":"https:\/\/www.nsa.smsm.lt\/old\/wp-json\/wp\/v2\/pages"}],"about":[{"href":"https:\/\/www.nsa.smsm.lt\/old\/wp-json\/wp\/v2\/types\/page"}],"author":[{"embeddable":true,"href":"https:\/\/www.nsa.smsm.lt\/old\/wp-json\/wp\/v2\/users\/1"}],"replies":[{"embeddable":true,"href":"https:\/\/www.nsa.smsm.lt\/old\/wp-json\/wp\/v2\/comments?post=16898"}],"version-history":[{"count":29,"href":"https:\/\/www.nsa.smsm.lt\/old\/wp-json\/wp\/v2\/pages\/16898\/revisions"}],"predecessor-version":[{"id":43914,"href":"https:\/\/www.nsa.smsm.lt\/old\/wp-json\/wp\/v2\/pages\/16898\/revisions\/43914"}],"up":[{"embeddable":true,"href":"https:\/\/www.nsa.smsm.lt\/old\/wp-json\/wp\/v2\/pages\/16864"}],"wp:attachment":[{"href":"https:\/\/www.nsa.smsm.lt\/old\/wp-json\/wp\/v2\/media?parent=16898"}],"curies":[{"name":"wp","href":"https:\/\/api.w.org\/{rel}","templated":true}]}}